{"id":2950,"date":"2017-11-22T12:15:16","date_gmt":"2017-11-22T12:15:16","guid":{"rendered":"https:\/\/www.alliancefr.pt\/viseu\/?page_id=2950"},"modified":"2018-05-16T12:49:40","modified_gmt":"2018-05-16T12:49:40","slug":"offre-emploi-francais","status":"publish","type":"page","link":"https:\/\/www.alliancefr.pt\/viseu\/fr\/offre-emploi-francais\/","title":{"rendered":"Offres d&#8217;emploi"},"content":{"rendered":"<p>[et_pb_section bb_built=&#8221;1&#8243; _builder_version=&#8221;3.0.59&#8243; transparent_background=&#8221;on&#8221; custom_padding=&#8221;0px||10px|&#8221;][et_pb_row _builder_version=&#8221;3.0.59&#8243; background_position=&#8221;top_left&#8221; background_repeat=&#8221;repeat&#8221; background_size=&#8221;initial&#8221;][et_pb_column type=&#8221;4_4&#8243;][et_pb_text admin_label=&#8221;Titulo + intro&#8221; _builder_version=&#8221;3.0.59&#8243; background_layout=&#8221;light&#8221; text_orientation=&#8221;center&#8221; border_style=&#8221;solid&#8221; module_class=&#8221;titlebloc-1&#8243; saved_tabs=&#8221;all&#8221; custom_padding=&#8221;|10%||10%&#8221;]<\/p>\n<h2 style=\"text-align: center;\">OFFRES D\u2019EMPLOI<\/h2>\n<p style=\"text-align: center;\">L\u2019Alliance fran\u00e7aise de Lisbonne poss\u00e8de un service sp\u00e9cialis\u00e9 dans la diffusion d\u2019offres d\u2019emploi en rapport avec la langue fran\u00e7aise.<br \/>\nElle publie ces offres en ligne \u00e0 la demande des entreprises, mais elle n\u2019est pas responsable de leur contenu ou de leurs cons\u00e9quences.<\/p>\n<p>[\/et_pb_text][\/et_pb_column][\/et_pb_row][\/et_pb_section][et_pb_section bb_built=&#8221;1&#8243; _builder_version=&#8221;3.0.59&#8243; custom_padding=&#8221;0px|||&#8221; transparent_background=&#8221;on&#8221;][et_pb_row _builder_version=&#8221;3.0.59&#8243; background_color=&#8221;#ffffff&#8221; background_position_1=&#8221;top_left&#8221; background_repeat_1=&#8221;no-repeat&#8221; custom_padding=&#8221;20px|20px|0px|20px&#8221;][et_pb_column type=&#8221;4_4&#8243;][et_pb_text admin_label=&#8221;Divulgar um an\u00fancio de emprego&#8221; _builder_version=&#8221;3.0.59&#8243; background_layout=&#8221;light&#8221; text_orientation=&#8221;left&#8221; border_style=&#8221;solid&#8221; module_id=&#8221;toggle-9&#8243; module_class=&#8221;header-toggle picto-contact margin-inherit&#8221;]<\/p>\n<h3>Publier une offre d\u2019emploi<\/h3>\n<p>[\/et_pb_text][et_pb_text _builder_version=&#8221;3.0.59&#8243; background_layout=&#8221;light&#8221; text_orientation=&#8221;left&#8221; border_style=&#8221;solid&#8221; module_class=&#8221;bloc-toggle bloc-toggle-9&#8243;]<\/p>\n<p>Vous \u00eates une entreprise et vous voulez publier des offres d\u2019emploi en rapport avec la langue fran\u00e7aise, contactez le service Marketing et Communication au moyen du formulaire ci-dessous :<\/p>\n<p>[\/et_pb_text][et_pb_lino_form admin_label=&#8221;Anuncio submission&#8221; _builder_version=&#8221;3.0.59&#8243; email=&#8221;ana.santana@alliancefr.pt&#8221; captcha=&#8221;off&#8221; use_redirect=&#8221;off&#8221; title_font_size_tablet=&#8221;51&#8243; title_line_height_tablet=&#8221;2&#8243; form_field_font_size_tablet=&#8221;51&#8243; form_field_line_height_tablet=&#8221;2&#8243; input_border_radius=&#8221;0&#8243; border_style=&#8221;solid&#8221; custom_button=&#8221;off&#8221; button_border_width=&#8221;0&#8243; button_border_radius=&#8221;0&#8243; button_letter_spacing=&#8221;0&#8243; button_icon_placement=&#8221;right&#8221; button_border_radius_hover=&#8221;0&#8243; button_letter_spacing_hover=&#8221;0&#8243; module_class=&#8221;bloc-toggle bloc-toggle-9 &#8221; success_message=&#8221;Le message a bien \u00e9t\u00e9 envoy\u00e9&#8221; submit_button_text=&#8221;Envoyer&#8221; custom_message=&#8221;Messagens para um novo anuncio&#8221; use_excel=&#8221;off&#8221;] [et_pb_lino_field field_title=&#8221;Nom&#8221; field_type=&#8221;input&#8221; field_id=&#8221;Name&#8221; required_mark=&#8221;on&#8221; fullwidth_field=&#8221;off&#8221; checkbox_checked=&#8221;off&#8221; min_length=&#8221;0&#8243; max_length=&#8221;0&#8243; allowed_symbols=&#8221;all&#8221; conditional_logic=&#8221;off&#8221; conditional_logic_relation=&#8221;off&#8221; conditional_logic_rules=&#8221;%91{%22field%22:%22empresa%22,%22condition%22:%22is%22,%22value%22:%22%22}%93&#8243; form_field_font_select=&#8221;default&#8221; form_field_font=&#8221;||||&#8221; use_border_color=&#8221;off&#8221; border_style=&#8221;solid&#8221; \/][et_pb_lino_field field_id=&#8221;Empresa&#8221; field_title=&#8221;entreprise&#8221; field_type=&#8221;input&#8221; checkbox_checked=&#8221;off&#8221; min_length=&#8221;0&#8243; max_length=&#8221;0&#8243; allowed_symbols=&#8221;all&#8221; required_mark=&#8221;off&#8221; conditional_logic=&#8221;off&#8221; conditional_logic_relation=&#8221;off&#8221; conditional_logic_rules=&#8221;%91{%22field%22:%22name%22,%22condition%22:%22is%22,%22value%22:%22%22}%93&#8243; fullwidth_field=&#8221;off&#8221; form_field_font_select=&#8221;default&#8221; form_field_font=&#8221;||||&#8221; use_border_color=&#8221;off&#8221; border_style=&#8221;solid&#8221; \/][et_pb_lino_field field_title=&#8221;Adresse e-mail&#8221; field_type=&#8221;email&#8221; field_id=&#8221;Email&#8221; required_mark=&#8221;on&#8221; fullwidth_field=&#8221;off&#8221; checkbox_checked=&#8221;off&#8221; min_length=&#8221;0&#8243; max_length=&#8221;0&#8243; allowed_symbols=&#8221;all&#8221; conditional_logic=&#8221;off&#8221; conditional_logic_relation=&#8221;off&#8221; conditional_logic_rules=&#8221;%91{%22field%22:%22name%22,%22condition%22:%22is%22,%22value%22:%22%22}%93&#8243; form_field_font_select=&#8221;default&#8221; form_field_font=&#8221;||||&#8221; use_border_color=&#8221;off&#8221; border_style=&#8221;solid&#8221; \/][et_pb_lino_field field_id=&#8221;tel&#8221; field_title=&#8221;t\u00e9l\u00e9phone&#8221; field_type=&#8221;input&#8221; checkbox_checked=&#8221;off&#8221; min_length=&#8221;0&#8243; max_length=&#8221;0&#8243; allowed_symbols=&#8221;all&#8221; required_mark=&#8221;off&#8221; conditional_logic=&#8221;off&#8221; conditional_logic_relation=&#8221;off&#8221; conditional_logic_rules=&#8221;%91{%22field%22:%22name%22,%22condition%22:%22is%22,%22value%22:%22%22}%93&#8243; fullwidth_field=&#8221;off&#8221; form_field_font_select=&#8221;default&#8221; form_field_font=&#8221;||||&#8221; use_border_color=&#8221;off&#8221; border_style=&#8221;solid&#8221; \/][et_pb_lino_field field_title=&#8221;Message&#8221; field_type=&#8221;text&#8221; field_id=&#8221;Message&#8221; required_mark=&#8221;on&#8221; fullwidth_field=&#8221;on&#8221; checkbox_checked=&#8221;off&#8221; min_length=&#8221;0&#8243; max_length=&#8221;0&#8243; allowed_symbols=&#8221;all&#8221; conditional_logic=&#8221;off&#8221; conditional_logic_relation=&#8221;off&#8221; conditional_logic_rules=&#8221;%91{%22field%22:%22name%22,%22condition%22:%22is%22,%22value%22:%22%22}%93&#8243; form_field_font_select=&#8221;default&#8221; form_field_font=&#8221;||||&#8221; use_border_color=&#8221;off&#8221; border_style=&#8221;solid&#8221; \/][et_pb_lino_field field_id=&#8221;Field_6&#8243; field_title=&#8221;J&#8217;accepte les conditions g\u00e9n\u00e9rales d&#8217;utilisation du site alliancefr.pt &#8211; RGPD compliant &#8221; field_type=&#8221;radio&#8221; checkbox_checked=&#8221;off&#8221; radio_options=&#8221;%91{%22value%22:%22Oui%22,%22checked%22:0}%93&#8243; min_length=&#8221;0&#8243; max_length=&#8221;0&#8243; allowed_symbols=&#8221;all&#8221; required_mark=&#8221;on&#8221; conditional_logic=&#8221;off&#8221; conditional_logic_relation=&#8221;off&#8221; conditional_logic_rules=&#8221;%91{%22field%22:%22name%22,%22condition%22:%22is%22,%22value%22:%22%22}%93&#8243; fullwidth_field=&#8221;on&#8221; form_field_font_select=&#8221;default&#8221; form_field_font=&#8221;||||&#8221; use_border_color=&#8221;off&#8221; border_style=&#8221;solid&#8221; \/] [\/et_pb_lino_form][\/et_pb_column][\/et_pb_row][\/et_pb_section]<\/p>\n","protected":false},"excerpt":{"rendered":"<p>OFFRES D\u2019EMPLOI L\u2019Alliance fran\u00e7aise de Lisbonne poss\u00e8de un service sp\u00e9cialis\u00e9 dans la diffusion d\u2019offres d\u2019emploi en rapport avec la langue fran\u00e7aise. Elle publie ces offres en ligne \u00e0 la demande des entreprises, mais elle n\u2019est pas responsable de leur contenu ou de leurs cons\u00e9quences. Publier une offre d\u2019emploi Vous \u00eates une entreprise et vous voulez [&hellip;]<\/p>\n","protected":false},"author":1,"featured_media":0,"parent":0,"menu_order":0,"comment_status":"closed","ping_status":"closed","template":"page_empregos.php","meta":{"_acf_changed":false,"_et_pb_use_builder":"on","_et_pb_old_content":"","_et_gb_content_width":"","_exactmetrics_skip_tracking":false,"_exactmetrics_sitenote_active":false,"_exactmetrics_sitenote_note":"","_exactmetrics_sitenote_category":0,"footnotes":""},"class_list":["post-2950","page","type-page","status-publish","hentry"],"acf":[],"yoast_head":"<!-- This site is optimized with the Yoast SEO plugin v27.0 - https:\/\/yoast.com\/product\/yoast-seo-wordpress\/ -->\n<title>Offres d&#039;emploi - Alliance Fran\u00e7aise Viseu<\/title>\n<meta name=\"robots\" content=\"index, follow, max-snippet:-1, max-image-preview:large, max-video-preview:-1\" \/>\n<link rel=\"canonical\" href=\"https:\/\/www.alliancefr.pt\/viseu\/fr\/offre-emploi-francais\/\" \/>\n<meta property=\"og:locale\" content=\"fr_FR\" \/>\n<meta property=\"og:type\" content=\"article\" \/>\n<meta property=\"og:title\" content=\"Offres d&#039;emploi - Alliance Fran\u00e7aise Viseu\" \/>\n<meta property=\"og:description\" content=\"OFFRES D\u2019EMPLOI L\u2019Alliance fran\u00e7aise de Lisbonne poss\u00e8de un service sp\u00e9cialis\u00e9 dans la diffusion d\u2019offres d\u2019emploi en rapport avec la langue fran\u00e7aise. Elle publie ces offres en ligne \u00e0 la demande des entreprises, mais elle n\u2019est pas responsable de leur contenu ou de leurs cons\u00e9quences. Publier une offre d\u2019emploi Vous \u00eates une entreprise et vous voulez [&hellip;]\" \/>\n<meta property=\"og:url\" content=\"https:\/\/www.alliancefr.pt\/viseu\/fr\/offre-emploi-francais\/\" \/>\n<meta property=\"og:site_name\" content=\"Alliance Fran\u00e7aise Viseu\" \/>\n<meta property=\"article:publisher\" content=\"https:\/\/www.facebook.com\/allianceflisboa\/\" \/>\n<meta property=\"article:modified_time\" content=\"2018-05-16T12:49:40+00:00\" \/>\n<meta name=\"twitter:card\" content=\"summary_large_image\" \/>\n<meta name=\"twitter:label1\" content=\"Dur\u00e9e de lecture estim\u00e9e\" \/>\n\t<meta name=\"twitter:data1\" content=\"4 minutes\" \/>\n<script type=\"application\/ld+json\" class=\"yoast-schema-graph\">{\"@context\":\"https:\/\/schema.org\",\"@graph\":[{\"@type\":\"WebPage\",\"@id\":\"https:\/\/www.alliancefr.pt\/viseu\/fr\/offre-emploi-francais\/\",\"url\":\"https:\/\/www.alliancefr.pt\/viseu\/fr\/offre-emploi-francais\/\",\"name\":\"Offres d'emploi - Alliance Fran\u00e7aise Viseu\",\"isPartOf\":{\"@id\":\"https:\/\/www.alliancefr.pt\/viseu\/#website\"},\"datePublished\":\"2017-11-22T12:15:16+00:00\",\"dateModified\":\"2018-05-16T12:49:40+00:00\",\"breadcrumb\":{\"@id\":\"https:\/\/www.alliancefr.pt\/viseu\/fr\/offre-emploi-francais\/#breadcrumb\"},\"inLanguage\":\"fr-FR\",\"potentialAction\":[{\"@type\":\"ReadAction\",\"target\":[\"https:\/\/www.alliancefr.pt\/viseu\/fr\/offre-emploi-francais\/\"]}]},{\"@type\":\"BreadcrumbList\",\"@id\":\"https:\/\/www.alliancefr.pt\/viseu\/fr\/offre-emploi-francais\/#breadcrumb\",\"itemListElement\":[{\"@type\":\"ListItem\",\"position\":1,\"name\":\"In\u00edcio\",\"item\":\"https:\/\/www.alliancefr.pt\/viseu\/fr\/\"},{\"@type\":\"ListItem\",\"position\":2,\"name\":\"Offres d&#8217;emploi\"}]},{\"@type\":\"WebSite\",\"@id\":\"https:\/\/www.alliancefr.pt\/viseu\/#website\",\"url\":\"https:\/\/www.alliancefr.pt\/viseu\/\",\"name\":\"Alliance Fran\u00e7aise Viseu\",\"description\":\"Alliances Fran\u00e7aises de Lisbonne\",\"potentialAction\":[{\"@type\":\"SearchAction\",\"target\":{\"@type\":\"EntryPoint\",\"urlTemplate\":\"https:\/\/www.alliancefr.pt\/viseu\/?s={search_term_string}\"},\"query-input\":{\"@type\":\"PropertyValueSpecification\",\"valueRequired\":true,\"valueName\":\"search_term_string\"}}],\"inLanguage\":\"fr-FR\"}]}<\/script>\n<!-- \/ Yoast SEO plugin. -->","yoast_head_json":{"title":"Offres d'emploi - Alliance Fran\u00e7aise Viseu","robots":{"index":"index","follow":"follow","max-snippet":"max-snippet:-1","max-image-preview":"max-image-preview:large","max-video-preview":"max-video-preview:-1"},"canonical":"https:\/\/www.alliancefr.pt\/viseu\/fr\/offre-emploi-francais\/","og_locale":"fr_FR","og_type":"article","og_title":"Offres d'emploi - Alliance Fran\u00e7aise Viseu","og_description":"OFFRES D\u2019EMPLOI L\u2019Alliance fran\u00e7aise de Lisbonne poss\u00e8de un service sp\u00e9cialis\u00e9 dans la diffusion d\u2019offres d\u2019emploi en rapport avec la langue fran\u00e7aise. Elle publie ces offres en ligne \u00e0 la demande des entreprises, mais elle n\u2019est pas responsable de leur contenu ou de leurs cons\u00e9quences. Publier une offre d\u2019emploi Vous \u00eates une entreprise et vous voulez [&hellip;]","og_url":"https:\/\/www.alliancefr.pt\/viseu\/fr\/offre-emploi-francais\/","og_site_name":"Alliance Fran\u00e7aise Viseu","article_publisher":"https:\/\/www.facebook.com\/allianceflisboa\/","article_modified_time":"2018-05-16T12:49:40+00:00","twitter_card":"summary_large_image","twitter_misc":{"Dur\u00e9e de lecture estim\u00e9e":"4 minutes"},"schema":{"@context":"https:\/\/schema.org","@graph":[{"@type":"WebPage","@id":"https:\/\/www.alliancefr.pt\/viseu\/fr\/offre-emploi-francais\/","url":"https:\/\/www.alliancefr.pt\/viseu\/fr\/offre-emploi-francais\/","name":"Offres d'emploi - Alliance Fran\u00e7aise Viseu","isPartOf":{"@id":"https:\/\/www.alliancefr.pt\/viseu\/#website"},"datePublished":"2017-11-22T12:15:16+00:00","dateModified":"2018-05-16T12:49:40+00:00","breadcrumb":{"@id":"https:\/\/www.alliancefr.pt\/viseu\/fr\/offre-emploi-francais\/#breadcrumb"},"inLanguage":"fr-FR","potentialAction":[{"@type":"ReadAction","target":["https:\/\/www.alliancefr.pt\/viseu\/fr\/offre-emploi-francais\/"]}]},{"@type":"BreadcrumbList","@id":"https:\/\/www.alliancefr.pt\/viseu\/fr\/offre-emploi-francais\/#breadcrumb","itemListElement":[{"@type":"ListItem","position":1,"name":"In\u00edcio","item":"https:\/\/www.alliancefr.pt\/viseu\/fr\/"},{"@type":"ListItem","position":2,"name":"Offres d&#8217;emploi"}]},{"@type":"WebSite","@id":"https:\/\/www.alliancefr.pt\/viseu\/#website","url":"https:\/\/www.alliancefr.pt\/viseu\/","name":"Alliance Fran\u00e7aise Viseu","description":"Alliances Fran\u00e7aises de Lisbonne","potentialAction":[{"@type":"SearchAction","target":{"@type":"EntryPoint","urlTemplate":"https:\/\/www.alliancefr.pt\/viseu\/?s={search_term_string}"},"query-input":{"@type":"PropertyValueSpecification","valueRequired":true,"valueName":"search_term_string"}}],"inLanguage":"fr-FR"}]}},"_links":{"self":[{"href":"https:\/\/www.alliancefr.pt\/viseu\/fr\/wp-json\/wp\/v2\/pages\/2950","targetHints":{"allow":["GET"]}}],"collection":[{"href":"https:\/\/www.alliancefr.pt\/viseu\/fr\/wp-json\/wp\/v2\/pages"}],"about":[{"href":"https:\/\/www.alliancefr.pt\/viseu\/fr\/wp-json\/wp\/v2\/types\/page"}],"author":[{"embeddable":true,"href":"https:\/\/www.alliancefr.pt\/viseu\/fr\/wp-json\/wp\/v2\/users\/1"}],"replies":[{"embeddable":true,"href":"https:\/\/www.alliancefr.pt\/viseu\/fr\/wp-json\/wp\/v2\/comments?post=2950"}],"version-history":[{"count":5,"href":"https:\/\/www.alliancefr.pt\/viseu\/fr\/wp-json\/wp\/v2\/pages\/2950\/revisions"}],"predecessor-version":[{"id":5160,"href":"https:\/\/www.alliancefr.pt\/viseu\/fr\/wp-json\/wp\/v2\/pages\/2950\/revisions\/5160"}],"wp:attachment":[{"href":"https:\/\/www.alliancefr.pt\/viseu\/fr\/wp-json\/wp\/v2\/media?parent=2950"}],"curies":[{"name":"wp","href":"https:\/\/api.w.org\/{rel}","templated":true}]}}