{"id":79,"date":"2017-07-19T09:57:13","date_gmt":"2017-07-19T09:57:13","guid":{"rendered":"https:\/\/www.alliancefr.pt\/setubal\/?page_id=79"},"modified":"2018-08-29T09:01:41","modified_gmt":"2018-08-29T09:01:41","slug":"quem-somos","status":"publish","type":"page","link":"https:\/\/www.alliancefr.pt\/setubal\/quem-somos\/","title":{"rendered":"Quem somos"},"content":{"rendered":"<p>[et_pb_section bb_built=&#8221;1&#8243; _builder_version=&#8221;3.0.59&#8243;][et_pb_row _builder_version=&#8221;3.0.59&#8243; background_position_1=&#8221;top_left&#8221; background_repeat_1=&#8221;no-repeat&#8221; module_class=&#8221;bem-vindo-bloc&#8221;][et_pb_column type=&#8221;4_4&#8243;][et_pb_text admin_label=&#8221;Titulo&#8221; _builder_version=&#8221;3.0.59&#8243; background_layout=&#8221;light&#8221; text_orientation=&#8221;center&#8221; border_style=&#8221;solid&#8221; custom_padding=&#8221;|10%||10%&#8221; module_class=&#8221;titlebloc-1&#8243; header_font=&#8221;|||on|&#8221;]<\/p>\n<h2 style=\"text-align: center;\">MISS\u00c3O<\/h2>\n<p>[\/et_pb_text][et_pb_text admin_label=&#8221;Sob Titulo&#8221; _builder_version=&#8221;3.0.59&#8243; background_layout=&#8221;light&#8221; text_orientation=&#8221;center&#8221; text_font=&#8221;Roboto|||on|&#8221; text_font_size=&#8221;16&#8243; text_text_color=&#8221;#333333&#8243; border_style=&#8221;solid&#8221; max_width=&#8221;500px&#8221;]<\/p>\n<p style=\"text-align: center;\">Ensino do franc\u00eas e divulga\u00e7\u00e3o da cultura francesa e culturas franc\u00f3fonas.<\/p>\n<p>[\/et_pb_text][\/et_pb_column][\/et_pb_row][et_pb_row _builder_version=&#8221;3.0.59&#8243; bg_img_1=&#8221;https:\/\/www.alliancefr.pt\/setubal\/wp-content\/uploads\/sites\/7\/2017\/07\/post2.jpg&#8221; background_position_1=&#8221;top_left&#8221; background_repeat_1=&#8221;no-repeat&#8221; background_position_2=&#8221;top_left&#8221; background_repeat_2=&#8221;no-repeat&#8221; background_position_3=&#8221;top_left&#8221; background_repeat_3=&#8221;no-repeat&#8221; make_equal=&#8221;on&#8221;][et_pb_column type=&#8221;1_2&#8243;][\/et_pb_column][et_pb_column type=&#8221;1_4&#8243;][et_pb_blurb _builder_version=&#8221;3.0.59&#8243; url_new_window=&#8221;off&#8221; use_icon=&#8221;off&#8221; image=&#8221;https:\/\/www.alliancefr.pt\/setubal\/wp-content\/uploads\/sites\/7\/2017\/09\/puce-1.png&#8221; use_circle=&#8221;off&#8221; use_circle_border=&#8221;off&#8221; icon_placement=&#8221;left&#8221; use_icon_font_size=&#8221;off&#8221; background_layout=&#8221;light&#8221; border_style=&#8221;solid&#8221; animation=&#8221;top&#8221;]<\/p>\n<p>Desde 1981, a Alliance Fran\u00e7aise de Set\u00fabal \u00e9 uma presen\u00e7a e uma refer\u00eancia no ensino do franc\u00eas na cidade de Set\u00fabal e seus arredores.<\/p>\n<p>[\/et_pb_blurb][et_pb_blurb _builder_version=&#8221;3.0.59&#8243; url_new_window=&#8221;off&#8221; use_icon=&#8221;off&#8221; image=&#8221;https:\/\/www.alliancefr.pt\/setubal\/wp-content\/uploads\/sites\/7\/2017\/09\/puce-1.png&#8221; use_circle=&#8221;off&#8221; use_circle_border=&#8221;off&#8221; icon_placement=&#8221;left&#8221; use_icon_font_size=&#8221;off&#8221; background_layout=&#8221;light&#8221; border_style=&#8221;solid&#8221; animation=&#8221;top&#8221;]<\/p>\n<p>Com sede em Set\u00fabal, onde decorrem os cursos presenciais, a Alliance Fran\u00e7aise de Set\u00fabal disp\u00f5e de uma equipa de professores que se desloca igualmente nas empresas para a presta\u00e7\u00e3o de um servi\u00e7o de qualidade.<\/p>\n<p>[\/et_pb_blurb][\/et_pb_column][et_pb_column type=&#8221;1_4&#8243;][et_pb_blurb _builder_version=&#8221;3.0.59&#8243; url_new_window=&#8221;off&#8221; use_icon=&#8221;off&#8221; image=&#8221;https:\/\/www.alliancefr.pt\/setubal\/wp-content\/uploads\/sites\/7\/2017\/09\/puce-1.png&#8221; use_circle=&#8221;off&#8221; use_circle_border=&#8221;off&#8221; icon_placement=&#8221;left&#8221; use_icon_font_size=&#8221;off&#8221; background_layout=&#8221;light&#8221; border_style=&#8221;solid&#8221; animation=&#8221;top&#8221;]<\/p>\n<p>A Alliance Fran\u00e7aise de Set\u00fabal \u00e9 uma Associa\u00e7\u00e3o sem fins lucrativos e goza igualmente do estatuto de Utilidade P\u00fablica Municipal.<\/p>\n<p>[\/et_pb_blurb][et_pb_blurb _builder_version=&#8221;3.0.59&#8243; url_new_window=&#8221;off&#8221; use_icon=&#8221;off&#8221; image=&#8221;https:\/\/www.alliancefr.pt\/setubal\/wp-content\/uploads\/sites\/7\/2017\/09\/puce-1.png&#8221; use_circle=&#8221;off&#8221; use_circle_border=&#8221;off&#8221; icon_placement=&#8221;left&#8221; use_icon_font_size=&#8221;off&#8221; background_layout=&#8221;light&#8221; border_style=&#8221;solid&#8221; animation=&#8221;top&#8221; disabled=&#8221;on&#8221; disabled_on=&#8221;on|on|on&#8221;]<\/p>\n<p>A Alliance Fran\u00e7aise \u00e9 uma Associa\u00e7\u00e3o sem fins lucrativos constitu\u00edda segundos os estatutos e os objetivos da Alliance Fran\u00e7aise fundada em Paris em 1883.<\/p>\n<p>[\/et_pb_blurb][\/et_pb_column][\/et_pb_row][\/et_pb_section][et_pb_section bb_built=&#8221;1&#8243; fullwidth=&#8221;off&#8221; specialty=&#8221;off&#8221; _builder_version=&#8221;3.0.59&#8243; background_image=&#8221;https:\/\/www.alliancefr.pt\/setubal\/wp-content\/uploads\/sites\/7\/2017\/07\/bg-triangular-rouge-quemsomos-1.jpg&#8221;][et_pb_row _builder_version=&#8221;3.0.59&#8243; background_position_1=&#8221;top_left&#8221; background_repeat_1=&#8221;no-repeat&#8221; background_position_2=&#8221;top_left&#8221; background_repeat_2=&#8221;no-repeat&#8221; background_position_3=&#8221;top_left&#8221; background_repeat_3=&#8221;no-repeat&#8221; module_class=&#8221;counter-bloc&#8221;][et_pb_column type=&#8221;1_3&#8243;][et_pb_number_counter _builder_version=&#8221;3.0.59&#8243; number=&#8221;800&#8243; percent_sign=&#8221;off&#8221; background_layout=&#8221;dark&#8221; number_text_color=&#8221;#ffffff&#8221; border_style=&#8221;solid&#8221; number_font=&#8221;|on|||&#8221; number_font_size=&#8221;50&#8243; module_class=&#8221;number-counter&#8221; \/][et_pb_blurb _builder_version=&#8221;3.0.59&#8243; url_new_window=&#8221;off&#8221; use_icon=&#8221;off&#8221; image=&#8221;https:\/\/www.alliancefr.pt\/setubal\/wp-content\/uploads\/sites\/7\/2017\/07\/pin-branco.png&#8221; use_circle=&#8221;off&#8221; use_circle_border=&#8221;off&#8221; icon_placement=&#8221;left&#8221; use_icon_font_size=&#8221;off&#8221; background_layout=&#8221;dark&#8221; border_style=&#8221;solid&#8221; animation=&#8221;top&#8221; body_font=&#8221;|on|||&#8221; header_font=&#8221;|on|||&#8221; header_font_size=&#8221;20&#8243; body_font_size=&#8221;16&#8243;]<\/p>\n<p>Alliances Fran\u00e7aises<\/p>\n<h4>NO MUNDO<\/h4>\n<p>[\/et_pb_blurb][\/et_pb_column][et_pb_column type=&#8221;1_3&#8243;][et_pb_number_counter _builder_version=&#8221;3.0.59&#8243; number=&#8221;250&#8243; percent_sign=&#8221;off&#8221; background_layout=&#8221;dark&#8221; number_text_color=&#8221;#ffffff&#8221; border_style=&#8221;solid&#8221; number_font=&#8221;|on|||&#8221; number_font_size=&#8221;50&#8243; module_class=&#8221;number-counter&#8221; \/][et_pb_blurb _builder_version=&#8221;3.0.59&#8243; url_new_window=&#8221;off&#8221; use_icon=&#8221;off&#8221; image=&#8221;https:\/\/www.alliancefr.pt\/setubal\/wp-content\/uploads\/sites\/7\/2017\/07\/pin-branco.png&#8221; use_circle=&#8221;off&#8221; use_circle_border=&#8221;off&#8221; icon_placement=&#8221;left&#8221; use_icon_font_size=&#8221;off&#8221; background_layout=&#8221;dark&#8221; border_style=&#8221;solid&#8221; animation=&#8221;top&#8221; body_font=&#8221;|on|||&#8221; header_font=&#8221;|on|||&#8221; header_font_size=&#8221;20&#8243; body_font_size=&#8221;16&#8243;]<\/p>\n<p>Alliances Fran\u00e7aises<\/p>\n<h4>NA EUROPA<\/h4>\n<p>[\/et_pb_blurb][\/et_pb_column][et_pb_column type=&#8221;1_3&#8243;][et_pb_number_counter _builder_version=&#8221;3.0.59&#8243; number=&#8221;10&#8243; percent_sign=&#8221;off&#8221; background_layout=&#8221;dark&#8221; number_text_color=&#8221;#ffffff&#8221; border_style=&#8221;solid&#8221; number_font=&#8221;|on|||&#8221; number_font_size=&#8221;50&#8243; module_class=&#8221;number-counter&#8221; \/][et_pb_blurb _builder_version=&#8221;3.0.59&#8243; url_new_window=&#8221;off&#8221; use_icon=&#8221;off&#8221; image=&#8221;https:\/\/www.alliancefr.pt\/setubal\/wp-content\/uploads\/sites\/7\/2017\/07\/pin-branco.png&#8221; use_circle=&#8221;off&#8221; use_circle_border=&#8221;off&#8221; icon_placement=&#8221;left&#8221; use_icon_font_size=&#8221;off&#8221; background_layout=&#8221;dark&#8221; border_style=&#8221;solid&#8221; custom_padding=&#8221;0px|10px||&#8221; animation=&#8221;top&#8221; body_font=&#8221;|on|||&#8221; header_font=&#8221;|on|||&#8221; header_font_size=&#8221;20&#8243; body_font_size=&#8221;16&#8243;]<\/p>\n<p>Alliances Fran\u00e7aises<\/p>\n<h4>EM PORTUGAL<\/h4>\n<p>[\/et_pb_blurb][\/et_pb_column][\/et_pb_row][\/et_pb_section][et_pb_section bb_built=&#8221;1&#8243; _builder_version=&#8221;3.0.59&#8243; background_image=&#8221;https:\/\/www.alliancefr.pt\/setubal\/wp-content\/uploads\/sites\/7\/2017\/08\/bg-triangular-gris-2.jpg&#8221;][et_pb_row _builder_version=&#8221;3.0.59&#8243; background_position_1=&#8221;top_left&#8221; background_repeat_1=&#8221;no-repeat&#8221; module_class=&#8221;bem-vindo-bloc&#8221;][et_pb_column type=&#8221;4_4&#8243;][et_pb_text admin_label=&#8221;Titulo&#8221; _builder_version=&#8221;3.0.59&#8243; background_layout=&#8221;light&#8221; text_orientation=&#8221;center&#8221; border_style=&#8221;solid&#8221; custom_padding=&#8221;|10%||10%&#8221; module_class=&#8221;titlebloc-1&#8243; header_font=&#8221;|||on|&#8221;]<\/p>\n<h2 style=\"text-align: center;\">A EQUIPA<\/h2>\n<p>[\/et_pb_text][et_pb_text admin_label=&#8221;Texto descri\u00e7\u00e3o&#8221; _builder_version=&#8221;3.0.59&#8243; background_layout=&#8221;light&#8221; text_orientation=&#8221;center&#8221; border_style=&#8221;solid&#8221; custom_padding=&#8221;|10%||10%&#8221; module_class=&#8221;titlebloc-1&#8243;]<\/p>\n<p>A Alliance Fran\u00e7aise de Set\u00fabal tem uma equipa de professores sempre \u00e1 escuta do aluno.<\/p>\n<p>[\/et_pb_text][\/et_pb_column][\/et_pb_row][et_pb_row _builder_version=&#8221;3.0.59&#8243; background_position_1=&#8221;top_left&#8221; background_repeat_1=&#8221;no-repeat&#8221; module_id=&#8221;team-carousel&#8221;][et_pb_column type=&#8221;4_4&#8243;][et_pb_team_lino_member admin_label=&#8221;St\u00e9phanie Pardete&#8221; _builder_version=&#8221;3.0.59&#8243; name=&#8221;St\u00e9phanie Pardete&#8221; position=&#8221;Diretor \/ Professora&#8221; phone=&#8221;(+351) 918 595 110&#8243; email=&#8221;Info.setubal@alliancefr.pt &#8221; background_layout=&#8221;light&#8221; header_font_size_tablet=&#8221;51&#8243; header_line_height_tablet=&#8221;2&#8243; body_font_size_tablet=&#8221;51&#8243; body_line_height_tablet=&#8221;2&#8243; border_style=&#8221;solid&#8221; animation=&#8221;off&#8221; image_url=&#8221;https:\/\/www.alliancefr.pt\/setubal\/wp-content\/uploads\/sites\/7\/2017\/07\/im-equipa-foto.jpg&#8221; \/][et_pb_team_lino_member admin_label=&#8221;Alda Cabral&#8221; _builder_version=&#8221;3.0.59&#8243; name=&#8221;Alda Cabral&#8221; position=&#8221;Professora de Portugu\u00eas&#8221; phone=&#8221;(+351) 918 595 110&#8243; email=&#8221;Info.setubal@alliancefr.pt&#8221; background_layout=&#8221;light&#8221; header_font_size_tablet=&#8221;51&#8243; header_line_height_tablet=&#8221;2&#8243; body_font_size_tablet=&#8221;51&#8243; body_line_height_tablet=&#8221;2&#8243; border_style=&#8221;solid&#8221; animation=&#8221;off&#8221; image_url=&#8221;https:\/\/www.alliancefr.pt\/setubal\/wp-content\/uploads\/sites\/7\/2017\/07\/im-equipa-foto.jpg&#8221; \/][et_pb_team_lino_member admin_label=&#8221;Cristina Coelho&#8221; _builder_version=&#8221;3.0.59&#8243; name=&#8221;Cristina Coelho&#8221; position=&#8221;Professora de franc\u00eas&#8221; phone=&#8221;(+351) 918 595 110&#8243; email=&#8221; Info.setubal@alliancefr.pt&#8221; background_layout=&#8221;light&#8221; header_font_size_tablet=&#8221;51&#8243; header_line_height_tablet=&#8221;2&#8243; body_font_size_tablet=&#8221;51&#8243; body_line_height_tablet=&#8221;2&#8243; border_style=&#8221;solid&#8221; animation=&#8221;off&#8221; image_url=&#8221;https:\/\/www.alliancefr.pt\/setubal\/wp-content\/uploads\/sites\/7\/2017\/07\/im-equipa-foto.jpg&#8221; \/][\/et_pb_column][\/et_pb_row][et_pb_row _builder_version=&#8221;3.0.59&#8243; background_position_1=&#8221;top_left&#8221; background_repeat_1=&#8221;no-repeat&#8221; module_id=&#8221;team-carousel&#8221; disabled=&#8221;on&#8221; disabled_on=&#8221;on|on|on&#8221;][et_pb_column type=&#8221;4_4&#8243;][et_pb_team_lino_member admin_label=&#8221;Elisa&#8221; _builder_version=&#8221;3.0.59&#8243; name=&#8221;Elisa Lopes&#8221; position=&#8221;Empresas&#8221; phone=&#8221;(+351) 210 179 272&#8243; email=&#8221;elisa.lopes@alliancefr.pt&#8221; background_layout=&#8221;light&#8221; header_font_size_tablet=&#8221;51&#8243; header_line_height_tablet=&#8221;2&#8243; body_font_size_tablet=&#8221;51&#8243; body_line_height_tablet=&#8221;2&#8243; border_style=&#8221;solid&#8221; animation=&#8221;off&#8221; image_url=&#8221;https:\/\/www.alliancefr.pt\/setubal\/wp-content\/uploads\/sites\/7\/2017\/07\/elisa-equipa-gab.jpg&#8221; \/][et_pb_team_lino_member admin_label=&#8221;Vera&#8221; _builder_version=&#8221;3.0.59&#8243; name=&#8221;Vera Sobreiro&#8221; position=&#8221;Secretaria&#8221; phone=&#8221;(+351) 212 400 048&#8243; email=&#8221;vera.sobreiro@alliancefr.pt&#8221; background_layout=&#8221;light&#8221; header_font_size_tablet=&#8221;51&#8243; header_line_height_tablet=&#8221;2&#8243; body_font_size_tablet=&#8221;51&#8243; body_line_height_tablet=&#8221;2&#8243; border_style=&#8221;solid&#8221; animation=&#8221;off&#8221; image_url=&#8221;https:\/\/www.alliancefr.pt\/setubal\/wp-content\/uploads\/sites\/7\/2017\/07\/im-equipa-verra.jpg&#8221; \/][et_pb_team_lino_member admin_label=&#8221;Susana&#8221; _builder_version=&#8221;3.0.59&#8243; name=&#8221;Susana Borges&#8221; position=&#8221;Secretaria&#8221; phone=&#8221;(+351) 212 400 048&#8243; email=&#8221;susana.borges@alliancefr.pt&#8221; background_layout=&#8221;light&#8221; header_font_size_tablet=&#8221;51&#8243; header_line_height_tablet=&#8221;2&#8243; body_font_size_tablet=&#8221;51&#8243; body_line_height_tablet=&#8221;2&#8243; border_style=&#8221;solid&#8221; animation=&#8221;off&#8221; image_url=&#8221;https:\/\/www.alliancefr.pt\/setubal\/wp-content\/uploads\/sites\/7\/2017\/07\/susana.jpg&#8221; \/][et_pb_team_lino_member admin_label=&#8221;Rosaria&#8221; _builder_version=&#8221;3.0.59&#8243; name=&#8221;Ros\u00e1ria da Costa&#8221; position=&#8221;Anexo Expo&#8221; phone=&#8221;(+351) 218 036 632&#8243; email=&#8221;rosaria.dacosta@alliancefr.pt&#8221; background_layout=&#8221;light&#8221; header_font_size_tablet=&#8221;51&#8243; header_line_height_tablet=&#8221;2&#8243; body_font_size_tablet=&#8221;51&#8243; body_line_height_tablet=&#8221;2&#8243; border_style=&#8221;solid&#8221; animation=&#8221;off&#8221; image_url=&#8221;https:\/\/www.alliancefr.pt\/setubal\/wp-content\/uploads\/sites\/7\/2017\/07\/rosaria-equipa-gab.jpg&#8221; \/][\/et_pb_column][\/et_pb_row][\/et_pb_section][et_pb_section bb_built=&#8221;1&#8243; fullwidth=&#8221;off&#8221; specialty=&#8221;off&#8221; _builder_version=&#8221;3.0.59&#8243;][et_pb_row][et_pb_column type=&#8221;4_4&#8243;][et_pb_text admin_label=&#8221;Parceiros&#8221; _builder_version=&#8221;3.0.59&#8243; background_layout=&#8221;light&#8221; text_orientation=&#8221;center&#8221; border_style=&#8221;solid&#8221; custom_padding=&#8221;|15%||15%&#8221; module_class=&#8221;titlebloc-1&#8243;]<\/p>\n<h2 style=\"text-align: center;\">Os parceiros<\/h2>\n<p style=\"text-align: center;\">Parcerias com a Alliance Fran\u00e7aise de Set\u00fabal<\/p>\n<p>[\/et_pb_text][\/et_pb_column][\/et_pb_row][et_pb_row _builder_version=&#8221;3.0.59&#8243; background_position_1=&#8221;top_left&#8221; background_repeat_1=&#8221;no-repeat&#8221; custom_padding=&#8221;0px||0px|&#8221;][et_pb_column type=&#8221;4_4&#8243;][et_pb_sidebar admin_label=&#8221;parceiros image list&#8221; _builder_version=&#8221;3.0.59&#8243; area=&#8221;et_pb_widget_area_1&#8243; orientation=&#8221;left&#8221; background_layout=&#8221;light&#8221; module_class=&#8221;parceiros-hp owl-carousel owl-theme&#8221; \/][\/et_pb_column][\/et_pb_row][\/et_pb_section][et_pb_section bb_built=&#8221;1&#8243; fullwidth=&#8221;off&#8221; specialty=&#8221;off&#8221; _builder_version=&#8221;3.0.59&#8243; background_color=&#8221;#da2839&#8243;][et_pb_row][et_pb_column type=&#8221;4_4&#8243;][et_pb_text admin_label=&#8221;Newsletter&#8221; _builder_version=&#8221;3.0.59&#8243; background_layout=&#8221;light&#8221; text_orientation=&#8221;center&#8221; border_style=&#8221;solid&#8221; custom_padding=&#8221;|15%||15%&#8221; module_class=&#8221;titlebloc-2&#8243;]<\/p>\n<h2 style=\"text-align: center;\">Newsletter<\/h2>\n<p style=\"text-align: center;\">Todas as novidades da Alliance Fran\u00e7aise de Set\u00fabal<br \/>\nAo enviar o seu e-mail, aceita os<a href=\"https:\/\/www.alliancefr.pt\/termos-condicoes-gerais\/\"> termos e condi\u00e7\u00f5es de uso<\/a> do site www.alliancefr.pt \u2013 RGPD compliant<\/p>\n<p>[\/et_pb_text][et_pb_signup_horiz _builder_version=&#8221;3.0.59&#8243; button_text=&#8221;Subscrever&#8221; provider=&#8221;mailchimp&#8221; mailchimp_list=&#8221;Stephanie Pardete|a6b6f2ee07&#8243; aweber_list=&#8221;|none&#8221; use_background_color=&#8221;off&#8221; use_focus_border_color=&#8221;off&#8221; background_layout=&#8221;dark&#8221; text_orientation=&#8221;left&#8221; header_font_size_tablet=&#8221;51&#8243; header_line_height_tablet=&#8221;2&#8243; body_font_size_tablet=&#8221;51&#8243; body_line_height_tablet=&#8221;2&#8243; border_style=&#8221;solid&#8221; custom_button=&#8221;on&#8221; button_border_width=&#8221;1&#8243; button_border_radius=&#8221;0&#8243; button_letter_spacing=&#8221;0&#8243; button_icon_placement=&#8221;right&#8221; button_border_radius_hover=&#8221;0&#8243; button_letter_spacing_hover=&#8221;0&#8243; button_text_color=&#8221;#ffffff&#8221; button_border_color=&#8221;#ffffff&#8221; button_use_icon=&#8221;off&#8221; button_bg_color=&#8221;rgba(0,0,0,0)&#8221; button_bg_color_hover=&#8221;rgba(255,255,255,0.1)&#8221; \/][\/et_pb_column][\/et_pb_row][\/et_pb_section]<\/p>\n","protected":false},"excerpt":{"rendered":"<p>MISS\u00c3O Ensino do franc\u00eas e divulga\u00e7\u00e3o da cultura francesa e culturas franc\u00f3fonas. Desde 1981, a Alliance Fran\u00e7aise de Set\u00fabal \u00e9 uma presen\u00e7a e uma refer\u00eancia no ensino do franc\u00eas na cidade de Set\u00fabal e seus arredores. Com sede em Set\u00fabal, onde decorrem os cursos presenciais, a Alliance Fran\u00e7aise de Set\u00fabal disp\u00f5e de uma equipa de [&hellip;]<\/p>\n","protected":false},"author":1,"featured_media":0,"parent":0,"menu_order":0,"comment_status":"closed","ping_status":"closed","template":"","meta":{"_acf_changed":false,"_et_pb_use_builder":"on","_et_pb_old_content":"","_et_gb_content_width":"","_exactmetrics_skip_tracking":false,"_exactmetrics_sitenote_active":false,"_exactmetrics_sitenote_note":"","_exactmetrics_sitenote_category":0,"footnotes":""},"class_list":["post-79","page","type-page","status-publish","hentry"],"acf":[],"yoast_head":"<!-- This site is optimized with the Yoast SEO plugin v27.0 - https:\/\/yoast.com\/product\/yoast-seo-wordpress\/ -->\n<title>Quem somos - Alliance Fran\u00e7aise de Set\u00fabal | Cursos de Franc\u00eas<\/title>\n<meta name=\"description\" content=\"Quem Somos ? Desde 1981, a Alliance Fran\u00e7aise de Set\u00fabal \u00e9 uma presen\u00e7a e uma refer\u00eancia no ensino do franc\u00eas na cidade de Set\u00fabal e seus arredores. Com sede em Set\u00fabal, onde decorrem os cursos presenciais, a Alliance Fran\u00e7aise de Set\u00fabal disp\u00f5e de uma equipa de professores ...\" \/>\n<meta name=\"robots\" content=\"index, follow, max-snippet:-1, max-image-preview:large, max-video-preview:-1\" \/>\n<link rel=\"canonical\" href=\"https:\/\/www.alliancefr.pt\/setubal\/quem-somos\/\" \/>\n<meta property=\"og:locale\" content=\"pt_PT\" \/>\n<meta property=\"og:type\" content=\"article\" \/>\n<meta property=\"og:title\" content=\"Quem somos - Alliance Fran\u00e7aise de Set\u00fabal | Cursos de Franc\u00eas\" \/>\n<meta property=\"og:description\" content=\"Quem Somos ? Desde 1981, a Alliance Fran\u00e7aise de Set\u00fabal \u00e9 uma presen\u00e7a e uma refer\u00eancia no ensino do franc\u00eas na cidade de Set\u00fabal e seus arredores. Com sede em Set\u00fabal, onde decorrem os cursos presenciais, a Alliance Fran\u00e7aise de Set\u00fabal disp\u00f5e de uma equipa de professores ...\" \/>\n<meta property=\"og:url\" content=\"https:\/\/www.alliancefr.pt\/setubal\/quem-somos\/\" \/>\n<meta property=\"og:site_name\" content=\"Alliance Fran\u00e7aise Set\u00fabal\" \/>\n<meta property=\"article:modified_time\" content=\"2018-08-29T09:01:41+00:00\" \/>\n<meta name=\"twitter:card\" content=\"summary_large_image\" \/>\n<meta name=\"twitter:label1\" content=\"Tempo estimado de leitura\" \/>\n\t<meta name=\"twitter:data1\" content=\"9 minutos\" \/>\n<script type=\"application\/ld+json\" class=\"yoast-schema-graph\">{\"@context\":\"https:\/\/schema.org\",\"@graph\":[{\"@type\":\"WebPage\",\"@id\":\"https:\/\/www.alliancefr.pt\/setubal\/quem-somos\/\",\"url\":\"https:\/\/www.alliancefr.pt\/setubal\/quem-somos\/\",\"name\":\"Quem somos - Alliance Fran\u00e7aise de Set\u00fabal | Cursos de Franc\u00eas\",\"isPartOf\":{\"@id\":\"https:\/\/www.alliancefr.pt\/setubal\/#website\"},\"datePublished\":\"2017-07-19T09:57:13+00:00\",\"dateModified\":\"2018-08-29T09:01:41+00:00\",\"description\":\"Quem Somos ? Desde 1981, a Alliance Fran\u00e7aise de Set\u00fabal \u00e9 uma presen\u00e7a e uma refer\u00eancia no ensino do franc\u00eas na cidade de Set\u00fabal e seus arredores. Com sede em Set\u00fabal, onde decorrem os cursos presenciais, a Alliance Fran\u00e7aise de Set\u00fabal disp\u00f5e de uma equipa de professores ...\",\"breadcrumb\":{\"@id\":\"https:\/\/www.alliancefr.pt\/setubal\/quem-somos\/#breadcrumb\"},\"inLanguage\":\"pt-PT\",\"potentialAction\":[{\"@type\":\"ReadAction\",\"target\":[\"https:\/\/www.alliancefr.pt\/setubal\/quem-somos\/\"]}]},{\"@type\":\"BreadcrumbList\",\"@id\":\"https:\/\/www.alliancefr.pt\/setubal\/quem-somos\/#breadcrumb\",\"itemListElement\":[{\"@type\":\"ListItem\",\"position\":1,\"name\":\"In\u00edcio\",\"item\":\"https:\/\/www.alliancefr.pt\/setubal\/\"},{\"@type\":\"ListItem\",\"position\":2,\"name\":\"Quem somos\"}]},{\"@type\":\"WebSite\",\"@id\":\"https:\/\/www.alliancefr.pt\/setubal\/#website\",\"url\":\"https:\/\/www.alliancefr.pt\/setubal\/\",\"name\":\"Alliance Fran\u00e7aise Set\u00fabal\",\"description\":\"Alliances Fran\u00e7aises de Lisbonne\",\"potentialAction\":[{\"@type\":\"SearchAction\",\"target\":{\"@type\":\"EntryPoint\",\"urlTemplate\":\"https:\/\/www.alliancefr.pt\/setubal\/?s={search_term_string}\"},\"query-input\":{\"@type\":\"PropertyValueSpecification\",\"valueRequired\":true,\"valueName\":\"search_term_string\"}}],\"inLanguage\":\"pt-PT\"}]}<\/script>\n<!-- \/ Yoast SEO plugin. -->","yoast_head_json":{"title":"Quem somos - Alliance Fran\u00e7aise de Set\u00fabal | Cursos de Franc\u00eas","description":"Quem Somos ? Desde 1981, a Alliance Fran\u00e7aise de Set\u00fabal \u00e9 uma presen\u00e7a e uma refer\u00eancia no ensino do franc\u00eas na cidade de Set\u00fabal e seus arredores. Com sede em Set\u00fabal, onde decorrem os cursos presenciais, a Alliance Fran\u00e7aise de Set\u00fabal disp\u00f5e de uma equipa de professores ...","robots":{"index":"index","follow":"follow","max-snippet":"max-snippet:-1","max-image-preview":"max-image-preview:large","max-video-preview":"max-video-preview:-1"},"canonical":"https:\/\/www.alliancefr.pt\/setubal\/quem-somos\/","og_locale":"pt_PT","og_type":"article","og_title":"Quem somos - Alliance Fran\u00e7aise de Set\u00fabal | Cursos de Franc\u00eas","og_description":"Quem Somos ? Desde 1981, a Alliance Fran\u00e7aise de Set\u00fabal \u00e9 uma presen\u00e7a e uma refer\u00eancia no ensino do franc\u00eas na cidade de Set\u00fabal e seus arredores. Com sede em Set\u00fabal, onde decorrem os cursos presenciais, a Alliance Fran\u00e7aise de Set\u00fabal disp\u00f5e de uma equipa de professores ...","og_url":"https:\/\/www.alliancefr.pt\/setubal\/quem-somos\/","og_site_name":"Alliance Fran\u00e7aise Set\u00fabal","article_modified_time":"2018-08-29T09:01:41+00:00","twitter_card":"summary_large_image","twitter_misc":{"Tempo estimado de leitura":"9 minutos"},"schema":{"@context":"https:\/\/schema.org","@graph":[{"@type":"WebPage","@id":"https:\/\/www.alliancefr.pt\/setubal\/quem-somos\/","url":"https:\/\/www.alliancefr.pt\/setubal\/quem-somos\/","name":"Quem somos - Alliance Fran\u00e7aise de Set\u00fabal | Cursos de Franc\u00eas","isPartOf":{"@id":"https:\/\/www.alliancefr.pt\/setubal\/#website"},"datePublished":"2017-07-19T09:57:13+00:00","dateModified":"2018-08-29T09:01:41+00:00","description":"Quem Somos ? Desde 1981, a Alliance Fran\u00e7aise de Set\u00fabal \u00e9 uma presen\u00e7a e uma refer\u00eancia no ensino do franc\u00eas na cidade de Set\u00fabal e seus arredores. Com sede em Set\u00fabal, onde decorrem os cursos presenciais, a Alliance Fran\u00e7aise de Set\u00fabal disp\u00f5e de uma equipa de professores ...","breadcrumb":{"@id":"https:\/\/www.alliancefr.pt\/setubal\/quem-somos\/#breadcrumb"},"inLanguage":"pt-PT","potentialAction":[{"@type":"ReadAction","target":["https:\/\/www.alliancefr.pt\/setubal\/quem-somos\/"]}]},{"@type":"BreadcrumbList","@id":"https:\/\/www.alliancefr.pt\/setubal\/quem-somos\/#breadcrumb","itemListElement":[{"@type":"ListItem","position":1,"name":"In\u00edcio","item":"https:\/\/www.alliancefr.pt\/setubal\/"},{"@type":"ListItem","position":2,"name":"Quem somos"}]},{"@type":"WebSite","@id":"https:\/\/www.alliancefr.pt\/setubal\/#website","url":"https:\/\/www.alliancefr.pt\/setubal\/","name":"Alliance Fran\u00e7aise Set\u00fabal","description":"Alliances Fran\u00e7aises de Lisbonne","potentialAction":[{"@type":"SearchAction","target":{"@type":"EntryPoint","urlTemplate":"https:\/\/www.alliancefr.pt\/setubal\/?s={search_term_string}"},"query-input":{"@type":"PropertyValueSpecification","valueRequired":true,"valueName":"search_term_string"}}],"inLanguage":"pt-PT"}]}},"_links":{"self":[{"href":"https:\/\/www.alliancefr.pt\/setubal\/wp-json\/wp\/v2\/pages\/79","targetHints":{"allow":["GET"]}}],"collection":[{"href":"https:\/\/www.alliancefr.pt\/setubal\/wp-json\/wp\/v2\/pages"}],"about":[{"href":"https:\/\/www.alliancefr.pt\/setubal\/wp-json\/wp\/v2\/types\/page"}],"author":[{"embeddable":true,"href":"https:\/\/www.alliancefr.pt\/setubal\/wp-json\/wp\/v2\/users\/1"}],"replies":[{"embeddable":true,"href":"https:\/\/www.alliancefr.pt\/setubal\/wp-json\/wp\/v2\/comments?post=79"}],"version-history":[{"count":81,"href":"https:\/\/www.alliancefr.pt\/setubal\/wp-json\/wp\/v2\/pages\/79\/revisions"}],"predecessor-version":[{"id":5104,"href":"https:\/\/www.alliancefr.pt\/setubal\/wp-json\/wp\/v2\/pages\/79\/revisions\/5104"}],"wp:attachment":[{"href":"https:\/\/www.alliancefr.pt\/setubal\/wp-json\/wp\/v2\/media?parent=79"}],"curies":[{"name":"wp","href":"https:\/\/api.w.org\/{rel}","templated":true}]}}