{"id":3477,"date":"2017-12-05T14:46:27","date_gmt":"2017-12-05T14:46:27","guid":{"rendered":"https:\/\/www.alliancefr.pt\/setubal\/qui-sommes-nous\/"},"modified":"2018-07-09T10:30:07","modified_gmt":"2018-07-09T10:30:07","slug":"qui-sommes-nous","status":"publish","type":"page","link":"https:\/\/www.alliancefr.pt\/setubal\/fr\/qui-sommes-nous\/","title":{"rendered":"Qui sommes-nous ?"},"content":{"rendered":"<p>[et_pb_section bb_built=&#8221;1&#8243; _builder_version=&#8221;3.0.59&#8243;][et_pb_row _builder_version=&#8221;3.0.59&#8243; background_position_1=&#8221;top_left&#8221; background_repeat_1=&#8221;no-repeat&#8221; module_class=&#8221;bem-vindo-bloc&#8221;][et_pb_column type=&#8221;4_4&#8243;][et_pb_text admin_label=&#8221;Titulo&#8221; _builder_version=&#8221;3.0.59&#8243; background_layout=&#8221;light&#8221; text_orientation=&#8221;center&#8221; border_style=&#8221;solid&#8221; custom_padding=&#8221;|10%||10%&#8221; module_class=&#8221;titlebloc-1&#8243; header_font=&#8221;|||on|&#8221;]<\/p>\n<h2 style=\"text-align: center;\">MISSION<\/h2>\n<p>[\/et_pb_text][et_pb_text admin_label=&#8221;Sob Titulo&#8221; _builder_version=&#8221;3.0.59&#8243; background_layout=&#8221;light&#8221; text_orientation=&#8221;center&#8221; text_font=&#8221;Roboto|||on|&#8221; text_font_size=&#8221;16&#8243; text_text_color=&#8221;#333333&#8243; border_style=&#8221;solid&#8221; max_width=&#8221;500px&#8221;]<\/p>\n<p style=\"text-align: center;\">Enseignement du fran\u00e7ais et divulgation de la culture fran\u00e7aise et des diff\u00e9rentes cultures francophones.<\/p>\n<p>[\/et_pb_text][\/et_pb_column][\/et_pb_row][et_pb_row _builder_version=&#8221;3.0.59&#8243; bg_img_1=&#8221;https:\/\/www.alliancefr.pt\/setubal\/wp-content\/uploads\/sites\/7\/2017\/07\/post2.jpg&#8221; background_position_1=&#8221;top_left&#8221; background_repeat_1=&#8221;no-repeat&#8221; background_position_2=&#8221;top_left&#8221; background_repeat_2=&#8221;no-repeat&#8221; background_position_3=&#8221;top_left&#8221; background_repeat_3=&#8221;no-repeat&#8221; make_equal=&#8221;on&#8221;][et_pb_column type=&#8221;1_2&#8243;][\/et_pb_column][et_pb_column type=&#8221;1_4&#8243;][et_pb_blurb _builder_version=&#8221;3.0.59&#8243; url_new_window=&#8221;off&#8221; use_icon=&#8221;off&#8221; image=&#8221;https:\/\/www.alliancefr.pt\/setubal\/wp-content\/uploads\/sites\/7\/2017\/09\/puce-1.png&#8221; use_circle=&#8221;off&#8221; use_circle_border=&#8221;off&#8221; icon_placement=&#8221;left&#8221; use_icon_font_size=&#8221;off&#8221; background_layout=&#8221;light&#8221; border_style=&#8221;solid&#8221; animation=&#8221;top&#8221;]<\/p>\n<p>Depuis 1981, l\u2019Alliance fran\u00e7aise de Set\u00fabal est une pr\u00e9sence et une r\u00e9f\u00e9rence dans l\u2019enseignement du fran\u00e7ais dans la ville de Set\u00fabal et sa r\u00e9gion.<\/p>\n<p>[\/et_pb_blurb][et_pb_blurb _builder_version=&#8221;3.0.59&#8243; url_new_window=&#8221;off&#8221; use_icon=&#8221;off&#8221; image=&#8221;https:\/\/www.alliancefr.pt\/setubal\/wp-content\/uploads\/sites\/7\/2017\/09\/puce-1.png&#8221; use_circle=&#8221;off&#8221; use_circle_border=&#8221;off&#8221; icon_placement=&#8221;left&#8221; use_icon_font_size=&#8221;off&#8221; background_layout=&#8221;light&#8221; border_style=&#8221;solid&#8221; animation=&#8221;top&#8221;]<\/p>\n<p>L\u2019Alliance fran\u00e7aise de Set\u00fabal organise ses cours dans son si\u00e8ge \u00e0 Set\u00fabal et dispose d\u2019une \u00e9quipe d\u2019enseignants qui se d\u00e9place dans les entreprises pour la prestation d\u2019un service de qualit\u00e9.<\/p>\n<p>[\/et_pb_blurb][\/et_pb_column][et_pb_column type=&#8221;1_4&#8243;][et_pb_blurb _builder_version=&#8221;3.0.59&#8243; url_new_window=&#8221;off&#8221; use_icon=&#8221;off&#8221; image=&#8221;https:\/\/www.alliancefr.pt\/setubal\/wp-content\/uploads\/sites\/7\/2017\/09\/puce-1.png&#8221; use_circle=&#8221;off&#8221; use_circle_border=&#8221;off&#8221; icon_placement=&#8221;left&#8221; use_icon_font_size=&#8221;off&#8221; background_layout=&#8221;light&#8221; border_style=&#8221;solid&#8221; animation=&#8221;top&#8221;]<\/p>\n<p>L\u2019Alliance fran\u00e7aise de Set\u00fabal est une association \u00e0 but non lucratif et a \u00e9galement le statut d\u2019Utilit\u00e9 Publique Municipale.<\/p>\n<p>[\/et_pb_blurb][et_pb_blurb _builder_version=&#8221;3.0.59&#8243; url_new_window=&#8221;off&#8221; use_icon=&#8221;off&#8221; image=&#8221;https:\/\/www.alliancefr.pt\/setubal\/wp-content\/uploads\/sites\/7\/2017\/09\/puce-1.png&#8221; use_circle=&#8221;off&#8221; use_circle_border=&#8221;off&#8221; icon_placement=&#8221;left&#8221; use_icon_font_size=&#8221;off&#8221; background_layout=&#8221;light&#8221; border_style=&#8221;solid&#8221; animation=&#8221;top&#8221; disabled=&#8221;on&#8221; disabled_on=&#8221;on|on|on&#8221;]<\/p>\n<p>L\u2019Alliance fran\u00e7aise est une association \u00e0 but non lucratif cr\u00e9\u00e9e selon les statuts et les objectifs de l\u2019Alliance fran\u00e7aise fond\u00e9e \u00e0 Paris en 1883.<\/p>\n<p>[\/et_pb_blurb][\/et_pb_column][\/et_pb_row][\/et_pb_section][et_pb_section bb_built=&#8221;1&#8243; fullwidth=&#8221;off&#8221; specialty=&#8221;off&#8221; _builder_version=&#8221;3.0.59&#8243; background_image=&#8221;https:\/\/www.alliancefr.pt\/setubal\/wp-content\/uploads\/sites\/7\/2017\/07\/bg-triangular-rouge-quemsomos-1.jpg&#8221;][et_pb_row _builder_version=&#8221;3.0.59&#8243; background_position_1=&#8221;top_left&#8221; background_repeat_1=&#8221;no-repeat&#8221; background_position_2=&#8221;top_left&#8221; background_repeat_2=&#8221;no-repeat&#8221; background_position_3=&#8221;top_left&#8221; background_repeat_3=&#8221;no-repeat&#8221; module_class=&#8221;counter-bloc&#8221;][et_pb_column type=&#8221;1_3&#8243;][et_pb_number_counter _builder_version=&#8221;3.0.59&#8243; number=&#8221;800&#8243; percent_sign=&#8221;off&#8221; background_layout=&#8221;dark&#8221; number_text_color=&#8221;#ffffff&#8221; border_style=&#8221;solid&#8221; number_font=&#8221;|on|||&#8221; number_font_size=&#8221;50&#8243; module_class=&#8221;number-counter&#8221; \/][et_pb_blurb _builder_version=&#8221;3.0.59&#8243; url_new_window=&#8221;off&#8221; use_icon=&#8221;off&#8221; image=&#8221;https:\/\/www.alliancefr.pt\/setubal\/wp-content\/uploads\/sites\/7\/2017\/07\/pin-branco.png&#8221; use_circle=&#8221;off&#8221; use_circle_border=&#8221;off&#8221; icon_placement=&#8221;left&#8221; use_icon_font_size=&#8221;off&#8221; background_layout=&#8221;dark&#8221; border_style=&#8221;solid&#8221; animation=&#8221;top&#8221; body_font=&#8221;|on|||&#8221; header_font=&#8221;|on|||&#8221; header_font_size=&#8221;20&#8243; body_font_size=&#8221;16&#8243;]<\/p>\n<p>Alliances Fran\u00e7aises<\/p>\n<h4>DANS LE MONDE<\/h4>\n<p>[\/et_pb_blurb][\/et_pb_column][et_pb_column type=&#8221;1_3&#8243;][et_pb_number_counter _builder_version=&#8221;3.0.59&#8243; number=&#8221;250&#8243; percent_sign=&#8221;off&#8221; background_layout=&#8221;dark&#8221; number_text_color=&#8221;#ffffff&#8221; border_style=&#8221;solid&#8221; number_font=&#8221;|on|||&#8221; number_font_size=&#8221;50&#8243; module_class=&#8221;number-counter&#8221; \/][et_pb_blurb _builder_version=&#8221;3.0.59&#8243; url_new_window=&#8221;off&#8221; use_icon=&#8221;off&#8221; image=&#8221;https:\/\/www.alliancefr.pt\/setubal\/wp-content\/uploads\/sites\/7\/2017\/07\/pin-branco.png&#8221; use_circle=&#8221;off&#8221; use_circle_border=&#8221;off&#8221; icon_placement=&#8221;left&#8221; use_icon_font_size=&#8221;off&#8221; background_layout=&#8221;dark&#8221; border_style=&#8221;solid&#8221; animation=&#8221;top&#8221; body_font=&#8221;|on|||&#8221; header_font=&#8221;|on|||&#8221; header_font_size=&#8221;20&#8243; body_font_size=&#8221;16&#8243;]<\/p>\n<p>Alliances Fran\u00e7aises<\/p>\n<h4>EN EUROPE<\/h4>\n<p>[\/et_pb_blurb][\/et_pb_column][et_pb_column type=&#8221;1_3&#8243;][et_pb_number_counter _builder_version=&#8221;3.0.59&#8243; number=&#8221;10&#8243; percent_sign=&#8221;off&#8221; background_layout=&#8221;dark&#8221; number_text_color=&#8221;#ffffff&#8221; border_style=&#8221;solid&#8221; number_font=&#8221;|on|||&#8221; number_font_size=&#8221;50&#8243; module_class=&#8221;number-counter&#8221; \/][et_pb_blurb _builder_version=&#8221;3.0.59&#8243; url_new_window=&#8221;off&#8221; use_icon=&#8221;off&#8221; image=&#8221;https:\/\/www.alliancefr.pt\/setubal\/wp-content\/uploads\/sites\/7\/2017\/07\/pin-branco.png&#8221; use_circle=&#8221;off&#8221; use_circle_border=&#8221;off&#8221; icon_placement=&#8221;left&#8221; use_icon_font_size=&#8221;off&#8221; background_layout=&#8221;dark&#8221; border_style=&#8221;solid&#8221; custom_padding=&#8221;0px|10px||&#8221; animation=&#8221;top&#8221; body_font=&#8221;|on|||&#8221; header_font=&#8221;|on|||&#8221; header_font_size=&#8221;20&#8243; body_font_size=&#8221;16&#8243;]<\/p>\n<p>Alliances Fran\u00e7aises<\/p>\n<h4>AU PORTUGAL<\/h4>\n<p>[\/et_pb_blurb][\/et_pb_column][\/et_pb_row][\/et_pb_section][et_pb_section bb_built=&#8221;1&#8243; _builder_version=&#8221;3.0.59&#8243; background_image=&#8221;https:\/\/www.alliancefr.pt\/setubal\/wp-content\/uploads\/sites\/7\/2017\/08\/bg-triangular-gris-2.jpg&#8221;][et_pb_row _builder_version=&#8221;3.0.59&#8243; background_position_1=&#8221;top_left&#8221; background_repeat_1=&#8221;no-repeat&#8221; module_class=&#8221;bem-vindo-bloc&#8221;][et_pb_column type=&#8221;4_4&#8243;][et_pb_text admin_label=&#8221;Titulo&#8221; _builder_version=&#8221;3.0.59&#8243; background_layout=&#8221;light&#8221; text_orientation=&#8221;center&#8221; border_style=&#8221;solid&#8221; custom_padding=&#8221;|10%||10%&#8221; module_class=&#8221;titlebloc-1&#8243; header_font=&#8221;|||on|&#8221;]<\/p>\n<h2 style=\"text-align: center;\">L\u2019\u00c9QUIPE<\/h2>\n<p>[\/et_pb_text][et_pb_text admin_label=&#8221;Texto descri\u00e7\u00e3o&#8221; _builder_version=&#8221;3.0.59&#8243; background_layout=&#8221;light&#8221; text_orientation=&#8221;center&#8221; border_style=&#8221;solid&#8221; custom_padding=&#8221;|10%||10%&#8221; module_class=&#8221;titlebloc-1&#8243;]<\/p>\n<p>L\u2019Alliance fran\u00e7aise de Set\u00fabal a une \u00e9quipe de professeurs toujours \u00e0 l\u2019\u00e9coute.<\/p>\n<p>[\/et_pb_text][\/et_pb_column][\/et_pb_row][et_pb_row _builder_version=&#8221;3.0.59&#8243; background_position_1=&#8221;top_left&#8221; background_repeat_1=&#8221;no-repeat&#8221; module_id=&#8221;team-carousel&#8221;][et_pb_column type=&#8221;4_4&#8243;][et_pb_team_lino_member admin_label=&#8221;St\u00e9phanie Pardete&#8221; _builder_version=&#8221;3.0.59&#8243; name=&#8221;St\u00e9phanie Pardete&#8221; position=&#8221;Directrice \/ Enseignante&#8221; phone=&#8221;(+351) 918 595 110&#8243; email=&#8221;Info.setubal@alliancefr.pt&#8221; background_layout=&#8221;light&#8221; header_font_size_tablet=&#8221;51&#8243; header_line_height_tablet=&#8221;2&#8243; body_font_size_tablet=&#8221;51&#8243; body_line_height_tablet=&#8221;2&#8243; border_style=&#8221;solid&#8221; animation=&#8221;off&#8221; image_url=&#8221;https:\/\/www.alliancefr.pt\/setubal\/wp-content\/uploads\/sites\/7\/2017\/07\/im-equipa-foto.jpg&#8221; \/][et_pb_team_lino_member admin_label=&#8221;Alda Cabral&#8221; _builder_version=&#8221;3.0.59&#8243; name=&#8221;Alda Cabral&#8221; position=&#8221;Enseignante (Portugais)&#8221; phone=&#8221;(+351) 918 595 110&#8243; email=&#8221;Info.setubal@alliancefr.pt&#8221; background_layout=&#8221;light&#8221; header_font_size_tablet=&#8221;51&#8243; header_line_height_tablet=&#8221;2&#8243; body_font_size_tablet=&#8221;51&#8243; body_line_height_tablet=&#8221;2&#8243; border_style=&#8221;solid&#8221; animation=&#8221;off&#8221; image_url=&#8221;https:\/\/www.alliancefr.pt\/setubal\/wp-content\/uploads\/sites\/7\/2017\/07\/im-equipa-foto.jpg&#8221; \/][et_pb_team_lino_member admin_label=&#8221;Cristina Coelho&#8221; _builder_version=&#8221;3.0.59&#8243; name=&#8221;Cristina Coelho&#8221; position=&#8221;Enseignante (fran\u00e7ais)&#8221; phone=&#8221;(+351) 918 595 110&#8243; email=&#8221;Info.setubal@alliancefr.pt&#8221; background_layout=&#8221;light&#8221; header_font_size_tablet=&#8221;51&#8243; header_line_height_tablet=&#8221;2&#8243; body_font_size_tablet=&#8221;51&#8243; body_line_height_tablet=&#8221;2&#8243; border_style=&#8221;solid&#8221; animation=&#8221;off&#8221; image_url=&#8221;https:\/\/www.alliancefr.pt\/setubal\/wp-content\/uploads\/sites\/7\/2017\/07\/im-equipa-foto.jpg&#8221; \/][\/et_pb_column][\/et_pb_row][et_pb_row _builder_version=&#8221;3.0.59&#8243; background_position_1=&#8221;top_left&#8221; background_repeat_1=&#8221;no-repeat&#8221; module_id=&#8221;team-carousel&#8221; disabled=&#8221;on&#8221; disabled_on=&#8221;on|on|on&#8221;][et_pb_column type=&#8221;4_4&#8243;][et_pb_team_lino_member admin_label=&#8221;Elisa&#8221; _builder_version=&#8221;3.0.59&#8243; name=&#8221;Elisa Lopes&#8221; position=&#8221;Entreprises&#8221; phone=&#8221;(+351) 210 179 272&#8243; email=&#8221;elisa.lopes@alliancefr.pt&#8221; background_layout=&#8221;light&#8221; header_font_size_tablet=&#8221;51&#8243; header_line_height_tablet=&#8221;2&#8243; body_font_size_tablet=&#8221;51&#8243; body_line_height_tablet=&#8221;2&#8243; border_style=&#8221;solid&#8221; animation=&#8221;off&#8221; image_url=&#8221;https:\/\/www.alliancefr.pt\/setubal\/wp-content\/uploads\/sites\/7\/2017\/07\/elisa-equipa-gab.jpg&#8221; \/][et_pb_team_lino_member admin_label=&#8221;Vera&#8221; _builder_version=&#8221;3.0.59&#8243; name=&#8221;Vera Sobreiro&#8221; position=&#8221;Secr\u00e9tariat&#8221; phone=&#8221;(+351) 212 400 048&#8243; email=&#8221;vera.sobreiro@alliancefr.pt&#8221; background_layout=&#8221;light&#8221; header_font_size_tablet=&#8221;51&#8243; header_line_height_tablet=&#8221;2&#8243; body_font_size_tablet=&#8221;51&#8243; body_line_height_tablet=&#8221;2&#8243; border_style=&#8221;solid&#8221; animation=&#8221;off&#8221; image_url=&#8221;https:\/\/www.alliancefr.pt\/setubal\/wp-content\/uploads\/sites\/7\/2017\/07\/im-equipa-verra.jpg&#8221; \/][et_pb_team_lino_member admin_label=&#8221;Susana&#8221; _builder_version=&#8221;3.0.59&#8243; name=&#8221;Susana Borges&#8221; position=&#8221;Secr\u00e9tariat&#8221; phone=&#8221;(+351) 212 400 048&#8243; email=&#8221;susana.borges@alliancefr.pt&#8221; background_layout=&#8221;light&#8221; header_font_size_tablet=&#8221;51&#8243; header_line_height_tablet=&#8221;2&#8243; body_font_size_tablet=&#8221;51&#8243; body_line_height_tablet=&#8221;2&#8243; border_style=&#8221;solid&#8221; animation=&#8221;off&#8221; image_url=&#8221;https:\/\/www.alliancefr.pt\/setubal\/wp-content\/uploads\/sites\/7\/2017\/07\/susana.jpg&#8221; \/][et_pb_team_lino_member admin_label=&#8221;Rosaria&#8221; _builder_version=&#8221;3.0.59&#8243; name=&#8221;Ros\u00e1ria da Costa&#8221; position=&#8221;Expo&#8221; phone=&#8221;(+351) 218 036 632&#8243; email=&#8221;rosaria.dacosta@alliancefr.pt&#8221; background_layout=&#8221;light&#8221; header_font_size_tablet=&#8221;51&#8243; header_line_height_tablet=&#8221;2&#8243; body_font_size_tablet=&#8221;51&#8243; body_line_height_tablet=&#8221;2&#8243; border_style=&#8221;solid&#8221; animation=&#8221;off&#8221; image_url=&#8221;https:\/\/www.alliancefr.pt\/setubal\/wp-content\/uploads\/sites\/7\/2017\/07\/rosaria-equipa-gab.jpg&#8221; \/][\/et_pb_column][\/et_pb_row][\/et_pb_section][et_pb_section bb_built=&#8221;1&#8243; fullwidth=&#8221;off&#8221; specialty=&#8221;off&#8221; _builder_version=&#8221;3.0.59&#8243;][et_pb_row][et_pb_column type=&#8221;4_4&#8243;][et_pb_text admin_label=&#8221;Parceiros&#8221; _builder_version=&#8221;3.0.59&#8243; background_layout=&#8221;light&#8221; text_orientation=&#8221;center&#8221; border_style=&#8221;solid&#8221; custom_padding=&#8221;|15%||15%&#8221; module_class=&#8221;titlebloc-1&#8243;]<\/p>\n<h2 style=\"text-align: center;\">Les partenaires<\/h2>\n<p style=\"text-align: center;\">Les partenaires de l\u2019Alliance fran\u00e7aise de Set\u00fabal<\/p>\n<p>[\/et_pb_text][\/et_pb_column][\/et_pb_row][et_pb_row _builder_version=&#8221;3.0.59&#8243; background_position_1=&#8221;top_left&#8221; background_repeat_1=&#8221;no-repeat&#8221; custom_padding=&#8221;0px||0px|&#8221;][et_pb_column type=&#8221;4_4&#8243;][et_pb_sidebar admin_label=&#8221;parceiros image list&#8221; _builder_version=&#8221;3.0.59&#8243; area=&#8221;et_pb_widget_area_1&#8243; orientation=&#8221;left&#8221; background_layout=&#8221;light&#8221; module_class=&#8221;parceiros-hp owl-carousel owl-theme&#8221; \/][\/et_pb_column][\/et_pb_row][\/et_pb_section][et_pb_section bb_built=&#8221;1&#8243; fullwidth=&#8221;off&#8221; specialty=&#8221;off&#8221; _builder_version=&#8221;3.0.59&#8243; background_color=&#8221;#da2839&#8243;][et_pb_row][et_pb_column type=&#8221;4_4&#8243;][et_pb_text admin_label=&#8221;Newsletter&#8221; _builder_version=&#8221;3.0.59&#8243; background_layout=&#8221;light&#8221; text_orientation=&#8221;center&#8221; border_style=&#8221;solid&#8221; custom_padding=&#8221;|15%||15%&#8221; module_class=&#8221;titlebloc-2&#8243;]<\/p>\n<h2 style=\"text-align: center;\">Newsletter<\/h2>\n<p style=\"text-align: center;\">Toutes les nouveaut\u00e9s de l\u2019Alliance fran\u00e7aise de Set\u00fabal<br \/>\nJ\u2019accepte les <a href=\"https:\/\/www.alliancefr.pt\/conditions-generales-dutilisation\/?lang=fr\">conditions g\u00e9n\u00e9rales d\u2019utilisation<\/a> du site alliancefr.pt \u2013 RGPD compliant<\/p>\n<p>[\/et_pb_text][et_pb_signup_horiz _builder_version=&#8221;3.0.59&#8243; button_text=&#8221;SOUSCRIRE&#8221; provider=&#8221;mailchimp&#8221; mailchimp_list=&#8221;|null&#8221; aweber_list=&#8221;|none&#8221; use_background_color=&#8221;off&#8221; use_focus_border_color=&#8221;off&#8221; background_layout=&#8221;dark&#8221; text_orientation=&#8221;left&#8221; header_font_size_tablet=&#8221;51&#8243; header_line_height_tablet=&#8221;2&#8243; body_font_size_tablet=&#8221;51&#8243; body_line_height_tablet=&#8221;2&#8243; border_style=&#8221;solid&#8221; custom_button=&#8221;on&#8221; button_border_width=&#8221;1&#8243; button_border_radius=&#8221;0&#8243; button_letter_spacing=&#8221;0&#8243; button_icon_placement=&#8221;right&#8221; button_border_radius_hover=&#8221;0&#8243; button_letter_spacing_hover=&#8221;0&#8243; button_text_color=&#8221;#ffffff&#8221; button_border_color=&#8221;#ffffff&#8221; button_use_icon=&#8221;off&#8221; button_bg_color=&#8221;rgba(0,0,0,0)&#8221; button_bg_color_hover=&#8221;rgba(255,255,255,0.1)&#8221; \/][\/et_pb_column][\/et_pb_row][\/et_pb_section]<\/p>\n","protected":false},"excerpt":{"rendered":"<p>MISSION Enseignement du fran\u00e7ais et divulgation de la culture fran\u00e7aise et des diff\u00e9rentes cultures francophones. Depuis 1981, l\u2019Alliance fran\u00e7aise de Set\u00fabal est une pr\u00e9sence et une r\u00e9f\u00e9rence dans l\u2019enseignement du fran\u00e7ais dans la ville de Set\u00fabal et sa r\u00e9gion. L\u2019Alliance fran\u00e7aise de Set\u00fabal organise ses cours dans son si\u00e8ge \u00e0 Set\u00fabal et dispose d\u2019une \u00e9quipe [&hellip;]<\/p>\n","protected":false},"author":1,"featured_media":0,"parent":0,"menu_order":0,"comment_status":"closed","ping_status":"closed","template":"","meta":{"_acf_changed":false,"_et_pb_use_builder":"on","_et_pb_old_content":"","_et_gb_content_width":"","_exactmetrics_skip_tracking":false,"_exactmetrics_sitenote_active":false,"_exactmetrics_sitenote_note":"","_exactmetrics_sitenote_category":0,"footnotes":""},"class_list":["post-3477","page","type-page","status-publish","hentry"],"acf":[],"yoast_head":"<!-- This site is optimized with the Yoast SEO plugin v27.0 - https:\/\/yoast.com\/product\/yoast-seo-wordpress\/ -->\n<title>Qui sommes-nous ? - Alliance Fran\u00e7aise de Set\u00fabal<\/title>\n<meta name=\"description\" content=\"Qui sommes-nous ? Depuis 1981, l\u2019Alliance fran\u00e7aise de Set\u00fabal est une pr\u00e9sence et une r\u00e9f\u00e9rence dans l\u2019enseignement du fran\u00e7ais dans la ville de Set\u00fabal et sa r\u00e9gion. Notre mission : Enseignement du fran\u00e7ais et divulgation de la culture fran\u00e7aise et des diff\u00e9rentes cultures francophones.\" \/>\n<meta name=\"robots\" content=\"index, follow, max-snippet:-1, max-image-preview:large, max-video-preview:-1\" \/>\n<link rel=\"canonical\" href=\"https:\/\/www.alliancefr.pt\/setubal\/fr\/qui-sommes-nous\/\" \/>\n<meta property=\"og:locale\" content=\"fr_FR\" \/>\n<meta property=\"og:type\" content=\"article\" \/>\n<meta property=\"og:title\" content=\"Qui sommes-nous ? - Alliance Fran\u00e7aise de Set\u00fabal\" \/>\n<meta property=\"og:description\" content=\"Qui sommes-nous ? Depuis 1981, l\u2019Alliance fran\u00e7aise de Set\u00fabal est une pr\u00e9sence et une r\u00e9f\u00e9rence dans l\u2019enseignement du fran\u00e7ais dans la ville de Set\u00fabal et sa r\u00e9gion. Notre mission : Enseignement du fran\u00e7ais et divulgation de la culture fran\u00e7aise et des diff\u00e9rentes cultures francophones.\" \/>\n<meta property=\"og:url\" content=\"https:\/\/www.alliancefr.pt\/setubal\/fr\/qui-sommes-nous\/\" \/>\n<meta property=\"og:site_name\" content=\"Alliance Fran\u00e7aise Set\u00fabal\" \/>\n<meta property=\"article:modified_time\" content=\"2018-07-09T10:30:07+00:00\" \/>\n<meta name=\"twitter:card\" content=\"summary_large_image\" \/>\n<meta name=\"twitter:label1\" content=\"Dur\u00e9e de lecture estim\u00e9e\" \/>\n\t<meta name=\"twitter:data1\" content=\"9 minutes\" \/>\n<script type=\"application\/ld+json\" class=\"yoast-schema-graph\">{\"@context\":\"https:\/\/schema.org\",\"@graph\":[{\"@type\":\"WebPage\",\"@id\":\"https:\/\/www.alliancefr.pt\/setubal\/fr\/qui-sommes-nous\/\",\"url\":\"https:\/\/www.alliancefr.pt\/setubal\/fr\/qui-sommes-nous\/\",\"name\":\"Qui sommes-nous ? - Alliance Fran\u00e7aise de Set\u00fabal\",\"isPartOf\":{\"@id\":\"https:\/\/www.alliancefr.pt\/setubal\/#website\"},\"datePublished\":\"2017-12-05T14:46:27+00:00\",\"dateModified\":\"2018-07-09T10:30:07+00:00\",\"description\":\"Qui sommes-nous ? Depuis 1981, l\u2019Alliance fran\u00e7aise de Set\u00fabal est une pr\u00e9sence et une r\u00e9f\u00e9rence dans l\u2019enseignement du fran\u00e7ais dans la ville de Set\u00fabal et sa r\u00e9gion. Notre mission : Enseignement du fran\u00e7ais et divulgation de la culture fran\u00e7aise et des diff\u00e9rentes cultures francophones.\",\"breadcrumb\":{\"@id\":\"https:\/\/www.alliancefr.pt\/setubal\/fr\/qui-sommes-nous\/#breadcrumb\"},\"inLanguage\":\"fr-FR\",\"potentialAction\":[{\"@type\":\"ReadAction\",\"target\":[\"https:\/\/www.alliancefr.pt\/setubal\/fr\/qui-sommes-nous\/\"]}]},{\"@type\":\"BreadcrumbList\",\"@id\":\"https:\/\/www.alliancefr.pt\/setubal\/fr\/qui-sommes-nous\/#breadcrumb\",\"itemListElement\":[{\"@type\":\"ListItem\",\"position\":1,\"name\":\"In\u00edcio\",\"item\":\"https:\/\/www.alliancefr.pt\/setubal\/fr\/\"},{\"@type\":\"ListItem\",\"position\":2,\"name\":\"Qui sommes-nous ?\"}]},{\"@type\":\"WebSite\",\"@id\":\"https:\/\/www.alliancefr.pt\/setubal\/#website\",\"url\":\"https:\/\/www.alliancefr.pt\/setubal\/\",\"name\":\"Alliance Fran\u00e7aise Set\u00fabal\",\"description\":\"Alliances Fran\u00e7aises de Lisbonne\",\"potentialAction\":[{\"@type\":\"SearchAction\",\"target\":{\"@type\":\"EntryPoint\",\"urlTemplate\":\"https:\/\/www.alliancefr.pt\/setubal\/?s={search_term_string}\"},\"query-input\":{\"@type\":\"PropertyValueSpecification\",\"valueRequired\":true,\"valueName\":\"search_term_string\"}}],\"inLanguage\":\"fr-FR\"}]}<\/script>\n<!-- \/ Yoast SEO plugin. -->","yoast_head_json":{"title":"Qui sommes-nous ? - Alliance Fran\u00e7aise de Set\u00fabal","description":"Qui sommes-nous ? Depuis 1981, l\u2019Alliance fran\u00e7aise de Set\u00fabal est une pr\u00e9sence et une r\u00e9f\u00e9rence dans l\u2019enseignement du fran\u00e7ais dans la ville de Set\u00fabal et sa r\u00e9gion. Notre mission : Enseignement du fran\u00e7ais et divulgation de la culture fran\u00e7aise et des diff\u00e9rentes cultures francophones.","robots":{"index":"index","follow":"follow","max-snippet":"max-snippet:-1","max-image-preview":"max-image-preview:large","max-video-preview":"max-video-preview:-1"},"canonical":"https:\/\/www.alliancefr.pt\/setubal\/fr\/qui-sommes-nous\/","og_locale":"fr_FR","og_type":"article","og_title":"Qui sommes-nous ? - Alliance Fran\u00e7aise de Set\u00fabal","og_description":"Qui sommes-nous ? Depuis 1981, l\u2019Alliance fran\u00e7aise de Set\u00fabal est une pr\u00e9sence et une r\u00e9f\u00e9rence dans l\u2019enseignement du fran\u00e7ais dans la ville de Set\u00fabal et sa r\u00e9gion. Notre mission : Enseignement du fran\u00e7ais et divulgation de la culture fran\u00e7aise et des diff\u00e9rentes cultures francophones.","og_url":"https:\/\/www.alliancefr.pt\/setubal\/fr\/qui-sommes-nous\/","og_site_name":"Alliance Fran\u00e7aise Set\u00fabal","article_modified_time":"2018-07-09T10:30:07+00:00","twitter_card":"summary_large_image","twitter_misc":{"Dur\u00e9e de lecture estim\u00e9e":"9 minutes"},"schema":{"@context":"https:\/\/schema.org","@graph":[{"@type":"WebPage","@id":"https:\/\/www.alliancefr.pt\/setubal\/fr\/qui-sommes-nous\/","url":"https:\/\/www.alliancefr.pt\/setubal\/fr\/qui-sommes-nous\/","name":"Qui sommes-nous ? - Alliance Fran\u00e7aise de Set\u00fabal","isPartOf":{"@id":"https:\/\/www.alliancefr.pt\/setubal\/#website"},"datePublished":"2017-12-05T14:46:27+00:00","dateModified":"2018-07-09T10:30:07+00:00","description":"Qui sommes-nous ? Depuis 1981, l\u2019Alliance fran\u00e7aise de Set\u00fabal est une pr\u00e9sence et une r\u00e9f\u00e9rence dans l\u2019enseignement du fran\u00e7ais dans la ville de Set\u00fabal et sa r\u00e9gion. Notre mission : Enseignement du fran\u00e7ais et divulgation de la culture fran\u00e7aise et des diff\u00e9rentes cultures francophones.","breadcrumb":{"@id":"https:\/\/www.alliancefr.pt\/setubal\/fr\/qui-sommes-nous\/#breadcrumb"},"inLanguage":"fr-FR","potentialAction":[{"@type":"ReadAction","target":["https:\/\/www.alliancefr.pt\/setubal\/fr\/qui-sommes-nous\/"]}]},{"@type":"BreadcrumbList","@id":"https:\/\/www.alliancefr.pt\/setubal\/fr\/qui-sommes-nous\/#breadcrumb","itemListElement":[{"@type":"ListItem","position":1,"name":"In\u00edcio","item":"https:\/\/www.alliancefr.pt\/setubal\/fr\/"},{"@type":"ListItem","position":2,"name":"Qui sommes-nous ?"}]},{"@type":"WebSite","@id":"https:\/\/www.alliancefr.pt\/setubal\/#website","url":"https:\/\/www.alliancefr.pt\/setubal\/","name":"Alliance Fran\u00e7aise Set\u00fabal","description":"Alliances Fran\u00e7aises de Lisbonne","potentialAction":[{"@type":"SearchAction","target":{"@type":"EntryPoint","urlTemplate":"https:\/\/www.alliancefr.pt\/setubal\/?s={search_term_string}"},"query-input":{"@type":"PropertyValueSpecification","valueRequired":true,"valueName":"search_term_string"}}],"inLanguage":"fr-FR"}]}},"_links":{"self":[{"href":"https:\/\/www.alliancefr.pt\/setubal\/fr\/wp-json\/wp\/v2\/pages\/3477","targetHints":{"allow":["GET"]}}],"collection":[{"href":"https:\/\/www.alliancefr.pt\/setubal\/fr\/wp-json\/wp\/v2\/pages"}],"about":[{"href":"https:\/\/www.alliancefr.pt\/setubal\/fr\/wp-json\/wp\/v2\/types\/page"}],"author":[{"embeddable":true,"href":"https:\/\/www.alliancefr.pt\/setubal\/fr\/wp-json\/wp\/v2\/users\/1"}],"replies":[{"embeddable":true,"href":"https:\/\/www.alliancefr.pt\/setubal\/fr\/wp-json\/wp\/v2\/comments?post=3477"}],"version-history":[{"count":6,"href":"https:\/\/www.alliancefr.pt\/setubal\/fr\/wp-json\/wp\/v2\/pages\/3477\/revisions"}],"predecessor-version":[{"id":5079,"href":"https:\/\/www.alliancefr.pt\/setubal\/fr\/wp-json\/wp\/v2\/pages\/3477\/revisions\/5079"}],"wp:attachment":[{"href":"https:\/\/www.alliancefr.pt\/setubal\/fr\/wp-json\/wp\/v2\/media?parent=3477"}],"curies":[{"name":"wp","href":"https:\/\/api.w.org\/{rel}","templated":true}]}}