{"id":3011,"date":"2017-11-23T15:59:07","date_gmt":"2017-11-23T15:59:07","guid":{"rendered":"https:\/\/www.alliancefr.pt\/setubal\/?page_id=3011"},"modified":"2018-01-04T16:31:48","modified_gmt":"2018-01-04T16:31:48","slug":"sejours-linguistiques","status":"publish","type":"page","link":"https:\/\/www.alliancefr.pt\/setubal\/fr\/sejours-linguistiques\/","title":{"rendered":"S\u00e9jours linguistiques"},"content":{"rendered":"<p>[et_pb_section bb_built=&#8221;1&#8243; _builder_version=&#8221;3.0.59&#8243;][et_pb_row _builder_version=&#8221;3.0.59&#8243; background_position_1=&#8221;top_left&#8221; background_repeat_1=&#8221;no-repeat&#8221; module_class=&#8221;bem-vindo-bloc&#8221;][et_pb_column type=&#8221;4_4&#8243;][et_pb_text admin_label=&#8221;Titulo&#8221; _builder_version=&#8221;3.0.59&#8243; background_layout=&#8221;light&#8221; text_orientation=&#8221;center&#8221; border_style=&#8221;solid&#8221; custom_padding=&#8221;|10%||10%&#8221; module_class=&#8221;titlebloc-1&#8243; header_font=&#8221;|||on|&#8221;]<\/p>\n<h2 style=\"text-align: center;\">Pr\u00eat \u00e0 voyager ?<\/h2>\n<p>[\/et_pb_text][et_pb_text admin_label=&#8221;Sob Titulo&#8221; _builder_version=&#8221;3.0.59&#8243; background_layout=&#8221;light&#8221; text_orientation=&#8221;center&#8221; text_font=&#8221;Roboto|||on|&#8221; text_font_size=&#8221;16&#8243; text_text_color=&#8221;#333333&#8243; border_style=&#8221;solid&#8221; custom_padding=&#8221;|10%||10%&#8221;]<\/p>\n<p style=\"text-align: center;\"><span lang=\"PT\">Rien de tel que d\u2019apprendre une langue dans le pays o\u00f9 elle est parl\u00e9e.<br \/>\nVoyagez en toute s\u00e9curit\u00e9 et autrement, en d\u00e9couvrant de nouvelles personnes et de nouveaux lieux.<\/span><\/p>\n<p>[\/et_pb_text][et_pb_text admin_label=&#8221;Texto descri\u00e7\u00e3o&#8221; _builder_version=&#8221;3.0.59&#8243; background_layout=&#8221;light&#8221; text_orientation=&#8221;center&#8221; border_style=&#8221;solid&#8221; module_class=&#8221;titlebloc-1&#8243; saved_tabs=&#8221;all&#8221; custom_padding=&#8221;|10%||10%&#8221;]<\/p>\n<p style=\"text-align: center;\">\u00c0 une \u00e9poque de grands changements, o\u00f9 la formation et la mobilit\u00e9 sont devenues essentielles, l\u2019apprentissage du fran\u00e7ais est une porte ouverte vers de nouveaux horizons professionnels et une dynamique d\u2019acc\u00e8s \u00e0 un monde o\u00f9 les \u00e9changes internationaux et interculturels ne cessent de cro\u00eetre.<\/p>\n<p>[\/et_pb_text][\/et_pb_column][\/et_pb_row][\/et_pb_section][et_pb_section bb_built=&#8221;1&#8243; _builder_version=&#8221;3.0.59&#8243; background_image=&#8221;https:\/\/www.alliancefr.pt\/setubal\/wp-content\/uploads\/sites\/7\/2017\/10\/bg-triangular-gris-2-1.jpg&#8221; module_class=&#8221;contact-blurb&#8221; custom_padding=&#8221;0px|||&#8221;][et_pb_row _builder_version=&#8221;3.0.59&#8243; background_position_1=&#8221;top_left&#8221; background_repeat_1=&#8221;no-repeat&#8221; module_class=&#8221;bem-vindo-bloc&#8221; custom_padding=&#8221;||40px|&#8221;][et_pb_column type=&#8221;4_4&#8243;][et_pb_estadias_carousel_lino _builder_version=&#8221;3.0.59&#8243; title=&#8221;Fran\u00e7ais toute l\u2019ann\u00e9e&#8221; subtitle=&#8221;Ces programmes pour adultes et adolescents offrent l\u2019exp\u00e9rience et le savoir-faire des Alliances fran\u00e7aises, tout au long de l\u2019ann\u00e9e, vers plusieurs destinations et jusqu\u2019\u00e0 26 heures de cours par semaine, assur\u00e9s par des professeurs natifs et qualifi\u00e9s. Saisissez cette occasion d\u2019am\u00e9liorer votre fran\u00e7ais !&#8221; include_categories=&#8221;27&#8243; show_thumbnail=&#8221;on&#8221; show_author=&#8221;off&#8221; show_date=&#8221;off&#8221; show_categories=&#8221;off&#8221; header_font_size_tablet=&#8221;51&#8243; header_line_height_tablet=&#8221;2&#8243; body_font_size_tablet=&#8221;51&#8243; body_line_height_tablet=&#8221;2&#8243; saved_tabs=&#8221;all&#8221; \/][et_pb_button _builder_version=&#8221;3.0.59&#8243; button_text=&#8221;Tous les s\u00e9jours pour adultes et adolescents&#8221; button_url=&#8221;https:\/\/www.alliancefr.pt\/setubal\/fr\/estadia-categoria\/francais-toute-lannee\/&#8221; url_new_window=&#8221;off&#8221; button_alignment=&#8221;center&#8221; background_layout=&#8221;light&#8221; custom_button=&#8221;off&#8221; button_border_width=&#8221;0&#8243; button_border_radius=&#8221;0&#8243; button_letter_spacing=&#8221;0&#8243; button_icon_placement=&#8221;right&#8221; button_border_radius_hover=&#8221;0&#8243; button_letter_spacing_hover=&#8221;0&#8243; \/][\/et_pb_column][\/et_pb_row][et_pb_row _builder_version=&#8221;3.0.59&#8243; background_position_1=&#8221;top_left&#8221; background_repeat_1=&#8221;no-repeat&#8221; custom_padding=&#8221;||0px|&#8221; custom_margin=&#8221;||0px|&#8221;][et_pb_column type=&#8221;4_4&#8243;][et_pb_divider _builder_version=&#8221;3.0.59&#8243; show_divider=&#8221;on&#8221; divider_style=&#8221;solid&#8221; divider_position=&#8221;top&#8221; divider_weight=&#8221;3&#8243; hide_on_mobile=&#8221;on&#8221; \/][\/et_pb_column][\/et_pb_row][et_pb_row _builder_version=&#8221;3.0.59&#8243; background_position_1=&#8221;top_left&#8221; background_repeat_1=&#8221;no-repeat&#8221; module_class=&#8221;bem-vindo-bloc&#8221; custom_padding=&#8221;0px||40px|&#8221;][et_pb_column type=&#8221;4_4&#8243;][et_pb_estadias_carousel_lino _builder_version=&#8221;3.0.59&#8243; title=&#8221;\u00c9t\u00e9 Juniors&#8221; subtitle=&#8221;Ces programmes linguistiques sont assur\u00e9s par des professeurs natifs, qualifi\u00e9s et sp\u00e9cialis\u00e9s dans l\u2019enseignement pour les jeunes. Pendant tout le s\u00e9jour, des moniteurs dipl\u00f4m\u00e9s encadrent les jeunes et veillent \u00e0 leur bien-\u00eatre.&#8221; include_categories=&#8221;28&#8243; show_thumbnail=&#8221;on&#8221; show_author=&#8221;off&#8221; show_date=&#8221;off&#8221; show_categories=&#8221;off&#8221; header_font_size_tablet=&#8221;51&#8243; header_line_height_tablet=&#8221;2&#8243; body_font_size_tablet=&#8221;51&#8243; body_line_height_tablet=&#8221;2&#8243; saved_tabs=&#8221;all&#8221; \/][et_pb_button _builder_version=&#8221;3.0.59&#8243; button_text=&#8221;Tous les s\u00e9jours pour les jeunes&#8221; button_url=&#8221;https:\/\/www.alliancefr.pt\/setubal\/fr\/estadia-categoria\/ete-juniors\/&#8221; url_new_window=&#8221;off&#8221; button_alignment=&#8221;center&#8221; background_layout=&#8221;light&#8221; custom_button=&#8221;off&#8221; button_border_width=&#8221;0&#8243; button_border_radius=&#8221;0&#8243; button_letter_spacing=&#8221;0&#8243; button_icon_placement=&#8221;right&#8221; button_border_radius_hover=&#8221;0&#8243; button_letter_spacing_hover=&#8221;0&#8243; \/][\/et_pb_column][\/et_pb_row][\/et_pb_section][et_pb_section bb_built=&#8221;1&#8243; fullwidth=&#8221;off&#8221; specialty=&#8221;off&#8221; _builder_version=&#8221;3.0.59&#8243; custom_padding=&#8221;0px||0px|&#8221;][et_pb_row _builder_version=&#8221;3.0.59&#8243; background_position_1=&#8221;top_left&#8221; background_repeat_1=&#8221;no-repeat&#8221; make_fullwidth=&#8221;on&#8221; custom_margin=&#8221;0px|0px|0px|0px&#8221; custom_padding=&#8221;0px|0px|0px|0px&#8221; background_position=&#8221;top_left&#8221; background_repeat=&#8221;repeat&#8221; background_size=&#8221;initial&#8221;][et_pb_column type=&#8221;4_4&#8243;][et_pb_map_lino admin_label=&#8221;Map Estadias&#8221; _builder_version=&#8221;3.0.59&#8243; address=&#8221;France&#8221; pin_url=&#8221;https:\/\/www.alliancefr.pt\/setubal\/wp-content\/uploads\/sites\/7\/2017\/11\/marker-3.png&#8221; custom_style=&#8221;%91 { %22elementType%22: %22geometry%22, %22stylers%22: %91 { %22color%22: %22#f5f5f5%22 } %93 }, { %22elementType%22: %22labels.icon%22, %22stylers%22: %91 { %22visibility%22: %22off%22 } %93 }, { %22elementType%22: %22labels.text.fill%22, %22stylers%22: %91 { %22color%22: %22#616161%22 } %93 }, { %22elementType%22: %22labels.text.stroke%22, %22stylers%22: %91 { %22color%22: %22#f5f5f5%22 } %93 }, { %22featureType%22: %22administrative.land_parcel%22, %22elementType%22: %22labels.text.fill%22, %22stylers%22: %91 { %22color%22: %22#bdbdbd%22 } %93 }, { %22featureType%22: %22poi%22, %22elementType%22: %22geometry%22, %22stylers%22: %91 { %22color%22: %22#eeeeee%22 } %93 }, { %22featureType%22: %22poi%22, %22elementType%22: %22labels.text.fill%22, %22stylers%22: %91 { %22color%22: %22#757575%22 } %93 }, { %22featureType%22: %22poi.park%22, %22elementType%22: %22geometry%22, %22stylers%22: %91 { %22color%22: %22#e5e5e5%22 } %93 }, { %22featureType%22: %22poi.park%22, %22elementType%22: %22labels.text.fill%22, %22stylers%22: %91 { %22color%22: %22#9e9e9e%22 } %93 }, { %22featureType%22: %22road%22, %22elementType%22: %22geometry%22, %22stylers%22: %91 { %22color%22: %22#ffffff%22 } %93 }, { %22featureType%22: %22road.arterial%22, %22elementType%22: %22labels.text.fill%22, %22stylers%22: %91 { %22color%22: %22#757575%22 } %93 }, { %22featureType%22: %22road.highway%22, %22elementType%22: %22geometry%22, %22stylers%22: %91 { %22color%22: %22#dadada%22 } %93 }, { %22featureType%22: %22road.highway%22, %22elementType%22: %22labels.text.fill%22, %22stylers%22: %91 { %22color%22: %22#616161%22 } %93 }, { %22featureType%22: %22road.local%22, %22elementType%22: %22labels.text.fill%22, %22stylers%22: %91 { %22color%22: %22#9e9e9e%22 } %93 }, { %22featureType%22: %22transit.line%22, %22elementType%22: %22geometry%22, %22stylers%22: %91 { %22color%22: %22#e5e5e5%22 } %93 }, { %22featureType%22: %22transit.station%22, %22elementType%22: %22geometry%22, %22stylers%22: %91 { %22color%22: %22#eeeeee%22 } %93 }, { %22featureType%22: %22water%22, %22elementType%22: %22geometry%22, %22stylers%22: %91 { %22color%22: %22#c9c9c9%22 } %93 }, { %22featureType%22: %22water%22, %22elementType%22: %22labels.text.fill%22, %22stylers%22: %91 { %22color%22: %22#9e9e9e%22 } %93 } %93&#8243; address_lat=&#8221;46.227638&#8243; address_lng=&#8221;2.213749000000007&#8243; mouse_wheel=&#8221;on&#8221; mobile_dragging=&#8221;on&#8221; use_grayscale_filter=&#8221;off&#8221; grayscale_filter_amount=&#8221;0&#8243; zoom_level=&#8221;5&#8243;] [et_pb_map_pin_lino title=&#8221;Bordeaux&#8221; pin_address=&#8221;Rue Abb\u00e9 de l&#8217;\u00c9p\u00e9e, 33000 Bordeaux, France&#8221; pin_address_lat=&#8221;44.844019&#8243; pin_address_lng=&#8221;-0.5835382999999865&#8243;]<\/p>\n<p>D\u00e8s l&#8217;\u00e2ge de 16 ans, \u00e0 partir de 537 \u20ac<a href=\"https:\/\/www.alliancefr.pt\/setubal\/fr\/voyage\/bordeaux\/\"><br \/>\n<strong>En savoir plus<\/strong><\/a><\/p>\n<p>[\/et_pb_map_pin_lino][et_pb_map_pin_lino title=&#8221;Lyon&#8221; pin_address=&#8221;Rue Pierre Bourdan, 69003 Lyon, France&#8221; pin_address_lat=&#8221;45.75754240000001&#8243; pin_address_lng=&#8221;4.844100000000026&#8243;]<\/p>\n<p>D\u00e8s l&#8217;\u00e2ge de 18 ans, \u00e0 partir de 661 \u20ac<br \/>\n<a href=\"https:\/\/www.alliancefr.pt\/setubal\/fr\/voyage\/lyon\/\"><strong>En savoir plus<\/strong><\/a><\/p>\n<p>[\/et_pb_map_pin_lino][et_pb_map_pin_lino title=&#8221;Marseille&#8221; pin_address=&#8221;Rue Paradis, Marseille, France&#8221; pin_address_lat=&#8221;43.275394&#8243; pin_address_lng=&#8221;5.384368600000016&#8243;]<\/p>\n<p>D\u00e8s l&#8217;\u00e2ge de 16 ans, \u00e0 partir de 512 \u20ac<a href=\"https:\/\/www.alliancefr.pt\/setubal\/fr\/voyage\/marseille\/\"><strong><br \/>\nEn savoir plus<\/strong><\/a><\/p>\n<p>[\/et_pb_map_pin_lino][et_pb_map_pin_lino title=&#8221;Nice&#8221; pin_address=&#8221;Rue de Paris, 06000 Nice, France&#8221; pin_address_lat=&#8221;43.704921&#8243; pin_address_lng=&#8221;7.267986999999948&#8243;]<\/p>\n<p>D\u00e8s l&#8217;\u00e2ge de 16 ans, \u00e0 partir de 864 \u20ac<br \/>\n<a href=\"https:\/\/www.alliancefr.pt\/setubal\/fr\/voyage\/nice\/\"><strong>En savoir plus<\/strong><\/a><\/p>\n<p>[\/et_pb_map_pin_lino][et_pb_map_pin_lino title=&#8221;Paris&#8221; pin_address=&#8221;Boulevard Raspail, Paris, France&#8221; pin_address_lat=&#8221;48.84809670000001&#8243; pin_address_lng=&#8221;2.3279344999999694&#8243;]<\/p>\n<p>D\u00e8s l&#8217;\u00e2ge de 16 ans, \u00e0 partir de 530 \u20ac<br \/>\n<a href=\"https:\/\/www.alliancefr.pt\/setubal\/fr\/voyage\/paris\/\"><strong>En savoir plus<\/strong><\/a><\/p>\n<p>[\/et_pb_map_pin_lino][et_pb_map_pin_lino title=&#8221;Rouen&#8221; pin_address=&#8221;Boulevard de l&#8217;Yser, 76000 Rouen, France&#8221; pin_address_lat=&#8221;49.447696&#8243; pin_address_lng=&#8221;1.1020608000000038&#8243;]<\/p>\n<p>D\u00e8s l&#8217;\u00e2ge de 16 ans, \u00e0 partir de 627 \u20ac<br \/>\n<a href=\"https:\/\/www.alliancefr.pt\/setubal\/fr\/voyage\/rouen\/\"><strong>En savoir plus<\/strong><\/a><\/p>\n<p>[\/et_pb_map_pin_lino][et_pb_map_pin_lino title=&#8221;Strasbourg&#8221; pin_address=&#8221;Rue Sainte-Marguerite, 67000 Strasbourg, France&#8221; pin_address_lat=&#8221;48.5813068&#8243; pin_address_lng=&#8221;7.7362101999999595&#8243;]<\/p>\n<p>D\u00e8s l&#8217;\u00e2ge de 18 ans, \u00e0 partir de 556 \u20ac<br \/>\n<a href=\"https:\/\/www.alliancefr.pt\/setubal\/fr\/voyage\/strasbourg\/\"><strong>En savoir plus<\/strong><\/a><\/p>\n<p>[\/et_pb_map_pin_lino][et_pb_map_pin_lino title=&#8221;Toulouse&#8221; pin_address=&#8221;31000 Toulouse, France&#8221; pin_address_lat=&#8221;43.6043896&#8243; pin_address_lng=&#8221;1.4433718000000226&#8243;]<\/p>\n<p>D\u00e8s l&#8217;\u00e2ge de 16 ans, \u00e0 partir de 696 \u20ac<br \/>\n<a href=\"https:\/\/www.alliancefr.pt\/setubal\/fr\/voyage\/toulouse\/\"><strong>En savoir plus<\/strong><\/a><\/p>\n<p>[\/et_pb_map_pin_lino][et_pb_map_pin_lino title=&#8221;Royan&#8221; pin_address=&#8221;Boulevard Franck Lamy, 17200 Royan, France&#8221; pin_address_lat=&#8221;45.62794419999999&#8243; pin_address_lng=&#8221;-1.0160849000000098&#8243;]<\/p>\n<p>D\u00e8s l&#8217;\u00e2ge de 18 ans, \u00e0 partir de 792 \u20ac<br \/>\n<a href=\"https:\/\/www.alliancefr.pt\/setubal\/fr\/voyage\/royan\/\"><strong>En savoir plus<\/strong><\/a><\/p>\n<p>[\/et_pb_map_pin_lino][et_pb_map_pin_lino title=&#8221;Vichy&#8221; pin_address=&#8221;Avenue des C\u00e9lestins, 03200 Vichy, France&#8221; pin_address_lat=&#8221;46.1225319&#8243; pin_address_lng=&#8221;3.4280045000000428&#8243;]<\/p>\n<p>D\u00e8s l&#8217;\u00e2ge de 12 ans, \u00e0 partir de 477 \u20ac<br \/>\n<a href=\"https:\/\/www.alliancefr.pt\/setubal\/fr\/voyage\/vichy\/\"><strong>En savoir plus<\/strong><\/a><\/p>\n<p>[\/et_pb_map_pin_lino] [\/et_pb_map_lino][\/et_pb_column][\/et_pb_row][\/et_pb_section][et_pb_section bb_built=&#8221;1&#8243; fullwidth=&#8221;off&#8221; specialty=&#8221;off&#8221; _builder_version=&#8221;3.0.59&#8243; background_color=&#8221;#ededed&#8221;][et_pb_row _builder_version=&#8221;3.0.59&#8243; background_position_1=&#8221;top_left&#8221; background_repeat_1=&#8221;no-repeat&#8221; background_position_2=&#8221;top_left&#8221; background_repeat_2=&#8221;no-repeat&#8221; padding_top_2=&#8221;30px&#8221;][et_pb_column type=&#8221;4_4&#8243;][et_pb_testimonial_lino _builder_version=&#8221;3.0.59&#8243; title=&#8221;TESTEMUNHOS&#8221; include_categories=&#8221;39&#8243; show_thumbnail=&#8221;on&#8221; show_author=&#8221;on&#8221; show_date=&#8221;on&#8221; show_categories=&#8221;on&#8221; header_font_size_tablet=&#8221;51&#8243; header_line_height_tablet=&#8221;2&#8243; body_font_size_tablet=&#8221;51&#8243; body_line_height_tablet=&#8221;2&#8243; \/][\/et_pb_column][\/et_pb_row][\/et_pb_section]<\/p>\n","protected":false},"excerpt":{"rendered":"<p>Pr\u00eat \u00e0 voyager ? Rien de tel que d\u2019apprendre une langue dans le pays o\u00f9 elle est parl\u00e9e. Voyagez en toute s\u00e9curit\u00e9 et autrement, en d\u00e9couvrant de nouvelles personnes et de nouveaux lieux. \u00c0 une \u00e9poque de grands changements, o\u00f9 la formation et la mobilit\u00e9 sont devenues essentielles, l\u2019apprentissage du fran\u00e7ais est une porte ouverte [&hellip;]<\/p>\n","protected":false},"author":1,"featured_media":0,"parent":0,"menu_order":0,"comment_status":"closed","ping_status":"closed","template":"","meta":{"_acf_changed":false,"_et_pb_use_builder":"on","_et_pb_old_content":"","_et_gb_content_width":"","_exactmetrics_skip_tracking":false,"_exactmetrics_sitenote_active":false,"_exactmetrics_sitenote_note":"","_exactmetrics_sitenote_category":0,"footnotes":""},"class_list":["post-3011","page","type-page","status-publish","hentry"],"acf":[],"yoast_head":"<!-- This site is optimized with the Yoast SEO plugin v27.0 - https:\/\/yoast.com\/product\/yoast-seo-wordpress\/ -->\n<title>S\u00e9jours linguistiques - Alliance Fran\u00e7aise Set\u00fabal<\/title>\n<meta name=\"robots\" content=\"index, follow, max-snippet:-1, max-image-preview:large, max-video-preview:-1\" \/>\n<link rel=\"canonical\" href=\"https:\/\/www.alliancefr.pt\/setubal\/fr\/sejours-linguistiques\/\" \/>\n<meta property=\"og:locale\" content=\"fr_FR\" \/>\n<meta property=\"og:type\" content=\"article\" \/>\n<meta property=\"og:title\" content=\"S\u00e9jours linguistiques - Alliance Fran\u00e7aise Set\u00fabal\" \/>\n<meta property=\"og:description\" content=\"Pr\u00eat \u00e0 voyager ? Rien de tel que d\u2019apprendre une langue dans le pays o\u00f9 elle est parl\u00e9e. Voyagez en toute s\u00e9curit\u00e9 et autrement, en d\u00e9couvrant de nouvelles personnes et de nouveaux lieux. \u00c0 une \u00e9poque de grands changements, o\u00f9 la formation et la mobilit\u00e9 sont devenues essentielles, l\u2019apprentissage du fran\u00e7ais est une porte ouverte [&hellip;]\" \/>\n<meta property=\"og:url\" content=\"https:\/\/www.alliancefr.pt\/setubal\/fr\/sejours-linguistiques\/\" \/>\n<meta property=\"og:site_name\" content=\"Alliance Fran\u00e7aise Set\u00fabal\" \/>\n<meta property=\"article:modified_time\" content=\"2018-01-04T16:31:48+00:00\" \/>\n<meta name=\"twitter:card\" content=\"summary_large_image\" \/>\n<meta name=\"twitter:label1\" content=\"Dur\u00e9e de lecture estim\u00e9e\" \/>\n\t<meta name=\"twitter:data1\" content=\"7 minutes\" \/>\n<script type=\"application\/ld+json\" class=\"yoast-schema-graph\">{\"@context\":\"https:\/\/schema.org\",\"@graph\":[{\"@type\":\"WebPage\",\"@id\":\"https:\/\/www.alliancefr.pt\/setubal\/fr\/sejours-linguistiques\/\",\"url\":\"https:\/\/www.alliancefr.pt\/setubal\/fr\/sejours-linguistiques\/\",\"name\":\"S\u00e9jours linguistiques - Alliance Fran\u00e7aise Set\u00fabal\",\"isPartOf\":{\"@id\":\"https:\/\/www.alliancefr.pt\/setubal\/#website\"},\"datePublished\":\"2017-11-23T15:59:07+00:00\",\"dateModified\":\"2018-01-04T16:31:48+00:00\",\"breadcrumb\":{\"@id\":\"https:\/\/www.alliancefr.pt\/setubal\/fr\/sejours-linguistiques\/#breadcrumb\"},\"inLanguage\":\"fr-FR\",\"potentialAction\":[{\"@type\":\"ReadAction\",\"target\":[\"https:\/\/www.alliancefr.pt\/setubal\/fr\/sejours-linguistiques\/\"]}]},{\"@type\":\"BreadcrumbList\",\"@id\":\"https:\/\/www.alliancefr.pt\/setubal\/fr\/sejours-linguistiques\/#breadcrumb\",\"itemListElement\":[{\"@type\":\"ListItem\",\"position\":1,\"name\":\"In\u00edcio\",\"item\":\"https:\/\/www.alliancefr.pt\/setubal\/fr\/\"},{\"@type\":\"ListItem\",\"position\":2,\"name\":\"S\u00e9jours linguistiques\"}]},{\"@type\":\"WebSite\",\"@id\":\"https:\/\/www.alliancefr.pt\/setubal\/#website\",\"url\":\"https:\/\/www.alliancefr.pt\/setubal\/\",\"name\":\"Alliance Fran\u00e7aise Set\u00fabal\",\"description\":\"Alliances Fran\u00e7aises de Lisbonne\",\"potentialAction\":[{\"@type\":\"SearchAction\",\"target\":{\"@type\":\"EntryPoint\",\"urlTemplate\":\"https:\/\/www.alliancefr.pt\/setubal\/?s={search_term_string}\"},\"query-input\":{\"@type\":\"PropertyValueSpecification\",\"valueRequired\":true,\"valueName\":\"search_term_string\"}}],\"inLanguage\":\"fr-FR\"}]}<\/script>\n<!-- \/ Yoast SEO plugin. -->","yoast_head_json":{"title":"S\u00e9jours linguistiques - Alliance Fran\u00e7aise Set\u00fabal","robots":{"index":"index","follow":"follow","max-snippet":"max-snippet:-1","max-image-preview":"max-image-preview:large","max-video-preview":"max-video-preview:-1"},"canonical":"https:\/\/www.alliancefr.pt\/setubal\/fr\/sejours-linguistiques\/","og_locale":"fr_FR","og_type":"article","og_title":"S\u00e9jours linguistiques - Alliance Fran\u00e7aise Set\u00fabal","og_description":"Pr\u00eat \u00e0 voyager ? Rien de tel que d\u2019apprendre une langue dans le pays o\u00f9 elle est parl\u00e9e. Voyagez en toute s\u00e9curit\u00e9 et autrement, en d\u00e9couvrant de nouvelles personnes et de nouveaux lieux. \u00c0 une \u00e9poque de grands changements, o\u00f9 la formation et la mobilit\u00e9 sont devenues essentielles, l\u2019apprentissage du fran\u00e7ais est une porte ouverte [&hellip;]","og_url":"https:\/\/www.alliancefr.pt\/setubal\/fr\/sejours-linguistiques\/","og_site_name":"Alliance Fran\u00e7aise Set\u00fabal","article_modified_time":"2018-01-04T16:31:48+00:00","twitter_card":"summary_large_image","twitter_misc":{"Dur\u00e9e de lecture estim\u00e9e":"7 minutes"},"schema":{"@context":"https:\/\/schema.org","@graph":[{"@type":"WebPage","@id":"https:\/\/www.alliancefr.pt\/setubal\/fr\/sejours-linguistiques\/","url":"https:\/\/www.alliancefr.pt\/setubal\/fr\/sejours-linguistiques\/","name":"S\u00e9jours linguistiques - Alliance Fran\u00e7aise Set\u00fabal","isPartOf":{"@id":"https:\/\/www.alliancefr.pt\/setubal\/#website"},"datePublished":"2017-11-23T15:59:07+00:00","dateModified":"2018-01-04T16:31:48+00:00","breadcrumb":{"@id":"https:\/\/www.alliancefr.pt\/setubal\/fr\/sejours-linguistiques\/#breadcrumb"},"inLanguage":"fr-FR","potentialAction":[{"@type":"ReadAction","target":["https:\/\/www.alliancefr.pt\/setubal\/fr\/sejours-linguistiques\/"]}]},{"@type":"BreadcrumbList","@id":"https:\/\/www.alliancefr.pt\/setubal\/fr\/sejours-linguistiques\/#breadcrumb","itemListElement":[{"@type":"ListItem","position":1,"name":"In\u00edcio","item":"https:\/\/www.alliancefr.pt\/setubal\/fr\/"},{"@type":"ListItem","position":2,"name":"S\u00e9jours linguistiques"}]},{"@type":"WebSite","@id":"https:\/\/www.alliancefr.pt\/setubal\/#website","url":"https:\/\/www.alliancefr.pt\/setubal\/","name":"Alliance Fran\u00e7aise Set\u00fabal","description":"Alliances Fran\u00e7aises de Lisbonne","potentialAction":[{"@type":"SearchAction","target":{"@type":"EntryPoint","urlTemplate":"https:\/\/www.alliancefr.pt\/setubal\/?s={search_term_string}"},"query-input":{"@type":"PropertyValueSpecification","valueRequired":true,"valueName":"search_term_string"}}],"inLanguage":"fr-FR"}]}},"_links":{"self":[{"href":"https:\/\/www.alliancefr.pt\/setubal\/fr\/wp-json\/wp\/v2\/pages\/3011","targetHints":{"allow":["GET"]}}],"collection":[{"href":"https:\/\/www.alliancefr.pt\/setubal\/fr\/wp-json\/wp\/v2\/pages"}],"about":[{"href":"https:\/\/www.alliancefr.pt\/setubal\/fr\/wp-json\/wp\/v2\/types\/page"}],"author":[{"embeddable":true,"href":"https:\/\/www.alliancefr.pt\/setubal\/fr\/wp-json\/wp\/v2\/users\/1"}],"replies":[{"embeddable":true,"href":"https:\/\/www.alliancefr.pt\/setubal\/fr\/wp-json\/wp\/v2\/comments?post=3011"}],"version-history":[{"count":5,"href":"https:\/\/www.alliancefr.pt\/setubal\/fr\/wp-json\/wp\/v2\/pages\/3011\/revisions"}],"predecessor-version":[{"id":3834,"href":"https:\/\/www.alliancefr.pt\/setubal\/fr\/wp-json\/wp\/v2\/pages\/3011\/revisions\/3834"}],"wp:attachment":[{"href":"https:\/\/www.alliancefr.pt\/setubal\/fr\/wp-json\/wp\/v2\/media?parent=3011"}],"curies":[{"name":"wp","href":"https:\/\/api.w.org\/{rel}","templated":true}]}}