{"id":2984,"date":"2017-11-22T17:27:00","date_gmt":"2017-11-22T17:27:00","guid":{"rendered":"https:\/\/www.alliancefr.pt\/setubal\/?page_id=2984"},"modified":"2020-08-20T13:51:32","modified_gmt":"2020-08-20T13:51:32","slug":"nous-rejoindre","status":"publish","type":"page","link":"https:\/\/www.alliancefr.pt\/setubal\/fr\/qui-sommes-nous\/nous-rejoindre\/","title":{"rendered":"Nous rejoindre"},"content":{"rendered":"<p>[et_pb_section bb_built=&#8221;1&#8243; _builder_version=&#8221;3.0.59&#8243; background_image=&#8221;https:\/\/www.alliancefr.pt\/setubal\/wp-content\/uploads\/sites\/7\/2017\/09\/bg-triangular-gris-2-1.jpg&#8221;][et_pb_row _builder_version=&#8221;3.0.59&#8243; background_position_1=&#8221;top_left&#8221; background_repeat_1=&#8221;no-repeat&#8221; module_class=&#8221;bem-vindo-bloc&#8221; background_position=&#8221;top_left&#8221; background_repeat=&#8221;repeat&#8221; background_size=&#8221;initial&#8221;][et_pb_column type=&#8221;4_4&#8243;][et_pb_text admin_label=&#8221;Titulo&#8221; _builder_version=&#8221;3.0.59&#8243; background_layout=&#8221;light&#8221; text_orientation=&#8221;center&#8221; border_style=&#8221;solid&#8221; custom_padding=&#8221;|10%||10%&#8221; module_class=&#8221;titlebloc-1&#8243; header_font=&#8221;|||on|&#8221;]<\/p>\n<h2 style=\"text-align: center;\">Rejoignez notre \u00e9quipe<\/h2>\n<p>[\/et_pb_text][et_pb_text admin_label=&#8221;Texto descri\u00e7\u00e3o&#8221; _builder_version=&#8221;3.0.59&#8243; background_layout=&#8221;light&#8221; text_orientation=&#8221;center&#8221; border_style=&#8221;solid&#8221; custom_padding=&#8221;|10%||10%&#8221; module_class=&#8221;titlebloc-1&#8243;]<\/p>\n<p>L\u2019Alliance fran\u00e7aise de Lisbonne est une association \u00e0 but non lucratif cr\u00e9\u00e9e selon les statuts et les objectifs de l\u2019Alliance fran\u00e7aise fond\u00e9e \u00e0 Paris en 1883. Elle a pour mission de diffuser la langue fran\u00e7aise, de rassembler tous ceux qui souhaitent contribuer au d\u00e9veloppement de la connaissance et du go\u00fbt de la langue et de la pens\u00e9e fran\u00e7aises.<\/p>\n<p>Si vous vous identifiez \u00e0 notre mission et que vous ma\u00eetrisez la langue fran\u00e7aise, envoyez-nous votre candidature.<\/p>\n<p>[\/et_pb_text][\/et_pb_column][\/et_pb_row][\/et_pb_section][et_pb_section bb_built=&#8221;1&#8243; fullwidth=&#8221;off&#8221; specialty=&#8221;off&#8221; _builder_version=&#8221;3.0.59&#8243; background_image=&#8221;https:\/\/www.alliancefr.pt\/setubal\/wp-content\/uploads\/sites\/7\/2017\/08\/trabalha_connosco.jpg&#8221; parallax=&#8221;on&#8221;][et_pb_row _builder_version=&#8221;3.0.59&#8243; background_position_1=&#8221;top_left&#8221; background_repeat_1=&#8221;no-repeat&#8221; background_position_2=&#8221;top_left&#8221; background_repeat_2=&#8221;no-repeat&#8221; padding_top_2=&#8221;30px&#8221;][et_pb_column type=&#8221;4_4&#8243;][et_pb_text admin_label=&#8221;desafio&#8221; _builder_version=&#8221;3.0.59&#8243; background_layout=&#8221;dark&#8221; text_orientation=&#8221;left&#8221; text_font=&#8221;Open Sans||||&#8221; text_font_size=&#8221;24&#8243; text_text_color=&#8221;#ffffff&#8221; header_font=&#8221;Lato||||&#8221; header_font_size=&#8221;36px&#8221; header_text_color=&#8221;#ffffff&#8221; border_style=&#8221;solid&#8221; module_class=&#8221;traducao-bloc&#8221; custom_padding=&#8221;|10%||10%&#8221; text_line_height=&#8221;1.8em&#8221;]<\/p>\n<p style=\"text-align: center;\"><em>Vous aimez les d\u00e9fis ? Venez travailler avec nous et faites partie d\u2019une \u00e9quipe bilingue.<\/em><\/p>\n<p>[\/et_pb_text][\/et_pb_column][\/et_pb_row][\/et_pb_section][et_pb_section bb_built=&#8221;1&#8243; _builder_version=&#8221;3.0.59&#8243; background_color=&#8221;#ffffff&#8221;][et_pb_row _builder_version=&#8221;3.0.59&#8243; background_position_1=&#8221;top_left&#8221; background_repeat_1=&#8221;no-repeat&#8221; module_class=&#8221;bem-vindo-bloc&#8221; background_position=&#8221;top_left&#8221; background_repeat=&#8221;repeat&#8221; background_size=&#8221;initial&#8221;][et_pb_column type=&#8221;4_4&#8243;][et_pb_text admin_label=&#8221;Titulo&#8221; _builder_version=&#8221;3.0.59&#8243; background_layout=&#8221;light&#8221; text_orientation=&#8221;center&#8221; border_style=&#8221;solid&#8221; custom_padding=&#8221;|10%||10%&#8221; module_class=&#8221;titlebloc-1&#8243; header_font=&#8221;|||on|&#8221;]<\/p>\n<h2 style=\"text-align: center;\">Candidature spontan\u00e9e<\/h2>\n<p>[\/et_pb_text][et_pb_text admin_label=&#8221;Sob Titulo&#8221; _builder_version=&#8221;3.0.59&#8243; background_layout=&#8221;light&#8221; text_orientation=&#8221;center&#8221; text_font=&#8221;Roboto|||on|&#8221; text_font_size=&#8221;16&#8243; text_text_color=&#8221;#333333&#8243; border_style=&#8221;solid&#8221; custom_padding=&#8221;|10%||10%&#8221; saved_tabs=&#8221;all&#8221;]<\/p>\n<p style=\"text-align: center;\">Pour envoyer votre candidature spontan\u00e9e, remplissez le formulaire.<\/p>\n<p>[\/et_pb_text][\/et_pb_column][\/et_pb_row][et_pb_row _builder_version=&#8221;3.0.59&#8243; background_position_1=&#8221;top_left&#8221; background_repeat_1=&#8221;no-repeat&#8221; module_class=&#8221;bem-vindo-bloc&#8221; custom_margin=&#8221;20px|||&#8221; custom_padding=&#8221;|10%||10%&#8221;][et_pb_column type=&#8221;4_4&#8243;][et_pb_lino_form _builder_version=&#8221;3.0.59&#8243; captcha=&#8221;on&#8221; use_redirect=&#8221;off&#8221; title_font_size_tablet=&#8221;51&#8243; title_line_height_tablet=&#8221;2&#8243; form_field_font_size_tablet=&#8221;51&#8243; form_field_line_height_tablet=&#8221;2&#8243; input_border_radius=&#8221;0&#8243; border_style=&#8221;solid&#8221; custom_button=&#8221;off&#8221; button_border_width=&#8221;0&#8243; button_border_radius=&#8221;0&#8243; button_letter_spacing=&#8221;0&#8243; button_icon_placement=&#8221;right&#8221; button_border_radius_hover=&#8221;0&#8243; button_letter_spacing_hover=&#8221;0&#8243; success_message=&#8221;Message envoy\u00e9 avec succ\u00e8s&#8221; submit_button_text=&#8221;Envoyer&#8221; email=&#8221;Info.setubal@alliancefr.pt&#8221; custom_message=&#8221;Vous avez re\u00e7u une demande de collaboration: %%name%%, avec la formation %%function%% et %%tipocandidatura%%&#8221; use_excel=&#8221;on&#8221;]<\/p>\n<p>[et_pb_lino_field field_id=&#8221;tipocandidatura&#8221; field_title=&#8221;Type de candidature&#8221; field_type=&#8221;radio&#8221; checkbox_checked=&#8221;off&#8221; radio_options=&#8221;%91{%22value%22:%22Stage%22,%22checked%22:0},{%22value%22:%22Recrutement%22,%22checked%22:0}%93&#8243; min_length=&#8221;0&#8243; max_length=&#8221;0&#8243; allowed_symbols=&#8221;all&#8221; required_mark=&#8221;on&#8221; conditional_logic=&#8221;off&#8221; conditional_logic_relation=&#8221;off&#8221; conditional_logic_rules=&#8221;%91{%22field%22:%22function%22,%22condition%22:%22is%22,%22value%22:%22%22}%93&#8243; fullwidth_field=&#8221;off&#8221; form_field_font_select=&#8221;default&#8221; form_field_font=&#8221;||||&#8221; use_border_color=&#8221;off&#8221; border_style=&#8221;solid&#8221; \/][et_pb_lino_field field_id=&#8221;function&#8221; field_title=&#8221;Postes&#8221; field_type=&#8221;radio&#8221; checkbox_checked=&#8221;off&#8221; radio_options=&#8221;%91{%22value%22:%22Professeur%22,%22checked%22:0},{%22value%22:%22Administratif%22,%22checked%22:0},{%22value%22:%22Traducteur%22,%22checked%22:0},{%22value%22:%22Autres%22,%22checked%22:0}%93&#8243; min_length=&#8221;0&#8243; max_length=&#8221;0&#8243; allowed_symbols=&#8221;all&#8221; required_mark=&#8221;on&#8221; conditional_logic=&#8221;off&#8221; conditional_logic_relation=&#8221;off&#8221; conditional_logic_rules=&#8221;%91{%22field%22:%22tipocandidatura%22,%22condition%22:%22is%22,%22value%22:null}%93&#8243; fullwidth_field=&#8221;off&#8221; form_field_font_select=&#8221;default&#8221; form_field_font=&#8221;||||&#8221; use_border_color=&#8221;off&#8221; border_style=&#8221;solid&#8221; \/][et_pb_lino_field field_id=&#8221;name&#8221; field_title=&#8221;Pr\u00e9nom \u2013 Nom &#8221; field_type=&#8221;input&#8221; checkbox_checked=&#8221;off&#8221; min_length=&#8221;0&#8243; max_length=&#8221;0&#8243; allowed_symbols=&#8221;all&#8221; required_mark=&#8221;on&#8221; conditional_logic=&#8221;off&#8221; conditional_logic_relation=&#8221;off&#8221; conditional_logic_rules=&#8221;%91{%22field%22:%22tipocandidatura%22,%22condition%22:%22is%22,%22value%22:null}%93&#8243; fullwidth_field=&#8221;off&#8221; form_field_font_select=&#8221;default&#8221; form_field_font=&#8221;||||&#8221; use_border_color=&#8221;off&#8221; border_style=&#8221;solid&#8221; \/][et_pb_lino_field field_id=&#8221;nacionality&#8221; field_title=&#8221;Nationalit\u00e9&#8221; field_type=&#8221;input&#8221; checkbox_checked=&#8221;off&#8221; min_length=&#8221;0&#8243; max_length=&#8221;0&#8243; allowed_symbols=&#8221;all&#8221; required_mark=&#8221;on&#8221; conditional_logic=&#8221;off&#8221; conditional_logic_relation=&#8221;off&#8221; conditional_logic_rules=&#8221;%91{%22field%22:%22tipocandidatura%22,%22condition%22:%22is%22,%22value%22:null}%93&#8243; fullwidth_field=&#8221;off&#8221; form_field_font_select=&#8221;default&#8221; form_field_font=&#8221;||||&#8221; use_border_color=&#8221;off&#8221; border_style=&#8221;solid&#8221; \/][et_pb_lino_field field_id=&#8221;emailadress&#8221; field_title=&#8221;Email&#8221; field_type=&#8221;email&#8221; checkbox_checked=&#8221;off&#8221; min_length=&#8221;0&#8243; max_length=&#8221;0&#8243; allowed_symbols=&#8221;all&#8221; required_mark=&#8221;on&#8221; conditional_logic=&#8221;off&#8221; conditional_logic_relation=&#8221;off&#8221; conditional_logic_rules=&#8221;%91{%22field%22:%22tipocandidatura%22,%22condition%22:%22is%22,%22value%22:null}%93&#8243; fullwidth_field=&#8221;off&#8221; form_field_font_select=&#8221;default&#8221; form_field_font=&#8221;||||&#8221; use_border_color=&#8221;off&#8221; border_style=&#8221;solid&#8221; \/][et_pb_lino_field field_id=&#8221;phone&#8221; field_title=&#8221;T\u00e9l\u00e9phoner&#8221; field_type=&#8221;input&#8221; checkbox_checked=&#8221;off&#8221; min_length=&#8221;0&#8243; max_length=&#8221;0&#8243; allowed_symbols=&#8221;all&#8221; required_mark=&#8221;on&#8221; conditional_logic=&#8221;off&#8221; conditional_logic_relation=&#8221;off&#8221; conditional_logic_rules=&#8221;%91{%22field%22:%22tipocandidatura%22,%22condition%22:%22is%22,%22value%22:null}%93&#8243; fullwidth_field=&#8221;off&#8221; form_field_font_select=&#8221;default&#8221; form_field_font=&#8221;||||&#8221; use_border_color=&#8221;off&#8221; border_style=&#8221;solid&#8221; \/][et_pb_lino_field field_id=&#8221;cv2&#8243; field_title=&#8221;T\u00e9l\u00e9charger CV&#8221; field_type=&#8221;upload&#8221; checkbox_checked=&#8221;off&#8221; min_length=&#8221;0&#8243; max_length=&#8221;0&#8243; allowed_symbols=&#8221;all&#8221; required_mark=&#8221;on&#8221; conditional_logic=&#8221;off&#8221; conditional_logic_relation=&#8221;off&#8221; conditional_logic_rules=&#8221;%91{%22field%22:%22tipocandidatura%22,%22condition%22:%22is%22,%22value%22:null}%93&#8243; fullwidth_field=&#8221;off&#8221; form_field_font_select=&#8221;default&#8221; form_field_font=&#8221;||||&#8221; use_border_color=&#8221;off&#8221; border_style=&#8221;solid&#8221; \/][et_pb_lino_field field_id=&#8221;cv2_2&#8243; field_title=&#8221;T\u00e9l\u00e9charger lettre de motivation&#8221; field_type=&#8221;upload&#8221; checkbox_checked=&#8221;off&#8221; min_length=&#8221;0&#8243; max_length=&#8221;0&#8243; allowed_symbols=&#8221;all&#8221; required_mark=&#8221;on&#8221; conditional_logic=&#8221;off&#8221; conditional_logic_relation=&#8221;off&#8221; conditional_logic_rules=&#8221;%91{%22field%22:%22tipocandidatura%22,%22condition%22:%22is%22,%22value%22:null}%93&#8243; fullwidth_field=&#8221;off&#8221; form_field_font_select=&#8221;default&#8221; form_field_font=&#8221;||||&#8221; use_border_color=&#8221;off&#8221; border_style=&#8221;solid&#8221; \/][et_pb_lino_field field_id=&#8221;aprovacao&#8221; field_title=&#8221;Je donne mon accord pour le traitement de mes donn\u00e9es personnelles figurant dans la candidature \u00e0 un poste \u00e0 l\u2019Alliance fran\u00e7aise de Lisbonne, en ce compris la saisie et la conservation dans une base num\u00e9rique pendant tout le temps n\u00e9cessaire. En remplissant ce questionnaire, j\u2019autorise l\u2019Alliance fran\u00e7aise de Lisbonne \u00e0 garder mes donn\u00e9es personnelles et \u00e0 les utiliser \u00e0 des fins de recrutement et de s\u00e9lection. &#8221; field_type=&#8221;radio&#8221; checkbox_checked=&#8221;off&#8221; radio_options=&#8221;%91{%22value%22:%22Oui%22,%22checked%22:0}%93&#8243; min_length=&#8221;0&#8243; max_length=&#8221;0&#8243; allowed_symbols=&#8221;all&#8221; required_mark=&#8221;on&#8221; conditional_logic=&#8221;off&#8221; conditional_logic_relation=&#8221;off&#8221; conditional_logic_rules=&#8221;%91{%22field%22:%22tipocandidatura%22,%22condition%22:%22is%22,%22value%22:null}%93&#8243; fullwidth_field=&#8221;on&#8221; form_field_font_select=&#8221;default&#8221; form_field_font=&#8221;||||&#8221; use_border_color=&#8221;off&#8221; border_style=&#8221;solid&#8221; \/]<\/p>\n<p>[\/et_pb_lino_form][\/et_pb_column][\/et_pb_row][\/et_pb_section]<\/p>\n","protected":false},"excerpt":{"rendered":"<p>Rejoignez notre \u00e9quipe L\u2019Alliance fran\u00e7aise de Lisbonne est une association \u00e0 but non lucratif cr\u00e9\u00e9e selon les statuts et les objectifs de l\u2019Alliance fran\u00e7aise fond\u00e9e \u00e0 Paris en 1883. Elle a pour mission de diffuser la langue fran\u00e7aise, de rassembler tous ceux qui souhaitent contribuer au d\u00e9veloppement de la connaissance et du go\u00fbt de la [&hellip;]<\/p>\n","protected":false},"author":1,"featured_media":0,"parent":3477,"menu_order":0,"comment_status":"closed","ping_status":"closed","template":"","meta":{"_acf_changed":false,"_et_pb_use_builder":"on","_et_pb_old_content":"","_et_gb_content_width":"","_exactmetrics_skip_tracking":false,"_exactmetrics_sitenote_active":false,"_exactmetrics_sitenote_note":"","_exactmetrics_sitenote_category":0,"footnotes":""},"class_list":["post-2984","page","type-page","status-publish","hentry"],"acf":[],"yoast_head":"<!-- This site is optimized with the Yoast SEO plugin v27.0 - https:\/\/yoast.com\/product\/yoast-seo-wordpress\/ -->\n<title>Nous rejoindre - Alliance Fran\u00e7aise Set\u00fabal<\/title>\n<meta name=\"robots\" content=\"index, follow, max-snippet:-1, max-image-preview:large, max-video-preview:-1\" \/>\n<link rel=\"canonical\" href=\"https:\/\/www.alliancefr.pt\/setubal\/fr\/qui-sommes-nous\/nous-rejoindre\/\" \/>\n<meta property=\"og:locale\" content=\"fr_FR\" \/>\n<meta property=\"og:type\" content=\"article\" \/>\n<meta property=\"og:title\" content=\"Nous rejoindre - Alliance Fran\u00e7aise Set\u00fabal\" \/>\n<meta property=\"og:description\" content=\"Rejoignez notre \u00e9quipe L\u2019Alliance fran\u00e7aise de Lisbonne est une association \u00e0 but non lucratif cr\u00e9\u00e9e selon les statuts et les objectifs de l\u2019Alliance fran\u00e7aise fond\u00e9e \u00e0 Paris en 1883. Elle a pour mission de diffuser la langue fran\u00e7aise, de rassembler tous ceux qui souhaitent contribuer au d\u00e9veloppement de la connaissance et du go\u00fbt de la [&hellip;]\" \/>\n<meta property=\"og:url\" content=\"https:\/\/www.alliancefr.pt\/setubal\/fr\/qui-sommes-nous\/nous-rejoindre\/\" \/>\n<meta property=\"og:site_name\" content=\"Alliance Fran\u00e7aise Set\u00fabal\" \/>\n<meta property=\"article:modified_time\" content=\"2020-08-20T13:51:32+00:00\" \/>\n<meta name=\"twitter:card\" content=\"summary_large_image\" \/>\n<meta name=\"twitter:label1\" content=\"Dur\u00e9e de lecture estim\u00e9e\" \/>\n\t<meta name=\"twitter:data1\" content=\"6 minutes\" \/>\n<script type=\"application\/ld+json\" class=\"yoast-schema-graph\">{\"@context\":\"https:\/\/schema.org\",\"@graph\":[{\"@type\":\"WebPage\",\"@id\":\"https:\/\/www.alliancefr.pt\/setubal\/fr\/qui-sommes-nous\/nous-rejoindre\/\",\"url\":\"https:\/\/www.alliancefr.pt\/setubal\/fr\/qui-sommes-nous\/nous-rejoindre\/\",\"name\":\"Nous rejoindre - Alliance Fran\u00e7aise Set\u00fabal\",\"isPartOf\":{\"@id\":\"https:\/\/www.alliancefr.pt\/setubal\/#website\"},\"datePublished\":\"2017-11-22T17:27:00+00:00\",\"dateModified\":\"2020-08-20T13:51:32+00:00\",\"breadcrumb\":{\"@id\":\"https:\/\/www.alliancefr.pt\/setubal\/fr\/qui-sommes-nous\/nous-rejoindre\/#breadcrumb\"},\"inLanguage\":\"fr-FR\",\"potentialAction\":[{\"@type\":\"ReadAction\",\"target\":[\"https:\/\/www.alliancefr.pt\/setubal\/fr\/qui-sommes-nous\/nous-rejoindre\/\"]}]},{\"@type\":\"BreadcrumbList\",\"@id\":\"https:\/\/www.alliancefr.pt\/setubal\/fr\/qui-sommes-nous\/nous-rejoindre\/#breadcrumb\",\"itemListElement\":[{\"@type\":\"ListItem\",\"position\":1,\"name\":\"In\u00edcio\",\"item\":\"https:\/\/www.alliancefr.pt\/setubal\/fr\/\"},{\"@type\":\"ListItem\",\"position\":2,\"name\":\"Qui sommes-nous ?\",\"item\":\"https:\/\/www.alliancefr.pt\/setubal\/fr\/qui-sommes-nous\/\"},{\"@type\":\"ListItem\",\"position\":3,\"name\":\"Nous rejoindre\"}]},{\"@type\":\"WebSite\",\"@id\":\"https:\/\/www.alliancefr.pt\/setubal\/#website\",\"url\":\"https:\/\/www.alliancefr.pt\/setubal\/\",\"name\":\"Alliance Fran\u00e7aise Set\u00fabal\",\"description\":\"Alliances Fran\u00e7aises de Lisbonne\",\"potentialAction\":[{\"@type\":\"SearchAction\",\"target\":{\"@type\":\"EntryPoint\",\"urlTemplate\":\"https:\/\/www.alliancefr.pt\/setubal\/?s={search_term_string}\"},\"query-input\":{\"@type\":\"PropertyValueSpecification\",\"valueRequired\":true,\"valueName\":\"search_term_string\"}}],\"inLanguage\":\"fr-FR\"}]}<\/script>\n<!-- \/ Yoast SEO plugin. -->","yoast_head_json":{"title":"Nous rejoindre - Alliance Fran\u00e7aise Set\u00fabal","robots":{"index":"index","follow":"follow","max-snippet":"max-snippet:-1","max-image-preview":"max-image-preview:large","max-video-preview":"max-video-preview:-1"},"canonical":"https:\/\/www.alliancefr.pt\/setubal\/fr\/qui-sommes-nous\/nous-rejoindre\/","og_locale":"fr_FR","og_type":"article","og_title":"Nous rejoindre - Alliance Fran\u00e7aise Set\u00fabal","og_description":"Rejoignez notre \u00e9quipe L\u2019Alliance fran\u00e7aise de Lisbonne est une association \u00e0 but non lucratif cr\u00e9\u00e9e selon les statuts et les objectifs de l\u2019Alliance fran\u00e7aise fond\u00e9e \u00e0 Paris en 1883. Elle a pour mission de diffuser la langue fran\u00e7aise, de rassembler tous ceux qui souhaitent contribuer au d\u00e9veloppement de la connaissance et du go\u00fbt de la [&hellip;]","og_url":"https:\/\/www.alliancefr.pt\/setubal\/fr\/qui-sommes-nous\/nous-rejoindre\/","og_site_name":"Alliance Fran\u00e7aise Set\u00fabal","article_modified_time":"2020-08-20T13:51:32+00:00","twitter_card":"summary_large_image","twitter_misc":{"Dur\u00e9e de lecture estim\u00e9e":"6 minutes"},"schema":{"@context":"https:\/\/schema.org","@graph":[{"@type":"WebPage","@id":"https:\/\/www.alliancefr.pt\/setubal\/fr\/qui-sommes-nous\/nous-rejoindre\/","url":"https:\/\/www.alliancefr.pt\/setubal\/fr\/qui-sommes-nous\/nous-rejoindre\/","name":"Nous rejoindre - Alliance Fran\u00e7aise Set\u00fabal","isPartOf":{"@id":"https:\/\/www.alliancefr.pt\/setubal\/#website"},"datePublished":"2017-11-22T17:27:00+00:00","dateModified":"2020-08-20T13:51:32+00:00","breadcrumb":{"@id":"https:\/\/www.alliancefr.pt\/setubal\/fr\/qui-sommes-nous\/nous-rejoindre\/#breadcrumb"},"inLanguage":"fr-FR","potentialAction":[{"@type":"ReadAction","target":["https:\/\/www.alliancefr.pt\/setubal\/fr\/qui-sommes-nous\/nous-rejoindre\/"]}]},{"@type":"BreadcrumbList","@id":"https:\/\/www.alliancefr.pt\/setubal\/fr\/qui-sommes-nous\/nous-rejoindre\/#breadcrumb","itemListElement":[{"@type":"ListItem","position":1,"name":"In\u00edcio","item":"https:\/\/www.alliancefr.pt\/setubal\/fr\/"},{"@type":"ListItem","position":2,"name":"Qui sommes-nous ?","item":"https:\/\/www.alliancefr.pt\/setubal\/fr\/qui-sommes-nous\/"},{"@type":"ListItem","position":3,"name":"Nous rejoindre"}]},{"@type":"WebSite","@id":"https:\/\/www.alliancefr.pt\/setubal\/#website","url":"https:\/\/www.alliancefr.pt\/setubal\/","name":"Alliance Fran\u00e7aise Set\u00fabal","description":"Alliances Fran\u00e7aises de Lisbonne","potentialAction":[{"@type":"SearchAction","target":{"@type":"EntryPoint","urlTemplate":"https:\/\/www.alliancefr.pt\/setubal\/?s={search_term_string}"},"query-input":{"@type":"PropertyValueSpecification","valueRequired":true,"valueName":"search_term_string"}}],"inLanguage":"fr-FR"}]}},"_links":{"self":[{"href":"https:\/\/www.alliancefr.pt\/setubal\/fr\/wp-json\/wp\/v2\/pages\/2984","targetHints":{"allow":["GET"]}}],"collection":[{"href":"https:\/\/www.alliancefr.pt\/setubal\/fr\/wp-json\/wp\/v2\/pages"}],"about":[{"href":"https:\/\/www.alliancefr.pt\/setubal\/fr\/wp-json\/wp\/v2\/types\/page"}],"author":[{"embeddable":true,"href":"https:\/\/www.alliancefr.pt\/setubal\/fr\/wp-json\/wp\/v2\/users\/1"}],"replies":[{"embeddable":true,"href":"https:\/\/www.alliancefr.pt\/setubal\/fr\/wp-json\/wp\/v2\/comments?post=2984"}],"version-history":[{"count":6,"href":"https:\/\/www.alliancefr.pt\/setubal\/fr\/wp-json\/wp\/v2\/pages\/2984\/revisions"}],"predecessor-version":[{"id":5139,"href":"https:\/\/www.alliancefr.pt\/setubal\/fr\/wp-json\/wp\/v2\/pages\/2984\/revisions\/5139"}],"up":[{"embeddable":true,"href":"https:\/\/www.alliancefr.pt\/setubal\/fr\/wp-json\/wp\/v2\/pages\/3477"}],"wp:attachment":[{"href":"https:\/\/www.alliancefr.pt\/setubal\/fr\/wp-json\/wp\/v2\/media?parent=2984"}],"curies":[{"name":"wp","href":"https:\/\/api.w.org\/{rel}","templated":true}]}}