{"id":1906,"date":"2017-10-22T16:54:58","date_gmt":"2017-10-22T16:54:58","guid":{"rendered":"https:\/\/www.alliancefr.pt\/porto\/?page_id=1906\/"},"modified":"2024-05-10T19:57:53","modified_gmt":"2024-05-10T19:57:53","slug":"empregos","status":"publish","type":"page","link":"https:\/\/www.alliancefr.pt\/porto\/empregos\/","title":{"rendered":"Empregos"},"content":{"rendered":"<p>[et_pb_section fb_built=&#8221;1&#8243; _builder_version=&#8221;4.16&#8243; background_color=&#8221;rgba(255,255,255,0)&#8221; custom_padding=&#8221;0px||10px|&#8221; transparent_background=&#8221;on&#8221; global_colors_info=&#8221;{}&#8221;][et_pb_row _builder_version=&#8221;4.16&#8243; background_size=&#8221;initial&#8221; background_position=&#8221;top_left&#8221; background_repeat=&#8221;repeat&#8221; global_colors_info=&#8221;{}&#8221;][et_pb_column type=&#8221;4_4&#8243; _builder_version=&#8221;4.16&#8243; custom_padding=&#8221;|||&#8221; global_colors_info=&#8221;{}&#8221; custom_padding__hover=&#8221;|||&#8221;][et_pb_text admin_label=&#8221;Titulo + intro&#8221; module_class=&#8221;titlebloc-1&#8243; _builder_version=&#8221;4.16&#8243; text_orientation=&#8221;center&#8221; module_alignment=&#8221;center&#8221; custom_padding=&#8221;|10%||10%&#8221; border_style=&#8221;solid&#8221; saved_tabs=&#8221;all&#8221; global_colors_info=&#8221;{}&#8221;]<\/p>\n<h2 style=\"text-align: center;\">OPORTUNIDADES DE EMPREGO<\/h2>\n<p style=\"text-align: center;\">A Alliance Fran\u00e7aise de Porto possui uma \u00e1rea espec\u00edfica e reservada para divulga\u00e7\u00e3o de an\u00fancios de emprego relacionados com a l\u00edngua franc\u00f3fona.<br \/>\nDisponibiliza estes an\u00fancios online a pedido das empresas, contudo, n\u00e3o poder\u00e1 ser responsabilizada pelos seus conte\u00fados ou efeitos.<\/p>\n<p>[\/et_pb_text][\/et_pb_column][\/et_pb_row][\/et_pb_section][et_pb_section fb_built=&#8221;1&#8243; _builder_version=&#8221;4.16&#8243; background_color=&#8221;rgba(255,255,255,0)&#8221; custom_padding=&#8221;0px|||&#8221; transparent_background=&#8221;on&#8221; global_colors_info=&#8221;{}&#8221;][et_pb_row _builder_version=&#8221;4.16&#8243; background_color=&#8221;#ffffff&#8221; custom_padding=&#8221;20px|20px|0px|20px&#8221; global_colors_info=&#8221;{}&#8221;][et_pb_column type=&#8221;4_4&#8243; _builder_version=&#8221;4.16&#8243; background_position=&#8221;top_left&#8221; custom_padding=&#8221;|||&#8221; global_colors_info=&#8221;{}&#8221; custom_padding__hover=&#8221;|||&#8221;][et_pb_text admin_label=&#8221;Divulgar um an\u00fancio de emprego&#8221; module_id=&#8221;toggle-9&#8243; module_class=&#8221;header-toggle picto-contact margin-inherit&#8221; _builder_version=&#8221;4.16&#8243; border_style=&#8221;solid&#8221; global_colors_info=&#8221;{}&#8221;]<\/p>\n<h3>Divulgar um an\u00fancio de emprego<\/h3>\n<p>[\/et_pb_text][et_pb_text module_class=&#8221;bloc-toggle bloc-toggle-9&#8243; _builder_version=&#8221;4.16&#8243; border_style=&#8221;solid&#8221; global_colors_info=&#8221;{}&#8221;]Caso seja uma empresa e pretenda divulgar an\u00fancios de emprego relacionados com a l\u00edngua francesa contacte o departamento de marketing e comunica\u00e7\u00e3o atrav\u00e9s do formul\u00e1rio abaixo:<br \/>\n[\/et_pb_text][et_pb_contact_form email=&#8221;geral.porto@alliancefr.pt&#8221; custom_message=&#8221;Mensagem para um novo anuncio de emprego Nome: %%name%% Empresa: %%empresa%% Email: %%email%% Telefone: %%tel%% Mensagem: %%message%%&#8221; success_message=&#8221;<\/p>\n<p>A sua mensagem foi enviada com sucesso<\/p>\n<p>&#8221; submit_button_text=&#8221;Enviar&#8221; module_class=&#8221;bloc-toggle bloc-toggle-9 &#8221; _builder_version=&#8221;4.23.1&#8243; _module_preset=&#8221;default&#8221; _unique_id=&#8221;2a2fec82-b8a1-464e-847a-1153308f0963&#8243; hover_enabled=&#8221;0&#8243; save_entries_to_db=&#8221;off&#8221; global_colors_info=&#8221;{}&#8221; theme_builder_area=&#8221;post_content&#8221; sticky_enabled=&#8221;0&#8243;][et_pb_contact_field field_id=&#8221;Name&#8221; field_title=&#8221;Nome&#8221; _builder_version=&#8221;4.23.1&#8243; hover_enabled=&#8221;0&#8243; use_field_label=&#8221;on&#8221; global_colors_info=&#8221;{}&#8221; button_text_size__hover_enabled=&#8221;off&#8221; button_one_text_size__hover_enabled=&#8221;off&#8221; button_two_text_size__hover_enabled=&#8221;off&#8221; button_text_color__hover_enabled=&#8221;off&#8221; button_one_text_color__hover_enabled=&#8221;off&#8221; button_two_text_color__hover_enabled=&#8221;off&#8221; button_border_width__hover_enabled=&#8221;off&#8221; button_one_border_width__hover_enabled=&#8221;off&#8221; button_two_border_width__hover_enabled=&#8221;off&#8221; button_border_color__hover_enabled=&#8221;off&#8221; button_one_border_color__hover_enabled=&#8221;off&#8221; button_two_border_color__hover_enabled=&#8221;off&#8221; button_border_radius__hover_enabled=&#8221;off&#8221; button_one_border_radius__hover_enabled=&#8221;off&#8221; button_two_border_radius__hover_enabled=&#8221;off&#8221; button_letter_spacing__hover_enabled=&#8221;off&#8221; button_one_letter_spacing__hover_enabled=&#8221;off&#8221; button_two_letter_spacing__hover_enabled=&#8221;off&#8221; button_bg_color__hover_enabled=&#8221;off&#8221; button_one_bg_color__hover_enabled=&#8221;off&#8221; button_two_bg_color__hover_enabled=&#8221;off&#8221; theme_builder_area=&#8221;post_content&#8221; fullwidth_field=&#8221;on&#8221; sticky_enabled=&#8221;0&#8243;][\/et_pb_contact_field][et_pb_contact_field fullwidth_field=&#8221;on&#8221; _builder_version=&#8221;4.23.1&#8243; _module_preset=&#8221;default&#8221; theme_builder_area=&#8221;post_content&#8221; field_id=&#8221;Empresa&#8221; field_title=&#8221;Empresa&#8221; use_field_label=&#8221;on&#8221; hover_enabled=&#8221;0&#8243; sticky_enabled=&#8221;0&#8243;][\/et_pb_contact_field][et_pb_contact_field field_id=&#8221;Email&#8221; field_title=&#8221;Email&#8221; field_type=&#8221;email&#8221; _builder_version=&#8221;4.23.1&#8243; hover_enabled=&#8221;0&#8243; use_field_label=&#8221;on&#8221; global_colors_info=&#8221;{}&#8221; button_text_size__hover_enabled=&#8221;off&#8221; button_one_text_size__hover_enabled=&#8221;off&#8221; button_two_text_size__hover_enabled=&#8221;off&#8221; button_text_color__hover_enabled=&#8221;off&#8221; button_one_text_color__hover_enabled=&#8221;off&#8221; button_two_text_color__hover_enabled=&#8221;off&#8221; button_border_width__hover_enabled=&#8221;off&#8221; button_one_border_width__hover_enabled=&#8221;off&#8221; button_two_border_width__hover_enabled=&#8221;off&#8221; button_border_color__hover_enabled=&#8221;off&#8221; button_one_border_color__hover_enabled=&#8221;off&#8221; button_two_border_color__hover_enabled=&#8221;off&#8221; button_border_radius__hover_enabled=&#8221;off&#8221; button_one_border_radius__hover_enabled=&#8221;off&#8221; button_two_border_radius__hover_enabled=&#8221;off&#8221; button_letter_spacing__hover_enabled=&#8221;off&#8221; button_one_letter_spacing__hover_enabled=&#8221;off&#8221; button_two_letter_spacing__hover_enabled=&#8221;off&#8221; button_bg_color__hover_enabled=&#8221;off&#8221; button_one_bg_color__hover_enabled=&#8221;off&#8221; button_two_bg_color__hover_enabled=&#8221;off&#8221; theme_builder_area=&#8221;post_content&#8221; sticky_enabled=&#8221;0&#8243;][\/et_pb_contact_field][et_pb_contact_field _builder_version=&#8221;4.23.1&#8243; _module_preset=&#8221;default&#8221; theme_builder_area=&#8221;post_content&#8221; field_id=&#8221;tel&#8221; field_title=&#8221;Telefone&#8221; use_field_label=&#8221;on&#8221; hover_enabled=&#8221;0&#8243; sticky_enabled=&#8221;0&#8243;][\/et_pb_contact_field][et_pb_contact_field field_id=&#8221;Mensagem&#8221; field_title=&#8221;Mensagem&#8221; field_type=&#8221;text&#8221; fullwidth_field=&#8221;on&#8221; _builder_version=&#8221;4.23.1&#8243; use_field_label=&#8221;on&#8221; global_colors_info=&#8221;{}&#8221; button_text_size__hover_enabled=&#8221;off&#8221; button_one_text_size__hover_enabled=&#8221;off&#8221; button_two_text_size__hover_enabled=&#8221;off&#8221; button_text_color__hover_enabled=&#8221;off&#8221; button_one_text_color__hover_enabled=&#8221;off&#8221; button_two_text_color__hover_enabled=&#8221;off&#8221; button_border_width__hover_enabled=&#8221;off&#8221; button_one_border_width__hover_enabled=&#8221;off&#8221; button_two_border_width__hover_enabled=&#8221;off&#8221; button_border_color__hover_enabled=&#8221;off&#8221; button_one_border_color__hover_enabled=&#8221;off&#8221; button_two_border_color__hover_enabled=&#8221;off&#8221; button_border_radius__hover_enabled=&#8221;off&#8221; button_one_border_radius__hover_enabled=&#8221;off&#8221; button_two_border_radius__hover_enabled=&#8221;off&#8221; button_letter_spacing__hover_enabled=&#8221;off&#8221; button_one_letter_spacing__hover_enabled=&#8221;off&#8221; button_two_letter_spacing__hover_enabled=&#8221;off&#8221; button_bg_color__hover_enabled=&#8221;off&#8221; button_one_bg_color__hover_enabled=&#8221;off&#8221; button_two_bg_color__hover_enabled=&#8221;off&#8221; theme_builder_area=&#8221;post_content&#8221;][\/et_pb_contact_field][et_pb_contact_field field_id=&#8221;Field_11&#8243; field_title=&#8221;Ao enviar o seu e-mail, aceita os termos e condi\u00e7\u00f5es de uso do site www.alliancefr.pt \u2013 RGPD compliant&#8221; field_type=&#8221;radio&#8221; radio_options=&#8221;%91{%22value%22:%22Sim%22,%22checked%22:0,%22dragID%22:-1}%93&#8243; fullwidth_field=&#8221;on&#8221; _builder_version=&#8221;4.23.1&#8243; _module_preset=&#8221;default&#8221; global_colors_info=&#8221;{}&#8221; theme_builder_area=&#8221;post_content&#8221;][\/et_pb_contact_field][et_pb_contact_field field_id=&#8221;Assunto&#8221; field_title=&#8221;assunto&#8221; fullwidth_field=&#8221;on&#8221; _builder_version=&#8221;4.23.1&#8243; _module_preset=&#8221;default&#8221; use_field_label=&#8221;on&#8221; global_colors_info=&#8221;{}&#8221; theme_builder_area=&#8221;post_content&#8221;][\/et_pb_contact_field][\/et_pb_contact_form][\/et_pb_column][\/et_pb_row][\/et_pb_section]<\/p>\n","protected":false},"excerpt":{"rendered":"<p>OPORTUNIDADES DE EMPREGO A Alliance Fran\u00e7aise de Porto possui uma \u00e1rea espec\u00edfica e reservada para divulga\u00e7\u00e3o de an\u00fancios de emprego relacionados com a l\u00edngua franc\u00f3fona. Disponibiliza estes an\u00fancios online a pedido das empresas, contudo, n\u00e3o poder\u00e1 ser responsabilizada pelos seus conte\u00fados ou efeitos. Divulgar um an\u00fancio de emprego Caso seja uma empresa e pretenda divulgar [&hellip;]<\/p>\n","protected":false},"author":1,"featured_media":0,"parent":0,"menu_order":0,"comment_status":"closed","ping_status":"closed","template":"page_empregos.php","meta":{"_acf_changed":false,"_et_pb_use_builder":"on","_et_pb_old_content":"","_et_gb_content_width":"","_exactmetrics_skip_tracking":false,"_exactmetrics_sitenote_active":false,"_exactmetrics_sitenote_note":"","_exactmetrics_sitenote_category":0,"footnotes":""},"class_list":["post-1906","page","type-page","status-publish","hentry"],"acf":[],"yoast_head":"<!-- This site is optimized with the Yoast SEO plugin v27.0 - https:\/\/yoast.com\/product\/yoast-seo-wordpress\/ -->\n<title>Empregos - Alliance Fran\u00e7aise de Porto [Oportunidades]<\/title>\n<meta name=\"description\" content=\"Empregos - A Alliance Fran\u00e7aise de Porto possui uma \u00e1rea espec\u00edfica e reservada para divulga\u00e7\u00e3o de an\u00fancios de emprego relacionados com a l\u00edngua franc\u00f3fona.\" \/>\n<meta name=\"robots\" content=\"index, follow, max-snippet:-1, max-image-preview:large, max-video-preview:-1\" \/>\n<link rel=\"canonical\" href=\"https:\/\/www.alliancefr.pt\/porto\/empregos\/\" \/>\n<meta property=\"og:locale\" content=\"pt_PT\" \/>\n<meta property=\"og:type\" content=\"article\" \/>\n<meta property=\"og:title\" content=\"Empregos - Alliance Fran\u00e7aise de Porto [Oportunidades]\" \/>\n<meta property=\"og:description\" content=\"Empregos - A Alliance Fran\u00e7aise de Porto possui uma \u00e1rea espec\u00edfica e reservada para divulga\u00e7\u00e3o de an\u00fancios de emprego relacionados com a l\u00edngua franc\u00f3fona.\" \/>\n<meta property=\"og:url\" content=\"https:\/\/www.alliancefr.pt\/porto\/empregos\/\" \/>\n<meta property=\"og:site_name\" content=\"Alliance Fran\u00e7aise Porto\" \/>\n<meta property=\"article:modified_time\" content=\"2024-05-10T19:57:53+00:00\" \/>\n<meta name=\"twitter:card\" content=\"summary_large_image\" \/>\n<meta name=\"twitter:label1\" content=\"Tempo estimado de leitura\" \/>\n\t<meta name=\"twitter:data1\" content=\"5 minutos\" \/>\n<script type=\"application\/ld+json\" class=\"yoast-schema-graph\">{\"@context\":\"https:\/\/schema.org\",\"@graph\":[{\"@type\":\"WebPage\",\"@id\":\"https:\/\/www.alliancefr.pt\/porto\/empregos\/\",\"url\":\"https:\/\/www.alliancefr.pt\/porto\/empregos\/\",\"name\":\"Empregos - Alliance Fran\u00e7aise de Porto [Oportunidades]\",\"isPartOf\":{\"@id\":\"https:\/\/www.alliancefr.pt\/porto\/#website\"},\"datePublished\":\"2017-10-22T16:54:58+00:00\",\"dateModified\":\"2024-05-10T19:57:53+00:00\",\"description\":\"Empregos - A Alliance Fran\u00e7aise de Porto possui uma \u00e1rea espec\u00edfica e reservada para divulga\u00e7\u00e3o de an\u00fancios de emprego relacionados com a l\u00edngua franc\u00f3fona.\",\"breadcrumb\":{\"@id\":\"https:\/\/www.alliancefr.pt\/porto\/empregos\/#breadcrumb\"},\"inLanguage\":\"pt-PT\",\"potentialAction\":[{\"@type\":\"ReadAction\",\"target\":[\"https:\/\/www.alliancefr.pt\/porto\/empregos\/\"]}]},{\"@type\":\"BreadcrumbList\",\"@id\":\"https:\/\/www.alliancefr.pt\/porto\/empregos\/#breadcrumb\",\"itemListElement\":[{\"@type\":\"ListItem\",\"position\":1,\"name\":\"In\u00edcio\",\"item\":\"https:\/\/www.alliancefr.pt\/porto\/\"},{\"@type\":\"ListItem\",\"position\":2,\"name\":\"Empregos\"}]},{\"@type\":\"WebSite\",\"@id\":\"https:\/\/www.alliancefr.pt\/porto\/#website\",\"url\":\"https:\/\/www.alliancefr.pt\/porto\/\",\"name\":\"Alliance Fran\u00e7aise Porto\",\"description\":\"Alliances Fran\u00e7aises de Lisbonne\",\"potentialAction\":[{\"@type\":\"SearchAction\",\"target\":{\"@type\":\"EntryPoint\",\"urlTemplate\":\"https:\/\/www.alliancefr.pt\/porto\/?s={search_term_string}\"},\"query-input\":{\"@type\":\"PropertyValueSpecification\",\"valueRequired\":true,\"valueName\":\"search_term_string\"}}],\"inLanguage\":\"pt-PT\"}]}<\/script>\n<!-- \/ Yoast SEO plugin. -->","yoast_head_json":{"title":"Empregos - Alliance Fran\u00e7aise de Porto [Oportunidades]","description":"Empregos - A Alliance Fran\u00e7aise de Porto possui uma \u00e1rea espec\u00edfica e reservada para divulga\u00e7\u00e3o de an\u00fancios de emprego relacionados com a l\u00edngua franc\u00f3fona.","robots":{"index":"index","follow":"follow","max-snippet":"max-snippet:-1","max-image-preview":"max-image-preview:large","max-video-preview":"max-video-preview:-1"},"canonical":"https:\/\/www.alliancefr.pt\/porto\/empregos\/","og_locale":"pt_PT","og_type":"article","og_title":"Empregos - Alliance Fran\u00e7aise de Porto [Oportunidades]","og_description":"Empregos - A Alliance Fran\u00e7aise de Porto possui uma \u00e1rea espec\u00edfica e reservada para divulga\u00e7\u00e3o de an\u00fancios de emprego relacionados com a l\u00edngua franc\u00f3fona.","og_url":"https:\/\/www.alliancefr.pt\/porto\/empregos\/","og_site_name":"Alliance Fran\u00e7aise Porto","article_modified_time":"2024-05-10T19:57:53+00:00","twitter_card":"summary_large_image","twitter_misc":{"Tempo estimado de leitura":"5 minutos"},"schema":{"@context":"https:\/\/schema.org","@graph":[{"@type":"WebPage","@id":"https:\/\/www.alliancefr.pt\/porto\/empregos\/","url":"https:\/\/www.alliancefr.pt\/porto\/empregos\/","name":"Empregos - Alliance Fran\u00e7aise de Porto [Oportunidades]","isPartOf":{"@id":"https:\/\/www.alliancefr.pt\/porto\/#website"},"datePublished":"2017-10-22T16:54:58+00:00","dateModified":"2024-05-10T19:57:53+00:00","description":"Empregos - A Alliance Fran\u00e7aise de Porto possui uma \u00e1rea espec\u00edfica e reservada para divulga\u00e7\u00e3o de an\u00fancios de emprego relacionados com a l\u00edngua franc\u00f3fona.","breadcrumb":{"@id":"https:\/\/www.alliancefr.pt\/porto\/empregos\/#breadcrumb"},"inLanguage":"pt-PT","potentialAction":[{"@type":"ReadAction","target":["https:\/\/www.alliancefr.pt\/porto\/empregos\/"]}]},{"@type":"BreadcrumbList","@id":"https:\/\/www.alliancefr.pt\/porto\/empregos\/#breadcrumb","itemListElement":[{"@type":"ListItem","position":1,"name":"In\u00edcio","item":"https:\/\/www.alliancefr.pt\/porto\/"},{"@type":"ListItem","position":2,"name":"Empregos"}]},{"@type":"WebSite","@id":"https:\/\/www.alliancefr.pt\/porto\/#website","url":"https:\/\/www.alliancefr.pt\/porto\/","name":"Alliance Fran\u00e7aise Porto","description":"Alliances Fran\u00e7aises de Lisbonne","potentialAction":[{"@type":"SearchAction","target":{"@type":"EntryPoint","urlTemplate":"https:\/\/www.alliancefr.pt\/porto\/?s={search_term_string}"},"query-input":{"@type":"PropertyValueSpecification","valueRequired":true,"valueName":"search_term_string"}}],"inLanguage":"pt-PT"}]}},"_links":{"self":[{"href":"https:\/\/www.alliancefr.pt\/porto\/wp-json\/wp\/v2\/pages\/1906","targetHints":{"allow":["GET"]}}],"collection":[{"href":"https:\/\/www.alliancefr.pt\/porto\/wp-json\/wp\/v2\/pages"}],"about":[{"href":"https:\/\/www.alliancefr.pt\/porto\/wp-json\/wp\/v2\/types\/page"}],"author":[{"embeddable":true,"href":"https:\/\/www.alliancefr.pt\/porto\/wp-json\/wp\/v2\/users\/1"}],"replies":[{"embeddable":true,"href":"https:\/\/www.alliancefr.pt\/porto\/wp-json\/wp\/v2\/comments?post=1906"}],"version-history":[{"count":26,"href":"https:\/\/www.alliancefr.pt\/porto\/wp-json\/wp\/v2\/pages\/1906\/revisions"}],"predecessor-version":[{"id":6191,"href":"https:\/\/www.alliancefr.pt\/porto\/wp-json\/wp\/v2\/pages\/1906\/revisions\/6191"}],"wp:attachment":[{"href":"https:\/\/www.alliancefr.pt\/porto\/wp-json\/wp\/v2\/media?parent=1906"}],"curies":[{"name":"wp","href":"https:\/\/api.w.org\/{rel}","templated":true}]}}