{"id":170,"date":"2017-08-21T15:49:40","date_gmt":"2017-08-21T15:49:40","guid":{"rendered":"https:\/\/www.alliancefr.pt\/porto\/?page_id=170"},"modified":"2024-05-10T19:13:20","modified_gmt":"2024-05-10T19:13:20","slug":"empregos-na-alliance-francaise-do-porto","status":"publish","type":"page","link":"https:\/\/www.alliancefr.pt\/porto\/quem-somos\/empregos-na-alliance-francaise-do-porto\/","title":{"rendered":"Trabalhe connosco"},"content":{"rendered":"<p>[et_pb_section fb_built=&#8221;1&#8243; _builder_version=&#8221;4.16&#8243; background_image=&#8221;https:\/\/www.alliancefr.pt\/porto\/wp-content\/uploads\/sites\/5\/2017\/09\/bg-triangular-gris-2-1.jpg&#8221; global_colors_info=&#8221;{}&#8221;][et_pb_row module_class=&#8221;bem-vindo-bloc&#8221; _builder_version=&#8221;4.16&#8243; background_size=&#8221;initial&#8221; background_position=&#8221;top_left&#8221; background_repeat=&#8221;repeat&#8221; global_colors_info=&#8221;{}&#8221;][et_pb_column type=&#8221;4_4&#8243; _builder_version=&#8221;4.16&#8243; background_position=&#8221;top_left&#8221; custom_padding=&#8221;|||&#8221; global_colors_info=&#8221;{}&#8221; custom_padding__hover=&#8221;|||&#8221;][et_pb_text admin_label=&#8221;Titulo&#8221; module_class=&#8221;titlebloc-1&#8243; _builder_version=&#8221;4.16&#8243; header_font=&#8221;|||on|&#8221; text_orientation=&#8221;center&#8221; module_alignment=&#8221;center&#8221; custom_padding=&#8221;|10%||10%&#8221; border_style=&#8221;solid&#8221; global_colors_info=&#8221;{}&#8221;]<\/p>\n<h2 style=\"text-align: center;\">Junte-se \u00e0 nossa equipa<\/h2>\n<p>[\/et_pb_text][et_pb_text admin_label=&#8221;Texto descri\u00e7\u00e3o&#8221; module_class=&#8221;titlebloc-1&#8243; _builder_version=&#8221;4.16&#8243; text_orientation=&#8221;center&#8221; module_alignment=&#8221;center&#8221; custom_padding=&#8221;|10%||10%&#8221; border_style=&#8221;solid&#8221; global_colors_info=&#8221;{}&#8221;]Alliance Fran\u00e7aise de Porto \u00e9 uma Associa\u00e7\u00e3o sem fins lucrativos constitu\u00edda segundo os estatutos e os objetivos da Alliance Fran\u00e7aise fundada em Paris em 1883. Tem o prop\u00f3sito de difundir a l\u00edngua francesa, reunir todos os que desejam contribuir para o desenvolvimento do conhecimento e o gosto pela l\u00edngua e o pensamento franc\u00eas.<\/p>\n<p>Se se identifica com a nossa miss\u00e3o e domina a l\u00edngua francesa, envie-nos a sua candidatura.<br \/>\n[\/et_pb_text][\/et_pb_column][\/et_pb_row][\/et_pb_section][et_pb_section fb_built=&#8221;1&#8243; _builder_version=&#8221;4.16&#8243; background_image=&#8221;https:\/\/www.alliancefr.pt\/porto\/wp-content\/uploads\/sites\/5\/2017\/08\/trabalha_connosco.jpg&#8221; parallax=&#8221;on&#8221; global_colors_info=&#8221;{}&#8221;][et_pb_row _builder_version=&#8221;4.16&#8243; global_colors_info=&#8221;{}&#8221;][et_pb_column type=&#8221;4_4&#8243; _builder_version=&#8221;4.16&#8243; background_position=&#8221;top_left&#8221; custom_padding=&#8221;|||&#8221; global_colors_info=&#8221;{}&#8221; custom_padding__hover=&#8221;|||&#8221;][et_pb_text admin_label=&#8221;desafio&#8221; module_class=&#8221;traducao-bloc&#8221; _builder_version=&#8221;4.16&#8243; text_font=&#8221;Open Sans||||&#8221; text_text_color=&#8221;#ffffff&#8221; text_font_size=&#8221;24&#8243; text_line_height=&#8221;1.8em&#8221; header_font=&#8221;Lato||||&#8221; header_text_color=&#8221;#ffffff&#8221; header_font_size=&#8221;36px&#8221; background_layout=&#8221;dark&#8221; custom_padding=&#8221;|10%||10%&#8221; border_style=&#8221;solid&#8221; global_colors_info=&#8221;{}&#8221;]<\/p>\n<p style=\"text-align: center;\"><em>Gosta de desafios? Venha trabalhar connosco e fa\u00e7a parte de uma equipa bilingue.<\/em><\/p>\n<p>[\/et_pb_text][\/et_pb_column][\/et_pb_row][\/et_pb_section][et_pb_section fb_built=&#8221;1&#8243; _builder_version=&#8221;4.16&#8243; background_color=&#8221;#ffffff&#8221; global_colors_info=&#8221;{}&#8221;][et_pb_row module_class=&#8221;bem-vindo-bloc&#8221; _builder_version=&#8221;4.16&#8243; background_size=&#8221;initial&#8221; background_position=&#8221;top_left&#8221; background_repeat=&#8221;repeat&#8221; global_colors_info=&#8221;{}&#8221;][et_pb_column type=&#8221;4_4&#8243; _builder_version=&#8221;4.16&#8243; background_position=&#8221;top_left&#8221; custom_padding=&#8221;|||&#8221; global_colors_info=&#8221;{}&#8221; custom_padding__hover=&#8221;|||&#8221;][et_pb_text admin_label=&#8221;Titulo&#8221; module_class=&#8221;titlebloc-1&#8243; _builder_version=&#8221;4.16&#8243; header_font=&#8221;|||on|&#8221; text_orientation=&#8221;center&#8221; module_alignment=&#8221;center&#8221; custom_padding=&#8221;|10%||10%&#8221; border_style=&#8221;solid&#8221; global_colors_info=&#8221;{}&#8221;]<\/p>\n<h2 style=\"text-align: center;\">Candidatura Espont\u00e2nea<\/h2>\n<p>[\/et_pb_text][et_pb_text admin_label=&#8221;Sob Titulo&#8221; _builder_version=&#8221;4.16&#8243; text_font=&#8221;Roboto|||on|&#8221; text_text_color=&#8221;#333333&#8243; text_font_size=&#8221;16&#8243; text_orientation=&#8221;center&#8221; module_alignment=&#8221;center&#8221; custom_padding=&#8221;|10%||10%&#8221; border_style=&#8221;solid&#8221; saved_tabs=&#8221;all&#8221; global_colors_info=&#8221;{}&#8221;]<\/p>\n<p style=\"text-align: center;\">Para enviar a sua candidatura espont\u00e2nea, preencha o formul\u00e1rio.<\/p>\n<p>[\/et_pb_text][\/et_pb_column][\/et_pb_row][et_pb_row module_class=&#8221;bem-vindo-bloc&#8221; _builder_version=&#8221;4.16&#8243; custom_margin=&#8221;20px|||&#8221; custom_margin_tablet=&#8221;0px|||&#8221; custom_margin_phone=&#8221;&#8221; custom_margin_last_edited=&#8221;on|tablet&#8221; custom_padding=&#8221;|10%||10%&#8221; global_colors_info=&#8221;{}&#8221;][et_pb_column type=&#8221;4_4&#8243; _builder_version=&#8221;4.16&#8243; background_position=&#8221;top_left&#8221; custom_padding=&#8221;|||&#8221; global_colors_info=&#8221;{}&#8221; custom_padding__hover=&#8221;|||&#8221;][et_pb_contact_form _builder_version=&#8221;4.23.1&#8243; _module_preset=&#8221;default&#8221; _unique_id=&#8221;93b0d8bc-33ad-4bde-a1bb-95e46b37037e&#8221; success_message=&#8221;<\/p>\n<p>Candidatura espont\u00e2nea enviada com sucesso<\/p>\n<p>&#8221; submit_button_text=&#8221;Enviar&#8221; email=&#8221;geral.porto@alliancefr.pt&#8221; custom_message=&#8221;Recebeu uma nova proposta de colabora\u00e7\u00e3o:<br \/>Tipo de Candidatura: %%tipocandidatura%%<br \/>Fun\u00e7\u00f5es: %%function%%<br \/>Nome: %%name%%<br \/>Nacionalidade: %%nacionality%%<br \/>Email: %%email%%<br \/>Telefone: %%phone%%&#8221; hover_enabled=&#8221;0&#8243; sticky_enabled=&#8221;0&#8243;][et_pb_contact_field field_id=&#8221;tipocandidatura&#8221; field_title=&#8221;Tipo de Candidatura&#8221; _builder_version=&#8221;4.23.1&#8243; hover_enabled=&#8221;0&#8243; global_colors_info=&#8221;{}&#8221; button_text_size__hover_enabled=&#8221;off&#8221; button_one_text_size__hover_enabled=&#8221;off&#8221; button_two_text_size__hover_enabled=&#8221;off&#8221; button_text_color__hover_enabled=&#8221;off&#8221; button_one_text_color__hover_enabled=&#8221;off&#8221; button_two_text_color__hover_enabled=&#8221;off&#8221; button_border_width__hover_enabled=&#8221;off&#8221; button_one_border_width__hover_enabled=&#8221;off&#8221; button_two_border_width__hover_enabled=&#8221;off&#8221; button_border_color__hover_enabled=&#8221;off&#8221; button_one_border_color__hover_enabled=&#8221;off&#8221; button_two_border_color__hover_enabled=&#8221;off&#8221; button_border_radius__hover_enabled=&#8221;off&#8221; button_one_border_radius__hover_enabled=&#8221;off&#8221; button_two_border_radius__hover_enabled=&#8221;off&#8221; button_letter_spacing__hover_enabled=&#8221;off&#8221; button_one_letter_spacing__hover_enabled=&#8221;off&#8221; button_two_letter_spacing__hover_enabled=&#8221;off&#8221; button_bg_color__hover_enabled=&#8221;off&#8221; button_one_bg_color__hover_enabled=&#8221;off&#8221; button_two_bg_color__hover_enabled=&#8221;off&#8221; field_type=&#8221;radio&#8221; radio_options=&#8221;%91{%22value%22:%22Est\u00e1gio%22,%22checked%22:0,%22dragID%22:-1},{%22value%22:%22Recrutamento%22,%22checked%22:0,%22dragID%22:0}%93&#8243; sticky_enabled=&#8221;0&#8243;][\/et_pb_contact_field][et_pb_contact_field _builder_version=&#8221;4.23.1&#8243; _module_preset=&#8221;default&#8221; field_id=&#8221;function&#8221; field_title=&#8221;Fun\u00e7\u00f5es&#8221; field_type=&#8221;radio&#8221; radio_options=&#8221;%91{%22value%22:%22Professor\/a%22,%22checked%22:0,%22dragID%22:-1},{%22value%22:%22Administrativo\/a%22,%22checked%22:0,%22dragID%22:0},{%22value%22:%22Tradutor\/a%22,%22checked%22:0,%22dragID%22:1},{%22value%22:%22Outros%22,%22checked%22:0,%22dragID%22:2}%93&#8243; hover_enabled=&#8221;0&#8243; sticky_enabled=&#8221;0&#8243;][\/et_pb_contact_field][et_pb_contact_field _builder_version=&#8221;4.23.1&#8243; _module_preset=&#8221;default&#8221; field_id=&#8221;name&#8221; field_title=&#8221;Nome&#8221; use_field_label=&#8221;on&#8221; hover_enabled=&#8221;0&#8243; sticky_enabled=&#8221;0&#8243;][\/et_pb_contact_field][et_pb_contact_field _builder_version=&#8221;4.23.1&#8243; _module_preset=&#8221;default&#8221; field_id=&#8221;nacionality&#8221; field_title=&#8221;Nacionalidade&#8221; use_field_label=&#8221;on&#8221; hover_enabled=&#8221;0&#8243; sticky_enabled=&#8221;0&#8243;][\/et_pb_contact_field][et_pb_contact_field field_id=&#8221;email&#8221; field_title=&#8221;Endere\u00e7o de email&#8221; field_type=&#8221;email&#8221; _builder_version=&#8221;4.23.1&#8243; hover_enabled=&#8221;0&#8243; global_colors_info=&#8221;{}&#8221; button_text_size__hover_enabled=&#8221;off&#8221; button_one_text_size__hover_enabled=&#8221;off&#8221; button_two_text_size__hover_enabled=&#8221;off&#8221; button_text_color__hover_enabled=&#8221;off&#8221; button_one_text_color__hover_enabled=&#8221;off&#8221; button_two_text_color__hover_enabled=&#8221;off&#8221; button_border_width__hover_enabled=&#8221;off&#8221; button_one_border_width__hover_enabled=&#8221;off&#8221; button_two_border_width__hover_enabled=&#8221;off&#8221; button_border_color__hover_enabled=&#8221;off&#8221; button_one_border_color__hover_enabled=&#8221;off&#8221; button_two_border_color__hover_enabled=&#8221;off&#8221; button_border_radius__hover_enabled=&#8221;off&#8221; button_one_border_radius__hover_enabled=&#8221;off&#8221; button_two_border_radius__hover_enabled=&#8221;off&#8221; button_letter_spacing__hover_enabled=&#8221;off&#8221; button_one_letter_spacing__hover_enabled=&#8221;off&#8221; button_two_letter_spacing__hover_enabled=&#8221;off&#8221; button_bg_color__hover_enabled=&#8221;off&#8221; button_one_bg_color__hover_enabled=&#8221;off&#8221; button_two_bg_color__hover_enabled=&#8221;off&#8221; sticky_enabled=&#8221;0&#8243;][\/et_pb_contact_field][et_pb_contact_field fullwidth_field=&#8221;on&#8221; _builder_version=&#8221;4.23.1&#8243; _module_preset=&#8221;default&#8221; field_id=&#8221;phone&#8221; field_title=&#8221;Telefone&#8221; use_field_label=&#8221;on&#8221; hover_enabled=&#8221;0&#8243; sticky_enabled=&#8221;0&#8243;][\/et_pb_contact_field][et_pb_contact_field field_id=&#8221;Message&#8221; field_title=&#8221;Message&#8221; field_type=&#8221;text&#8221; fullwidth_field=&#8221;on&#8221; _builder_version=&#8221;4.16&#8243; global_colors_info=&#8221;{}&#8221; button_text_size__hover_enabled=&#8221;off&#8221; button_one_text_size__hover_enabled=&#8221;off&#8221; button_two_text_size__hover_enabled=&#8221;off&#8221; button_text_color__hover_enabled=&#8221;off&#8221; button_one_text_color__hover_enabled=&#8221;off&#8221; button_two_text_color__hover_enabled=&#8221;off&#8221; button_border_width__hover_enabled=&#8221;off&#8221; button_one_border_width__hover_enabled=&#8221;off&#8221; button_two_border_width__hover_enabled=&#8221;off&#8221; button_border_color__hover_enabled=&#8221;off&#8221; button_one_border_color__hover_enabled=&#8221;off&#8221; button_two_border_color__hover_enabled=&#8221;off&#8221; button_border_radius__hover_enabled=&#8221;off&#8221; button_one_border_radius__hover_enabled=&#8221;off&#8221; button_two_border_radius__hover_enabled=&#8221;off&#8221; button_letter_spacing__hover_enabled=&#8221;off&#8221; button_one_letter_spacing__hover_enabled=&#8221;off&#8221; button_two_letter_spacing__hover_enabled=&#8221;off&#8221; button_bg_color__hover_enabled=&#8221;off&#8221; button_one_bg_color__hover_enabled=&#8221;off&#8221; button_two_bg_color__hover_enabled=&#8221;off&#8221;][\/et_pb_contact_field][et_pb_contact_field fullwidth_field=&#8221;on&#8221; _builder_version=&#8221;4.23.1&#8243; _module_preset=&#8221;default&#8221; field_id=&#8221;cv2&#8243; field_title=&#8221;CV&#8221; use_file_upload=&#8221;on&#8221; file_size=&#8221;5000 KB&#8221; file_mime=&#8221;on|on|off|off|off|off|off|off|off|off|on|on|on|off|off|off|off|off|off|off|off|off|off|off|off|off|off|off|off|off|off|off|off|off&#8221; hover_enabled=&#8221;0&#8243; sticky_enabled=&#8221;0&#8243; files_limit=&#8221;1&#8243;][\/et_pb_contact_field][et_pb_contact_field fullwidth_field=&#8221;on&#8221; _builder_version=&#8221;4.23.1&#8243; _module_preset=&#8221;default&#8221; field_id=&#8221;cv2_2&#8243; field_title=&#8221;Carta de apresenta\u00e7\u00e3o&#8221; use_field_label=&#8221;on&#8221; use_file_upload=&#8221;on&#8221; file_size=&#8221;5000 KB&#8221; file_mime=&#8221;on|on|off|off|off|off|off|off|off|off|on|on|on|off|off|off|off|off|off|off|off|off|off|off|off|off|off|off|off|off|off|off|off|off&#8221; hover_enabled=&#8221;0&#8243; sticky_enabled=&#8221;0&#8243; files_limit=&#8221;1&#8243;][\/et_pb_contact_field][et_pb_contact_field fullwidth_field=&#8221;on&#8221; _builder_version=&#8221;4.23.1&#8243; _module_preset=&#8221;default&#8221; field_id=&#8221;aprovacao&#8221; field_title=&#8221;Dou consentimento para tratamento dos meus dados pessoais constantes da candidatura a Alliance Fran\u00e7aise do Porto, incluindo o registo e conserva\u00e7\u00e3o em base digital, pelo tempo necess\u00e1rio. Ao preencher este question\u00e1rio autorizo a Alliance Fran\u00e7aise do Porto a guardar a minha informa\u00e7\u00e3o pessoal e a utiliz\u00e1-la para fins relacionados com processos de recrutamento e sele\u00e7\u00e3o.&#8221; field_type=&#8221;radio&#8221; radio_options=&#8221;%91{%22value%22:%22Sim%22,%22checked%22:0,%22dragID%22:-1}%93&#8243; hover_enabled=&#8221;0&#8243; sticky_enabled=&#8221;0&#8243;][\/et_pb_contact_field][\/et_pb_contact_form][\/et_pb_column][\/et_pb_row][\/et_pb_section]<\/p>\n","protected":false},"excerpt":{"rendered":"<p>Junte-se \u00e0 nossa equipa Alliance Fran\u00e7aise de Porto \u00e9 uma Associa\u00e7\u00e3o sem fins lucrativos constitu\u00edda segundo os estatutos e os objetivos da Alliance Fran\u00e7aise fundada em Paris em 1883. Tem o prop\u00f3sito de difundir a l\u00edngua francesa, reunir todos os que desejam contribuir para o desenvolvimento do conhecimento e o gosto pela l\u00edngua e o [&hellip;]<\/p>\n","protected":false},"author":1,"featured_media":0,"parent":79,"menu_order":0,"comment_status":"closed","ping_status":"closed","template":"","meta":{"_acf_changed":false,"_et_pb_use_builder":"on","_et_pb_old_content":"","_et_gb_content_width":"","_exactmetrics_skip_tracking":false,"_exactmetrics_sitenote_active":false,"_exactmetrics_sitenote_note":"","_exactmetrics_sitenote_category":0,"footnotes":""},"class_list":["post-170","page","type-page","status-publish","hentry"],"acf":[],"yoast_head":"<!-- This site is optimized with the Yoast SEO plugin v27.0 - https:\/\/yoast.com\/product\/yoast-seo-wordpress\/ -->\n<title>Trabalhe Connosco - Empregos na Alliance Fran\u00e7aise do Porto<\/title>\n<meta name=\"description\" content=\"Empregos na Alliance Fran\u00e7aise do Porto - Alliance Fran\u00e7aise de Porto \u00e9 uma Associa\u00e7\u00e3o sem fins lucrativos constitu\u00edda segundo os estatutos e os objetivos da Alliance Fran\u00e7aise fundada em Paris em 1883. Gosta de desafios? Venha trabalhar connosco e fa\u00e7a parte de uma equipa bilingue.\" \/>\n<meta name=\"robots\" content=\"index, follow, max-snippet:-1, max-image-preview:large, max-video-preview:-1\" \/>\n<link rel=\"canonical\" href=\"https:\/\/www.alliancefr.pt\/porto\/quem-somos\/empregos-na-alliance-francaise-do-porto\/\" \/>\n<meta property=\"og:locale\" content=\"pt_PT\" \/>\n<meta property=\"og:type\" content=\"article\" \/>\n<meta property=\"og:title\" content=\"Trabalhe Connosco - Empregos na Alliance Fran\u00e7aise do Porto\" \/>\n<meta property=\"og:description\" content=\"Empregos na Alliance Fran\u00e7aise do Porto - Alliance Fran\u00e7aise de Porto \u00e9 uma Associa\u00e7\u00e3o sem fins lucrativos constitu\u00edda segundo os estatutos e os objetivos da Alliance Fran\u00e7aise fundada em Paris em 1883. Gosta de desafios? Venha trabalhar connosco e fa\u00e7a parte de uma equipa bilingue.\" \/>\n<meta property=\"og:url\" content=\"https:\/\/www.alliancefr.pt\/porto\/quem-somos\/empregos-na-alliance-francaise-do-porto\/\" \/>\n<meta property=\"og:site_name\" content=\"Alliance Fran\u00e7aise Porto\" \/>\n<meta property=\"article:modified_time\" content=\"2024-05-10T19:13:20+00:00\" \/>\n<meta name=\"twitter:card\" content=\"summary_large_image\" \/>\n<meta name=\"twitter:label1\" content=\"Tempo estimado de leitura\" \/>\n\t<meta name=\"twitter:data1\" content=\"7 minutos\" \/>\n<script type=\"application\/ld+json\" class=\"yoast-schema-graph\">{\"@context\":\"https:\/\/schema.org\",\"@graph\":[{\"@type\":\"WebPage\",\"@id\":\"https:\/\/www.alliancefr.pt\/porto\/quem-somos\/empregos-na-alliance-francaise-do-porto\/\",\"url\":\"https:\/\/www.alliancefr.pt\/porto\/quem-somos\/empregos-na-alliance-francaise-do-porto\/\",\"name\":\"Trabalhe Connosco - Empregos na Alliance Fran\u00e7aise do Porto\",\"isPartOf\":{\"@id\":\"https:\/\/www.alliancefr.pt\/porto\/#website\"},\"datePublished\":\"2017-08-21T15:49:40+00:00\",\"dateModified\":\"2024-05-10T19:13:20+00:00\",\"description\":\"Empregos na Alliance Fran\u00e7aise do Porto - Alliance Fran\u00e7aise de Porto \u00e9 uma Associa\u00e7\u00e3o sem fins lucrativos constitu\u00edda segundo os estatutos e os objetivos da Alliance Fran\u00e7aise fundada em Paris em 1883. Gosta de desafios? Venha trabalhar connosco e fa\u00e7a parte de uma equipa bilingue.\",\"breadcrumb\":{\"@id\":\"https:\/\/www.alliancefr.pt\/porto\/quem-somos\/empregos-na-alliance-francaise-do-porto\/#breadcrumb\"},\"inLanguage\":\"pt-PT\",\"potentialAction\":[{\"@type\":\"ReadAction\",\"target\":[\"https:\/\/www.alliancefr.pt\/porto\/quem-somos\/empregos-na-alliance-francaise-do-porto\/\"]}]},{\"@type\":\"BreadcrumbList\",\"@id\":\"https:\/\/www.alliancefr.pt\/porto\/quem-somos\/empregos-na-alliance-francaise-do-porto\/#breadcrumb\",\"itemListElement\":[{\"@type\":\"ListItem\",\"position\":1,\"name\":\"In\u00edcio\",\"item\":\"https:\/\/www.alliancefr.pt\/porto\/\"},{\"@type\":\"ListItem\",\"position\":2,\"name\":\"Quem somos\",\"item\":\"https:\/\/www.alliancefr.pt\/porto\/quem-somos\/\"},{\"@type\":\"ListItem\",\"position\":3,\"name\":\"Trabalhe connosco\"}]},{\"@type\":\"WebSite\",\"@id\":\"https:\/\/www.alliancefr.pt\/porto\/#website\",\"url\":\"https:\/\/www.alliancefr.pt\/porto\/\",\"name\":\"Alliance Fran\u00e7aise Porto\",\"description\":\"Alliances Fran\u00e7aises de Lisbonne\",\"potentialAction\":[{\"@type\":\"SearchAction\",\"target\":{\"@type\":\"EntryPoint\",\"urlTemplate\":\"https:\/\/www.alliancefr.pt\/porto\/?s={search_term_string}\"},\"query-input\":{\"@type\":\"PropertyValueSpecification\",\"valueRequired\":true,\"valueName\":\"search_term_string\"}}],\"inLanguage\":\"pt-PT\"}]}<\/script>\n<!-- \/ Yoast SEO plugin. -->","yoast_head_json":{"title":"Trabalhe Connosco - Empregos na Alliance Fran\u00e7aise do Porto","description":"Empregos na Alliance Fran\u00e7aise do Porto - Alliance Fran\u00e7aise de Porto \u00e9 uma Associa\u00e7\u00e3o sem fins lucrativos constitu\u00edda segundo os estatutos e os objetivos da Alliance Fran\u00e7aise fundada em Paris em 1883. Gosta de desafios? Venha trabalhar connosco e fa\u00e7a parte de uma equipa bilingue.","robots":{"index":"index","follow":"follow","max-snippet":"max-snippet:-1","max-image-preview":"max-image-preview:large","max-video-preview":"max-video-preview:-1"},"canonical":"https:\/\/www.alliancefr.pt\/porto\/quem-somos\/empregos-na-alliance-francaise-do-porto\/","og_locale":"pt_PT","og_type":"article","og_title":"Trabalhe Connosco - Empregos na Alliance Fran\u00e7aise do Porto","og_description":"Empregos na Alliance Fran\u00e7aise do Porto - Alliance Fran\u00e7aise de Porto \u00e9 uma Associa\u00e7\u00e3o sem fins lucrativos constitu\u00edda segundo os estatutos e os objetivos da Alliance Fran\u00e7aise fundada em Paris em 1883. Gosta de desafios? Venha trabalhar connosco e fa\u00e7a parte de uma equipa bilingue.","og_url":"https:\/\/www.alliancefr.pt\/porto\/quem-somos\/empregos-na-alliance-francaise-do-porto\/","og_site_name":"Alliance Fran\u00e7aise Porto","article_modified_time":"2024-05-10T19:13:20+00:00","twitter_card":"summary_large_image","twitter_misc":{"Tempo estimado de leitura":"7 minutos"},"schema":{"@context":"https:\/\/schema.org","@graph":[{"@type":"WebPage","@id":"https:\/\/www.alliancefr.pt\/porto\/quem-somos\/empregos-na-alliance-francaise-do-porto\/","url":"https:\/\/www.alliancefr.pt\/porto\/quem-somos\/empregos-na-alliance-francaise-do-porto\/","name":"Trabalhe Connosco - Empregos na Alliance Fran\u00e7aise do Porto","isPartOf":{"@id":"https:\/\/www.alliancefr.pt\/porto\/#website"},"datePublished":"2017-08-21T15:49:40+00:00","dateModified":"2024-05-10T19:13:20+00:00","description":"Empregos na Alliance Fran\u00e7aise do Porto - Alliance Fran\u00e7aise de Porto \u00e9 uma Associa\u00e7\u00e3o sem fins lucrativos constitu\u00edda segundo os estatutos e os objetivos da Alliance Fran\u00e7aise fundada em Paris em 1883. Gosta de desafios? Venha trabalhar connosco e fa\u00e7a parte de uma equipa bilingue.","breadcrumb":{"@id":"https:\/\/www.alliancefr.pt\/porto\/quem-somos\/empregos-na-alliance-francaise-do-porto\/#breadcrumb"},"inLanguage":"pt-PT","potentialAction":[{"@type":"ReadAction","target":["https:\/\/www.alliancefr.pt\/porto\/quem-somos\/empregos-na-alliance-francaise-do-porto\/"]}]},{"@type":"BreadcrumbList","@id":"https:\/\/www.alliancefr.pt\/porto\/quem-somos\/empregos-na-alliance-francaise-do-porto\/#breadcrumb","itemListElement":[{"@type":"ListItem","position":1,"name":"In\u00edcio","item":"https:\/\/www.alliancefr.pt\/porto\/"},{"@type":"ListItem","position":2,"name":"Quem somos","item":"https:\/\/www.alliancefr.pt\/porto\/quem-somos\/"},{"@type":"ListItem","position":3,"name":"Trabalhe connosco"}]},{"@type":"WebSite","@id":"https:\/\/www.alliancefr.pt\/porto\/#website","url":"https:\/\/www.alliancefr.pt\/porto\/","name":"Alliance Fran\u00e7aise Porto","description":"Alliances Fran\u00e7aises de Lisbonne","potentialAction":[{"@type":"SearchAction","target":{"@type":"EntryPoint","urlTemplate":"https:\/\/www.alliancefr.pt\/porto\/?s={search_term_string}"},"query-input":{"@type":"PropertyValueSpecification","valueRequired":true,"valueName":"search_term_string"}}],"inLanguage":"pt-PT"}]}},"_links":{"self":[{"href":"https:\/\/www.alliancefr.pt\/porto\/wp-json\/wp\/v2\/pages\/170","targetHints":{"allow":["GET"]}}],"collection":[{"href":"https:\/\/www.alliancefr.pt\/porto\/wp-json\/wp\/v2\/pages"}],"about":[{"href":"https:\/\/www.alliancefr.pt\/porto\/wp-json\/wp\/v2\/types\/page"}],"author":[{"embeddable":true,"href":"https:\/\/www.alliancefr.pt\/porto\/wp-json\/wp\/v2\/users\/1"}],"replies":[{"embeddable":true,"href":"https:\/\/www.alliancefr.pt\/porto\/wp-json\/wp\/v2\/comments?post=170"}],"version-history":[{"count":66,"href":"https:\/\/www.alliancefr.pt\/porto\/wp-json\/wp\/v2\/pages\/170\/revisions"}],"predecessor-version":[{"id":6168,"href":"https:\/\/www.alliancefr.pt\/porto\/wp-json\/wp\/v2\/pages\/170\/revisions\/6168"}],"up":[{"embeddable":true,"href":"https:\/\/www.alliancefr.pt\/porto\/wp-json\/wp\/v2\/pages\/79"}],"wp:attachment":[{"href":"https:\/\/www.alliancefr.pt\/porto\/wp-json\/wp\/v2\/media?parent=170"}],"curies":[{"name":"wp","href":"https:\/\/api.w.org\/{rel}","templated":true}]}}