{"id":168,"date":"2017-08-21T15:49:21","date_gmt":"2017-08-21T15:49:21","guid":{"rendered":"https:\/\/www.alliancefr.pt\/porto\/?page_id=168"},"modified":"2026-01-15T23:49:02","modified_gmt":"2026-01-15T23:49:02","slug":"protocolos-e-parcerias","status":"publish","type":"page","link":"https:\/\/www.alliancefr.pt\/porto\/protocolos-e-parcerias\/","title":{"rendered":"Protocolos &amp; Parcerias"},"content":{"rendered":"<p>[et_pb_section fb_built=&#8221;1&#8243; _builder_version=&#8221;4.16&#8243; global_colors_info=&#8221;{}&#8221;][et_pb_row _builder_version=&#8221;4.16&#8243; background_size=&#8221;initial&#8221; background_position=&#8221;top_left&#8221; background_repeat=&#8221;repeat&#8221; min_height=&#8221;207.8px&#8221; custom_margin=&#8221;-198px|auto||auto||&#8221; global_colors_info=&#8221;{}&#8221;][et_pb_column type=&#8221;4_4&#8243; _builder_version=&#8221;4.16&#8243; custom_padding=&#8221;|||&#8221; global_colors_info=&#8221;{}&#8221; custom_padding__hover=&#8221;|||&#8221;][et_pb_text admin_label=&#8221;Parceiros&#8221; module_class=&#8221;titlebloc-1&#8243; _builder_version=&#8221;4.16&#8243; text_orientation=&#8221;center&#8221; module_alignment=&#8221;center&#8221; custom_padding=&#8221;|15%||15%&#8221; border_style=&#8221;solid&#8221; global_colors_info=&#8221;{}&#8221;]<\/p>\n<h2 style=\"text-align: center\">Os parceiros<\/h2>\n<p style=\"text-align: center\">Institui\u00e7\u00f5es parceiras da Alliance Fran\u00e7aise do Porto<\/p>\n<p>[\/et_pb_text][\/et_pb_column][\/et_pb_row][et_pb_row _builder_version=&#8221;4.16&#8243; custom_padding=&#8221;0px||0px|&#8221; global_colors_info=&#8221;{}&#8221;][et_pb_column type=&#8221;4_4&#8243; _builder_version=&#8221;4.16&#8243; background_position=&#8221;top_left&#8221; custom_padding=&#8221;|||&#8221; global_colors_info=&#8221;{}&#8221; custom_padding__hover=&#8221;|||&#8221;][et_pb_sidebar area=&#8221;et_pb_widget_area_1&#8243; admin_label=&#8221;parceiros image list&#8221; module_class=&#8221;parceiros-hp owl-carousel owl-theme&#8221; _builder_version=&#8221;4.16&#8243; global_colors_info=&#8221;{}&#8221;][\/et_pb_sidebar][et_pb_sidebar area=&#8221;et_pb_widget_area_5&#8243; admin_label=&#8221;parceiros image list&#8221; module_class=&#8221;parceiros-hp owl-carousel owl-theme&#8221; _builder_version=&#8221;4.16&#8243; global_colors_info=&#8221;{}&#8221;][\/et_pb_sidebar][et_pb_sidebar area=&#8221;et_pb_widget_area_6&#8243; admin_label=&#8221;parceiros image list&#8221; module_class=&#8221;parceiros-hp owl-carousel owl-theme&#8221; _builder_version=&#8221;4.16&#8243; global_colors_info=&#8221;{}&#8221;][\/et_pb_sidebar][\/et_pb_column][\/et_pb_row][\/et_pb_section][et_pb_section fb_built=&#8221;1&#8243; _builder_version=&#8221;4.16&#8243; background_color=&#8221;rgba(255,255,255,0)&#8221; custom_padding=&#8221;0px||20px|&#8221; transparent_background=&#8221;on&#8221; global_colors_info=&#8221;{}&#8221;][et_pb_row _builder_version=&#8221;4.16&#8243; background_size=&#8221;initial&#8221; background_position=&#8221;top_left&#8221; background_repeat=&#8221;repeat&#8221; global_colors_info=&#8221;{}&#8221;][et_pb_column type=&#8221;4_4&#8243; _builder_version=&#8221;4.16&#8243; custom_padding=&#8221;|||&#8221; global_colors_info=&#8221;{}&#8221; custom_padding__hover=&#8221;|||&#8221;][et_pb_text admin_label=&#8221;Titulo + intro&#8221; module_class=&#8221;titlebloc-1&#8243; _builder_version=&#8221;4.16&#8243; text_orientation=&#8221;center&#8221; module_alignment=&#8221;center&#8221; custom_padding=&#8221;|10%||10%&#8221; border_style=&#8221;solid&#8221; saved_tabs=&#8221;all&#8221; global_colors_info=&#8221;{}&#8221;]<\/p>\n<p style=\"text-align: center\"><em>A Alliance Fran\u00e7aise de Porto colabora com diversas institui\u00e7\u00f5es.<br \/>\nVerifique na secretaria os protocolos em vigor para poder usufruir de descontos no ato de inscri\u00e7\u00e3o..<\/em><\/p>\n<p>[\/et_pb_text][et_pb_text admin_label=&#8221;Titulo + intro&#8221; module_class=&#8221;titlebloc-1&#8243; _builder_version=&#8221;4.16&#8243; text_orientation=&#8221;center&#8221; module_alignment=&#8221;center&#8221; custom_padding=&#8221;|10%||10%&#8221; border_style=&#8221;solid&#8221; saved_tabs=&#8221;all&#8221; global_colors_info=&#8221;{}&#8221;]<\/p>\n<h2 style=\"text-align: center\">BENEF\u00cdCIOS CART\u00c3O DE ALUNO<\/h2>\n<p style=\"text-align: center\">Fa\u00e7a a sua inscri\u00e7\u00e3o, receba o seu cart\u00e3o e usufrua dos descontos.<br \/>\nObrigat\u00f3ria a apresenta\u00e7\u00e3o do cart\u00e3o de aluno nos locais assinalados.<\/p>\n<p>[\/et_pb_text][\/et_pb_column][\/et_pb_row][\/et_pb_section]<\/p>\n","protected":false},"excerpt":{"rendered":"<p>Os parceiros Institui\u00e7\u00f5es parceiras da Alliance Fran\u00e7aise do PortoA Alliance Fran\u00e7aise de Porto colabora com diversas institui\u00e7\u00f5es. Verifique na secretaria os protocolos em vigor para poder usufruir de descontos no ato de inscri\u00e7\u00e3o.. BENEF\u00cdCIOS CART\u00c3O DE ALUNO Fa\u00e7a a sua inscri\u00e7\u00e3o, receba o seu cart\u00e3o e usufrua dos descontos. Obrigat\u00f3ria a apresenta\u00e7\u00e3o do cart\u00e3o de [&hellip;]<\/p>\n","protected":false},"author":1,"featured_media":0,"parent":0,"menu_order":0,"comment_status":"closed","ping_status":"closed","template":"page_protocolos_e_parcerias.php","meta":{"_acf_changed":false,"_et_pb_use_builder":"on","_et_pb_old_content":"","_et_gb_content_width":"","_exactmetrics_skip_tracking":false,"_exactmetrics_sitenote_active":false,"_exactmetrics_sitenote_note":"","_exactmetrics_sitenote_category":0,"footnotes":""},"class_list":["post-168","page","type-page","status-publish","hentry"],"acf":[],"yoast_head":"<!-- This site is optimized with the Yoast SEO plugin v27.0 - https:\/\/yoast.com\/product\/yoast-seo-wordpress\/ -->\n<title>Parcerias e Protocolos - Alliance Fran\u00e7aise do Porto<\/title>\n<meta name=\"description\" content=\"A Alliance Fran\u00e7aise de Porto colabora com diversas institui\u00e7\u00f5es. Verifique as parcerias em vigor para poder usufruir de descontos no ato de inscri\u00e7\u00e3o. A Alliance Fran\u00e7aise de Porto \u00e9 reconhecida como a mais prestigiada institui\u00e7\u00e3o de ensino da l\u00edngua francesa existente no Porto.\" \/>\n<meta name=\"robots\" content=\"index, follow, max-snippet:-1, max-image-preview:large, max-video-preview:-1\" \/>\n<link rel=\"canonical\" href=\"https:\/\/www.alliancefr.pt\/porto\/protocolos-e-parcerias\/\" \/>\n<meta property=\"og:locale\" content=\"pt_PT\" \/>\n<meta property=\"og:type\" content=\"article\" \/>\n<meta property=\"og:title\" content=\"Parcerias e Protocolos - Alliance Fran\u00e7aise do Porto\" \/>\n<meta property=\"og:description\" content=\"A Alliance Fran\u00e7aise de Porto colabora com diversas institui\u00e7\u00f5es. Verifique as parcerias em vigor para poder usufruir de descontos no ato de inscri\u00e7\u00e3o. A Alliance Fran\u00e7aise de Porto \u00e9 reconhecida como a mais prestigiada institui\u00e7\u00e3o de ensino da l\u00edngua francesa existente no Porto.\" \/>\n<meta property=\"og:url\" content=\"https:\/\/www.alliancefr.pt\/porto\/protocolos-e-parcerias\/\" \/>\n<meta property=\"og:site_name\" content=\"Alliance Fran\u00e7aise Porto\" \/>\n<meta property=\"article:modified_time\" content=\"2026-01-15T23:49:02+00:00\" \/>\n<meta name=\"twitter:card\" content=\"summary_large_image\" \/>\n<meta name=\"twitter:label1\" content=\"Tempo estimado de leitura\" \/>\n\t<meta name=\"twitter:data1\" content=\"5 minutos\" \/>\n<script type=\"application\/ld+json\" class=\"yoast-schema-graph\">{\"@context\":\"https:\/\/schema.org\",\"@graph\":[{\"@type\":\"WebPage\",\"@id\":\"https:\/\/www.alliancefr.pt\/porto\/protocolos-e-parcerias\/\",\"url\":\"https:\/\/www.alliancefr.pt\/porto\/protocolos-e-parcerias\/\",\"name\":\"Parcerias e Protocolos - Alliance Fran\u00e7aise do Porto\",\"isPartOf\":{\"@id\":\"https:\/\/www.alliancefr.pt\/porto\/#website\"},\"datePublished\":\"2017-08-21T15:49:21+00:00\",\"dateModified\":\"2026-01-15T23:49:02+00:00\",\"description\":\"A Alliance Fran\u00e7aise de Porto colabora com diversas institui\u00e7\u00f5es. Verifique as parcerias em vigor para poder usufruir de descontos no ato de inscri\u00e7\u00e3o. A Alliance Fran\u00e7aise de Porto \u00e9 reconhecida como a mais prestigiada institui\u00e7\u00e3o de ensino da l\u00edngua francesa existente no Porto.\",\"breadcrumb\":{\"@id\":\"https:\/\/www.alliancefr.pt\/porto\/protocolos-e-parcerias\/#breadcrumb\"},\"inLanguage\":\"pt-PT\",\"potentialAction\":[{\"@type\":\"ReadAction\",\"target\":[\"https:\/\/www.alliancefr.pt\/porto\/protocolos-e-parcerias\/\"]}]},{\"@type\":\"BreadcrumbList\",\"@id\":\"https:\/\/www.alliancefr.pt\/porto\/protocolos-e-parcerias\/#breadcrumb\",\"itemListElement\":[{\"@type\":\"ListItem\",\"position\":1,\"name\":\"In\u00edcio\",\"item\":\"https:\/\/www.alliancefr.pt\/porto\/\"},{\"@type\":\"ListItem\",\"position\":2,\"name\":\"Protocolos &amp; Parcerias\"}]},{\"@type\":\"WebSite\",\"@id\":\"https:\/\/www.alliancefr.pt\/porto\/#website\",\"url\":\"https:\/\/www.alliancefr.pt\/porto\/\",\"name\":\"Alliance Fran\u00e7aise Porto\",\"description\":\"Alliances Fran\u00e7aises de Lisbonne\",\"potentialAction\":[{\"@type\":\"SearchAction\",\"target\":{\"@type\":\"EntryPoint\",\"urlTemplate\":\"https:\/\/www.alliancefr.pt\/porto\/?s={search_term_string}\"},\"query-input\":{\"@type\":\"PropertyValueSpecification\",\"valueRequired\":true,\"valueName\":\"search_term_string\"}}],\"inLanguage\":\"pt-PT\"}]}<\/script>\n<!-- \/ Yoast SEO plugin. -->","yoast_head_json":{"title":"Parcerias e Protocolos - Alliance Fran\u00e7aise do Porto","description":"A Alliance Fran\u00e7aise de Porto colabora com diversas institui\u00e7\u00f5es. Verifique as parcerias em vigor para poder usufruir de descontos no ato de inscri\u00e7\u00e3o. A Alliance Fran\u00e7aise de Porto \u00e9 reconhecida como a mais prestigiada institui\u00e7\u00e3o de ensino da l\u00edngua francesa existente no Porto.","robots":{"index":"index","follow":"follow","max-snippet":"max-snippet:-1","max-image-preview":"max-image-preview:large","max-video-preview":"max-video-preview:-1"},"canonical":"https:\/\/www.alliancefr.pt\/porto\/protocolos-e-parcerias\/","og_locale":"pt_PT","og_type":"article","og_title":"Parcerias e Protocolos - Alliance Fran\u00e7aise do Porto","og_description":"A Alliance Fran\u00e7aise de Porto colabora com diversas institui\u00e7\u00f5es. Verifique as parcerias em vigor para poder usufruir de descontos no ato de inscri\u00e7\u00e3o. A Alliance Fran\u00e7aise de Porto \u00e9 reconhecida como a mais prestigiada institui\u00e7\u00e3o de ensino da l\u00edngua francesa existente no Porto.","og_url":"https:\/\/www.alliancefr.pt\/porto\/protocolos-e-parcerias\/","og_site_name":"Alliance Fran\u00e7aise Porto","article_modified_time":"2026-01-15T23:49:02+00:00","twitter_card":"summary_large_image","twitter_misc":{"Tempo estimado de leitura":"5 minutos"},"schema":{"@context":"https:\/\/schema.org","@graph":[{"@type":"WebPage","@id":"https:\/\/www.alliancefr.pt\/porto\/protocolos-e-parcerias\/","url":"https:\/\/www.alliancefr.pt\/porto\/protocolos-e-parcerias\/","name":"Parcerias e Protocolos - Alliance Fran\u00e7aise do Porto","isPartOf":{"@id":"https:\/\/www.alliancefr.pt\/porto\/#website"},"datePublished":"2017-08-21T15:49:21+00:00","dateModified":"2026-01-15T23:49:02+00:00","description":"A Alliance Fran\u00e7aise de Porto colabora com diversas institui\u00e7\u00f5es. Verifique as parcerias em vigor para poder usufruir de descontos no ato de inscri\u00e7\u00e3o. A Alliance Fran\u00e7aise de Porto \u00e9 reconhecida como a mais prestigiada institui\u00e7\u00e3o de ensino da l\u00edngua francesa existente no Porto.","breadcrumb":{"@id":"https:\/\/www.alliancefr.pt\/porto\/protocolos-e-parcerias\/#breadcrumb"},"inLanguage":"pt-PT","potentialAction":[{"@type":"ReadAction","target":["https:\/\/www.alliancefr.pt\/porto\/protocolos-e-parcerias\/"]}]},{"@type":"BreadcrumbList","@id":"https:\/\/www.alliancefr.pt\/porto\/protocolos-e-parcerias\/#breadcrumb","itemListElement":[{"@type":"ListItem","position":1,"name":"In\u00edcio","item":"https:\/\/www.alliancefr.pt\/porto\/"},{"@type":"ListItem","position":2,"name":"Protocolos &amp; Parcerias"}]},{"@type":"WebSite","@id":"https:\/\/www.alliancefr.pt\/porto\/#website","url":"https:\/\/www.alliancefr.pt\/porto\/","name":"Alliance Fran\u00e7aise Porto","description":"Alliances Fran\u00e7aises de Lisbonne","potentialAction":[{"@type":"SearchAction","target":{"@type":"EntryPoint","urlTemplate":"https:\/\/www.alliancefr.pt\/porto\/?s={search_term_string}"},"query-input":{"@type":"PropertyValueSpecification","valueRequired":true,"valueName":"search_term_string"}}],"inLanguage":"pt-PT"}]}},"_links":{"self":[{"href":"https:\/\/www.alliancefr.pt\/porto\/wp-json\/wp\/v2\/pages\/168","targetHints":{"allow":["GET"]}}],"collection":[{"href":"https:\/\/www.alliancefr.pt\/porto\/wp-json\/wp\/v2\/pages"}],"about":[{"href":"https:\/\/www.alliancefr.pt\/porto\/wp-json\/wp\/v2\/types\/page"}],"author":[{"embeddable":true,"href":"https:\/\/www.alliancefr.pt\/porto\/wp-json\/wp\/v2\/users\/1"}],"replies":[{"embeddable":true,"href":"https:\/\/www.alliancefr.pt\/porto\/wp-json\/wp\/v2\/comments?post=168"}],"version-history":[{"count":22,"href":"https:\/\/www.alliancefr.pt\/porto\/wp-json\/wp\/v2\/pages\/168\/revisions"}],"predecessor-version":[{"id":8177,"href":"https:\/\/www.alliancefr.pt\/porto\/wp-json\/wp\/v2\/pages\/168\/revisions\/8177"}],"wp:attachment":[{"href":"https:\/\/www.alliancefr.pt\/porto\/wp-json\/wp\/v2\/media?parent=168"}],"curies":[{"name":"wp","href":"https:\/\/api.w.org\/{rel}","templated":true}]}}