{"id":8289,"date":"2020-02-18T11:53:53","date_gmt":"2020-02-18T11:53:53","guid":{"rendered":"https:\/\/www.alliancefr.pt\/lisboa\/?page_id=8289"},"modified":"2023-03-13T13:29:59","modified_gmt":"2023-03-13T13:29:59","slug":"amoreiras","status":"publish","type":"page","link":"https:\/\/www.alliancefr.pt\/lisboa\/amoreiras\/","title":{"rendered":"Alliance Fran\u00e7aise Amoreiras"},"content":{"rendered":"<p>[et_pb_section bb_built=&#8221;1&#8243; fullwidth=&#8221;off&#8221; specialty=&#8221;off&#8221;][et_pb_row _builder_version=&#8221;3.0.59&#8243; background_position_1=&#8221;top_left&#8221; background_repeat_1=&#8221;no-repeat&#8221; background_position_2=&#8221;top_left&#8221; background_repeat_2=&#8221;no-repeat&#8221; module_class_2=&#8221;course-col course-col-annexe&#8221; make_equal=&#8221;on&#8221;][et_pb_column type=&#8221;3_4&#8243;][et_pb_map_lino _builder_version=&#8221;3.0.59&#8243; address=&#8221;Lisbon, Portugal&#8221; custom_style=&#8221;%91 { %22elementType%22: %22geometry%22, %22stylers%22: %91 { %22color%22: %22#f5f5f5%22 } %93 }, { %22elementType%22: %22labels.icon%22, %22stylers%22: %91 { %22visibility%22: %22off%22 } %93 }, { %22elementType%22: %22labels.text.fill%22, %22stylers%22: %91 { %22color%22: %22#616161%22 } %93 }, { %22elementType%22: %22labels.text.stroke%22, %22stylers%22: %91 { %22color%22: %22#f5f5f5%22 } %93 }, { %22featureType%22: %22administrative.land_parcel%22, %22elementType%22: %22labels.text.fill%22, %22stylers%22: %91 { %22color%22: %22#bdbdbd%22 } %93 }, { %22featureType%22: %22poi%22, %22elementType%22: %22geometry%22, %22stylers%22: %91 { %22color%22: %22#eeeeee%22 } %93 }, { %22featureType%22: %22poi%22, %22elementType%22: %22labels.text.fill%22, %22stylers%22: %91 { %22color%22: %22#757575%22 } %93 }, { %22featureType%22: %22poi.park%22, %22elementType%22: %22geometry%22, %22stylers%22: %91 { %22color%22: %22#e5e5e5%22 } %93 }, { %22featureType%22: %22poi.park%22, %22elementType%22: %22labels.text.fill%22, %22stylers%22: %91 { %22color%22: %22#9e9e9e%22 } %93 }, { %22featureType%22: %22road%22, %22elementType%22: %22geometry%22, %22stylers%22: %91 { %22color%22: %22#ffffff%22 } %93 }, { %22featureType%22: %22road.arterial%22, %22elementType%22: %22labels.text.fill%22, %22stylers%22: %91 { %22color%22: %22#757575%22 } %93 }, { %22featureType%22: %22road.highway%22, %22elementType%22: %22geometry%22, %22stylers%22: %91 { %22color%22: %22#dadada%22 } %93 }, { %22featureType%22: %22road.highway%22, %22elementType%22: %22labels.text.fill%22, %22stylers%22: %91 { %22color%22: %22#616161%22 } %93 }, { %22featureType%22: %22road.local%22, %22elementType%22: %22labels.text.fill%22, %22stylers%22: %91 { %22color%22: %22#9e9e9e%22 } %93 }, { %22featureType%22: %22transit.line%22, %22elementType%22: %22geometry%22, %22stylers%22: %91 { %22color%22: %22#e5e5e5%22 } %93 }, { %22featureType%22: %22transit.station%22, %22elementType%22: %22geometry%22, %22stylers%22: %91 { %22color%22: %22#eeeeee%22 } %93 }, { %22featureType%22: %22water%22, %22elementType%22: %22geometry%22, %22stylers%22: %91 { %22color%22: %22#c9c9c9%22 } %93 }, { %22featureType%22: %22water%22, %22elementType%22: %22labels.text.fill%22, %22stylers%22: %91 { %22color%22: %22#9e9e9e%22 } %93 } %93&#8243; zoom_level=&#8221;13&#8243; address_lat=&#8221;38.726270128956855&#8243; address_lng=&#8221;-9.156674399072237&#8243; mouse_wheel=&#8221;on&#8221; mobile_dragging=&#8221;on&#8221; use_grayscale_filter=&#8221;off&#8221; grayscale_filter_amount=&#8221;0&#8243; pin_url=&#8221;https:\/\/www.alliancefr.pt\/lisboa\/wp-content\/uploads\/sites\/2\/2017\/12\/pin-x1.png&#8221; module_class=&#8221;annexe-map&#8221;]<\/p>\n<p>[et_pb_map_pin_lino title=&#8221;Amoreiras&#8221; pin_address=&#8221;Av. Conselheiro Fernando de Sousa 21, 1070-072 Lisboa, Portugal&#8221; pin_address_lat=&#8221;38.7261098&#8243; pin_address_lng=&#8221;-9.161116200000038&#8243;]<\/p>\n<p>&nbsp;<\/p>\n<p>Alliance Fran\u00e7aise<br \/>\nAv. Conselheiro Fernando de Sousa, 21 A<br \/>\n1070-072 Lisboa<\/p>\n<p>&nbsp;<\/p>\n<p>[\/et_pb_map_pin_lino]<\/p>\n<p>[\/et_pb_map_lino][\/et_pb_column][et_pb_column type=&#8221;1_4&#8243;][et_pb_text admin_label=&#8221;Nome do local&#8221; _builder_version=&#8221;3.0.59&#8243; background_layout=&#8221;light&#8221; text_orientation=&#8221;center&#8221; border_style=&#8221;solid&#8221; header_font=&#8221;Open Sans||||&#8221; header_font_size=&#8221;18&#8243; header_text_color=&#8221;#333333&#8243; custom_padding=&#8221;|10px||10px&#8221;]<\/p>\n<h3>Amoreiras<\/h3>\n<p>Sede<\/p>\n<p>[\/et_pb_text][et_pb_divider _builder_version=&#8221;3.0.59&#8243; divider_style=&#8221;solid&#8221; divider_position=&#8221;top&#8221; hide_on_mobile=&#8221;off&#8221; \/][et_pb_blurb admin_label=&#8221;Endere\u00e7o&#8221; _builder_version=&#8221;3.0.59&#8243; url_new_window=&#8221;off&#8221; use_icon=&#8221;off&#8221; image=&#8221;https:\/\/www.alliancefr.pt\/lisboa\/wp-content\/uploads\/sites\/2\/2017\/07\/picto-local.png&#8221; use_circle=&#8221;off&#8221; use_circle_border=&#8221;off&#8221; icon_placement=&#8221;top&#8221; use_icon_font_size=&#8221;off&#8221; background_layout=&#8221;light&#8221; border_style=&#8221;solid&#8221; custom_padding=&#8221;|10px|0px|10px&#8221; animation=&#8221;top&#8221; text_orientation=&#8221;center&#8221; body_line_height=&#8221;1.3em&#8221;]<\/p>\n<p style=\"text-align: center;\">Av. Conselheiro Fernando de Sousa, 21-A<br \/>\n1070-072 Lisboa<\/p>\n<p>[\/et_pb_blurb][et_pb_blurb admin_label=&#8221;Telefone&#8221; _builder_version=&#8221;3.0.59&#8243; url_new_window=&#8221;off&#8221; use_icon=&#8221;off&#8221; image=&#8221;https:\/\/www.alliancefr.pt\/lisboa\/wp-content\/uploads\/sites\/2\/2017\/07\/picto-telefone.png&#8221; use_circle=&#8221;off&#8221; use_circle_border=&#8221;off&#8221; icon_placement=&#8221;top&#8221; use_icon_font_size=&#8221;off&#8221; background_layout=&#8221;light&#8221; border_style=&#8221;solid&#8221; custom_padding=&#8221;0px|10px|0px|10px&#8221; animation=&#8221;top&#8221; text_orientation=&#8221;center&#8221; saved_tabs=&#8221;all&#8221;]<\/p>\n<p>(+351) 212 400 086 (custo chamada rede fixa nacional)<\/p>\n<p>[\/et_pb_blurb][et_pb_blurb admin_label=&#8221;Email&#8221; _builder_version=&#8221;3.0.59&#8243; url_new_window=&#8221;off&#8221; use_icon=&#8221;off&#8221; image=&#8221;https:\/\/www.alliancefr.pt\/lisboa\/wp-content\/uploads\/sites\/2\/2017\/07\/picto-mail1.png&#8221; use_circle=&#8221;off&#8221; use_circle_border=&#8221;off&#8221; icon_placement=&#8221;top&#8221; use_icon_font_size=&#8221;off&#8221; background_layout=&#8221;light&#8221; border_style=&#8221;solid&#8221; custom_padding=&#8221;0px|10px|0px|10px&#8221; animation=&#8221;top&#8221; text_orientation=&#8221;center&#8221; saved_tabs=&#8221;all&#8221; custom_margin=&#8221;0px||0px|&#8221;]<\/p>\n<p><a href=\"mailto:geral.lisboa@alliancefr.pt\">geral.lisboa@alliancefr.pt<\/a><\/p>\n<p>[\/et_pb_blurb][et_pb_text _builder_version=&#8221;3.0.59&#8243; background_layout=&#8221;light&#8221; text_orientation=&#8221;left&#8221; border_style=&#8221;solid&#8221; custom_padding=&#8221;5px|10px|30px|10px&#8221;]<\/p>\n<hr \/>\n<p style=\"text-align: center;\"><img loading=\"lazy\" decoding=\"async\" class=\"alignnone wp-image-595\" src=\"https:\/\/www.alliancefr.pt\/lisboa\/wp-content\/uploads\/sites\/2\/2017\/07\/picto-secretaria.png\" alt=\"\" width=\"16\" height=\"16\" \/> Secretaria<br \/>\nDe segunda a sexta-feira<br \/>\nDas 08:45 \u00e0s 19:00<\/p>\n<p style=\"text-align: center;\">S\u00e1bado<br \/>\nDas 08:45 \u00e0s 13:00<\/p>\n<p>[\/et_pb_text][et_pb_button admin_label=&#8221;Horarios&#8221; _builder_version=&#8221;3.0.59&#8243; button_text=&#8221;Hor\u00e1rios&#8221; button_url=&#8221;https:\/\/www.alliancefr.pt\/lisboa\/horarios-dos-cursos-de-frances\/&#8221; url_new_window=&#8221;off&#8221; button_alignment=&#8221;center&#8221; background_layout=&#8221;light&#8221; custom_button=&#8221;off&#8221; button_border_width=&#8221;0&#8243; button_border_radius=&#8221;0&#8243; button_letter_spacing=&#8221;0&#8243; button_icon_placement=&#8221;right&#8221; button_border_radius_hover=&#8221;0&#8243; button_letter_spacing_hover=&#8221;0&#8243; \/][\/et_pb_column][\/et_pb_row][\/et_pb_section][et_pb_section bb_built=&#8221;1&#8243; fullwidth=&#8221;off&#8221; specialty=&#8221;off&#8221; _builder_version=&#8221;3.0.59&#8243; background_color=&#8221;#da2839&#8243; custom_padding=&#8221;40px||50px|&#8221;][et_pb_row _builder_version=&#8221;3.0.59&#8243; background_position_1=&#8221;top_left&#8221; background_repeat_1=&#8221;no-repeat&#8221;][et_pb_column type=&#8221;4_4&#8243;][et_pb_text admin_label=&#8221;Newsletter&#8221; _builder_version=&#8221;3.0.59&#8243; background_layout=&#8221;light&#8221; text_orientation=&#8221;center&#8221; border_style=&#8221;solid&#8221; custom_padding=&#8221;|15%|20px|15%&#8221; module_class=&#8221;titlebloc-2&#8243; text_line_height=&#8221;1em&#8221;]<\/p>\n<h2 style=\"text-align: center;\">Newsletter<\/h2>\n<p style=\"text-align: center;\">Receba as novidades da Alliance Fran\u00e7aise de Lisboa<br \/>\nAo enviar o seu e-mail, aceita os <a href=\"https:\/\/www.alliancefr.pt\/termos-condicoes-gerais\/\">termos e condi\u00e7\u00f5es de uso<\/a> do site www.alliancefr.pt \u2013 RGPD compliant<\/p>\n<p>[\/et_pb_text][et_pb_signup_horiz _builder_version=&#8221;3.0.59&#8243; button_text=&#8221;Subscrever&#8221; provider=&#8221;mailchimp&#8221; mailchimp_list=&#8221;Alliance Fran\u00e7aise de Lisboa|0628fc3633&#8243; aweber_list=&#8221;|none&#8221; use_background_color=&#8221;off&#8221; use_focus_border_color=&#8221;off&#8221; background_layout=&#8221;dark&#8221; text_orientation=&#8221;left&#8221; header_font_size_tablet=&#8221;51&#8243; header_line_height_tablet=&#8221;2&#8243; body_font_size_tablet=&#8221;51&#8243; body_line_height_tablet=&#8221;2&#8243; border_style=&#8221;solid&#8221; custom_button=&#8221;on&#8221; button_border_width=&#8221;1&#8243; button_border_radius=&#8221;0&#8243; button_letter_spacing=&#8221;0&#8243; button_icon_placement=&#8221;right&#8221; button_border_radius_hover=&#8221;0&#8243; button_letter_spacing_hover=&#8221;0&#8243; button_text_color=&#8221;#ffffff&#8221; button_border_color=&#8221;#ffffff&#8221; button_use_icon=&#8221;off&#8221; button_bg_color=&#8221;rgba(0,0,0,0)&#8221; button_bg_color_hover=&#8221;rgba(255,255,255,0.1)&#8221; \/][\/et_pb_column][\/et_pb_row][\/et_pb_section]<\/p>\n","protected":false},"excerpt":{"rendered":"<p>&nbsp; Alliance Fran\u00e7aise Av. Conselheiro Fernando de Sousa, 21 A 1070-072 Lisboa &nbsp; [\/et_pb_map_pin_lino] [\/et_pb_map_lino] Amoreiras Sede Av. Conselheiro Fernando de Sousa, 21-A 1070-072 Lisboa (+351) 212 400 086 (custo chamada rede fixa nacional) geral.lisboa@alliancefr.pt Secretaria De segunda a sexta-feira Das 08:45 \u00e0s 19:00 S\u00e1bado Das 08:45 \u00e0s 13:00 Newsletter Receba as novidades da Alliance [&hellip;]<\/p>\n","protected":false},"author":1,"featured_media":0,"parent":0,"menu_order":0,"comment_status":"closed","ping_status":"closed","template":"","meta":{"_acf_changed":false,"_et_pb_use_builder":"on","_et_pb_old_content":"","_et_gb_content_width":"","_exactmetrics_skip_tracking":false,"_exactmetrics_sitenote_active":false,"_exactmetrics_sitenote_note":"","_exactmetrics_sitenote_category":0,"footnotes":""},"class_list":["post-8289","page","type-page","status-publish","hentry"],"acf":[],"yoast_head":"<!-- This site is optimized with the Yoast SEO plugin v27.0 - https:\/\/yoast.com\/product\/yoast-seo-wordpress\/ -->\n<title>Amoreiras - Alliance Fran\u00e7aise de Lisboa<\/title>\n<meta name=\"description\" content=\"Contactos - Para esclarecer quaisquer d\u00favidas ou obter alguma informa\u00e7\u00e3o sobre a Alliance Fran\u00e7aise (+351) 212 400 086 | geral.lisboa@alliancefr.pt\" \/>\n<meta name=\"robots\" content=\"index, follow, max-snippet:-1, max-image-preview:large, max-video-preview:-1\" \/>\n<link rel=\"canonical\" href=\"https:\/\/www.alliancefr.pt\/lisboa\/amoreiras\/\" \/>\n<meta property=\"og:locale\" content=\"pt_PT\" \/>\n<meta property=\"og:type\" content=\"article\" \/>\n<meta property=\"og:title\" content=\"Amoreiras - Alliance Fran\u00e7aise de Lisboa\" \/>\n<meta property=\"og:description\" content=\"Contactos - Para esclarecer quaisquer d\u00favidas ou obter alguma informa\u00e7\u00e3o sobre a Alliance Fran\u00e7aise (+351) 212 400 086 | geral.lisboa@alliancefr.pt\" \/>\n<meta property=\"og:url\" content=\"https:\/\/www.alliancefr.pt\/lisboa\/amoreiras\/\" \/>\n<meta property=\"og:site_name\" content=\"Alliance Fran\u00e7aise Lisboa\" \/>\n<meta property=\"article:publisher\" content=\"https:\/\/www.facebook.com\/allianceflisboa\/\" \/>\n<meta property=\"article:modified_time\" content=\"2023-03-13T13:29:59+00:00\" \/>\n<meta property=\"og:image\" content=\"https:\/\/www.alliancefr.pt\/lisboa\/wp-content\/uploads\/sites\/2\/2017\/07\/picto-secretaria.png\" \/>\n<meta name=\"twitter:card\" content=\"summary_large_image\" \/>\n<meta name=\"twitter:label1\" content=\"Tempo estimado de leitura\" \/>\n\t<meta name=\"twitter:data1\" content=\"4 minutos\" \/>\n<script type=\"application\/ld+json\" class=\"yoast-schema-graph\">{\"@context\":\"https:\/\/schema.org\",\"@graph\":[{\"@type\":\"WebPage\",\"@id\":\"https:\/\/www.alliancefr.pt\/lisboa\/amoreiras\/\",\"url\":\"https:\/\/www.alliancefr.pt\/lisboa\/amoreiras\/\",\"name\":\"Amoreiras - Alliance Fran\u00e7aise de Lisboa\",\"isPartOf\":{\"@id\":\"https:\/\/www.alliancefr.pt\/lisboa\/#website\"},\"primaryImageOfPage\":{\"@id\":\"https:\/\/www.alliancefr.pt\/lisboa\/amoreiras\/#primaryimage\"},\"image\":{\"@id\":\"https:\/\/www.alliancefr.pt\/lisboa\/amoreiras\/#primaryimage\"},\"thumbnailUrl\":\"https:\/\/www.alliancefr.pt\/lisboa\/wp-content\/uploads\/sites\/2\/2017\/07\/picto-secretaria.png\",\"datePublished\":\"2020-02-18T11:53:53+00:00\",\"dateModified\":\"2023-03-13T13:29:59+00:00\",\"description\":\"Contactos - Para esclarecer quaisquer d\u00favidas ou obter alguma informa\u00e7\u00e3o sobre a Alliance Fran\u00e7aise (+351) 212 400 086 | geral.lisboa@alliancefr.pt\",\"breadcrumb\":{\"@id\":\"https:\/\/www.alliancefr.pt\/lisboa\/amoreiras\/#breadcrumb\"},\"inLanguage\":\"pt-PT\",\"potentialAction\":[{\"@type\":\"ReadAction\",\"target\":[\"https:\/\/www.alliancefr.pt\/lisboa\/amoreiras\/\"]}]},{\"@type\":\"ImageObject\",\"inLanguage\":\"pt-PT\",\"@id\":\"https:\/\/www.alliancefr.pt\/lisboa\/amoreiras\/#primaryimage\",\"url\":\"https:\/\/www.alliancefr.pt\/lisboa\/wp-content\/uploads\/sites\/2\/2017\/07\/picto-secretaria.png\",\"contentUrl\":\"https:\/\/www.alliancefr.pt\/lisboa\/wp-content\/uploads\/sites\/2\/2017\/07\/picto-secretaria.png\",\"width\":24,\"height\":24},{\"@type\":\"BreadcrumbList\",\"@id\":\"https:\/\/www.alliancefr.pt\/lisboa\/amoreiras\/#breadcrumb\",\"itemListElement\":[{\"@type\":\"ListItem\",\"position\":1,\"name\":\"In\u00edcio\",\"item\":\"https:\/\/www.alliancefr.pt\/lisboa\/\"},{\"@type\":\"ListItem\",\"position\":2,\"name\":\"Alliance Fran\u00e7aise Amoreiras\"}]},{\"@type\":\"WebSite\",\"@id\":\"https:\/\/www.alliancefr.pt\/lisboa\/#website\",\"url\":\"https:\/\/www.alliancefr.pt\/lisboa\/\",\"name\":\"Alliance Fran\u00e7aise Lisboa\",\"description\":\"Alliances Fran\u00e7aises de Lisbonne\",\"potentialAction\":[{\"@type\":\"SearchAction\",\"target\":{\"@type\":\"EntryPoint\",\"urlTemplate\":\"https:\/\/www.alliancefr.pt\/lisboa\/?s={search_term_string}\"},\"query-input\":{\"@type\":\"PropertyValueSpecification\",\"valueRequired\":true,\"valueName\":\"search_term_string\"}}],\"inLanguage\":\"pt-PT\"}]}<\/script>\n<!-- \/ Yoast SEO plugin. -->","yoast_head_json":{"title":"Amoreiras - Alliance Fran\u00e7aise de Lisboa","description":"Contactos - Para esclarecer quaisquer d\u00favidas ou obter alguma informa\u00e7\u00e3o sobre a Alliance Fran\u00e7aise (+351) 212 400 086 | geral.lisboa@alliancefr.pt","robots":{"index":"index","follow":"follow","max-snippet":"max-snippet:-1","max-image-preview":"max-image-preview:large","max-video-preview":"max-video-preview:-1"},"canonical":"https:\/\/www.alliancefr.pt\/lisboa\/amoreiras\/","og_locale":"pt_PT","og_type":"article","og_title":"Amoreiras - Alliance Fran\u00e7aise de Lisboa","og_description":"Contactos - Para esclarecer quaisquer d\u00favidas ou obter alguma informa\u00e7\u00e3o sobre a Alliance Fran\u00e7aise (+351) 212 400 086 | geral.lisboa@alliancefr.pt","og_url":"https:\/\/www.alliancefr.pt\/lisboa\/amoreiras\/","og_site_name":"Alliance Fran\u00e7aise Lisboa","article_publisher":"https:\/\/www.facebook.com\/allianceflisboa\/","article_modified_time":"2023-03-13T13:29:59+00:00","og_image":[{"url":"https:\/\/www.alliancefr.pt\/lisboa\/wp-content\/uploads\/sites\/2\/2017\/07\/picto-secretaria.png","type":"","width":"","height":""}],"twitter_card":"summary_large_image","twitter_misc":{"Tempo estimado de leitura":"4 minutos"},"schema":{"@context":"https:\/\/schema.org","@graph":[{"@type":"WebPage","@id":"https:\/\/www.alliancefr.pt\/lisboa\/amoreiras\/","url":"https:\/\/www.alliancefr.pt\/lisboa\/amoreiras\/","name":"Amoreiras - Alliance Fran\u00e7aise de Lisboa","isPartOf":{"@id":"https:\/\/www.alliancefr.pt\/lisboa\/#website"},"primaryImageOfPage":{"@id":"https:\/\/www.alliancefr.pt\/lisboa\/amoreiras\/#primaryimage"},"image":{"@id":"https:\/\/www.alliancefr.pt\/lisboa\/amoreiras\/#primaryimage"},"thumbnailUrl":"https:\/\/www.alliancefr.pt\/lisboa\/wp-content\/uploads\/sites\/2\/2017\/07\/picto-secretaria.png","datePublished":"2020-02-18T11:53:53+00:00","dateModified":"2023-03-13T13:29:59+00:00","description":"Contactos - Para esclarecer quaisquer d\u00favidas ou obter alguma informa\u00e7\u00e3o sobre a Alliance Fran\u00e7aise (+351) 212 400 086 | geral.lisboa@alliancefr.pt","breadcrumb":{"@id":"https:\/\/www.alliancefr.pt\/lisboa\/amoreiras\/#breadcrumb"},"inLanguage":"pt-PT","potentialAction":[{"@type":"ReadAction","target":["https:\/\/www.alliancefr.pt\/lisboa\/amoreiras\/"]}]},{"@type":"ImageObject","inLanguage":"pt-PT","@id":"https:\/\/www.alliancefr.pt\/lisboa\/amoreiras\/#primaryimage","url":"https:\/\/www.alliancefr.pt\/lisboa\/wp-content\/uploads\/sites\/2\/2017\/07\/picto-secretaria.png","contentUrl":"https:\/\/www.alliancefr.pt\/lisboa\/wp-content\/uploads\/sites\/2\/2017\/07\/picto-secretaria.png","width":24,"height":24},{"@type":"BreadcrumbList","@id":"https:\/\/www.alliancefr.pt\/lisboa\/amoreiras\/#breadcrumb","itemListElement":[{"@type":"ListItem","position":1,"name":"In\u00edcio","item":"https:\/\/www.alliancefr.pt\/lisboa\/"},{"@type":"ListItem","position":2,"name":"Alliance Fran\u00e7aise Amoreiras"}]},{"@type":"WebSite","@id":"https:\/\/www.alliancefr.pt\/lisboa\/#website","url":"https:\/\/www.alliancefr.pt\/lisboa\/","name":"Alliance Fran\u00e7aise Lisboa","description":"Alliances Fran\u00e7aises de Lisbonne","potentialAction":[{"@type":"SearchAction","target":{"@type":"EntryPoint","urlTemplate":"https:\/\/www.alliancefr.pt\/lisboa\/?s={search_term_string}"},"query-input":{"@type":"PropertyValueSpecification","valueRequired":true,"valueName":"search_term_string"}}],"inLanguage":"pt-PT"}]}},"_links":{"self":[{"href":"https:\/\/www.alliancefr.pt\/lisboa\/wp-json\/wp\/v2\/pages\/8289","targetHints":{"allow":["GET"]}}],"collection":[{"href":"https:\/\/www.alliancefr.pt\/lisboa\/wp-json\/wp\/v2\/pages"}],"about":[{"href":"https:\/\/www.alliancefr.pt\/lisboa\/wp-json\/wp\/v2\/types\/page"}],"author":[{"embeddable":true,"href":"https:\/\/www.alliancefr.pt\/lisboa\/wp-json\/wp\/v2\/users\/1"}],"replies":[{"embeddable":true,"href":"https:\/\/www.alliancefr.pt\/lisboa\/wp-json\/wp\/v2\/comments?post=8289"}],"version-history":[{"count":17,"href":"https:\/\/www.alliancefr.pt\/lisboa\/wp-json\/wp\/v2\/pages\/8289\/revisions"}],"predecessor-version":[{"id":13472,"href":"https:\/\/www.alliancefr.pt\/lisboa\/wp-json\/wp\/v2\/pages\/8289\/revisions\/13472"}],"wp:attachment":[{"href":"https:\/\/www.alliancefr.pt\/lisboa\/wp-json\/wp\/v2\/media?parent=8289"}],"curies":[{"name":"wp","href":"https:\/\/api.w.org\/{rel}","templated":true}]}}