{"id":7446,"date":"2019-09-18T09:12:11","date_gmt":"2019-09-18T09:12:11","guid":{"rendered":"https:\/\/www.alliancefr.pt\/lisboa\/?page_id=7446"},"modified":"2024-05-12T19:04:27","modified_gmt":"2024-05-12T19:04:27","slug":"horarios-dos-cursos-de-frances","status":"publish","type":"page","link":"https:\/\/www.alliancefr.pt\/lisboa\/horarios-dos-cursos-de-frances\/","title":{"rendered":"Hor\u00e1rios dos cursos de franc\u00eas"},"content":{"rendered":"","protected":false},"excerpt":{"rendered":"","protected":false},"author":1,"featured_media":0,"parent":0,"menu_order":0,"comment_status":"closed","ping_status":"closed","template":"page_horarios.php","meta":{"_acf_changed":false,"_et_pb_use_builder":"off","_et_pb_old_content":"","_et_gb_content_width":"","_exactmetrics_skip_tracking":false,"_exactmetrics_sitenote_active":false,"_exactmetrics_sitenote_note":"","_exactmetrics_sitenote_category":0,"footnotes":""},"class_list":["post-7446","page","type-page","status-publish","hentry"],"acf":[],"yoast_head":"<!-- This site is optimized with the Yoast SEO plugin v27.0 - https:\/\/yoast.com\/product\/yoast-seo-wordpress\/ -->\n<title>Hor\u00e1rios dos cursos de franc\u00eas - Alliance Fran\u00e7aise Lisboa<\/title>\n<meta name=\"description\" content=\"Venha aprender franc\u00eas connosco! Temos cursos para crian\u00e7as, adolescentes e adultos! Inscreva-se j\u00e1!\" \/>\n<meta name=\"robots\" content=\"index, follow, max-snippet:-1, max-image-preview:large, max-video-preview:-1\" \/>\n<link rel=\"canonical\" href=\"https:\/\/www.alliancefr.pt\/lisboa\/horarios-dos-cursos-de-frances\/\" \/>\n<meta property=\"og:locale\" content=\"pt_PT\" \/>\n<meta property=\"og:type\" content=\"article\" \/>\n<meta property=\"og:title\" content=\"Hor\u00e1rios dos cursos de franc\u00eas - Alliance Fran\u00e7aise Lisboa\" \/>\n<meta property=\"og:description\" content=\"Venha aprender franc\u00eas connosco! Temos cursos para crian\u00e7as, adolescentes e adultos! Inscreva-se j\u00e1!\" \/>\n<meta property=\"og:url\" content=\"https:\/\/www.alliancefr.pt\/lisboa\/horarios-dos-cursos-de-frances\/\" \/>\n<meta property=\"og:site_name\" content=\"Alliance Fran\u00e7aise Lisboa\" \/>\n<meta property=\"article:publisher\" content=\"https:\/\/www.facebook.com\/allianceflisboa\/\" \/>\n<meta property=\"article:modified_time\" content=\"2024-05-12T19:04:27+00:00\" \/>\n<meta name=\"twitter:card\" content=\"summary_large_image\" \/>\n<script type=\"application\/ld+json\" class=\"yoast-schema-graph\">{\"@context\":\"https:\/\/schema.org\",\"@graph\":[{\"@type\":\"WebPage\",\"@id\":\"https:\/\/www.alliancefr.pt\/lisboa\/horarios-dos-cursos-de-frances\/\",\"url\":\"https:\/\/www.alliancefr.pt\/lisboa\/horarios-dos-cursos-de-frances\/\",\"name\":\"Hor\u00e1rios dos cursos de franc\u00eas - Alliance Fran\u00e7aise Lisboa\",\"isPartOf\":{\"@id\":\"https:\/\/www.alliancefr.pt\/lisboa\/#website\"},\"datePublished\":\"2019-09-18T09:12:11+00:00\",\"dateModified\":\"2024-05-12T19:04:27+00:00\",\"description\":\"Venha aprender franc\u00eas connosco! Temos cursos para crian\u00e7as, adolescentes e adultos! Inscreva-se j\u00e1!\",\"breadcrumb\":{\"@id\":\"https:\/\/www.alliancefr.pt\/lisboa\/horarios-dos-cursos-de-frances\/#breadcrumb\"},\"inLanguage\":\"pt-PT\",\"potentialAction\":[{\"@type\":\"ReadAction\",\"target\":[\"https:\/\/www.alliancefr.pt\/lisboa\/horarios-dos-cursos-de-frances\/\"]}]},{\"@type\":\"BreadcrumbList\",\"@id\":\"https:\/\/www.alliancefr.pt\/lisboa\/horarios-dos-cursos-de-frances\/#breadcrumb\",\"itemListElement\":[{\"@type\":\"ListItem\",\"position\":1,\"name\":\"In\u00edcio\",\"item\":\"https:\/\/www.alliancefr.pt\/lisboa\/\"},{\"@type\":\"ListItem\",\"position\":2,\"name\":\"Hor\u00e1rios dos cursos de franc\u00eas\"}]},{\"@type\":\"WebSite\",\"@id\":\"https:\/\/www.alliancefr.pt\/lisboa\/#website\",\"url\":\"https:\/\/www.alliancefr.pt\/lisboa\/\",\"name\":\"Alliance Fran\u00e7aise Lisboa\",\"description\":\"Alliances Fran\u00e7aises de Lisbonne\",\"potentialAction\":[{\"@type\":\"SearchAction\",\"target\":{\"@type\":\"EntryPoint\",\"urlTemplate\":\"https:\/\/www.alliancefr.pt\/lisboa\/?s={search_term_string}\"},\"query-input\":{\"@type\":\"PropertyValueSpecification\",\"valueRequired\":true,\"valueName\":\"search_term_string\"}}],\"inLanguage\":\"pt-PT\"}]}<\/script>\n<!-- \/ Yoast SEO plugin. -->","yoast_head_json":{"title":"Hor\u00e1rios dos cursos de franc\u00eas - Alliance Fran\u00e7aise Lisboa","description":"Venha aprender franc\u00eas connosco! Temos cursos para crian\u00e7as, adolescentes e adultos! Inscreva-se j\u00e1!","robots":{"index":"index","follow":"follow","max-snippet":"max-snippet:-1","max-image-preview":"max-image-preview:large","max-video-preview":"max-video-preview:-1"},"canonical":"https:\/\/www.alliancefr.pt\/lisboa\/horarios-dos-cursos-de-frances\/","og_locale":"pt_PT","og_type":"article","og_title":"Hor\u00e1rios dos cursos de franc\u00eas - Alliance Fran\u00e7aise Lisboa","og_description":"Venha aprender franc\u00eas connosco! Temos cursos para crian\u00e7as, adolescentes e adultos! Inscreva-se j\u00e1!","og_url":"https:\/\/www.alliancefr.pt\/lisboa\/horarios-dos-cursos-de-frances\/","og_site_name":"Alliance Fran\u00e7aise Lisboa","article_publisher":"https:\/\/www.facebook.com\/allianceflisboa\/","article_modified_time":"2024-05-12T19:04:27+00:00","twitter_card":"summary_large_image","schema":{"@context":"https:\/\/schema.org","@graph":[{"@type":"WebPage","@id":"https:\/\/www.alliancefr.pt\/lisboa\/horarios-dos-cursos-de-frances\/","url":"https:\/\/www.alliancefr.pt\/lisboa\/horarios-dos-cursos-de-frances\/","name":"Hor\u00e1rios dos cursos de franc\u00eas - Alliance Fran\u00e7aise Lisboa","isPartOf":{"@id":"https:\/\/www.alliancefr.pt\/lisboa\/#website"},"datePublished":"2019-09-18T09:12:11+00:00","dateModified":"2024-05-12T19:04:27+00:00","description":"Venha aprender franc\u00eas connosco! Temos cursos para crian\u00e7as, adolescentes e adultos! Inscreva-se j\u00e1!","breadcrumb":{"@id":"https:\/\/www.alliancefr.pt\/lisboa\/horarios-dos-cursos-de-frances\/#breadcrumb"},"inLanguage":"pt-PT","potentialAction":[{"@type":"ReadAction","target":["https:\/\/www.alliancefr.pt\/lisboa\/horarios-dos-cursos-de-frances\/"]}]},{"@type":"BreadcrumbList","@id":"https:\/\/www.alliancefr.pt\/lisboa\/horarios-dos-cursos-de-frances\/#breadcrumb","itemListElement":[{"@type":"ListItem","position":1,"name":"In\u00edcio","item":"https:\/\/www.alliancefr.pt\/lisboa\/"},{"@type":"ListItem","position":2,"name":"Hor\u00e1rios dos cursos de franc\u00eas"}]},{"@type":"WebSite","@id":"https:\/\/www.alliancefr.pt\/lisboa\/#website","url":"https:\/\/www.alliancefr.pt\/lisboa\/","name":"Alliance Fran\u00e7aise Lisboa","description":"Alliances Fran\u00e7aises de Lisbonne","potentialAction":[{"@type":"SearchAction","target":{"@type":"EntryPoint","urlTemplate":"https:\/\/www.alliancefr.pt\/lisboa\/?s={search_term_string}"},"query-input":{"@type":"PropertyValueSpecification","valueRequired":true,"valueName":"search_term_string"}}],"inLanguage":"pt-PT"}]}},"_links":{"self":[{"href":"https:\/\/www.alliancefr.pt\/lisboa\/wp-json\/wp\/v2\/pages\/7446","targetHints":{"allow":["GET"]}}],"collection":[{"href":"https:\/\/www.alliancefr.pt\/lisboa\/wp-json\/wp\/v2\/pages"}],"about":[{"href":"https:\/\/www.alliancefr.pt\/lisboa\/wp-json\/wp\/v2\/types\/page"}],"author":[{"embeddable":true,"href":"https:\/\/www.alliancefr.pt\/lisboa\/wp-json\/wp\/v2\/users\/1"}],"replies":[{"embeddable":true,"href":"https:\/\/www.alliancefr.pt\/lisboa\/wp-json\/wp\/v2\/comments?post=7446"}],"version-history":[{"count":4,"href":"https:\/\/www.alliancefr.pt\/lisboa\/wp-json\/wp\/v2\/pages\/7446\/revisions"}],"predecessor-version":[{"id":14501,"href":"https:\/\/www.alliancefr.pt\/lisboa\/wp-json\/wp\/v2\/pages\/7446\/revisions\/14501"}],"wp:attachment":[{"href":"https:\/\/www.alliancefr.pt\/lisboa\/wp-json\/wp\/v2\/media?parent=7446"}],"curies":[{"name":"wp","href":"https:\/\/api.w.org\/{rel}","templated":true}]}}