{"id":16702,"date":"2026-02-27T09:21:57","date_gmt":"2026-02-27T09:21:57","guid":{"rendered":"https:\/\/www.alliancefr.pt\/lisboa\/?page_id=16702"},"modified":"2026-02-27T09:25:22","modified_gmt":"2026-02-27T09:25:22","slug":"termos-e-condicoes","status":"publish","type":"page","link":"https:\/\/www.alliancefr.pt\/lisboa\/termos-e-condicoes\/","title":{"rendered":"Termos e Condi\u00e7\u00f5es"},"content":{"rendered":"<p>[et_pb_section fb_built=&#8221;1&#8243; theme_builder_area=&#8221;post_content&#8221; _builder_version=&#8221;4.23.1&#8243; _module_preset=&#8221;default&#8221;][et_pb_row _builder_version=&#8221;4.23.1&#8243; _module_preset=&#8221;default&#8221; theme_builder_area=&#8221;post_content&#8221;][et_pb_column _builder_version=&#8221;4.23.1&#8243; _module_preset=&#8221;default&#8221; type=&#8221;4_4&#8243; theme_builder_area=&#8221;post_content&#8221;][et_pb_code _builder_version=&#8221;4.23.1&#8243; _module_preset=&#8221;default&#8221; theme_builder_area=&#8221;post_content&#8221; hover_enabled=&#8221;0&#8243; sticky_enabled=&#8221;0&#8243;]<pee>Este website \u00e9 operado pela <strong>Alliance Fran\u00e7aise de Lisboa <\/strong>, com sede na Av. Conselheiro Fernando de Sousa, 21-A 1070-072 Lisboa , registada em Portugal sob o n\u00famero de identifica\u00e7\u00e3o fiscal 500954593.<\/pee><!-- [et_pb_line_break_holder] --><pee>Ao aceder e utilizar este website, o utilizador concorda com as presentes pol\u00edticas de privacidade, conforme definidos pela Alliance Fran\u00e7aise de Lisboa .<\/pee><!-- [et_pb_line_break_holder] --><\/p>\n<ol><!-- [et_pb_line_break_holder] -->  <\/p>\n<li><!-- [et_pb_line_break_holder] -->    <strong> Condi\u00e7\u00f5es de utiliza\u00e7\u00e3o<\/strong><!-- [et_pb_line_break_holder] -->    <!\u2013- [et_pb_br_holder] -\u2013>Este website www.alliancefr.pt\/lisboa foi criado pela Alliance Fran\u00e7aise de Lisboa  para ser utilizado unicamente com fins meramente informativos.<!-- [et_pb_line_break_holder] -->    <!\u2013- [et_pb_br_holder] -\u2013>O acesso a este website \u00e9 responsabilidade exclusiva dos utilizadores. O acesso a este website n\u00e3o sup\u00f5e que se inicie nenhum tipo de rela\u00e7\u00e3o comercial entre a Alliance Fran\u00e7aise de Lisboa  e o utilizador.<!-- [et_pb_line_break_holder] -->    <!\u2013- [et_pb_br_holder] -\u2013>O acesso e a navega\u00e7\u00e3o neste website sup\u00f5e aceitar e conhecer as advert\u00eancias legais, condi\u00e7\u00f5es e termos de uso, contidos nele. A informa\u00e7\u00e3o que aparece em www.alliancefr.pt\/lisboa est\u00e1 vigente \u00e0 data da sua \u00faltima atualiza\u00e7\u00e3o.<!-- [et_pb_line_break_holder] -->    <!\u2013- [et_pb_br_holder] -\u2013>A Alliance Fran\u00e7aise de Lisboa  reserva-se ao direito de atualizar, modificar ou eliminar a informa\u00e7\u00e3o deste website, podendo limitar ou n\u00e3o permitir o acesso ao mesmo.<!-- [et_pb_line_break_holder] -->    <!\u2013- [et_pb_br_holder] -\u2013>A Alliance Fran\u00e7aise de Lisboa  reserva-se o direito de realizar altera\u00e7\u00f5es ao conte\u00fado, sem necessidade de aviso pr\u00e9vio<!-- [et_pb_line_break_holder] -->  <\/li>\n<p><!-- [et_pb_line_break_holder] --><!-- [et_pb_line_break_holder] -->  <\/p>\n<li><!-- [et_pb_line_break_holder] -->    <strong>Conte\u00fados e exclus\u00e3o de responsabilidade<\/strong><!-- [et_pb_line_break_holder] -->    <pee>Este website \u00e9 de car\u00e1cter gratuito, sem preju\u00edzo do custo de conex\u00e3o atrav\u00e9s da correspondente rede de telecomunica\u00e7\u00f5es de que o utilizador tenha acesso. Na utiliza\u00e7\u00e3o deste website, o utilizador compromete-se a n\u00e3o levar a cabo nenhum ato que possa danificar a imagem, os interesses e direitos deste website bem como da Alliance Fran\u00e7aise de Lisboa .<\/pee><!-- [et_pb_line_break_holder] -->    <pee>Dado que a informa\u00e7\u00e3o publicada na Web tem car\u00e1ter exclusivamente informativo, a Alliance Fran\u00e7aise de Lisboa  n\u00e3o se responsabiliza pelas decis\u00f5es tomadas a partir da informa\u00e7\u00e3o fornecida neste website, nem pelos danos e preju\u00edzos produzidos ao utilizador ou a terceiros com motivo de atua\u00e7\u00f5es que tenham como \u00fanico fundamento a informa\u00e7\u00e3o obtida neste website.<\/pee><!-- [et_pb_line_break_holder] --><\/li>\n<p><!-- [et_pb_line_break_holder] --><!-- [et_pb_line_break_holder] -->  <\/p>\n<li><!-- [et_pb_line_break_holder] -->    <strong>Navega\u00e7\u00e3o, Acesso e Seguran\u00e7a<\/strong><!-- [et_pb_line_break_holder] -->    <pee>O acesso e navega\u00e7\u00e3o neste website sup\u00f5e aceitar e conhecer as advert\u00eancias legais, condi\u00e7\u00f5es e termos de uso contidas na mesma. A Alliance Fran\u00e7aise de Lisboa  procura garantir que a navega\u00e7\u00e3o se realize nas melhores condi\u00e7\u00f5es e evitar preju\u00edzos de qualquer tipo que possam ocorrer durante a mesma.<\/pee><!-- [et_pb_line_break_holder] -->    <pee>A Alliance Fran\u00e7aise de Lisboa  n\u00e3o ser\u00e1 respons\u00e1vel pelos danos que possam surgir aos utilizadores por um uso inadequado deste website. Em particular, n\u00e3o ser\u00e1 respons\u00e1vel de modo algum pelas interrup\u00e7\u00f5es, falta ou defeito das telecomunica\u00e7\u00f5es que possam vir a ocorrer.<\/pee><!-- [et_pb_line_break_holder] -->    <pee>Os produtos e servi\u00e7os inclu\u00eddos neste website s\u00f3 podem ser utilizados corretamente se cumprirem as especifica\u00e7\u00f5es t\u00e9cnicas e o aconselhamento t\u00e9cnico.<\/pee><!-- [et_pb_line_break_holder] --><\/li>\n<p><!-- [et_pb_line_break_holder] --><!-- [et_pb_line_break_holder] -->  <\/p>\n<li><!-- [et_pb_line_break_holder] -->    <strong>Direitos de Propriedade Intelectual e Industrial<\/strong><!-- [et_pb_line_break_holder] -->    <pee>Todo o conte\u00fado presente neste website, incluindo, mas n\u00e3o se limitando a, textos, imagens, log\u00f3tipos, marcas, design gr\u00e1fico, software e bases de dados, \u00e9 propriedade da Alliance Fran\u00e7aise de Lisboa  ou de terceiros devidamente identificados, estando protegido pelas leis nacionais e internacionais de propriedade intelectual.<\/pee><!-- [et_pb_line_break_holder] -->    <pee>\u00c9 proibida a sua utiliza\u00e7\u00e3o para fins comerciais ou distribui\u00e7\u00e3o, bem como a sua reprodu\u00e7\u00e3o, altera\u00e7\u00e3o, ou incorpora\u00e7\u00e3o em outros trabalhos ou websites, sem autoriza\u00e7\u00e3o pr\u00e9via e por escrito da Alliance Fran\u00e7aise de Lisboa .<\/pee><!-- [et_pb_line_break_holder] --><\/li>\n<p><!-- [et_pb_line_break_holder] --><!-- [et_pb_line_break_holder] -->  <\/p>\n<li><!-- [et_pb_line_break_holder] -->    <strong>Informa\u00e7\u00e3o de contacto<\/strong><!-- [et_pb_line_break_holder] -->    <!\u2013- [et_pb_br_holder] -\u2013>Envie uma mensagem de e-mail para geral.lisboa@alliancefr.pt <!-- [et_pb_line_break_holder] -->    <!\u2013- [et_pb_br_holder] -\u2013>Ou tamb\u00e9m pode escrever-nos para:<!-- [et_pb_line_break_holder] -->    <!\u2013- [et_pb_br_holder] -\u2013>Alliance Fran\u00e7aise de Lisboa <!-- [et_pb_line_break_holder] -->    <!\u2013- [et_pb_br_holder] -\u2013>Av. Conselheiro Fernando de Sousa, 21-A 1070-072 Lisboa <!-- [et_pb_line_break_holder] -->    <!\u2013- [et_pb_br_holder] -\u2013>Ou contactar-nos para (+351) 212 400 086 (Chamada para rede fixa nacional)<!-- [et_pb_line_break_holder] --><\/li>\n<p><!-- [et_pb_line_break_holder] --><!-- [et_pb_line_break_holder] -->  <\/p>\n<li><!-- [et_pb_line_break_holder] -->    <strong>Legisla\u00e7\u00e3o aplic\u00e1vel<\/strong><!-- [et_pb_line_break_holder] -->    <pee>Os presentes termos e condi\u00e7\u00f5es assim como qualquer quest\u00e3o decorrente ou relacionada com os ditos Termos e Condi\u00e7\u00f5es se reger\u00e1 e se interpretar\u00e1 em conformidade com a legisla\u00e7\u00e3o de Portugal e os organismos jurisdicionais de Portugal que ter\u00e1 a jurisdi\u00e7\u00e3o exclusiva sobre qualquer demanda ou quest\u00e3o decorrente ou relacionada com estes Termos e Condi\u00e7\u00f5es. A Alliance Fran\u00e7aise de Lisboa  pode rever estes termos em qualquer momento mediante a atualiza\u00e7\u00e3o desta publica\u00e7\u00e3o.<\/pee><!-- [et_pb_line_break_holder] --><\/li>\n<p><!-- [et_pb_line_break_holder] --><\/ol>\n<p>[\/et_pb_code][\/et_pb_column][\/et_pb_row][\/et_pb_section]<\/p>\n","protected":false},"excerpt":{"rendered":"","protected":false},"author":1,"featured_media":0,"parent":0,"menu_order":0,"comment_status":"closed","ping_status":"closed","template":"","meta":{"_acf_changed":false,"_et_pb_use_builder":"on","_et_pb_old_content":"","_et_gb_content_width":"","_exactmetrics_skip_tracking":false,"_exactmetrics_sitenote_active":false,"_exactmetrics_sitenote_note":"","_exactmetrics_sitenote_category":0,"footnotes":""},"class_list":["post-16702","page","type-page","status-publish","hentry"],"acf":[],"yoast_head":"<!-- This site is optimized with the Yoast SEO plugin v27.0 - https:\/\/yoast.com\/product\/yoast-seo-wordpress\/ -->\n<title>Termos e Condi\u00e7\u00f5es - Alliance Fran\u00e7aise Lisboa<\/title>\n<meta name=\"robots\" content=\"index, follow, max-snippet:-1, max-image-preview:large, max-video-preview:-1\" \/>\n<link rel=\"canonical\" href=\"https:\/\/www.alliancefr.pt\/lisboa\/termos-e-condicoes\/\" \/>\n<meta property=\"og:locale\" content=\"pt_PT\" \/>\n<meta property=\"og:type\" content=\"article\" \/>\n<meta property=\"og:title\" content=\"Termos e Condi\u00e7\u00f5es - Alliance Fran\u00e7aise Lisboa\" \/>\n<meta property=\"og:url\" content=\"https:\/\/www.alliancefr.pt\/lisboa\/termos-e-condicoes\/\" \/>\n<meta property=\"og:site_name\" content=\"Alliance Fran\u00e7aise Lisboa\" \/>\n<meta property=\"article:publisher\" content=\"https:\/\/www.facebook.com\/allianceflisboa\/\" \/>\n<meta property=\"article:modified_time\" content=\"2026-02-27T09:25:22+00:00\" \/>\n<meta name=\"twitter:card\" content=\"summary_large_image\" \/>\n<script type=\"application\/ld+json\" class=\"yoast-schema-graph\">{\"@context\":\"https:\/\/schema.org\",\"@graph\":[{\"@type\":\"WebPage\",\"@id\":\"https:\/\/www.alliancefr.pt\/lisboa\/termos-e-condicoes\/\",\"url\":\"https:\/\/www.alliancefr.pt\/lisboa\/termos-e-condicoes\/\",\"name\":\"Termos e Condi\u00e7\u00f5es - Alliance Fran\u00e7aise Lisboa\",\"isPartOf\":{\"@id\":\"https:\/\/www.alliancefr.pt\/lisboa\/#website\"},\"datePublished\":\"2026-02-27T09:21:57+00:00\",\"dateModified\":\"2026-02-27T09:25:22+00:00\",\"breadcrumb\":{\"@id\":\"https:\/\/www.alliancefr.pt\/lisboa\/termos-e-condicoes\/#breadcrumb\"},\"inLanguage\":\"pt-PT\",\"potentialAction\":[{\"@type\":\"ReadAction\",\"target\":[\"https:\/\/www.alliancefr.pt\/lisboa\/termos-e-condicoes\/\"]}]},{\"@type\":\"BreadcrumbList\",\"@id\":\"https:\/\/www.alliancefr.pt\/lisboa\/termos-e-condicoes\/#breadcrumb\",\"itemListElement\":[{\"@type\":\"ListItem\",\"position\":1,\"name\":\"In\u00edcio\",\"item\":\"https:\/\/www.alliancefr.pt\/lisboa\/\"},{\"@type\":\"ListItem\",\"position\":2,\"name\":\"Termos e Condi\u00e7\u00f5es\"}]},{\"@type\":\"WebSite\",\"@id\":\"https:\/\/www.alliancefr.pt\/lisboa\/#website\",\"url\":\"https:\/\/www.alliancefr.pt\/lisboa\/\",\"name\":\"Alliance Fran\u00e7aise Lisboa\",\"description\":\"Alliances Fran\u00e7aises de Lisbonne\",\"potentialAction\":[{\"@type\":\"SearchAction\",\"target\":{\"@type\":\"EntryPoint\",\"urlTemplate\":\"https:\/\/www.alliancefr.pt\/lisboa\/?s={search_term_string}\"},\"query-input\":{\"@type\":\"PropertyValueSpecification\",\"valueRequired\":true,\"valueName\":\"search_term_string\"}}],\"inLanguage\":\"pt-PT\"}]}<\/script>\n<!-- \/ Yoast SEO plugin. -->","yoast_head_json":{"title":"Termos e Condi\u00e7\u00f5es - Alliance Fran\u00e7aise Lisboa","robots":{"index":"index","follow":"follow","max-snippet":"max-snippet:-1","max-image-preview":"max-image-preview:large","max-video-preview":"max-video-preview:-1"},"canonical":"https:\/\/www.alliancefr.pt\/lisboa\/termos-e-condicoes\/","og_locale":"pt_PT","og_type":"article","og_title":"Termos e Condi\u00e7\u00f5es - Alliance Fran\u00e7aise Lisboa","og_url":"https:\/\/www.alliancefr.pt\/lisboa\/termos-e-condicoes\/","og_site_name":"Alliance Fran\u00e7aise Lisboa","article_publisher":"https:\/\/www.facebook.com\/allianceflisboa\/","article_modified_time":"2026-02-27T09:25:22+00:00","twitter_card":"summary_large_image","schema":{"@context":"https:\/\/schema.org","@graph":[{"@type":"WebPage","@id":"https:\/\/www.alliancefr.pt\/lisboa\/termos-e-condicoes\/","url":"https:\/\/www.alliancefr.pt\/lisboa\/termos-e-condicoes\/","name":"Termos e Condi\u00e7\u00f5es - Alliance Fran\u00e7aise Lisboa","isPartOf":{"@id":"https:\/\/www.alliancefr.pt\/lisboa\/#website"},"datePublished":"2026-02-27T09:21:57+00:00","dateModified":"2026-02-27T09:25:22+00:00","breadcrumb":{"@id":"https:\/\/www.alliancefr.pt\/lisboa\/termos-e-condicoes\/#breadcrumb"},"inLanguage":"pt-PT","potentialAction":[{"@type":"ReadAction","target":["https:\/\/www.alliancefr.pt\/lisboa\/termos-e-condicoes\/"]}]},{"@type":"BreadcrumbList","@id":"https:\/\/www.alliancefr.pt\/lisboa\/termos-e-condicoes\/#breadcrumb","itemListElement":[{"@type":"ListItem","position":1,"name":"In\u00edcio","item":"https:\/\/www.alliancefr.pt\/lisboa\/"},{"@type":"ListItem","position":2,"name":"Termos e Condi\u00e7\u00f5es"}]},{"@type":"WebSite","@id":"https:\/\/www.alliancefr.pt\/lisboa\/#website","url":"https:\/\/www.alliancefr.pt\/lisboa\/","name":"Alliance Fran\u00e7aise Lisboa","description":"Alliances Fran\u00e7aises de Lisbonne","potentialAction":[{"@type":"SearchAction","target":{"@type":"EntryPoint","urlTemplate":"https:\/\/www.alliancefr.pt\/lisboa\/?s={search_term_string}"},"query-input":{"@type":"PropertyValueSpecification","valueRequired":true,"valueName":"search_term_string"}}],"inLanguage":"pt-PT"}]}},"_links":{"self":[{"href":"https:\/\/www.alliancefr.pt\/lisboa\/wp-json\/wp\/v2\/pages\/16702","targetHints":{"allow":["GET"]}}],"collection":[{"href":"https:\/\/www.alliancefr.pt\/lisboa\/wp-json\/wp\/v2\/pages"}],"about":[{"href":"https:\/\/www.alliancefr.pt\/lisboa\/wp-json\/wp\/v2\/types\/page"}],"author":[{"embeddable":true,"href":"https:\/\/www.alliancefr.pt\/lisboa\/wp-json\/wp\/v2\/users\/1"}],"replies":[{"embeddable":true,"href":"https:\/\/www.alliancefr.pt\/lisboa\/wp-json\/wp\/v2\/comments?post=16702"}],"version-history":[{"count":4,"href":"https:\/\/www.alliancefr.pt\/lisboa\/wp-json\/wp\/v2\/pages\/16702\/revisions"}],"predecessor-version":[{"id":16710,"href":"https:\/\/www.alliancefr.pt\/lisboa\/wp-json\/wp\/v2\/pages\/16702\/revisions\/16710"}],"wp:attachment":[{"href":"https:\/\/www.alliancefr.pt\/lisboa\/wp-json\/wp\/v2\/media?parent=16702"}],"curies":[{"name":"wp","href":"https:\/\/api.w.org\/{rel}","templated":true}]}}