{"id":3052,"date":"2017-11-24T09:20:45","date_gmt":"2017-11-24T09:20:45","guid":{"rendered":"https:\/\/www.alliancefr.pt\/lisboa\/?page_id=3052"},"modified":"2021-04-16T16:10:12","modified_gmt":"2021-04-16T16:10:12","slug":"traduction","status":"publish","type":"page","link":"https:\/\/www.alliancefr.pt\/lisboa\/fr\/traduction\/","title":{"rendered":"Traduction"},"content":{"rendered":"<p>[et_pb_section bb_built=&#8221;1&#8243; _builder_version=&#8221;3.0.59&#8243; background_image=&#8221;https:\/\/www.alliancefr.pt\/lisboa\/wp-content\/uploads\/sites\/2\/2017\/08\/bg-triangular-gris-2.jpg&#8221;][et_pb_row _builder_version=&#8221;3.0.59&#8243; background_position_1=&#8221;top_left&#8221; background_repeat_1=&#8221;no-repeat&#8221; module_class=&#8221;bem-vindo-bloc&#8221; background_position=&#8221;top_left&#8221; background_repeat=&#8221;repeat&#8221; background_size=&#8221;initial&#8221;][et_pb_column type=&#8221;4_4&#8243;][et_pb_text admin_label=&#8221;Titulo&#8221; _builder_version=&#8221;3.0.59&#8243; background_layout=&#8221;light&#8221; text_orientation=&#8221;center&#8221; border_style=&#8221;solid&#8221; custom_padding=&#8221;|10%||10%&#8221; module_class=&#8221;titlebloc-1&#8243; header_font=&#8221;|||on|&#8221;]<\/p>\n<h2 style=\"text-align: center;\">Service de Traduction<\/h2>\n<p>[\/et_pb_text][et_pb_text admin_label=&#8221;Sob Titulo&#8221; _builder_version=&#8221;3.0.59&#8243; background_layout=&#8221;light&#8221; text_orientation=&#8221;center&#8221; text_font=&#8221;Roboto|||on|&#8221; text_font_size=&#8221;16&#8243; text_text_color=&#8221;#333333&#8243; border_style=&#8221;solid&#8221; custom_padding=&#8221;|10%||10%&#8221; saved_tabs=&#8221;all&#8221;]<\/p>\n<p style=\"text-align: center;\">L\u2019Alliance fran\u00e7aise de Lisbonne est la r\u00e9f\u00e9rence de la traduction en fran\u00e7ais, pour les particuliers et les entreprises.<\/p>\n<p>[\/et_pb_text][et_pb_text admin_label=&#8221;Texto descri\u00e7\u00e3o&#8221; _builder_version=&#8221;3.0.59&#8243; background_layout=&#8221;light&#8221; text_orientation=&#8221;center&#8221; border_style=&#8221;solid&#8221; custom_padding=&#8221;|10%||10%&#8221; module_class=&#8221;titlebloc-1&#8243;]<\/p>\n<p style=\"text-align: center;\">Le service Alliance Traduction, cr\u00e9\u00e9 il y a plus de 20 ans, dispose d\u2019une \u00e9quipe permanente de traduc-teurs, ainsi que d\u2019un r\u00e9seau de professionnels ind\u00e9pendants, s\u00e9lectionn\u00e9s avec la plus grande rigueur.<\/p>\n<p style=\"text-align: center;\">Sp\u00e9cialis\u00e9s dans les combinaisons linguistiques portugais\/fran\u00e7ais et fran\u00e7ais\/portugais, nous offrons un service de traduction d\u2019excellence dans tous les domaines techniques.<\/p>\n<p>[\/et_pb_text][\/et_pb_column][\/et_pb_row][\/et_pb_section][et_pb_section bb_built=&#8221;1&#8243; fullwidth=&#8221;off&#8221; specialty=&#8221;off&#8221; _builder_version=&#8221;3.0.59&#8243; background_image=&#8221;https:\/\/www.alliancefr.pt\/lisboa\/wp-content\/uploads\/sites\/2\/2017\/08\/trabalha_connosco.jpg&#8221; parallax=&#8221;on&#8221;][et_pb_row _builder_version=&#8221;3.0.59&#8243; background_position_1=&#8221;top_left&#8221; background_repeat_1=&#8221;no-repeat&#8221; background_position_2=&#8221;top_left&#8221; background_repeat_2=&#8221;no-repeat&#8221; padding_top_2=&#8221;30px&#8221;][et_pb_column type=&#8221;4_4&#8243;][et_pb_text admin_label=&#8221;Tradu\u00e7\u00e3o&#8221; _builder_version=&#8221;3.0.59&#8243; background_layout=&#8221;dark&#8221; text_orientation=&#8221;left&#8221; text_font=&#8221;Open Sans||||&#8221; text_font_size=&#8221;24&#8243; text_text_color=&#8221;#ffffff&#8221; header_font=&#8221;Lato||||&#8221; header_font_size=&#8221;36px&#8221; header_text_color=&#8221;#ffffff&#8221; border_style=&#8221;solid&#8221; module_class=&#8221;traducao-bloc&#8221; custom_padding=&#8221;|10%||10%&#8221; text_line_height=&#8221;1.8em&#8221;]<\/p>\n<p style=\"text-align: center;\"><em>Nos collaborateurs traduisent uniquement vers leur langue maternelle et poss\u00e8dent une formation sp\u00e9cialis\u00e9e. Comme l\u2019exigent les normes de la profession, toutes les traductions sont soumises \u00e0 un rigoureux contr\u00f4le de qualit\u00e9.<\/em><\/p>\n<p>[\/et_pb_text][\/et_pb_column][\/et_pb_row][\/et_pb_section][et_pb_section bb_built=&#8221;1&#8243; _builder_version=&#8221;3.0.59&#8243; background_color=&#8221;#ffffff&#8221;][et_pb_row _builder_version=&#8221;3.0.59&#8243; background_position_1=&#8221;top_left&#8221; background_repeat_1=&#8221;no-repeat&#8221; module_class=&#8221;bem-vindo-bloc&#8221; background_position=&#8221;top_left&#8221; background_repeat=&#8221;repeat&#8221; background_size=&#8221;initial&#8221;][et_pb_column type=&#8221;4_4&#8243;][et_pb_text admin_label=&#8221;Titulo&#8221; _builder_version=&#8221;3.0.59&#8243; background_layout=&#8221;light&#8221; text_orientation=&#8221;center&#8221; border_style=&#8221;solid&#8221; custom_padding=&#8221;|10%||10%&#8221; module_class=&#8221;titlebloc-1&#8243; header_font=&#8221;|||on|&#8221;]<\/p>\n<h2 style=\"text-align: center;\">Devis gratuit<\/h2>\n<p>[\/et_pb_text][et_pb_text admin_label=&#8221;Sob Titulo&#8221; _builder_version=&#8221;3.0.59&#8243; background_layout=&#8221;light&#8221; text_orientation=&#8221;center&#8221; text_font=&#8221;Roboto|||on|&#8221; text_font_size=&#8221;16&#8243; text_text_color=&#8221;#333333&#8243; border_style=&#8221;solid&#8221; custom_padding=&#8221;|10%||10%&#8221; saved_tabs=&#8221;all&#8221;]<\/p>\n<p style=\"text-align: center;\">Demandez votre devis sans engagement et nous vous r\u00e9pondrons dans les meilleurs d\u00e9lais.<\/p>\n<p>[\/et_pb_text][\/et_pb_column][\/et_pb_row][et_pb_row _builder_version=&#8221;3.0.59&#8243; background_position_1=&#8221;top_left&#8221; background_repeat_1=&#8221;no-repeat&#8221; custom_margin=&#8221;20px|||&#8221; custom_padding=&#8221;|10%||10%&#8221; custom_padding_last_edited=&#8221;on|tablet&#8221; custom_padding_tablet=&#8221;|0px||0px&#8221;][et_pb_column type=&#8221;4_4&#8243;][et_pb_lino_form _builder_version=&#8221;3.0.59&#8243; captcha=&#8221;on&#8221; use_excel=&#8221;off&#8221; use_redirect=&#8221;off&#8221; title_font_size_tablet=&#8221;51&#8243; title_line_height_tablet=&#8221;2&#8243; form_field_font_size_tablet=&#8221;51&#8243; form_field_line_height_tablet=&#8221;2&#8243; input_border_radius=&#8221;0&#8243; border_style=&#8221;solid&#8221; custom_button=&#8221;off&#8221; button_border_width=&#8221;0&#8243; button_border_radius=&#8221;0&#8243; button_letter_spacing=&#8221;0&#8243; button_icon_placement=&#8221;right&#8221; button_border_radius_hover=&#8221;0&#8243; button_letter_spacing_hover=&#8221;0&#8243; success_message=&#8221;Pedido de or\u00e7amento enviado com sucesso.&#8221; submit_button_text=&#8221;ENVOYER&#8221; email=&#8221;traducao.lisboa@alliancefr.pt&#8221;] [et_pb_lino_field field_title=&#8221;Pr\u00e9nom \u2013 Nom &#8221; field_type=&#8221;input&#8221; field_id=&#8221;Name&#8221; required_mark=&#8221;on&#8221; fullwidth_field=&#8221;on&#8221; checkbox_checked=&#8221;off&#8221; min_length=&#8221;0&#8243; max_length=&#8221;0&#8243; allowed_symbols=&#8221;all&#8221; conditional_logic=&#8221;off&#8221; conditional_logic_relation=&#8221;off&#8221; conditional_logic_rules=&#8221;%91{%22field%22:%22email%22,%22condition%22:%22is%22,%22value%22:%22%22}%93&#8243; form_field_font_select=&#8221;default&#8221; form_field_font=&#8221;||||&#8221; use_border_color=&#8221;off&#8221; border_style=&#8221;solid&#8221; \/][et_pb_lino_field field_title=&#8221;Email&#8221; field_type=&#8221;email&#8221; field_id=&#8221;Email&#8221; required_mark=&#8221;on&#8221; fullwidth_field=&#8221;off&#8221; checkbox_checked=&#8221;off&#8221; min_length=&#8221;0&#8243; max_length=&#8221;0&#8243; allowed_symbols=&#8221;all&#8221; conditional_logic=&#8221;off&#8221; conditional_logic_relation=&#8221;off&#8221; conditional_logic_rules=&#8221;%91{%22field%22:%22name%22,%22condition%22:%22is%22,%22value%22:%22%22}%93&#8243; form_field_font_select=&#8221;default&#8221; form_field_font=&#8221;||||&#8221; use_border_color=&#8221;off&#8221; border_style=&#8221;solid&#8221; \/][et_pb_lino_field field_title=&#8221;T\u00e9l\u00e9phone&#8221; field_type=&#8221;input&#8221; field_id=&#8221;phone&#8221; required_mark=&#8221;on&#8221; fullwidth_field=&#8221;off&#8221; checkbox_checked=&#8221;off&#8221; min_length=&#8221;0&#8243; max_length=&#8221;0&#8243; allowed_symbols=&#8221;all&#8221; conditional_logic=&#8221;off&#8221; conditional_logic_relation=&#8221;off&#8221; conditional_logic_rules=&#8221;%91{%22field%22:%22name%22,%22condition%22:%22is%22,%22value%22:%22%22}%93&#8243; form_field_font_select=&#8221;default&#8221; form_field_font=&#8221;||||&#8221; use_border_color=&#8221;off&#8221; border_style=&#8221;solid&#8221; \/][et_pb_lino_field field_id=&#8221;assunto&#8221; field_title=&#8221;Objet&#8221; field_type=&#8221;input&#8221; checkbox_checked=&#8221;off&#8221; min_length=&#8221;0&#8243; max_length=&#8221;0&#8243; allowed_symbols=&#8221;all&#8221; required_mark=&#8221;on&#8221; conditional_logic=&#8221;off&#8221; conditional_logic_relation=&#8221;off&#8221; conditional_logic_rules=&#8221;%91{%22field%22:%22name%22,%22condition%22:%22is%22,%22value%22:%22%22}%93&#8243; fullwidth_field=&#8221;on&#8221; form_field_font_select=&#8221;default&#8221; form_field_font=&#8221;||||&#8221; use_border_color=&#8221;off&#8221; border_style=&#8221;solid&#8221; \/][et_pb_lino_field field_id=&#8221;message&#8221; field_title=&#8221;Message&#8221; field_type=&#8221;text&#8221; checkbox_checked=&#8221;off&#8221; min_length=&#8221;0&#8243; max_length=&#8221;0&#8243; allowed_symbols=&#8221;all&#8221; required_mark=&#8221;on&#8221; conditional_logic=&#8221;off&#8221; conditional_logic_relation=&#8221;off&#8221; conditional_logic_rules=&#8221;%91{%22field%22:%22name%22,%22condition%22:%22is%22,%22value%22:%22%22}%93&#8243; fullwidth_field=&#8221;on&#8221; form_field_font_select=&#8221;default&#8221; form_field_font=&#8221;||||&#8221; use_border_color=&#8221;off&#8221; border_style=&#8221;solid&#8221; \/][et_pb_lino_field field_id=&#8221;ptfr&#8221; field_title=&#8221;Combinaison linguistique :&#8221; field_type=&#8221;radio&#8221; checkbox_checked=&#8221;off&#8221; radio_options=&#8221;%91{%22value%22:%22Fran\u00e7ais &gt; Portugais%22,%22checked%22:0},{%22value%22:%22Portugais &gt; Fran\u00e7ais%22,%22checked%22:0}%93&#8243; min_length=&#8221;0&#8243; max_length=&#8221;0&#8243; allowed_symbols=&#8221;all&#8221; required_mark=&#8221;on&#8221; conditional_logic=&#8221;off&#8221; conditional_logic_relation=&#8221;off&#8221; conditional_logic_rules=&#8221;%91{%22field%22:%22name%22,%22condition%22:%22is%22,%22value%22:%22%22}%93&#8243; fullwidth_field=&#8221;on&#8221; form_field_font_select=&#8221;default&#8221; form_field_font=&#8221;||||&#8221; use_border_color=&#8221;off&#8221; border_style=&#8221;solid&#8221; \/][et_pb_lino_field field_id=&#8221;doc&#8221; field_title=&#8221;Document&#8221; field_type=&#8221;upload&#8221; checkbox_checked=&#8221;off&#8221; min_length=&#8221;0&#8243; max_length=&#8221;0&#8243; allowed_symbols=&#8221;all&#8221; required_mark=&#8221;on&#8221; conditional_logic=&#8221;off&#8221; conditional_logic_relation=&#8221;off&#8221; conditional_logic_rules=&#8221;%91{%22field%22:%22name%22,%22condition%22:%22is%22,%22value%22:%22%22}%93&#8243; fullwidth_field=&#8221;on&#8221; form_field_font_select=&#8221;default&#8221; form_field_font=&#8221;||||&#8221; use_border_color=&#8221;off&#8221; border_style=&#8221;solid&#8221; \/][et_pb_lino_field field_id=&#8221;doc_2&#8243; field_title=&#8221;Document&#8221; field_type=&#8221;upload&#8221; checkbox_checked=&#8221;off&#8221; min_length=&#8221;0&#8243; max_length=&#8221;0&#8243; allowed_symbols=&#8221;all&#8221; required_mark=&#8221;off&#8221; conditional_logic=&#8221;off&#8221; conditional_logic_relation=&#8221;off&#8221; conditional_logic_rules=&#8221;%91{%22field%22:%22name%22,%22condition%22:%22is%22,%22value%22:%22%22}%93&#8243; fullwidth_field=&#8221;on&#8221; form_field_font_select=&#8221;default&#8221; form_field_font=&#8221;||||&#8221; use_border_color=&#8221;off&#8221; border_style=&#8221;solid&#8221; \/][et_pb_lino_field field_id=&#8221;doc_2_2&#8243; field_title=&#8221;Document&#8221; field_type=&#8221;upload&#8221; checkbox_checked=&#8221;off&#8221; min_length=&#8221;0&#8243; max_length=&#8221;0&#8243; allowed_symbols=&#8221;all&#8221; required_mark=&#8221;off&#8221; conditional_logic=&#8221;off&#8221; conditional_logic_relation=&#8221;off&#8221; conditional_logic_rules=&#8221;%91{%22field%22:%22name%22,%22condition%22:%22is%22,%22value%22:%22%22}%93&#8243; fullwidth_field=&#8221;on&#8221; form_field_font_select=&#8221;default&#8221; form_field_font=&#8221;||||&#8221; use_border_color=&#8221;off&#8221; border_style=&#8221;solid&#8221; \/][et_pb_lino_field field_id=&#8221;doc_2_2_2&#8243; field_title=&#8221;Document&#8221; field_type=&#8221;upload&#8221; checkbox_checked=&#8221;off&#8221; min_length=&#8221;0&#8243; max_length=&#8221;0&#8243; allowed_symbols=&#8221;all&#8221; required_mark=&#8221;off&#8221; conditional_logic=&#8221;off&#8221; conditional_logic_relation=&#8221;off&#8221; conditional_logic_rules=&#8221;%91{%22field%22:%22name%22,%22condition%22:%22is%22,%22value%22:%22%22}%93&#8243; fullwidth_field=&#8221;on&#8221; form_field_font_select=&#8221;default&#8221; form_field_font=&#8221;||||&#8221; use_border_color=&#8221;off&#8221; border_style=&#8221;solid&#8221; \/][et_pb_lino_field field_id=&#8221;Field_11&#8243; field_title=&#8221;J&#8217;accepte les conditions g\u00e9n\u00e9rales d&#8217;utilisation du site alliancefr.pt &#8211; RGPD compliant &#8221; field_type=&#8221;radio&#8221; checkbox_checked=&#8221;off&#8221; radio_options=&#8221;%91{%22value%22:%22Oui%22,%22checked%22:0}%93&#8243; min_length=&#8221;0&#8243; max_length=&#8221;0&#8243; allowed_symbols=&#8221;all&#8221; required_mark=&#8221;on&#8221; conditional_logic=&#8221;off&#8221; conditional_logic_relation=&#8221;off&#8221; conditional_logic_rules=&#8221;%91{%22field%22:%22name%22,%22condition%22:%22is%22,%22value%22:%22%22}%93&#8243; fullwidth_field=&#8221;on&#8221; form_field_font_select=&#8221;default&#8221; form_field_font=&#8221;||||&#8221; use_border_color=&#8221;off&#8221; border_style=&#8221;solid&#8221; \/] [\/et_pb_lino_form][\/et_pb_column][\/et_pb_row][\/et_pb_section][et_pb_section bb_built=&#8221;1&#8243; fullwidth=&#8221;off&#8221; specialty=&#8221;off&#8221; _builder_version=&#8221;3.0.59&#8243; background_color=&#8221;#ededed&#8221;][et_pb_row][et_pb_column type=&#8221;4_4&#8243;][et_pb_text _builder_version=&#8221;3.0.59&#8243; background_layout=&#8221;light&#8221; text_orientation=&#8221;left&#8221; border_style=&#8221;solid&#8221; header_text_color=&#8221;#333333&#8243; text_text_color=&#8221;#333333&#8243;]<\/p>\n<h5 style=\"text-align: center;\">POUR PLUS D\u2019INFORMATIONS<\/h5>\n<p>[\/et_pb_text][et_pb_blurb admin_label=&#8221;Email&#8221; _builder_version=&#8221;3.0.59&#8243; url_new_window=&#8221;off&#8221; use_icon=&#8221;off&#8221; image=&#8221;https:\/\/www.alliancefr.pt\/lisboa\/wp-content\/uploads\/sites\/2\/2017\/08\/picto-mail-blc.png&#8221; use_circle=&#8221;off&#8221; use_circle_border=&#8221;off&#8221; icon_placement=&#8221;top&#8221; use_icon_font_size=&#8221;off&#8221; background_layout=&#8221;light&#8221; border_style=&#8221;solid&#8221; custom_padding=&#8221;|10px||10px&#8221; animation=&#8221;top&#8221; text_orientation=&#8221;center&#8221; saved_tabs=&#8221;all&#8221;]<\/p>\n<p>traducao.lisboa@alliancefr.pt<\/p>\n<p>[\/et_pb_blurb][et_pb_blurb admin_label=&#8221;Telefone&#8221; _builder_version=&#8221;3.0.59&#8243; url_new_window=&#8221;off&#8221; use_icon=&#8221;off&#8221; image=&#8221;https:\/\/www.alliancefr.pt\/lisboa\/wp-content\/uploads\/sites\/2\/2017\/08\/picto-telefone-blc.png&#8221; use_circle=&#8221;off&#8221; use_circle_border=&#8221;off&#8221; icon_placement=&#8221;top&#8221; use_icon_font_size=&#8221;off&#8221; background_layout=&#8221;light&#8221; border_style=&#8221;solid&#8221; custom_padding=&#8221;|10px||10px&#8221; animation=&#8221;top&#8221; text_orientation=&#8221;center&#8221; custom_margin=&#8221;20px|||&#8221; saved_tabs=&#8221;all&#8221;]<\/p>\n<p>(+ 351) 21 240 01 69<\/p>\n<p>[\/et_pb_blurb][\/et_pb_column][\/et_pb_row][\/et_pb_section]<\/p>\n","protected":false},"excerpt":{"rendered":"<p>Service de Traduction L\u2019Alliance fran\u00e7aise de Lisbonne est la r\u00e9f\u00e9rence de la traduction en fran\u00e7ais, pour les particuliers et les entreprises. Le service Alliance Traduction, cr\u00e9\u00e9 il y a plus de 20 ans, dispose d\u2019une \u00e9quipe permanente de traduc-teurs, ainsi que d\u2019un r\u00e9seau de professionnels ind\u00e9pendants, s\u00e9lectionn\u00e9s avec la plus grande rigueur. Sp\u00e9cialis\u00e9s dans les [&hellip;]<\/p>\n","protected":false},"author":1,"featured_media":0,"parent":0,"menu_order":0,"comment_status":"closed","ping_status":"closed","template":"","meta":{"_acf_changed":false,"_et_pb_use_builder":"on","_et_pb_old_content":"","_et_gb_content_width":"","_exactmetrics_skip_tracking":false,"_exactmetrics_sitenote_active":false,"_exactmetrics_sitenote_note":"","_exactmetrics_sitenote_category":0,"footnotes":""},"class_list":["post-3052","page","type-page","status-publish","hentry"],"acf":[],"yoast_head":"<!-- This site is optimized with the Yoast SEO plugin v27.0 - https:\/\/yoast.com\/product\/yoast-seo-wordpress\/ -->\n<title>Traduction - Alliance Fran\u00e7aise Lisboa<\/title>\n<meta name=\"robots\" content=\"index, follow, max-snippet:-1, max-image-preview:large, max-video-preview:-1\" \/>\n<link rel=\"canonical\" href=\"https:\/\/www.alliancefr.pt\/lisboa\/servico-de-traducao\/\" \/>\n<meta property=\"og:locale\" content=\"fr_FR\" \/>\n<meta property=\"og:type\" content=\"article\" \/>\n<meta property=\"og:title\" content=\"Traduction - Alliance Fran\u00e7aise Lisboa\" \/>\n<meta property=\"og:description\" content=\"Service de Traduction L\u2019Alliance fran\u00e7aise de Lisbonne est la r\u00e9f\u00e9rence de la traduction en fran\u00e7ais, pour les particuliers et les entreprises. Le service Alliance Traduction, cr\u00e9\u00e9 il y a plus de 20 ans, dispose d\u2019une \u00e9quipe permanente de traduc-teurs, ainsi que d\u2019un r\u00e9seau de professionnels ind\u00e9pendants, s\u00e9lectionn\u00e9s avec la plus grande rigueur. Sp\u00e9cialis\u00e9s dans les [&hellip;]\" \/>\n<meta property=\"og:url\" content=\"https:\/\/www.alliancefr.pt\/lisboa\/servico-de-traducao\/\" \/>\n<meta property=\"og:site_name\" content=\"Alliance Fran\u00e7aise Lisboa\" \/>\n<meta property=\"article:publisher\" content=\"https:\/\/www.facebook.com\/allianceflisboa\/\" \/>\n<meta property=\"article:modified_time\" content=\"2021-04-16T16:10:12+00:00\" \/>\n<meta name=\"twitter:card\" content=\"summary_large_image\" \/>\n<meta name=\"twitter:label1\" content=\"Dur\u00e9e de lecture estim\u00e9e\" \/>\n\t<meta name=\"twitter:data1\" content=\"8 minutes\" \/>\n<script type=\"application\/ld+json\" class=\"yoast-schema-graph\">{\"@context\":\"https:\/\/schema.org\",\"@graph\":[{\"@type\":\"WebPage\",\"@id\":\"https:\/\/www.alliancefr.pt\/lisboa\/servico-de-traducao\/\",\"url\":\"https:\/\/www.alliancefr.pt\/lisboa\/servico-de-traducao\/\",\"name\":\"Traduction - Alliance Fran\u00e7aise Lisboa\",\"isPartOf\":{\"@id\":\"https:\/\/www.alliancefr.pt\/lisboa\/#website\"},\"datePublished\":\"2017-11-24T09:20:45+00:00\",\"dateModified\":\"2021-04-16T16:10:12+00:00\",\"breadcrumb\":{\"@id\":\"https:\/\/www.alliancefr.pt\/lisboa\/servico-de-traducao\/#breadcrumb\"},\"inLanguage\":\"fr-FR\",\"potentialAction\":[{\"@type\":\"ReadAction\",\"target\":[\"https:\/\/www.alliancefr.pt\/lisboa\/servico-de-traducao\/\"]}]},{\"@type\":\"BreadcrumbList\",\"@id\":\"https:\/\/www.alliancefr.pt\/lisboa\/servico-de-traducao\/#breadcrumb\",\"itemListElement\":[{\"@type\":\"ListItem\",\"position\":1,\"name\":\"In\u00edcio\",\"item\":\"https:\/\/www.alliancefr.pt\/lisboa\/\"},{\"@type\":\"ListItem\",\"position\":2,\"name\":\"Traduction\"}]},{\"@type\":\"WebSite\",\"@id\":\"https:\/\/www.alliancefr.pt\/lisboa\/#website\",\"url\":\"https:\/\/www.alliancefr.pt\/lisboa\/\",\"name\":\"Alliance Fran\u00e7aise Lisboa\",\"description\":\"Alliances Fran\u00e7aises de Lisbonne\",\"potentialAction\":[{\"@type\":\"SearchAction\",\"target\":{\"@type\":\"EntryPoint\",\"urlTemplate\":\"https:\/\/www.alliancefr.pt\/lisboa\/?s={search_term_string}\"},\"query-input\":{\"@type\":\"PropertyValueSpecification\",\"valueRequired\":true,\"valueName\":\"search_term_string\"}}],\"inLanguage\":\"fr-FR\"}]}<\/script>\n<!-- \/ Yoast SEO plugin. -->","yoast_head_json":{"title":"Traduction - Alliance Fran\u00e7aise Lisboa","robots":{"index":"index","follow":"follow","max-snippet":"max-snippet:-1","max-image-preview":"max-image-preview:large","max-video-preview":"max-video-preview:-1"},"canonical":"https:\/\/www.alliancefr.pt\/lisboa\/servico-de-traducao\/","og_locale":"fr_FR","og_type":"article","og_title":"Traduction - Alliance Fran\u00e7aise Lisboa","og_description":"Service de Traduction L\u2019Alliance fran\u00e7aise de Lisbonne est la r\u00e9f\u00e9rence de la traduction en fran\u00e7ais, pour les particuliers et les entreprises. Le service Alliance Traduction, cr\u00e9\u00e9 il y a plus de 20 ans, dispose d\u2019une \u00e9quipe permanente de traduc-teurs, ainsi que d\u2019un r\u00e9seau de professionnels ind\u00e9pendants, s\u00e9lectionn\u00e9s avec la plus grande rigueur. Sp\u00e9cialis\u00e9s dans les [&hellip;]","og_url":"https:\/\/www.alliancefr.pt\/lisboa\/servico-de-traducao\/","og_site_name":"Alliance Fran\u00e7aise Lisboa","article_publisher":"https:\/\/www.facebook.com\/allianceflisboa\/","article_modified_time":"2021-04-16T16:10:12+00:00","twitter_card":"summary_large_image","twitter_misc":{"Dur\u00e9e de lecture estim\u00e9e":"8 minutes"},"schema":{"@context":"https:\/\/schema.org","@graph":[{"@type":"WebPage","@id":"https:\/\/www.alliancefr.pt\/lisboa\/servico-de-traducao\/","url":"https:\/\/www.alliancefr.pt\/lisboa\/servico-de-traducao\/","name":"Traduction - Alliance Fran\u00e7aise Lisboa","isPartOf":{"@id":"https:\/\/www.alliancefr.pt\/lisboa\/#website"},"datePublished":"2017-11-24T09:20:45+00:00","dateModified":"2021-04-16T16:10:12+00:00","breadcrumb":{"@id":"https:\/\/www.alliancefr.pt\/lisboa\/servico-de-traducao\/#breadcrumb"},"inLanguage":"fr-FR","potentialAction":[{"@type":"ReadAction","target":["https:\/\/www.alliancefr.pt\/lisboa\/servico-de-traducao\/"]}]},{"@type":"BreadcrumbList","@id":"https:\/\/www.alliancefr.pt\/lisboa\/servico-de-traducao\/#breadcrumb","itemListElement":[{"@type":"ListItem","position":1,"name":"In\u00edcio","item":"https:\/\/www.alliancefr.pt\/lisboa\/"},{"@type":"ListItem","position":2,"name":"Traduction"}]},{"@type":"WebSite","@id":"https:\/\/www.alliancefr.pt\/lisboa\/#website","url":"https:\/\/www.alliancefr.pt\/lisboa\/","name":"Alliance Fran\u00e7aise Lisboa","description":"Alliances Fran\u00e7aises de Lisbonne","potentialAction":[{"@type":"SearchAction","target":{"@type":"EntryPoint","urlTemplate":"https:\/\/www.alliancefr.pt\/lisboa\/?s={search_term_string}"},"query-input":{"@type":"PropertyValueSpecification","valueRequired":true,"valueName":"search_term_string"}}],"inLanguage":"fr-FR"}]}},"_links":{"self":[{"href":"https:\/\/www.alliancefr.pt\/lisboa\/fr\/wp-json\/wp\/v2\/pages\/3052","targetHints":{"allow":["GET"]}}],"collection":[{"href":"https:\/\/www.alliancefr.pt\/lisboa\/fr\/wp-json\/wp\/v2\/pages"}],"about":[{"href":"https:\/\/www.alliancefr.pt\/lisboa\/fr\/wp-json\/wp\/v2\/types\/page"}],"author":[{"embeddable":true,"href":"https:\/\/www.alliancefr.pt\/lisboa\/fr\/wp-json\/wp\/v2\/users\/1"}],"replies":[{"embeddable":true,"href":"https:\/\/www.alliancefr.pt\/lisboa\/fr\/wp-json\/wp\/v2\/comments?post=3052"}],"version-history":[{"count":10,"href":"https:\/\/www.alliancefr.pt\/lisboa\/fr\/wp-json\/wp\/v2\/pages\/3052\/revisions"}],"predecessor-version":[{"id":5139,"href":"https:\/\/www.alliancefr.pt\/lisboa\/fr\/wp-json\/wp\/v2\/pages\/3052\/revisions\/5139"}],"wp:attachment":[{"href":"https:\/\/www.alliancefr.pt\/lisboa\/fr\/wp-json\/wp\/v2\/media?parent=3052"}],"curies":[{"name":"wp","href":"https:\/\/api.w.org\/{rel}","templated":true}]}}