{"id":2988,"date":"2017-11-23T10:37:50","date_gmt":"2017-11-23T10:37:50","guid":{"rendered":"https:\/\/www.alliancefr.pt\/lisboa\/?page_id=2988"},"modified":"2017-11-23T11:08:15","modified_gmt":"2017-11-23T11:08:15","slug":"cursos-e-formacoes","status":"publish","type":"page","link":"https:\/\/www.alliancefr.pt\/lisboa\/fr\/cursos-e-formacoes\/","title":{"rendered":"Cursos e Forma\u00e7\u00f5es"},"content":{"rendered":"","protected":false},"excerpt":{"rendered":"","protected":false},"author":1,"featured_media":0,"parent":0,"menu_order":0,"comment_status":"closed","ping_status":"closed","template":"","meta":{"_acf_changed":false,"_et_pb_use_builder":"","_et_pb_old_content":"","_et_gb_content_width":"","_exactmetrics_skip_tracking":false,"_exactmetrics_sitenote_active":false,"_exactmetrics_sitenote_note":"","_exactmetrics_sitenote_category":0,"footnotes":""},"class_list":["post-2988","page","type-page","status-publish","hentry"],"acf":[],"yoast_head":"<!-- This site is optimized with the Yoast SEO plugin v27.0 - https:\/\/yoast.com\/product\/yoast-seo-wordpress\/ -->\n<title>Cursos e Forma\u00e7\u00f5es - Alliance Fran\u00e7aise Lisboa<\/title>\n<meta name=\"robots\" content=\"index, follow, max-snippet:-1, max-image-preview:large, max-video-preview:-1\" \/>\n<link rel=\"canonical\" href=\"https:\/\/www.alliancefr.pt\/lisboa\/fr\/cursos-e-formacoes\/\" \/>\n<meta property=\"og:locale\" content=\"fr_FR\" \/>\n<meta property=\"og:type\" content=\"article\" \/>\n<meta property=\"og:title\" content=\"Cursos e Forma\u00e7\u00f5es - Alliance Fran\u00e7aise Lisboa\" \/>\n<meta property=\"og:url\" content=\"https:\/\/www.alliancefr.pt\/lisboa\/fr\/cursos-e-formacoes\/\" \/>\n<meta property=\"og:site_name\" content=\"Alliance Fran\u00e7aise Lisboa\" \/>\n<meta property=\"article:publisher\" content=\"https:\/\/www.facebook.com\/allianceflisboa\/\" \/>\n<meta property=\"article:modified_time\" content=\"2017-11-23T11:08:15+00:00\" \/>\n<meta name=\"twitter:card\" content=\"summary_large_image\" \/>\n<script type=\"application\/ld+json\" class=\"yoast-schema-graph\">{\"@context\":\"https:\/\/schema.org\",\"@graph\":[{\"@type\":\"WebPage\",\"@id\":\"https:\/\/www.alliancefr.pt\/lisboa\/fr\/cursos-e-formacoes\/\",\"url\":\"https:\/\/www.alliancefr.pt\/lisboa\/fr\/cursos-e-formacoes\/\",\"name\":\"Cursos e Forma\u00e7\u00f5es - Alliance Fran\u00e7aise Lisboa\",\"isPartOf\":{\"@id\":\"https:\/\/www.alliancefr.pt\/lisboa\/#website\"},\"datePublished\":\"2017-11-23T10:37:50+00:00\",\"dateModified\":\"2017-11-23T11:08:15+00:00\",\"breadcrumb\":{\"@id\":\"https:\/\/www.alliancefr.pt\/lisboa\/fr\/cursos-e-formacoes\/#breadcrumb\"},\"inLanguage\":\"fr-FR\",\"potentialAction\":[{\"@type\":\"ReadAction\",\"target\":[\"https:\/\/www.alliancefr.pt\/lisboa\/fr\/cursos-e-formacoes\/\"]}]},{\"@type\":\"BreadcrumbList\",\"@id\":\"https:\/\/www.alliancefr.pt\/lisboa\/fr\/cursos-e-formacoes\/#breadcrumb\",\"itemListElement\":[{\"@type\":\"ListItem\",\"position\":1,\"name\":\"In\u00edcio\",\"item\":\"https:\/\/www.alliancefr.pt\/lisboa\/\"},{\"@type\":\"ListItem\",\"position\":2,\"name\":\"Cursos e Forma\u00e7\u00f5es\"}]},{\"@type\":\"WebSite\",\"@id\":\"https:\/\/www.alliancefr.pt\/lisboa\/#website\",\"url\":\"https:\/\/www.alliancefr.pt\/lisboa\/\",\"name\":\"Alliance Fran\u00e7aise Lisboa\",\"description\":\"Alliances Fran\u00e7aises de Lisbonne\",\"potentialAction\":[{\"@type\":\"SearchAction\",\"target\":{\"@type\":\"EntryPoint\",\"urlTemplate\":\"https:\/\/www.alliancefr.pt\/lisboa\/?s={search_term_string}\"},\"query-input\":{\"@type\":\"PropertyValueSpecification\",\"valueRequired\":true,\"valueName\":\"search_term_string\"}}],\"inLanguage\":\"fr-FR\"}]}<\/script>\n<!-- \/ Yoast SEO plugin. -->","yoast_head_json":{"title":"Cursos e Forma\u00e7\u00f5es - Alliance Fran\u00e7aise Lisboa","robots":{"index":"index","follow":"follow","max-snippet":"max-snippet:-1","max-image-preview":"max-image-preview:large","max-video-preview":"max-video-preview:-1"},"canonical":"https:\/\/www.alliancefr.pt\/lisboa\/fr\/cursos-e-formacoes\/","og_locale":"fr_FR","og_type":"article","og_title":"Cursos e Forma\u00e7\u00f5es - Alliance Fran\u00e7aise Lisboa","og_url":"https:\/\/www.alliancefr.pt\/lisboa\/fr\/cursos-e-formacoes\/","og_site_name":"Alliance Fran\u00e7aise Lisboa","article_publisher":"https:\/\/www.facebook.com\/allianceflisboa\/","article_modified_time":"2017-11-23T11:08:15+00:00","twitter_card":"summary_large_image","schema":{"@context":"https:\/\/schema.org","@graph":[{"@type":"WebPage","@id":"https:\/\/www.alliancefr.pt\/lisboa\/fr\/cursos-e-formacoes\/","url":"https:\/\/www.alliancefr.pt\/lisboa\/fr\/cursos-e-formacoes\/","name":"Cursos e Forma\u00e7\u00f5es - Alliance Fran\u00e7aise Lisboa","isPartOf":{"@id":"https:\/\/www.alliancefr.pt\/lisboa\/#website"},"datePublished":"2017-11-23T10:37:50+00:00","dateModified":"2017-11-23T11:08:15+00:00","breadcrumb":{"@id":"https:\/\/www.alliancefr.pt\/lisboa\/fr\/cursos-e-formacoes\/#breadcrumb"},"inLanguage":"fr-FR","potentialAction":[{"@type":"ReadAction","target":["https:\/\/www.alliancefr.pt\/lisboa\/fr\/cursos-e-formacoes\/"]}]},{"@type":"BreadcrumbList","@id":"https:\/\/www.alliancefr.pt\/lisboa\/fr\/cursos-e-formacoes\/#breadcrumb","itemListElement":[{"@type":"ListItem","position":1,"name":"In\u00edcio","item":"https:\/\/www.alliancefr.pt\/lisboa\/"},{"@type":"ListItem","position":2,"name":"Cursos e Forma\u00e7\u00f5es"}]},{"@type":"WebSite","@id":"https:\/\/www.alliancefr.pt\/lisboa\/#website","url":"https:\/\/www.alliancefr.pt\/lisboa\/","name":"Alliance Fran\u00e7aise Lisboa","description":"Alliances Fran\u00e7aises de Lisbonne","potentialAction":[{"@type":"SearchAction","target":{"@type":"EntryPoint","urlTemplate":"https:\/\/www.alliancefr.pt\/lisboa\/?s={search_term_string}"},"query-input":{"@type":"PropertyValueSpecification","valueRequired":true,"valueName":"search_term_string"}}],"inLanguage":"fr-FR"}]}},"_links":{"self":[{"href":"https:\/\/www.alliancefr.pt\/lisboa\/fr\/wp-json\/wp\/v2\/pages\/2988","targetHints":{"allow":["GET"]}}],"collection":[{"href":"https:\/\/www.alliancefr.pt\/lisboa\/fr\/wp-json\/wp\/v2\/pages"}],"about":[{"href":"https:\/\/www.alliancefr.pt\/lisboa\/fr\/wp-json\/wp\/v2\/types\/page"}],"author":[{"embeddable":true,"href":"https:\/\/www.alliancefr.pt\/lisboa\/fr\/wp-json\/wp\/v2\/users\/1"}],"replies":[{"embeddable":true,"href":"https:\/\/www.alliancefr.pt\/lisboa\/fr\/wp-json\/wp\/v2\/comments?post=2988"}],"version-history":[{"count":1,"href":"https:\/\/www.alliancefr.pt\/lisboa\/fr\/wp-json\/wp\/v2\/pages\/2988\/revisions"}],"predecessor-version":[{"id":2989,"href":"https:\/\/www.alliancefr.pt\/lisboa\/fr\/wp-json\/wp\/v2\/pages\/2988\/revisions\/2989"}],"wp:attachment":[{"href":"https:\/\/www.alliancefr.pt\/lisboa\/fr\/wp-json\/wp\/v2\/media?parent=2988"}],"curies":[{"name":"wp","href":"https:\/\/api.w.org\/{rel}","templated":true}]}}