{"id":202,"date":"2017-08-29T20:25:54","date_gmt":"2017-08-29T20:25:54","guid":{"rendered":"https:\/\/www.alliancefr.pt\/leiria\/?page_id=202\/"},"modified":"2024-06-19T15:08:10","modified_gmt":"2024-06-19T15:08:10","slug":"servico-de-traducao-em-leiria","status":"publish","type":"page","link":"https:\/\/www.alliancefr.pt\/leiria\/servico-de-traducao-em-leiria\/","title":{"rendered":"Tradu\u00e7\u00e3o"},"content":{"rendered":"<p>[et_pb_section fb_built=&#8221;1&#8243; _builder_version=&#8221;4.16&#8243; background_image=&#8221;https:\/\/www.alliancefr.pt\/leiria\/wp-content\/uploads\/sites\/4\/2017\/08\/bg-triangular-gris-2.jpg&#8221; global_colors_info=&#8221;{}&#8221;][et_pb_row module_class=&#8221;bem-vindo-bloc&#8221; _builder_version=&#8221;4.16&#8243; background_size=&#8221;initial&#8221; background_position=&#8221;top_left&#8221; background_repeat=&#8221;repeat&#8221; global_colors_info=&#8221;{}&#8221;][et_pb_column type=&#8221;4_4&#8243; _builder_version=&#8221;4.16&#8243; background_position=&#8221;top_left&#8221; custom_padding=&#8221;|||&#8221; global_colors_info=&#8221;{}&#8221; custom_padding__hover=&#8221;|||&#8221;][et_pb_text admin_label=&#8221;Titulo&#8221; module_class=&#8221;titlebloc-1&#8243; _builder_version=&#8221;4.16&#8243; header_font=&#8221;|||on|&#8221; text_orientation=&#8221;center&#8221; module_alignment=&#8221;center&#8221; custom_padding=&#8221;|10%||10%&#8221; border_style=&#8221;solid&#8221; global_colors_info=&#8221;{}&#8221;]<\/p>\n<h2 style=\"text-align: center;\">Servi\u00e7o de Tradu\u00e7\u00e3o<\/h2>\n<p>[\/et_pb_text][et_pb_text admin_label=&#8221;Sob Titulo&#8221; _builder_version=&#8221;4.16&#8243; text_font=&#8221;Roboto|||on|&#8221; text_text_color=&#8221;#333333&#8243; text_font_size=&#8221;16&#8243; text_orientation=&#8221;center&#8221; module_alignment=&#8221;center&#8221; custom_padding=&#8221;|10%||10%&#8221; border_style=&#8221;solid&#8221; saved_tabs=&#8221;all&#8221; global_colors_info=&#8221;{}&#8221;]<\/p>\n<p style=\"text-align: center;\">A Alliance Fran\u00e7aise de Leiria, especialista no ensino de franc\u00eas, coloca a sua vasta experi\u00eancia ao seu servi\u00e7o, ou ao da sua empresa, tamb\u00e9m na \u00e1rea da tradu\u00e7\u00e3o.<\/p>\n<p>[\/et_pb_text][et_pb_text admin_label=&#8221;Texto descri\u00e7\u00e3o&#8221; module_class=&#8221;titlebloc-1&#8243; _builder_version=&#8221;4.16&#8243; text_orientation=&#8221;center&#8221; module_alignment=&#8221;center&#8221; custom_padding=&#8221;|10%||10%&#8221; border_style=&#8221;solid&#8221; global_colors_info=&#8221;{}&#8221;]<\/p>\n<p style=\"text-align: center;\">Oferecemos um servi\u00e7o de tradu\u00e7\u00e3o completo, de e para l\u00edngua francesa, em todas as \u00e1reas t\u00e9cnicas.<\/p>\n<p>[\/et_pb_text][\/et_pb_column][\/et_pb_row][\/et_pb_section][et_pb_section fb_built=&#8221;1&#8243; _builder_version=&#8221;4.16&#8243; background_image=&#8221;https:\/\/www.alliancefr.pt\/leiria\/wp-content\/uploads\/sites\/4\/2017\/08\/trabalha_connosco.jpg&#8221; parallax=&#8221;on&#8221; global_colors_info=&#8221;{}&#8221;][et_pb_row _builder_version=&#8221;4.16&#8243; global_colors_info=&#8221;{}&#8221;][et_pb_column type=&#8221;4_4&#8243; _builder_version=&#8221;4.16&#8243; background_position=&#8221;top_left&#8221; custom_padding=&#8221;|||&#8221; global_colors_info=&#8221;{}&#8221; custom_padding__hover=&#8221;|||&#8221;][et_pb_text admin_label=&#8221;Tradu\u00e7\u00e3o&#8221; module_class=&#8221;traducao-bloc&#8221; _builder_version=&#8221;4.16&#8243; text_font=&#8221;Open Sans||||&#8221; text_text_color=&#8221;#ffffff&#8221; text_font_size=&#8221;24&#8243; text_line_height=&#8221;1.8em&#8221; header_font=&#8221;Lato||||&#8221; header_text_color=&#8221;#ffffff&#8221; header_font_size=&#8221;36px&#8221; background_layout=&#8221;dark&#8221; custom_padding=&#8221;|10%||10%&#8221; border_style=&#8221;solid&#8221; global_colors_info=&#8221;{}&#8221;]<\/p>\n<p style=\"text-align: center;\"><em>Os nossos profissionais traduzem, exclusivamente, para a sua l\u00edngua materna e possuem forma\u00e7\u00e3o especializada. Com o objetivo de alcan\u00e7ar a qualidade total, submetemos todos os trabalhos a um rigoroso controlo de qualidade.<\/em><\/p>\n<p>[\/et_pb_text][\/et_pb_column][\/et_pb_row][\/et_pb_section][et_pb_section fb_built=&#8221;1&#8243; _builder_version=&#8221;4.16&#8243; background_color=&#8221;#ffffff&#8221; global_colors_info=&#8221;{}&#8221;][et_pb_row module_class=&#8221;bem-vindo-bloc&#8221; _builder_version=&#8221;4.16&#8243; background_size=&#8221;initial&#8221; background_position=&#8221;top_left&#8221; background_repeat=&#8221;repeat&#8221; global_colors_info=&#8221;{}&#8221;][et_pb_column type=&#8221;4_4&#8243; _builder_version=&#8221;4.16&#8243; background_position=&#8221;top_left&#8221; custom_padding=&#8221;|||&#8221; global_colors_info=&#8221;{}&#8221; custom_padding__hover=&#8221;|||&#8221;][et_pb_text admin_label=&#8221;Titulo&#8221; module_class=&#8221;titlebloc-1&#8243; _builder_version=&#8221;4.16&#8243; header_font=&#8221;|||on|&#8221; text_orientation=&#8221;center&#8221; module_alignment=&#8221;center&#8221; custom_padding=&#8221;|10%||10%&#8221; border_style=&#8221;solid&#8221; global_colors_info=&#8221;{}&#8221;]<\/p>\n<h2 style=\"text-align: center;\">Or\u00e7amentos gratuitos<\/h2>\n<p>[\/et_pb_text][et_pb_text admin_label=&#8221;Sob Titulo&#8221; _builder_version=&#8221;4.16&#8243; text_font=&#8221;Roboto|||on|&#8221; text_text_color=&#8221;#333333&#8243; text_font_size=&#8221;16&#8243; text_orientation=&#8221;center&#8221; module_alignment=&#8221;center&#8221; custom_padding=&#8221;|10%||10%&#8221; border_style=&#8221;solid&#8221; saved_tabs=&#8221;all&#8221; global_colors_info=&#8221;{}&#8221;]<\/p>\n<p style=\"text-align: center;\">Pe\u00e7a sem compromisso o seu or\u00e7amento e entraremos em contacto com a maior brevidade poss\u00edvel.<\/p>\n<p>[\/et_pb_text][\/et_pb_column][\/et_pb_row][et_pb_row custom_padding_last_edited=&#8221;on|tablet&#8221; _builder_version=&#8221;4.16&#8243; custom_margin=&#8221;20px|||&#8221; custom_padding=&#8221;|10%||10%&#8221; custom_padding_tablet=&#8221;|0px||0px&#8221; custom_padding_phone=&#8221;&#8221; global_colors_info=&#8221;{}&#8221;][et_pb_column type=&#8221;4_4&#8243; _builder_version=&#8221;4.16&#8243; background_position=&#8221;top_left&#8221; custom_padding=&#8221;|||&#8221; global_colors_info=&#8221;{}&#8221; custom_padding__hover=&#8221;|||&#8221;][et_pb_contact_form _builder_version=&#8221;4.23.1&#8243; _module_preset=&#8221;default&#8221; _unique_id=&#8221;72a593f4-5dcd-4da3-a5da-27f9ce112100&#8243; email=&#8221;leiria@alliancefr.pt&#8221; custom_message=&#8221;Pedido de or\u00e7amento &#8211; site alliancefr Lisboa||et_pb_line_break_holder||Nome: %%name%%||et_pb_line_break_holder||Email: %%email%%||et_pb_line_break_holder||Telefone: %%phone%%||et_pb_line_break_holder||Assunto: %%assunto%%||et_pb_line_break_holder||Mensagem: %%message%%||et_pb_line_break_holder||Tradu\u00e7\u00e3o pretendida: %%FrPt%%&#8221; save_entries_to_db=&#8221;off&#8221; submit_button_text=&#8221;ENVIAR&#8221; success_message=&#8221;<\/p>\n<p>Pedido de or\u00e7amento enviado com sucesso.<\/p>\n<p>&#8221; hover_enabled=&#8221;0&#8243; sticky_enabled=&#8221;0&#8243;][et_pb_contact_field field_id=&#8221;Name&#8221; field_title=&#8221;Nome&#8221; _builder_version=&#8221;4.23.1&#8243; hover_enabled=&#8221;0&#8243; global_colors_info=&#8221;{}&#8221; button_text_size__hover_enabled=&#8221;off&#8221; button_one_text_size__hover_enabled=&#8221;off&#8221; button_two_text_size__hover_enabled=&#8221;off&#8221; button_text_color__hover_enabled=&#8221;off&#8221; button_one_text_color__hover_enabled=&#8221;off&#8221; button_two_text_color__hover_enabled=&#8221;off&#8221; button_border_width__hover_enabled=&#8221;off&#8221; button_one_border_width__hover_enabled=&#8221;off&#8221; button_two_border_width__hover_enabled=&#8221;off&#8221; button_border_color__hover_enabled=&#8221;off&#8221; button_one_border_color__hover_enabled=&#8221;off&#8221; button_two_border_color__hover_enabled=&#8221;off&#8221; button_border_radius__hover_enabled=&#8221;off&#8221; button_one_border_radius__hover_enabled=&#8221;off&#8221; button_two_border_radius__hover_enabled=&#8221;off&#8221; button_letter_spacing__hover_enabled=&#8221;off&#8221; button_one_letter_spacing__hover_enabled=&#8221;off&#8221; button_two_letter_spacing__hover_enabled=&#8221;off&#8221; button_bg_color__hover_enabled=&#8221;off&#8221; button_one_bg_color__hover_enabled=&#8221;off&#8221; button_two_bg_color__hover_enabled=&#8221;off&#8221; use_field_label=&#8221;on&#8221; sticky_enabled=&#8221;0&#8243;][\/et_pb_contact_field][et_pb_contact_field field_id=&#8221;Email&#8221; field_title=&#8221;Email Address&#8221; field_type=&#8221;email&#8221; _builder_version=&#8221;4.23.1&#8243; hover_enabled=&#8221;0&#8243; global_colors_info=&#8221;{}&#8221; button_text_size__hover_enabled=&#8221;off&#8221; button_one_text_size__hover_enabled=&#8221;off&#8221; button_two_text_size__hover_enabled=&#8221;off&#8221; button_text_color__hover_enabled=&#8221;off&#8221; button_one_text_color__hover_enabled=&#8221;off&#8221; button_two_text_color__hover_enabled=&#8221;off&#8221; button_border_width__hover_enabled=&#8221;off&#8221; button_one_border_width__hover_enabled=&#8221;off&#8221; button_two_border_width__hover_enabled=&#8221;off&#8221; button_border_color__hover_enabled=&#8221;off&#8221; button_one_border_color__hover_enabled=&#8221;off&#8221; button_two_border_color__hover_enabled=&#8221;off&#8221; button_border_radius__hover_enabled=&#8221;off&#8221; button_one_border_radius__hover_enabled=&#8221;off&#8221; button_two_border_radius__hover_enabled=&#8221;off&#8221; button_letter_spacing__hover_enabled=&#8221;off&#8221; button_one_letter_spacing__hover_enabled=&#8221;off&#8221; button_two_letter_spacing__hover_enabled=&#8221;off&#8221; button_bg_color__hover_enabled=&#8221;off&#8221; button_one_bg_color__hover_enabled=&#8221;off&#8221; button_two_bg_color__hover_enabled=&#8221;off&#8221; use_field_label=&#8221;on&#8221; sticky_enabled=&#8221;0&#8243;][\/et_pb_contact_field][et_pb_contact_field fullwidth_field=&#8221;on&#8221; _builder_version=&#8221;4.23.1&#8243; _module_preset=&#8221;default&#8221; field_id=&#8221;phone&#8221; field_title=&#8221;Telefone&#8221; use_field_label=&#8221;on&#8221; hover_enabled=&#8221;0&#8243; sticky_enabled=&#8221;0&#8243;][\/et_pb_contact_field][et_pb_contact_field fullwidth_field=&#8221;on&#8221; _builder_version=&#8221;4.23.1&#8243; _module_preset=&#8221;default&#8221; field_id=&#8221;assunto&#8221; field_title=&#8221;Assunto&#8221; use_field_label=&#8221;on&#8221; hover_enabled=&#8221;0&#8243; sticky_enabled=&#8221;0&#8243;][\/et_pb_contact_field][et_pb_contact_field field_id=&#8221;message&#8221; field_title=&#8221;Mensagem&#8221; field_type=&#8221;text&#8221; fullwidth_field=&#8221;on&#8221; _builder_version=&#8221;4.23.1&#8243; hover_enabled=&#8221;0&#8243; global_colors_info=&#8221;{}&#8221; button_text_size__hover_enabled=&#8221;off&#8221; button_one_text_size__hover_enabled=&#8221;off&#8221; button_two_text_size__hover_enabled=&#8221;off&#8221; button_text_color__hover_enabled=&#8221;off&#8221; button_one_text_color__hover_enabled=&#8221;off&#8221; button_two_text_color__hover_enabled=&#8221;off&#8221; button_border_width__hover_enabled=&#8221;off&#8221; button_one_border_width__hover_enabled=&#8221;off&#8221; button_two_border_width__hover_enabled=&#8221;off&#8221; button_border_color__hover_enabled=&#8221;off&#8221; button_one_border_color__hover_enabled=&#8221;off&#8221; button_two_border_color__hover_enabled=&#8221;off&#8221; button_border_radius__hover_enabled=&#8221;off&#8221; button_one_border_radius__hover_enabled=&#8221;off&#8221; button_two_border_radius__hover_enabled=&#8221;off&#8221; button_letter_spacing__hover_enabled=&#8221;off&#8221; button_one_letter_spacing__hover_enabled=&#8221;off&#8221; button_two_letter_spacing__hover_enabled=&#8221;off&#8221; button_bg_color__hover_enabled=&#8221;off&#8221; button_one_bg_color__hover_enabled=&#8221;off&#8221; button_two_bg_color__hover_enabled=&#8221;off&#8221; use_field_label=&#8221;on&#8221; sticky_enabled=&#8221;0&#8243;][\/et_pb_contact_field][et_pb_contact_field fullwidth_field=&#8221;on&#8221; _builder_version=&#8221;4.23.1&#8243; _module_preset=&#8221;default&#8221; field_id=&#8221;FrPt&#8221; field_title=&#8221;Combina\u00e7\u00e3o linguistica&#8221; field_type=&#8221;radio&#8221; radio_options=&#8221;%91{%22value%22:%22Portugu\u00eas para Franc\u00eas%22,%22checked%22:0,%22dragID%22:-1},{%22value%22:%22Franc\u00eas para Portugu\u00eas%22,%22checked%22:0,%22dragID%22:0}%93&#8243; hover_enabled=&#8221;0&#8243; sticky_enabled=&#8221;0&#8243;][\/et_pb_contact_field][et_pb_contact_field fullwidth_field=&#8221;on&#8221; _builder_version=&#8221;4.23.1&#8243; _module_preset=&#8221;default&#8221; field_id=&#8221;doc_one&#8221; field_title=&#8221;Documento(s)&#8221; use_field_label=&#8221;on&#8221; use_file_upload=&#8221;on&#8221; file_size=&#8221;4096&#8243; file_mime=&#8221;on|on|off|off|off|off|off|off|off|off|on|on|on|on|on|on|off|off|off|off|off|on|on|on|off|off|off|off|off|off|off|off|off|off&#8221; hover_enabled=&#8221;0&#8243; sticky_enabled=&#8221;0&#8243; required_mark=&#8221;off&#8221;][\/et_pb_contact_field][et_pb_contact_field fullwidth_field=&#8221;on&#8221; _builder_version=&#8221;4.23.1&#8243; _module_preset=&#8221;default&#8221; field_id=&#8221;doc_dois&#8221; field_title=&#8221;Documento(s)&#8221; use_field_label=&#8221;on&#8221; use_file_upload=&#8221;on&#8221; file_size=&#8221;4096&#8243; file_mime=&#8221;on|on|off|off|off|off|off|off|off|off|on|on|on|on|on|on|off|off|off|off|off|on|on|on|off|off|off|off|off|off|off|off|off|off&#8221; hover_enabled=&#8221;0&#8243; sticky_enabled=&#8221;0&#8243; required_mark=&#8221;off&#8221;][\/et_pb_contact_field][et_pb_contact_field fullwidth_field=&#8221;on&#8221; _builder_version=&#8221;4.23.1&#8243; _module_preset=&#8221;default&#8221; field_id=&#8221;doc_tres&#8221; field_title=&#8221;Documento(s)&#8221; use_field_label=&#8221;on&#8221; use_file_upload=&#8221;on&#8221; file_size=&#8221;4096&#8243; file_mime=&#8221;on|on|off|off|off|off|off|off|off|off|on|on|on|on|on|on|off|off|off|off|off|on|on|on|off|off|off|off|off|off|off|off|off|off&#8221; hover_enabled=&#8221;0&#8243; sticky_enabled=&#8221;0&#8243; required_mark=&#8221;off&#8221;][\/et_pb_contact_field][et_pb_contact_field fullwidth_field=&#8221;on&#8221; _builder_version=&#8221;4.23.1&#8243; _module_preset=&#8221;default&#8221; field_id=&#8221;doc_quarto&#8221; field_title=&#8221;Documento(s)&#8221; use_field_label=&#8221;on&#8221; use_file_upload=&#8221;on&#8221; file_size=&#8221;4096&#8243; file_mime=&#8221;on|on|off|off|off|off|off|off|off|off|on|on|on|on|on|on|off|off|off|off|off|on|on|on|off|off|off|off|off|off|off|off|off|off&#8221; hover_enabled=&#8221;0&#8243; sticky_enabled=&#8221;0&#8243; required_mark=&#8221;off&#8221;][\/et_pb_contact_field][et_pb_contact_field fullwidth_field=&#8221;on&#8221; _builder_version=&#8221;4.23.1&#8243; _module_preset=&#8221;default&#8221; field_id=&#8221;cgu&#8221; field_title=&#8221;Autorizo a recolha dos dados presentes no formul\u00e1rio pela Alliance Fran\u00e7aise. Ver mais em Termos e condi\u00e7\u00f5es gerais de utiliza\u00e7\u00e3o.&#8221; field_type=&#8221;radio&#8221; radio_options=&#8221;%91{%22value%22:%22Sim%22,%22checked%22:0,%22dragID%22:-1}%93&#8243; hover_enabled=&#8221;0&#8243; sticky_enabled=&#8221;0&#8243;][\/et_pb_contact_field][\/et_pb_contact_form][\/et_pb_column][\/et_pb_row][\/et_pb_section]<\/p>\n","protected":false},"excerpt":{"rendered":"<p>Servi\u00e7o de Tradu\u00e7\u00e3o A Alliance Fran\u00e7aise de Leiria, especialista no ensino de franc\u00eas, coloca a sua vasta experi\u00eancia ao seu servi\u00e7o, ou ao da sua empresa, tamb\u00e9m na \u00e1rea da tradu\u00e7\u00e3o. Oferecemos um servi\u00e7o de tradu\u00e7\u00e3o completo, de e para l\u00edngua francesa, em todas as \u00e1reas t\u00e9cnicas. Os nossos profissionais traduzem, exclusivamente, para a sua [&hellip;]<\/p>\n","protected":false},"author":1,"featured_media":0,"parent":0,"menu_order":0,"comment_status":"closed","ping_status":"closed","template":"","meta":{"_acf_changed":false,"_et_pb_use_builder":"on","_et_pb_old_content":"","_et_gb_content_width":"","_exactmetrics_skip_tracking":false,"_exactmetrics_sitenote_active":false,"_exactmetrics_sitenote_note":"","_exactmetrics_sitenote_category":0,"footnotes":""},"class_list":["post-202","page","type-page","status-publish","hentry"],"acf":[],"yoast_head":"<!-- This site is optimized with the Yoast SEO plugin v27.0 - https:\/\/yoast.com\/product\/yoast-seo-wordpress\/ -->\n<title>Servi\u00e7o de tradu\u00e7\u00e3o em Leiria - Alliance Fran\u00e7aise de Leiria<\/title>\n<meta name=\"description\" content=\"Servi\u00e7o de tradu\u00e7\u00e3o FR\/PT | Os nossos profissionais traduzem, exclusivamente, para a sua l\u00edngua materna | Or\u00e7amentos gratuitos.\" \/>\n<meta name=\"robots\" content=\"index, follow, max-snippet:-1, max-image-preview:large, max-video-preview:-1\" \/>\n<link rel=\"canonical\" href=\"https:\/\/www.alliancefr.pt\/leiria\/servico-de-traducao-em-leiria\/\" \/>\n<meta property=\"og:locale\" content=\"pt_PT\" \/>\n<meta property=\"og:type\" content=\"article\" \/>\n<meta property=\"og:title\" content=\"Servi\u00e7o de tradu\u00e7\u00e3o em Leiria - Alliance Fran\u00e7aise de Leiria\" \/>\n<meta property=\"og:description\" content=\"Servi\u00e7o de tradu\u00e7\u00e3o FR\/PT | Os nossos profissionais traduzem, exclusivamente, para a sua l\u00edngua materna | Or\u00e7amentos gratuitos.\" \/>\n<meta property=\"og:url\" content=\"https:\/\/www.alliancefr.pt\/leiria\/servico-de-traducao-em-leiria\/\" \/>\n<meta property=\"og:site_name\" content=\"Alliance Fran\u00e7aise Leiria\" \/>\n<meta property=\"article:modified_time\" content=\"2024-06-19T15:08:10+00:00\" \/>\n<meta name=\"twitter:card\" content=\"summary_large_image\" \/>\n<meta name=\"twitter:label1\" content=\"Tempo estimado de leitura\" \/>\n\t<meta name=\"twitter:data1\" content=\"8 minutos\" \/>\n<script type=\"application\/ld+json\" class=\"yoast-schema-graph\">{\"@context\":\"https:\/\/schema.org\",\"@graph\":[{\"@type\":\"WebPage\",\"@id\":\"https:\/\/www.alliancefr.pt\/leiria\/servico-de-traducao-em-leiria\/\",\"url\":\"https:\/\/www.alliancefr.pt\/leiria\/servico-de-traducao-em-leiria\/\",\"name\":\"Servi\u00e7o de tradu\u00e7\u00e3o em Leiria - Alliance Fran\u00e7aise de Leiria\",\"isPartOf\":{\"@id\":\"https:\/\/www.alliancefr.pt\/leiria\/#website\"},\"datePublished\":\"2017-08-29T20:25:54+00:00\",\"dateModified\":\"2024-06-19T15:08:10+00:00\",\"description\":\"Servi\u00e7o de tradu\u00e7\u00e3o FR\/PT | Os nossos profissionais traduzem, exclusivamente, para a sua l\u00edngua materna | Or\u00e7amentos gratuitos.\",\"breadcrumb\":{\"@id\":\"https:\/\/www.alliancefr.pt\/leiria\/servico-de-traducao-em-leiria\/#breadcrumb\"},\"inLanguage\":\"pt-PT\",\"potentialAction\":[{\"@type\":\"ReadAction\",\"target\":[\"https:\/\/www.alliancefr.pt\/leiria\/servico-de-traducao-em-leiria\/\"]}]},{\"@type\":\"BreadcrumbList\",\"@id\":\"https:\/\/www.alliancefr.pt\/leiria\/servico-de-traducao-em-leiria\/#breadcrumb\",\"itemListElement\":[{\"@type\":\"ListItem\",\"position\":1,\"name\":\"In\u00edcio\",\"item\":\"https:\/\/www.alliancefr.pt\/leiria\/\"},{\"@type\":\"ListItem\",\"position\":2,\"name\":\"Tradu\u00e7\u00e3o\"}]},{\"@type\":\"WebSite\",\"@id\":\"https:\/\/www.alliancefr.pt\/leiria\/#website\",\"url\":\"https:\/\/www.alliancefr.pt\/leiria\/\",\"name\":\"Alliance Fran\u00e7aise Leiria\",\"description\":\"Alliances Fran\u00e7aises de Lisbonne\",\"potentialAction\":[{\"@type\":\"SearchAction\",\"target\":{\"@type\":\"EntryPoint\",\"urlTemplate\":\"https:\/\/www.alliancefr.pt\/leiria\/?s={search_term_string}\"},\"query-input\":{\"@type\":\"PropertyValueSpecification\",\"valueRequired\":true,\"valueName\":\"search_term_string\"}}],\"inLanguage\":\"pt-PT\"}]}<\/script>\n<!-- \/ Yoast SEO plugin. -->","yoast_head_json":{"title":"Servi\u00e7o de tradu\u00e7\u00e3o em Leiria - Alliance Fran\u00e7aise de Leiria","description":"Servi\u00e7o de tradu\u00e7\u00e3o FR\/PT | Os nossos profissionais traduzem, exclusivamente, para a sua l\u00edngua materna | Or\u00e7amentos gratuitos.","robots":{"index":"index","follow":"follow","max-snippet":"max-snippet:-1","max-image-preview":"max-image-preview:large","max-video-preview":"max-video-preview:-1"},"canonical":"https:\/\/www.alliancefr.pt\/leiria\/servico-de-traducao-em-leiria\/","og_locale":"pt_PT","og_type":"article","og_title":"Servi\u00e7o de tradu\u00e7\u00e3o em Leiria - Alliance Fran\u00e7aise de Leiria","og_description":"Servi\u00e7o de tradu\u00e7\u00e3o FR\/PT | Os nossos profissionais traduzem, exclusivamente, para a sua l\u00edngua materna | Or\u00e7amentos gratuitos.","og_url":"https:\/\/www.alliancefr.pt\/leiria\/servico-de-traducao-em-leiria\/","og_site_name":"Alliance Fran\u00e7aise Leiria","article_modified_time":"2024-06-19T15:08:10+00:00","twitter_card":"summary_large_image","twitter_misc":{"Tempo estimado de leitura":"8 minutos"},"schema":{"@context":"https:\/\/schema.org","@graph":[{"@type":"WebPage","@id":"https:\/\/www.alliancefr.pt\/leiria\/servico-de-traducao-em-leiria\/","url":"https:\/\/www.alliancefr.pt\/leiria\/servico-de-traducao-em-leiria\/","name":"Servi\u00e7o de tradu\u00e7\u00e3o em Leiria - Alliance Fran\u00e7aise de Leiria","isPartOf":{"@id":"https:\/\/www.alliancefr.pt\/leiria\/#website"},"datePublished":"2017-08-29T20:25:54+00:00","dateModified":"2024-06-19T15:08:10+00:00","description":"Servi\u00e7o de tradu\u00e7\u00e3o FR\/PT | Os nossos profissionais traduzem, exclusivamente, para a sua l\u00edngua materna | Or\u00e7amentos gratuitos.","breadcrumb":{"@id":"https:\/\/www.alliancefr.pt\/leiria\/servico-de-traducao-em-leiria\/#breadcrumb"},"inLanguage":"pt-PT","potentialAction":[{"@type":"ReadAction","target":["https:\/\/www.alliancefr.pt\/leiria\/servico-de-traducao-em-leiria\/"]}]},{"@type":"BreadcrumbList","@id":"https:\/\/www.alliancefr.pt\/leiria\/servico-de-traducao-em-leiria\/#breadcrumb","itemListElement":[{"@type":"ListItem","position":1,"name":"In\u00edcio","item":"https:\/\/www.alliancefr.pt\/leiria\/"},{"@type":"ListItem","position":2,"name":"Tradu\u00e7\u00e3o"}]},{"@type":"WebSite","@id":"https:\/\/www.alliancefr.pt\/leiria\/#website","url":"https:\/\/www.alliancefr.pt\/leiria\/","name":"Alliance Fran\u00e7aise Leiria","description":"Alliances Fran\u00e7aises de Lisbonne","potentialAction":[{"@type":"SearchAction","target":{"@type":"EntryPoint","urlTemplate":"https:\/\/www.alliancefr.pt\/leiria\/?s={search_term_string}"},"query-input":{"@type":"PropertyValueSpecification","valueRequired":true,"valueName":"search_term_string"}}],"inLanguage":"pt-PT"}]}},"_links":{"self":[{"href":"https:\/\/www.alliancefr.pt\/leiria\/wp-json\/wp\/v2\/pages\/202","targetHints":{"allow":["GET"]}}],"collection":[{"href":"https:\/\/www.alliancefr.pt\/leiria\/wp-json\/wp\/v2\/pages"}],"about":[{"href":"https:\/\/www.alliancefr.pt\/leiria\/wp-json\/wp\/v2\/types\/page"}],"author":[{"embeddable":true,"href":"https:\/\/www.alliancefr.pt\/leiria\/wp-json\/wp\/v2\/users\/1"}],"replies":[{"embeddable":true,"href":"https:\/\/www.alliancefr.pt\/leiria\/wp-json\/wp\/v2\/comments?post=202"}],"version-history":[{"count":44,"href":"https:\/\/www.alliancefr.pt\/leiria\/wp-json\/wp\/v2\/pages\/202\/revisions"}],"predecessor-version":[{"id":5274,"href":"https:\/\/www.alliancefr.pt\/leiria\/wp-json\/wp\/v2\/pages\/202\/revisions\/5274"}],"wp:attachment":[{"href":"https:\/\/www.alliancefr.pt\/leiria\/wp-json\/wp\/v2\/media?parent=202"}],"curies":[{"name":"wp","href":"https:\/\/api.w.org\/{rel}","templated":true}]}}