{"id":220,"date":"2018-02-08T10:14:42","date_gmt":"2018-02-08T10:14:42","guid":{"rendered":"https:\/\/www.alliancefr.pt\/?page_id=220"},"modified":"2025-12-15T14:33:59","modified_gmt":"2025-12-15T14:33:59","slug":"cours-de-francais","status":"publish","type":"page","link":"https:\/\/www.alliancefr.pt\/fr\/","title":{"rendered":"COURS DE FRAN\u00c7AIS"},"content":{"rendered":"<p>[et_pb_section fb_built=&#8221;1&#8243; fullwidth=&#8221;on&#8221; disabled_on=&#8221;on|on|on&#8221; module_class=&#8221;splash-header&#8221; _builder_version=&#8221;4.16&#8243; background_color_gradient_start=&#8221;#d33345&#8243; background_color_gradient_end=&#8221;rgba(211,51,69,0)&#8221; disabled=&#8221;on&#8221; global_colors_info=&#8221;{}&#8221;][et_pb_fullwidth_code _builder_version=&#8221;4.16&#8243; global_colors_info=&#8221;{}&#8221;]<a href=\"#\" class=\"bottom-link\"><\/a>[\/et_pb_fullwidth_code][et_pb_fullwidth_header content_max_width=&#8221;none&#8221; _builder_version=&#8221;4.23.1&#8243; background_color=&#8221;rgba(255, 255, 255, 0)&#8221; background_layout=&#8221;light&#8221; button_one_border_radius_hover=&#8221;0&#8243; button_two_border_radius_hover=&#8221;0&#8243; button_one_letter_spacing_hover=&#8221;0&#8243; button_two_letter_spacing_hover=&#8221;0&#8243; global_colors_info=&#8221;{}&#8221; button_one_text_size__hover_enabled=&#8221;off&#8221; button_two_text_size__hover_enabled=&#8221;off&#8221; button_one_text_color__hover_enabled=&#8221;off&#8221; button_two_text_color__hover_enabled=&#8221;off&#8221; button_one_border_width__hover_enabled=&#8221;off&#8221; button_two_border_width__hover_enabled=&#8221;off&#8221; button_one_border_color__hover_enabled=&#8221;off&#8221; button_two_border_color__hover_enabled=&#8221;off&#8221; button_one_border_radius__hover_enabled=&#8221;on&#8221; button_one_border_radius__hover=&#8221;0&#8243; button_two_border_radius__hover_enabled=&#8221;on&#8221; button_two_border_radius__hover=&#8221;0&#8243; button_one_letter_spacing__hover_enabled=&#8221;on&#8221; button_one_letter_spacing__hover=&#8221;0&#8243; button_two_letter_spacing__hover_enabled=&#8221;on&#8221; button_two_letter_spacing__hover=&#8221;0&#8243; button_one_bg_color__hover_enabled=&#8221;off&#8221; button_two_bg_color__hover_enabled=&#8221;off&#8221;]<\/p>\n<h2 style=\"text-align: center\">BIENVENUE \u00c0 L\u2019ALLIANCE FRAN\u00c7AISE<\/h2>\n<p style=\"text-align: center\">L\u2019Alliance fran\u00e7aise cherche \u00e0 se rapprocher de plus en plus de ses \u00e9l\u00e8ves et de ses clients. La nouvelle image que nous venons d\u2019adopter est plus dynamique et interactive, afin de refl\u00e9ter plus clairement notre mission : d\u00e9velopper l\u2019enseignement de la langue fran\u00e7aise et le go\u00fbt pour les cultures francophones dans le monde entier.<\/p>\n<h3 style=\"text-align: center\">Bienvenue sur notre site!<\/h3>\n<p>[\/et_pb_fullwidth_header][\/et_pb_section][et_pb_section fb_built=&#8221;1&#8243; module_class=&#8221;splash-header&#8221; _builder_version=&#8221;4.16&#8243; custom_padding=&#8221;0px|||&#8221; global_colors_info=&#8221;{}&#8221;][et_pb_row module_class=&#8221; et_pb_row_fullwidth&#8221; _builder_version=&#8221;4.16&#8243; width=&#8221;89%&#8221; width_tablet=&#8221;80%&#8221; width_phone=&#8221;80%&#8221; width_last_edited=&#8221;on|desktop&#8221; max_width=&#8221;89%&#8221; max_width_tablet=&#8221;80%&#8221; max_width_phone=&#8221;80%&#8221; max_width_last_edited=&#8221;on|desktop&#8221; custom_padding=&#8221;0px|||&#8221; make_fullwidth=&#8221;on&#8221; global_colors_info=&#8221;{}&#8221;][et_pb_column type=&#8221;4_4&#8243; _builder_version=&#8221;4.16&#8243; background_position=&#8221;top_left&#8221; custom_padding=&#8221;0px|||&#8221; global_colors_info=&#8221;{}&#8221; custom_padding__hover=&#8221;|||&#8221;][et_pb_code _builder_version=&#8221;4.16&#8243; global_colors_info=&#8221;{}&#8221;]<a href=\"#\" class=\"bottom-link\"><\/a>[\/et_pb_code][et_pb_text _builder_version=&#8221;4.16&#8243; border_style=&#8221;solid&#8221; global_colors_info=&#8221;{}&#8221;]<\/p>\n<h2 style=\"text-align: center\">BIENVENUE \u00c0 L&#8217;ALLIANCE FRAN\u00c7AISE<\/h2>\n<p>[\/et_pb_text][\/et_pb_column][\/et_pb_row][et_pb_row column_structure=&#8221;1_3,1_3,1_3&#8243; module_class=&#8221;counter-bloc&#8221; _builder_version=&#8221;4.16&#8243; global_colors_info=&#8221;{}&#8221;][et_pb_column type=&#8221;1_3&#8243; _builder_version=&#8221;4.16&#8243; background_position=&#8221;top_left&#8221; custom_padding=&#8221;|||&#8221; global_colors_info=&#8221;{}&#8221; custom_padding__hover=&#8221;|||&#8221;][et_pb_number_counter number=&#8221;800&#8243; percent_sign=&#8221;off&#8221; module_class=&#8221;number-counter&#8221; _builder_version=&#8221;4.16&#8243; number_text_color=&#8221;#ffffff&#8221; number_font_size=&#8221;50&#8243; background_layout=&#8221;dark&#8221; border_style=&#8221;solid&#8221; global_colors_info=&#8221;{}&#8221;][\/et_pb_number_counter][et_pb_blurb image=&#8221;https:\/\/www.alliancefr.pt\/lisboa\/wp-content\/uploads\/sites\/2\/2017\/07\/pin-branco.png&#8221; icon_placement=&#8221;left&#8221; image_icon_width=&#8221;none&#8221; _builder_version=&#8221;4.16&#8243; header_font=&#8221;|on|||&#8221; header_font_size=&#8221;20&#8243; body_font=&#8221;|on|||&#8221; body_font_size=&#8221;16&#8243; background_layout=&#8221;dark&#8221; custom_padding=&#8221;0px|10px||&#8221; border_style=&#8221;solid&#8221; image_max_width=&#8221;none&#8221; use_circle=&#8221;off&#8221; use_circle_border=&#8221;off&#8221; global_colors_info=&#8221;{}&#8221;]Alliances Fran\u00e7aises<\/p>\n<h4>DANS LE MONDE<\/h4>\n<p>[\/et_pb_blurb][\/et_pb_column][et_pb_column type=&#8221;1_3&#8243; _builder_version=&#8221;4.16&#8243; background_position=&#8221;top_left&#8221; custom_padding=&#8221;|||&#8221; global_colors_info=&#8221;{}&#8221; custom_padding__hover=&#8221;|||&#8221;][et_pb_number_counter number=&#8221;250&#8243; percent_sign=&#8221;off&#8221; module_class=&#8221;number-counter&#8221; _builder_version=&#8221;4.16&#8243; number_text_color=&#8221;#ffffff&#8221; number_font_size=&#8221;50&#8243; background_layout=&#8221;dark&#8221; border_style=&#8221;solid&#8221; global_colors_info=&#8221;{}&#8221;][\/et_pb_number_counter][et_pb_blurb image=&#8221;https:\/\/www.alliancefr.pt\/lisboa\/wp-content\/uploads\/sites\/2\/2017\/07\/pin-branco.png&#8221; icon_placement=&#8221;left&#8221; image_icon_width=&#8221;none&#8221; _builder_version=&#8221;4.16&#8243; header_font=&#8221;|on|||&#8221; header_font_size=&#8221;20&#8243; body_font=&#8221;|on|||&#8221; body_font_size=&#8221;16&#8243; background_layout=&#8221;dark&#8221; custom_padding=&#8221;0px|10px||&#8221; border_style=&#8221;solid&#8221; image_max_width=&#8221;none&#8221; use_circle=&#8221;off&#8221; use_circle_border=&#8221;off&#8221; global_colors_info=&#8221;{}&#8221;]Alliances Fran\u00e7aises<\/p>\n<h4>EN EUROPE<\/h4>\n<p>[\/et_pb_blurb][\/et_pb_column][et_pb_column type=&#8221;1_3&#8243; _builder_version=&#8221;4.16&#8243; background_position=&#8221;top_left&#8221; custom_padding=&#8221;|||&#8221; global_colors_info=&#8221;{}&#8221; custom_padding__hover=&#8221;|||&#8221;][et_pb_number_counter number=&#8221;10&#8243; percent_sign=&#8221;off&#8221; module_class=&#8221;number-counter&#8221; _builder_version=&#8221;4.16&#8243; number_text_color=&#8221;#ffffff&#8221; number_font_size=&#8221;50&#8243; background_layout=&#8221;dark&#8221; border_style=&#8221;solid&#8221; global_colors_info=&#8221;{}&#8221;][\/et_pb_number_counter][et_pb_blurb image=&#8221;https:\/\/www.alliancefr.pt\/lisboa\/wp-content\/uploads\/sites\/2\/2017\/07\/pin-branco.png&#8221; icon_placement=&#8221;left&#8221; image_icon_width=&#8221;none&#8221; _builder_version=&#8221;4.16&#8243; header_font=&#8221;|on|||&#8221; header_font_size=&#8221;20&#8243; body_font=&#8221;|on|||&#8221; body_font_size=&#8221;16&#8243; background_layout=&#8221;dark&#8221; custom_padding=&#8221;0px|10px||&#8221; border_style=&#8221;solid&#8221; image_max_width=&#8221;none&#8221; use_circle=&#8221;off&#8221; use_circle_border=&#8221;off&#8221; global_colors_info=&#8221;{}&#8221;]Alliances Fran\u00e7aises<\/p>\n<h4>AU PORTUGAL<\/h4>\n<p>[\/et_pb_blurb][\/et_pb_column][\/et_pb_row][\/et_pb_section][et_pb_section fb_built=&#8221;1&#8243; module_class=&#8221;splash-choice-container&#8221; _builder_version=&#8221;4.16&#8243; custom_padding=&#8221;0px||0px|&#8221; global_colors_info=&#8221;{}&#8221;][et_pb_row module_class=&#8221; et_pb_row_fullwidth&#8221; _builder_version=&#8221;4.16&#8243; width=&#8221;89%&#8221; width_tablet=&#8221;80%&#8221; width_phone=&#8221;80%&#8221; width_last_edited=&#8221;on|desktop&#8221; max_width=&#8221;89%&#8221; max_width_tablet=&#8221;80%&#8221; max_width_phone=&#8221;80%&#8221; max_width_last_edited=&#8221;on|desktop&#8221; make_fullwidth=&#8221;on&#8221; global_colors_info=&#8221;{}&#8221;][et_pb_column type=&#8221;4_4&#8243; _builder_version=&#8221;4.16&#8243; background_position=&#8221;top_left&#8221; custom_padding=&#8221;|||&#8221; global_colors_info=&#8221;{}&#8221; custom_padding__hover=&#8221;|||&#8221;][et_pb_text admin_label=&#8221;Choisissez..&#8221; module_class=&#8221;splash-choice&#8221; _builder_version=&#8221;4.16&#8243; header_font=&#8221;|||on|&#8221; background_layout=&#8221;dark&#8221; border_style=&#8221;solid&#8221; global_colors_info=&#8221;{}&#8221;]<\/p>\n<h3 style=\"text-align: center\">Choisissez l&#8217;Alliance Fran\u00e7aise la plus proche de vous!<\/h3>\n<p>[\/et_pb_text][\/et_pb_column][\/et_pb_row][\/et_pb_section][et_pb_section fb_built=&#8221;1&#8243; module_class=&#8221;splash-map&#8221; _builder_version=&#8221;4.16&#8243; global_colors_info=&#8221;{}&#8221;][et_pb_row use_custom_gutter=&#8221;on&#8221; gutter_width=&#8221;1&#8243; make_equal=&#8221;on&#8221; module_id=&#8221;top-arrow&#8221; module_class=&#8221; et_pb_row_fullwidth&#8221; _builder_version=&#8221;4.23.1&#8243; width=&#8221;100%&#8221; width_tablet=&#8221;100%&#8221; width_phone=&#8221;100%&#8221; width_last_edited=&#8221;on|desktop&#8221; max_width=&#8221;100%&#8221; max_width_tablet=&#8221;100%&#8221; max_width_phone=&#8221;100%&#8221; max_width_last_edited=&#8221;on|desktop&#8221; module_alignment=&#8221;center&#8221; make_fullwidth=&#8221;on&#8221; locked=&#8221;off&#8221; global_colors_info=&#8221;{}&#8221;][et_pb_column type=&#8221;4_4&#8243; module_class=&#8221;map-splash&#8221; _builder_version=&#8221;4.23.1&#8243; background_position=&#8221;top_left&#8221; custom_padding=&#8221;|||&#8221; global_colors_info=&#8221;{}&#8221; custom_padding__hover=&#8221;|||&#8221;][et_pb_text admin_label=&#8221;Lisboa&#8221; module_class=&#8221;splash-title-alliance link-lisboa&#8221; _builder_version=&#8221;4.23.1&#8243; custom_margin=&#8221;|auto||auto|false|false&#8221; border_style=&#8221;solid&#8221; global_colors_info=&#8221;{}&#8221;]<\/p>\n<p><span>Alliance Fran\u00e7aise<\/span><\/p>\n<h2>LisboNNE<\/h2>\n<p><a href=\"https:\/\/www.alliancefr.pt\/lisboa\" target=\"_blank\" rel=\"noopener\"><br \/><\/a><br \/><span class=\"bottom-border\">\u00a0<\/span><\/p>\n<p>[\/et_pb_text][et_pb_text admin_label=&#8221;Porto&#8221; module_class=&#8221;splash-title-alliance link-porto&#8221; _builder_version=&#8221;4.23.1&#8243; custom_margin=&#8221;|auto||auto|false|false&#8221; border_style=&#8221;solid&#8221; global_colors_info=&#8221;{}&#8221;]<\/p>\n<p><span>Alliance Fran\u00e7aise<\/span><\/p>\n<h2>Porto<\/h2>\n<p><a href=\"https:\/\/www.alliancefr.pt\/porto\" target=\"_blank\" rel=\"noopener\">\u00a0<\/a><br \/><span class=\"bottom-border\">\u00a0<\/span><\/p>\n<p>[\/et_pb_text][et_pb_text admin_label=&#8221;Braga &#8211; Guimar\u00e3es&#8221; module_class=&#8221;splash-title-alliance link-guimaraes&#8221; _builder_version=&#8221;4.23.1&#8243; custom_margin=&#8221;|auto||auto|false|false&#8221; hover_enabled=&#8221;0&#8243; border_style=&#8221;solid&#8221; global_colors_info=&#8221;{}&#8221; sticky_enabled=&#8221;0&#8243;]<\/p>\n<p><span>Alliance Fran\u00e7aise<\/span><\/p>\n<h2>Annexe Braga<\/h2>\n<p><a href=\"https:\/\/www.alliancefr.pt\/braga-guimaraes\/\" target=\"_blank\" rel=\"noopener\">\u00a0<\/a><br \/><span class=\"bottom-border\">\u00a0<\/span><\/p>\n<p>[\/et_pb_text][et_pb_text admin_label=&#8221;Viseu&#8221; module_class=&#8221;splash-title-alliance link-viseu&#8221; _builder_version=&#8221;4.23.1&#8243; custom_margin=&#8221;|auto||auto|false|false&#8221; border_style=&#8221;solid&#8221; global_colors_info=&#8221;{}&#8221;]<\/p>\n<p><span>Alliance Fran\u00e7aise<\/span><\/p>\n<h2>Viseu<\/h2>\n<p><a href=\"https:\/\/www.alliancefr.pt\/viseu\" target=\"_blank\" rel=\"noopener\">\u00a0<\/a><br \/><span class=\"bottom-border\">\u00a0<\/span><\/p>\n<p>[\/et_pb_text][et_pb_text admin_label=&#8221;Coimbra&#8221; module_class=&#8221;splash-title-alliance link-coimbra&#8221; _builder_version=&#8221;4.23.1&#8243; custom_margin=&#8221;|auto||auto|false|false&#8221; border_style=&#8221;solid&#8221; global_colors_info=&#8221;{}&#8221;]<\/p>\n<p><span>Alliance Fran\u00e7aise<\/span><\/p>\n<h2>Coimbra<\/h2>\n<p><a href=\"https:\/\/www.alliancefr.pt\/coimbra\" target=\"_blank\" rel=\"noopener\">\u00a0<\/a><br \/><span class=\"bottom-border\">\u00a0<\/span><\/p>\n<p>[\/et_pb_text][et_pb_text admin_label=&#8221;Leiria&#8221; module_class=&#8221;splash-title-alliance link-leiria&#8221; _builder_version=&#8221;4.23.1&#8243; custom_margin=&#8221;|auto||auto|false|false&#8221; border_style=&#8221;solid&#8221; global_colors_info=&#8221;{}&#8221;]<\/p>\n<p><span>Alliance Fran\u00e7aise<\/span><\/p>\n<h2>Leiria<\/h2>\n<p><a href=\"https:\/\/www.alliancefr.pt\/leiria\" target=\"_blank\" rel=\"noopener\">\u00a0<\/a><br \/><span class=\"bottom-border\">\u00a0<\/span><\/p>\n<p>[\/et_pb_text][et_pb_text admin_label=&#8221;Set\u00fabal&#8221; module_class=&#8221;splash-title-alliance link-setubal&#8221; _builder_version=&#8221;4.23.1&#8243; custom_margin=&#8221;|auto||auto|false|false&#8221; border_style=&#8221;solid&#8221; global_colors_info=&#8221;{}&#8221;]<\/p>\n<p><span>Alliance Fran\u00e7aise<\/span><\/p>\n<h2>Set\u00fabal<\/h2>\n<p><a href=\"https:\/\/www.alliancefr.pt\/setubal\" target=\"_blank\" rel=\"noopener\">\u00a0<\/a><br \/><span class=\"bottom-border\">\u00a0<\/span><\/p>\n<p>[\/et_pb_text][et_pb_text admin_label=&#8221;Beja&#8221; module_class=&#8221;splash-title-alliance link-beja&#8221; _builder_version=&#8221;4.23.1&#8243; custom_margin=&#8221;|auto||auto|false|false&#8221; border_style=&#8221;solid&#8221; global_colors_info=&#8221;{}&#8221;]<\/p>\n<p><span>Alliance Fran\u00e7aise<\/span><\/p>\n<h2>Beja<\/h2>\n<p><a href=\"https:\/\/www.alliancefr.pt\/beja\" target=\"_blank\" rel=\"noopener\">\u00a0<\/a><br \/><span class=\"bottom-border\">\u00a0<\/span><\/p>\n<p>[\/et_pb_text][et_pb_text admin_label=&#8221;Algarve&#8221; module_class=&#8221;splash-title-alliance link-algarve&#8221; _builder_version=&#8221;4.23.1&#8243; custom_margin=&#8221;|auto||auto|false|false&#8221; border_style=&#8221;solid&#8221; global_colors_info=&#8221;{}&#8221;]<\/p>\n<p><span>Alliance Fran\u00e7aise<\/span><\/p>\n<h2>Algarve<\/h2>\n<p><a href=\"https:\/\/www.alliancefr.pt\/algarve\" target=\"_blank\" rel=\"noopener\">\u00a0<\/a><br \/><span class=\"bottom-border\">\u00a0<\/span><\/p>\n<p>[\/et_pb_text][\/et_pb_column][\/et_pb_row][\/et_pb_section][et_pb_section fb_built=&#8221;1&#8243; _builder_version=&#8221;4.16&#8243; global_colors_info=&#8221;{}&#8221;][et_pb_row _builder_version=&#8221;4.16&#8243; background_size=&#8221;initial&#8221; background_position=&#8221;top_left&#8221; background_repeat=&#8221;repeat&#8221; global_colors_info=&#8221;{}&#8221;][et_pb_column type=&#8221;4_4&#8243; _builder_version=&#8221;4.16&#8243; custom_padding=&#8221;|||&#8221; global_colors_info=&#8221;{}&#8221; custom_padding__hover=&#8221;|||&#8221;][et_pb_text admin_label=&#8221;Parceiros title&#8221; module_class=&#8221;titlebloc-1&#8243; _builder_version=&#8221;4.16&#8243; text_orientation=&#8221;center&#8221; module_alignment=&#8221;center&#8221; border_style=&#8221;solid&#8221; global_colors_info=&#8221;{}&#8221;]<\/p>\n<h2 style=\"text-align: center\">LES PARTENAIRES<\/h2>\n<p style=\"text-align: center\">Les partenaires de l\u2019Alliance fran\u00e7aise<\/p>\n<p>[\/et_pb_text][et_pb_sidebar area=&#8221;et_pb_widget_area_1&#8243; admin_label=&#8221;Parceiros carousel&#8221; module_class=&#8221;parceiros-hp owl-carousel owl-theme&#8221; _builder_version=&#8221;4.16&#8243; global_colors_info=&#8221;{}&#8221;][\/et_pb_sidebar][\/et_pb_column][\/et_pb_row][\/et_pb_section]<\/p>\n","protected":false},"excerpt":{"rendered":"<p>BIENVENUE \u00c0 L\u2019ALLIANCE FRAN\u00c7AISE L\u2019Alliance fran\u00e7aise cherche \u00e0 se rapprocher de plus en plus de ses \u00e9l\u00e8ves et de ses clients. La nouvelle image que nous venons d\u2019adopter est plus dynamique et interactive, afin de refl\u00e9ter plus clairement notre mission : d\u00e9velopper l\u2019enseignement de la langue fran\u00e7aise et le go\u00fbt pour les cultures francophones dans [&hellip;]<\/p>\n","protected":false},"author":1,"featured_media":0,"parent":0,"menu_order":0,"comment_status":"closed","ping_status":"open","template":"page_splash.php","meta":{"_acf_changed":false,"_et_pb_use_builder":"on","_et_pb_old_content":"<p>Isto \u00e9 um exemplo de p\u00e1gina. \u00c9 diferente de um artigo porque fica no mesmo s\u00edtio e aparece na navega\u00e7\u00e3o do seu site (na maior parte dos temas). O normal \u00e9 come\u00e7ar com uma p\u00e1gina \"Acerca de\", que apresenta o site aos visitantes. Poderia ser qualquer coisa deste tipo:<\/p><blockquote><p>Ol\u00e1! Fa\u00e7o entregas durante o dia, mas estudo para ser actor \u00e0 noite. Este \u00e9 o meu site. Vivo em Lisboa, tenho um c\u00e3o chamado Belarmino e gosto de caipirinhas (e de ver a relva a crescer).<\/p><\/blockquote><p>...ou deste:<\/p><blockquote><p>A Gambuzinos XPTO foi fundada em 1971 e tem, desde ent\u00e3o, fornecido gambuzinos da mais alta qualidade aos seus clientes. Localizada em Gotham, a Gambuzinos XPTO emprega mais de 2,000 colaboradores e \u00e9 um dos pilares da comunidade de Gotham.<\/p><\/blockquote><p>Visite <a href=\"https:\/\/www.alliancefr.pt\/wp-admin\/\">o seu painel<\/a> para apagar esta p\u00e1gina ou para criar mais p\u00e1ginas para o seu conte\u00fado. Divirta-se!<\/p>","_et_gb_content_width":"","_exactmetrics_skip_tracking":false,"_exactmetrics_sitenote_active":false,"_exactmetrics_sitenote_note":"","_exactmetrics_sitenote_category":0,"footnotes":""},"class_list":["post-220","page","type-page","status-publish","hentry"],"acf":[],"yoast_head":"<!-- This site is optimized with the Yoast SEO plugin v27.0 - https:\/\/yoast.com\/product\/yoast-seo-wordpress\/ -->\n<title>COURS DE FRAN\u00c7AIS - Alliance Fran\u00e7aise du Portugal<\/title>\n<meta name=\"robots\" content=\"index, follow, max-snippet:-1, max-image-preview:large, max-video-preview:-1\" \/>\n<link rel=\"canonical\" href=\"https:\/\/www.alliancefr.pt\/fr\/\" \/>\n<meta property=\"og:locale\" content=\"fr_FR\" \/>\n<meta property=\"og:type\" content=\"article\" \/>\n<meta property=\"og:title\" content=\"COURS DE FRAN\u00c7AIS - Alliance Fran\u00e7aise du Portugal\" \/>\n<meta property=\"og:description\" content=\"BIENVENUE \u00c0 L\u2019ALLIANCE FRAN\u00c7AISE L\u2019Alliance fran\u00e7aise cherche \u00e0 se rapprocher de plus en plus de ses \u00e9l\u00e8ves et de ses clients. La nouvelle image que nous venons d\u2019adopter est plus dynamique et interactive, afin de refl\u00e9ter plus clairement notre mission : d\u00e9velopper l\u2019enseignement de la langue fran\u00e7aise et le go\u00fbt pour les cultures francophones dans [&hellip;]\" \/>\n<meta property=\"og:url\" content=\"https:\/\/www.alliancefr.pt\/fr\/\" \/>\n<meta property=\"og:site_name\" content=\"Alliance Fran\u00e7aise du Portugal\" \/>\n<meta property=\"article:modified_time\" content=\"2025-12-15T14:33:59+00:00\" \/>\n<meta name=\"twitter:card\" content=\"summary_large_image\" \/>\n<meta name=\"twitter:label1\" content=\"Dur\u00e9e de lecture estim\u00e9e\" \/>\n\t<meta name=\"twitter:data1\" content=\"7 minutes\" \/>\n<script type=\"application\/ld+json\" class=\"yoast-schema-graph\">{\"@context\":\"https:\/\/schema.org\",\"@graph\":[{\"@type\":\"WebPage\",\"@id\":\"https:\/\/www.alliancefr.pt\/fr\/\",\"url\":\"https:\/\/www.alliancefr.pt\/fr\/\",\"name\":\"COURS DE FRAN\u00c7AIS - Alliance Fran\u00e7aise du Portugal\",\"isPartOf\":{\"@id\":\"https:\/\/www.alliancefr.pt\/#website\"},\"datePublished\":\"2018-02-08T10:14:42+00:00\",\"dateModified\":\"2025-12-15T14:33:59+00:00\",\"breadcrumb\":{\"@id\":\"https:\/\/www.alliancefr.pt\/fr\/#breadcrumb\"},\"inLanguage\":\"fr-FR\",\"potentialAction\":[{\"@type\":\"ReadAction\",\"target\":[\"https:\/\/www.alliancefr.pt\/fr\/\"]}]},{\"@type\":\"BreadcrumbList\",\"@id\":\"https:\/\/www.alliancefr.pt\/fr\/#breadcrumb\",\"itemListElement\":[{\"@type\":\"ListItem\",\"position\":1,\"name\":\"In\u00edcio\",\"item\":\"https:\/\/www.alliancefr.pt\/fr\/\"},{\"@type\":\"ListItem\",\"position\":2,\"name\":\"COURS DE FRAN\u00c7AIS\"}]},{\"@type\":\"WebSite\",\"@id\":\"https:\/\/www.alliancefr.pt\/#website\",\"url\":\"https:\/\/www.alliancefr.pt\/\",\"name\":\"Alliance Fran\u00e7aise du Portugal\",\"description\":\"Mais um site WordPress\",\"potentialAction\":[{\"@type\":\"SearchAction\",\"target\":{\"@type\":\"EntryPoint\",\"urlTemplate\":\"https:\/\/www.alliancefr.pt\/?s={search_term_string}\"},\"query-input\":{\"@type\":\"PropertyValueSpecification\",\"valueRequired\":true,\"valueName\":\"search_term_string\"}}],\"inLanguage\":\"fr-FR\"}]}<\/script>\n<!-- \/ Yoast SEO plugin. -->","yoast_head_json":{"title":"COURS DE FRAN\u00c7AIS - Alliance Fran\u00e7aise du Portugal","robots":{"index":"index","follow":"follow","max-snippet":"max-snippet:-1","max-image-preview":"max-image-preview:large","max-video-preview":"max-video-preview:-1"},"canonical":"https:\/\/www.alliancefr.pt\/fr\/","og_locale":"fr_FR","og_type":"article","og_title":"COURS DE FRAN\u00c7AIS - Alliance Fran\u00e7aise du Portugal","og_description":"BIENVENUE \u00c0 L\u2019ALLIANCE FRAN\u00c7AISE L\u2019Alliance fran\u00e7aise cherche \u00e0 se rapprocher de plus en plus de ses \u00e9l\u00e8ves et de ses clients. La nouvelle image que nous venons d\u2019adopter est plus dynamique et interactive, afin de refl\u00e9ter plus clairement notre mission : d\u00e9velopper l\u2019enseignement de la langue fran\u00e7aise et le go\u00fbt pour les cultures francophones dans [&hellip;]","og_url":"https:\/\/www.alliancefr.pt\/fr\/","og_site_name":"Alliance Fran\u00e7aise du Portugal","article_modified_time":"2025-12-15T14:33:59+00:00","twitter_card":"summary_large_image","twitter_misc":{"Dur\u00e9e de lecture estim\u00e9e":"7 minutes"},"schema":{"@context":"https:\/\/schema.org","@graph":[{"@type":"WebPage","@id":"https:\/\/www.alliancefr.pt\/fr\/","url":"https:\/\/www.alliancefr.pt\/fr\/","name":"COURS DE FRAN\u00c7AIS - Alliance Fran\u00e7aise du Portugal","isPartOf":{"@id":"https:\/\/www.alliancefr.pt\/#website"},"datePublished":"2018-02-08T10:14:42+00:00","dateModified":"2025-12-15T14:33:59+00:00","breadcrumb":{"@id":"https:\/\/www.alliancefr.pt\/fr\/#breadcrumb"},"inLanguage":"fr-FR","potentialAction":[{"@type":"ReadAction","target":["https:\/\/www.alliancefr.pt\/fr\/"]}]},{"@type":"BreadcrumbList","@id":"https:\/\/www.alliancefr.pt\/fr\/#breadcrumb","itemListElement":[{"@type":"ListItem","position":1,"name":"In\u00edcio","item":"https:\/\/www.alliancefr.pt\/fr\/"},{"@type":"ListItem","position":2,"name":"COURS DE FRAN\u00c7AIS"}]},{"@type":"WebSite","@id":"https:\/\/www.alliancefr.pt\/#website","url":"https:\/\/www.alliancefr.pt\/","name":"Alliance Fran\u00e7aise du Portugal","description":"Mais um site WordPress","potentialAction":[{"@type":"SearchAction","target":{"@type":"EntryPoint","urlTemplate":"https:\/\/www.alliancefr.pt\/?s={search_term_string}"},"query-input":{"@type":"PropertyValueSpecification","valueRequired":true,"valueName":"search_term_string"}}],"inLanguage":"fr-FR"}]}},"_links":{"self":[{"href":"https:\/\/www.alliancefr.pt\/fr\/wp-json\/wp\/v2\/pages\/220","targetHints":{"allow":["GET"]}}],"collection":[{"href":"https:\/\/www.alliancefr.pt\/fr\/wp-json\/wp\/v2\/pages"}],"about":[{"href":"https:\/\/www.alliancefr.pt\/fr\/wp-json\/wp\/v2\/types\/page"}],"author":[{"embeddable":true,"href":"https:\/\/www.alliancefr.pt\/fr\/wp-json\/wp\/v2\/users\/1"}],"replies":[{"embeddable":true,"href":"https:\/\/www.alliancefr.pt\/fr\/wp-json\/wp\/v2\/comments?post=220"}],"version-history":[{"count":16,"href":"https:\/\/www.alliancefr.pt\/fr\/wp-json\/wp\/v2\/pages\/220\/revisions"}],"predecessor-version":[{"id":361,"href":"https:\/\/www.alliancefr.pt\/fr\/wp-json\/wp\/v2\/pages\/220\/revisions\/361"}],"wp:attachment":[{"href":"https:\/\/www.alliancefr.pt\/fr\/wp-json\/wp\/v2\/media?parent=220"}],"curies":[{"name":"wp","href":"https:\/\/api.w.org\/{rel}","templated":true}]}}