{"id":967,"date":"2017-09-19T13:20:08","date_gmt":"2017-09-19T13:20:08","guid":{"rendered":"https:\/\/www.alliancefr.pt\/coimbra\/?page_id=967\/"},"modified":"2017-11-23T14:32:04","modified_gmt":"2017-11-23T14:32:04","slug":"estadias-linguisticas-em-franca","status":"publish","type":"page","link":"https:\/\/www.alliancefr.pt\/coimbra\/estadias-linguisticas-em-franca\/","title":{"rendered":"Estadias Lingu\u00edsticas"},"content":{"rendered":"<p>[et_pb_section bb_built=&#8221;1&#8243; _builder_version=&#8221;3.0.59&#8243;][et_pb_row _builder_version=&#8221;3.0.59&#8243; background_position_1=&#8221;top_left&#8221; background_repeat_1=&#8221;no-repeat&#8221; module_class=&#8221;bem-vindo-bloc&#8221;][et_pb_column type=&#8221;4_4&#8243;][et_pb_text admin_label=&#8221;Titulo&#8221; _builder_version=&#8221;3.0.59&#8243; background_layout=&#8221;light&#8221; text_orientation=&#8221;center&#8221; border_style=&#8221;solid&#8221; custom_padding=&#8221;|10%||10%&#8221; module_class=&#8221;titlebloc-1&#8243; header_font=&#8221;|||on|&#8221;]<\/p>\n<h2 style=\"text-align: center;\">Pronto para viajar?<\/h2>\n<p>[\/et_pb_text][et_pb_text admin_label=&#8221;Sob Titulo&#8221; _builder_version=&#8221;3.0.59&#8243; background_layout=&#8221;light&#8221; text_orientation=&#8221;center&#8221; text_font=&#8221;Roboto|||on|&#8221; text_font_size=&#8221;16&#8243; text_text_color=&#8221;#333333&#8243; border_style=&#8221;solid&#8221; custom_padding=&#8221;|10%||10%&#8221;]<\/p>\n<p style=\"text-align: center;\">Nada melhor do que aprender uma l\u00edngua no pa\u00eds onde \u00e9 falada.<br \/>\n<span lang=\"PT\">Viaje de forma segura e diferente, conhecendo novas pessoas e lugares. <\/span><\/p>\n<p>[\/et_pb_text][et_pb_text admin_label=&#8221;Texto descri\u00e7\u00e3o&#8221; _builder_version=&#8221;3.0.59&#8243; background_layout=&#8221;light&#8221; text_orientation=&#8221;center&#8221; border_style=&#8221;solid&#8221; module_class=&#8221;titlebloc-1&#8243; saved_tabs=&#8221;all&#8221; custom_padding=&#8221;|10%||10%&#8221;]<\/p>\n<p style=\"text-align: center;\">Numa \u00e9poca de grandes mudan\u00e7as, em que a forma\u00e7\u00e3o e a mobilidade se tornaram essenciais, a aprendizagem do franc\u00eas constitui uma porta aberta para novos horizontes profissionais e uma din\u00e2mica de acesso a um mundo em que as trocas internacionais e interculturais n\u00e3o param de crescer.<\/p>\n<p>[\/et_pb_text][\/et_pb_column][\/et_pb_row][\/et_pb_section][et_pb_section bb_built=&#8221;1&#8243; _builder_version=&#8221;3.0.59&#8243; background_image=&#8221;https:\/\/www.alliancefr.pt\/coimbra\/wp-content\/uploads\/sites\/6\/2017\/10\/bg-triangular-gris-2-1.jpg&#8221; module_class=&#8221;contact-blurb&#8221; custom_padding=&#8221;0px|||&#8221;][et_pb_row _builder_version=&#8221;3.0.59&#8243; background_position_1=&#8221;top_left&#8221; background_repeat_1=&#8221;no-repeat&#8221; module_class=&#8221;bem-vindo-bloc&#8221; custom_padding=&#8221;||40px|&#8221;][et_pb_column type=&#8221;4_4&#8243;][et_pb_estadias_carousel_lino _builder_version=&#8221;3.0.59&#8243; title=&#8221;Franc\u00eas todo o ano&#8221; subtitle=&#8221;Estes programas para adultos e adolescentes oferecem a experi\u00eancia e todo o cuidado das Alliances Fran\u00e7aises, ao longo de todo o ano, com v\u00e1rios destinos e at\u00e9 26 horas de aulas por semana. Os professores s\u00e3o nativos e qualificados, sendo esta uma boa oportunidade para melhorar o seu franc\u00eas.&#8221; include_categories=&#8221;27&#8243; show_thumbnail=&#8221;on&#8221; show_author=&#8221;off&#8221; show_date=&#8221;off&#8221; show_categories=&#8221;off&#8221; header_font_size_tablet=&#8221;51&#8243; header_line_height_tablet=&#8221;2&#8243; body_font_size_tablet=&#8221;51&#8243; body_line_height_tablet=&#8221;2&#8243; saved_tabs=&#8221;all&#8221; \/][et_pb_button _builder_version=&#8221;3.0.59&#8243; button_text=&#8221;Todas as estadias para adultos e adolescentes&#8221; button_url=&#8221;https:\/\/www.alliancefr.pt\/coimbra\/estadia-categoria\/estadias-linguisticas-frances-todo-o-ano\/&#8221; url_new_window=&#8221;off&#8221; button_alignment=&#8221;center&#8221; background_layout=&#8221;light&#8221; custom_button=&#8221;off&#8221; button_border_width=&#8221;0&#8243; button_border_radius=&#8221;0&#8243; button_letter_spacing=&#8221;0&#8243; button_icon_placement=&#8221;right&#8221; button_border_radius_hover=&#8221;0&#8243; button_letter_spacing_hover=&#8221;0&#8243; \/][\/et_pb_column][\/et_pb_row][et_pb_row _builder_version=&#8221;3.0.59&#8243; background_position_1=&#8221;top_left&#8221; background_repeat_1=&#8221;no-repeat&#8221; custom_padding=&#8221;||0px|&#8221; custom_margin=&#8221;||0px|&#8221;][et_pb_column type=&#8221;4_4&#8243;][et_pb_divider _builder_version=&#8221;3.0.59&#8243; show_divider=&#8221;on&#8221; divider_style=&#8221;solid&#8221; divider_position=&#8221;top&#8221; divider_weight=&#8221;3&#8243; hide_on_mobile=&#8221;on&#8221; \/][\/et_pb_column][\/et_pb_row][et_pb_row _builder_version=&#8221;3.0.59&#8243; background_position_1=&#8221;top_left&#8221; background_repeat_1=&#8221;no-repeat&#8221; module_class=&#8221;bem-vindo-bloc&#8221; custom_padding=&#8221;0px||40px|&#8221;][et_pb_column type=&#8221;4_4&#8243;][et_pb_estadias_carousel_lino _builder_version=&#8221;3.0.59&#8243; title=&#8221;Ver\u00e3o Jovem&#8221; subtitle=&#8221;Estes programas lingu\u00edsticos s\u00e3o lecionados por professores nativos, habilitados, e especializados no ensino para jovens. Durante toda a estadia monitores diplomados s\u00e3o respons\u00e1veis pelos jovens no seu destino, assegurando o seu bem-estar.&#8221; include_categories=&#8221;28&#8243; show_thumbnail=&#8221;on&#8221; show_author=&#8221;off&#8221; show_date=&#8221;off&#8221; show_categories=&#8221;off&#8221; header_font_size_tablet=&#8221;51&#8243; header_line_height_tablet=&#8221;2&#8243; body_font_size_tablet=&#8221;51&#8243; body_line_height_tablet=&#8221;2&#8243; saved_tabs=&#8221;all&#8221; \/][et_pb_button _builder_version=&#8221;3.0.59&#8243; button_text=&#8221;Todas as estadias para jovens&#8221; button_url=&#8221;https:\/\/www.alliancefr.pt\/coimbra\/estadia-categoria\/verao-jovem\/&#8221; url_new_window=&#8221;off&#8221; button_alignment=&#8221;center&#8221; background_layout=&#8221;light&#8221; custom_button=&#8221;off&#8221; button_border_width=&#8221;0&#8243; button_border_radius=&#8221;0&#8243; button_letter_spacing=&#8221;0&#8243; button_icon_placement=&#8221;right&#8221; button_border_radius_hover=&#8221;0&#8243; button_letter_spacing_hover=&#8221;0&#8243; \/][\/et_pb_column][\/et_pb_row][\/et_pb_section][et_pb_section bb_built=&#8221;1&#8243; fullwidth=&#8221;off&#8221; specialty=&#8221;off&#8221; _builder_version=&#8221;3.0.59&#8243; custom_padding=&#8221;0px||0px|&#8221;][et_pb_row _builder_version=&#8221;3.0.59&#8243; background_position_1=&#8221;top_left&#8221; background_repeat_1=&#8221;no-repeat&#8221; make_fullwidth=&#8221;on&#8221; custom_margin=&#8221;0px|0px|0px|0px&#8221; custom_padding=&#8221;0px|0px|0px|0px&#8221; background_position=&#8221;top_left&#8221; background_repeat=&#8221;repeat&#8221; background_size=&#8221;initial&#8221;][et_pb_column type=&#8221;4_4&#8243;][et_pb_map_lino admin_label=&#8221;Map Estadias&#8221; _builder_version=&#8221;3.0.59&#8243; address=&#8221;France&#8221; pin_url=&#8221;https:\/\/www.alliancefr.pt\/coimbra\/wp-content\/uploads\/sites\/6\/2017\/11\/marker-3.png&#8221; custom_style=&#8221;%91 { %22elementType%22: %22geometry%22, %22stylers%22: %91 { %22color%22: %22#f5f5f5%22 } %93 }, { %22elementType%22: %22labels.icon%22, %22stylers%22: %91 { %22visibility%22: %22off%22 } %93 }, { %22elementType%22: %22labels.text.fill%22, %22stylers%22: %91 { %22color%22: %22#616161%22 } %93 }, { %22elementType%22: %22labels.text.stroke%22, %22stylers%22: %91 { %22color%22: %22#f5f5f5%22 } %93 }, { %22featureType%22: %22administrative.land_parcel%22, %22elementType%22: %22labels.text.fill%22, %22stylers%22: %91 { %22color%22: %22#bdbdbd%22 } %93 }, { %22featureType%22: %22poi%22, %22elementType%22: %22geometry%22, %22stylers%22: %91 { %22color%22: %22#eeeeee%22 } %93 }, { %22featureType%22: %22poi%22, %22elementType%22: %22labels.text.fill%22, %22stylers%22: %91 { %22color%22: %22#757575%22 } %93 }, { %22featureType%22: %22poi.park%22, %22elementType%22: %22geometry%22, %22stylers%22: %91 { %22color%22: %22#e5e5e5%22 } %93 }, { %22featureType%22: %22poi.park%22, %22elementType%22: %22labels.text.fill%22, %22stylers%22: %91 { %22color%22: %22#9e9e9e%22 } %93 }, { %22featureType%22: %22road%22, %22elementType%22: %22geometry%22, %22stylers%22: %91 { %22color%22: %22#ffffff%22 } %93 }, { %22featureType%22: %22road.arterial%22, %22elementType%22: %22labels.text.fill%22, %22stylers%22: %91 { %22color%22: %22#757575%22 } %93 }, { %22featureType%22: %22road.highway%22, %22elementType%22: %22geometry%22, %22stylers%22: %91 { %22color%22: %22#dadada%22 } %93 }, { %22featureType%22: %22road.highway%22, %22elementType%22: %22labels.text.fill%22, %22stylers%22: %91 { %22color%22: %22#616161%22 } %93 }, { %22featureType%22: %22road.local%22, %22elementType%22: %22labels.text.fill%22, %22stylers%22: %91 { %22color%22: %22#9e9e9e%22 } %93 }, { %22featureType%22: %22transit.line%22, %22elementType%22: %22geometry%22, %22stylers%22: %91 { %22color%22: %22#e5e5e5%22 } %93 }, { %22featureType%22: %22transit.station%22, %22elementType%22: %22geometry%22, %22stylers%22: %91 { %22color%22: %22#eeeeee%22 } %93 }, { %22featureType%22: %22water%22, %22elementType%22: %22geometry%22, %22stylers%22: %91 { %22color%22: %22#c9c9c9%22 } %93 }, { %22featureType%22: %22water%22, %22elementType%22: %22labels.text.fill%22, %22stylers%22: %91 { %22color%22: %22#9e9e9e%22 } %93 } %93&#8243; address_lat=&#8221;46.227638&#8243; address_lng=&#8221;2.213749000000007&#8243; mouse_wheel=&#8221;on&#8221; mobile_dragging=&#8221;on&#8221; use_grayscale_filter=&#8221;off&#8221; grayscale_filter_amount=&#8221;0&#8243; zoom_level=&#8221;5&#8243;] [et_pb_map_pin_lino title=&#8221;Bordeaux&#8221; pin_address=&#8221;Rue Abb\u00e9 de l&#8217;\u00c9p\u00e9e, 33000 Bordeaux, France&#8221; pin_address_lat=&#8221;44.844019&#8243; pin_address_lng=&#8221;-0.5835382999999865&#8243;]<\/p>\n<p>A partir dos 16 anos, desde 537\u20ac<a href=\"https:\/\/www.alliancefr.pt\/coimbra\/estadia\/estadias-linguisticas-em-bordeaux\/\"><br \/>\n<strong>Ver mais<\/strong><\/a><\/p>\n<p>[\/et_pb_map_pin_lino][et_pb_map_pin_lino title=&#8221;Lyon&#8221; pin_address=&#8221;Rue Pierre Bourdan, 69003 Lyon, France&#8221; pin_address_lat=&#8221;45.75754240000001&#8243; pin_address_lng=&#8221;4.844100000000026&#8243;]<\/p>\n<p>A partir dos 18 anos, desde 661\u20ac<br \/>\n<strong><a href=\"https:\/\/www.alliancefr.pt\/coimbra\/estadia\/estadias-linguisticas-em-lyon\/\">Ver mais<\/a><\/strong><\/p>\n<p>[\/et_pb_map_pin_lino][et_pb_map_pin_lino title=&#8221;Marseille&#8221; pin_address=&#8221;Rue Paradis, Marseille, France&#8221; pin_address_lat=&#8221;43.275394&#8243; pin_address_lng=&#8221;5.384368600000016&#8243;]<\/p>\n<p>A partir dos 16 anos, desde 512\u20ac<br \/>\n<a href=\"https:\/\/www.alliancefr.pt\/coimbra\/estadia\/estadias-linguisticas-em-marseille\/\"><strong>Ver mais<\/strong><\/a><\/p>\n<p>[\/et_pb_map_pin_lino][et_pb_map_pin_lino title=&#8221;Nice&#8221; pin_address=&#8221;Rue de Paris, 06000 Nice, France&#8221; pin_address_lat=&#8221;43.704921&#8243; pin_address_lng=&#8221;7.267986999999948&#8243;]<\/p>\n<p>A partir dos 16 anos, desde 864\u20ac<br \/>\n<a href=\"https:\/\/www.alliancefr.pt\/coimbra\/estadia\/estadias-linguisticas-em-nice\/\"><strong>Ver mais<\/strong><\/a><\/p>\n<p>[\/et_pb_map_pin_lino][et_pb_map_pin_lino title=&#8221;Paris&#8221; pin_address=&#8221;Boulevard Raspail, Paris, France&#8221; pin_address_lat=&#8221;48.84809670000001&#8243; pin_address_lng=&#8221;2.3279344999999694&#8243;]<\/p>\n<p>A partir dos 16 anos, desde 530\u20ac<br \/>\n<a href=\"https:\/\/www.alliancefr.pt\/coimbra\/estadia\/estadias-linguisticas-de-paris\/\"><strong>Ver mais<\/strong><\/a><\/p>\n<p>[\/et_pb_map_pin_lino][et_pb_map_pin_lino title=&#8221;Rouen&#8221; pin_address=&#8221;Boulevard de l&#8217;Yser, 76000 Rouen, France&#8221; pin_address_lat=&#8221;49.447696&#8243; pin_address_lng=&#8221;1.1020608000000038&#8243;]<\/p>\n<p>A partir dos 16 anos, desde 627\u20ac<br \/>\n<a href=\"https:\/\/www.alliancefr.pt\/coimbra\/estadia\/estadias-linguisticas-em-rouen\/\"><strong>Ver mais<\/strong><\/a><\/p>\n<p>[\/et_pb_map_pin_lino][et_pb_map_pin_lino title=&#8221;Strasbourg&#8221; pin_address=&#8221;Rue Sainte-Marguerite, 67000 Strasbourg, France&#8221; pin_address_lat=&#8221;48.5813068&#8243; pin_address_lng=&#8221;7.7362101999999595&#8243;]<\/p>\n<p>A partir dos 18 anos, desde 556\u20ac<br \/>\n<a href=\"https:\/\/www.alliancefr.pt\/coimbra\/estadia\/estadias-linguisticas-em-strasbourg\/\"><strong>Ver mais<\/strong><\/a><\/p>\n<p>[\/et_pb_map_pin_lino][et_pb_map_pin_lino title=&#8221;Toulouse&#8221; pin_address=&#8221;31000 Toulouse, France&#8221; pin_address_lat=&#8221;43.6043896&#8243; pin_address_lng=&#8221;1.4433718000000226&#8243;]<\/p>\n<p>A partir dos 16 anos, desde 696\u20ac<br \/>\n<a href=\"https:\/\/www.alliancefr.pt\/coimbra\/estadia\/estadias-linguisticas-em-toulouse\/\"><strong>Ver mais<\/strong><\/a><\/p>\n<p>[\/et_pb_map_pin_lino][et_pb_map_pin_lino title=&#8221;Royan&#8221; pin_address=&#8221;Boulevard Franck Lamy, 17200 Royan, France&#8221; pin_address_lat=&#8221;45.62794419999999&#8243; pin_address_lng=&#8221;-1.0160849000000098&#8243;]<\/p>\n<p>A partir dos 18 anos, desde 792\u20ac<br \/>\n<a href=\"https:\/\/www.alliancefr.pt\/coimbra\/estadia\/estadias-linguisticas-em-royan\/\"><strong>Ver mais<\/strong><\/a><\/p>\n<p>[\/et_pb_map_pin_lino][et_pb_map_pin_lino title=&#8221;Vichy&#8221; pin_address=&#8221;Avenue des C\u00e9lestins, 03200 Vichy, France&#8221; pin_address_lat=&#8221;46.1225319&#8243; pin_address_lng=&#8221;3.4280045000000428&#8243;]<\/p>\n<p>A partir dos 12 anos, desde 477\u20ac<br \/>\n<a href=\"https:\/\/www.alliancefr.pt\/coimbra\/estadia\/estadias-linguisticas-em-vichy\/\"><strong>Ver mais<\/strong><\/a><\/p>\n<p>[\/et_pb_map_pin_lino] [\/et_pb_map_lino][\/et_pb_column][\/et_pb_row][\/et_pb_section][et_pb_section bb_built=&#8221;1&#8243; fullwidth=&#8221;off&#8221; specialty=&#8221;off&#8221; _builder_version=&#8221;3.0.59&#8243; background_color=&#8221;#ededed&#8221;][et_pb_row _builder_version=&#8221;3.0.59&#8243; background_position_1=&#8221;top_left&#8221; background_repeat_1=&#8221;no-repeat&#8221; background_position_2=&#8221;top_left&#8221; background_repeat_2=&#8221;no-repeat&#8221; padding_top_2=&#8221;30px&#8221;][et_pb_column type=&#8221;4_4&#8243;][et_pb_testimonial_lino _builder_version=&#8221;3.0.59&#8243; title=&#8221;TESTEMUNHOS&#8221; include_categories=&#8221;39&#8243; show_thumbnail=&#8221;on&#8221; show_author=&#8221;on&#8221; show_date=&#8221;on&#8221; show_categories=&#8221;on&#8221; header_font_size_tablet=&#8221;51&#8243; header_line_height_tablet=&#8221;2&#8243; body_font_size_tablet=&#8221;51&#8243; body_line_height_tablet=&#8221;2&#8243; \/][\/et_pb_column][\/et_pb_row][\/et_pb_section]<\/p>\n","protected":false},"excerpt":{"rendered":"<p>Pronto para viajar? Nada melhor do que aprender uma l\u00edngua no pa\u00eds onde \u00e9 falada. Viaje de forma segura e diferente, conhecendo novas pessoas e lugares. Numa \u00e9poca de grandes mudan\u00e7as, em que a forma\u00e7\u00e3o e a mobilidade se tornaram essenciais, a aprendizagem do franc\u00eas constitui uma porta aberta para novos horizontes profissionais e uma [&hellip;]<\/p>\n","protected":false},"author":1,"featured_media":0,"parent":0,"menu_order":0,"comment_status":"closed","ping_status":"closed","template":"","meta":{"_acf_changed":false,"_et_pb_use_builder":"on","_et_pb_old_content":"","_et_gb_content_width":"","_exactmetrics_skip_tracking":false,"_exactmetrics_sitenote_active":false,"_exactmetrics_sitenote_note":"","_exactmetrics_sitenote_category":0,"footnotes":""},"class_list":["post-967","page","type-page","status-publish","hentry"],"acf":[],"yoast_head":"<!-- This site is optimized with the Yoast SEO plugin v27.0 - https:\/\/yoast.com\/product\/yoast-seo-wordpress\/ -->\n<title>Estadias Lingu\u00edsticas em Fran\u00e7a - Alliance Fran\u00e7aise de Lisboa<\/title>\n<meta name=\"description\" content=\"Estadias Lingu\u00edsticas em Fran\u00e7a - Nada melhor que aprender uma l\u00edngua no pa\u00eds onde \u00e9 falada. Viaje de forma segura e diferente, conhecendo novas pessoas\" \/>\n<meta name=\"robots\" content=\"index, follow, max-snippet:-1, max-image-preview:large, max-video-preview:-1\" \/>\n<link rel=\"canonical\" href=\"https:\/\/www.alliancefr.pt\/coimbra\/estadias-linguisticas-em-franca\/\" \/>\n<meta property=\"og:locale\" content=\"pt_PT\" \/>\n<meta property=\"og:type\" content=\"article\" \/>\n<meta property=\"og:title\" content=\"Estadias Lingu\u00edsticas em Fran\u00e7a - Alliance Fran\u00e7aise de Lisboa\" \/>\n<meta property=\"og:description\" content=\"Estadias Lingu\u00edsticas em Fran\u00e7a - Nada melhor que aprender uma l\u00edngua no pa\u00eds onde \u00e9 falada. Viaje de forma segura e diferente, conhecendo novas pessoas\" \/>\n<meta property=\"og:url\" content=\"https:\/\/www.alliancefr.pt\/coimbra\/estadias-linguisticas-em-franca\/\" \/>\n<meta property=\"og:site_name\" content=\"Alliance Fran\u00e7aise Coimbra\" \/>\n<meta property=\"article:modified_time\" content=\"2017-11-23T14:32:04+00:00\" \/>\n<meta name=\"twitter:card\" content=\"summary_large_image\" \/>\n<meta name=\"twitter:label1\" content=\"Tempo estimado de leitura\" \/>\n\t<meta name=\"twitter:data1\" content=\"7 minutos\" \/>\n<script type=\"application\/ld+json\" class=\"yoast-schema-graph\">{\"@context\":\"https:\/\/schema.org\",\"@graph\":[{\"@type\":\"WebPage\",\"@id\":\"https:\/\/www.alliancefr.pt\/coimbra\/estadias-linguisticas-em-franca\/\",\"url\":\"https:\/\/www.alliancefr.pt\/coimbra\/estadias-linguisticas-em-franca\/\",\"name\":\"Estadias Lingu\u00edsticas em Fran\u00e7a - Alliance Fran\u00e7aise de Lisboa\",\"isPartOf\":{\"@id\":\"https:\/\/www.alliancefr.pt\/coimbra\/#website\"},\"datePublished\":\"2017-09-19T13:20:08+00:00\",\"dateModified\":\"2017-11-23T14:32:04+00:00\",\"description\":\"Estadias Lingu\u00edsticas em Fran\u00e7a - Nada melhor que aprender uma l\u00edngua no pa\u00eds onde \u00e9 falada. Viaje de forma segura e diferente, conhecendo novas pessoas\",\"breadcrumb\":{\"@id\":\"https:\/\/www.alliancefr.pt\/coimbra\/estadias-linguisticas-em-franca\/#breadcrumb\"},\"inLanguage\":\"pt-PT\",\"potentialAction\":[{\"@type\":\"ReadAction\",\"target\":[\"https:\/\/www.alliancefr.pt\/coimbra\/estadias-linguisticas-em-franca\/\"]}]},{\"@type\":\"BreadcrumbList\",\"@id\":\"https:\/\/www.alliancefr.pt\/coimbra\/estadias-linguisticas-em-franca\/#breadcrumb\",\"itemListElement\":[{\"@type\":\"ListItem\",\"position\":1,\"name\":\"In\u00edcio\",\"item\":\"https:\/\/www.alliancefr.pt\/coimbra\/fr\/\"},{\"@type\":\"ListItem\",\"position\":2,\"name\":\"Estadias Lingu\u00edsticas\"}]},{\"@type\":\"WebSite\",\"@id\":\"https:\/\/www.alliancefr.pt\/coimbra\/#website\",\"url\":\"https:\/\/www.alliancefr.pt\/coimbra\/\",\"name\":\"Alliance Fran\u00e7aise Coimbra\",\"description\":\"Alliances Fran\u00e7aises de Lisbonne\",\"potentialAction\":[{\"@type\":\"SearchAction\",\"target\":{\"@type\":\"EntryPoint\",\"urlTemplate\":\"https:\/\/www.alliancefr.pt\/coimbra\/?s={search_term_string}\"},\"query-input\":{\"@type\":\"PropertyValueSpecification\",\"valueRequired\":true,\"valueName\":\"search_term_string\"}}],\"inLanguage\":\"pt-PT\"}]}<\/script>\n<!-- \/ Yoast SEO plugin. -->","yoast_head_json":{"title":"Estadias Lingu\u00edsticas em Fran\u00e7a - Alliance Fran\u00e7aise de Lisboa","description":"Estadias Lingu\u00edsticas em Fran\u00e7a - Nada melhor que aprender uma l\u00edngua no pa\u00eds onde \u00e9 falada. Viaje de forma segura e diferente, conhecendo novas pessoas","robots":{"index":"index","follow":"follow","max-snippet":"max-snippet:-1","max-image-preview":"max-image-preview:large","max-video-preview":"max-video-preview:-1"},"canonical":"https:\/\/www.alliancefr.pt\/coimbra\/estadias-linguisticas-em-franca\/","og_locale":"pt_PT","og_type":"article","og_title":"Estadias Lingu\u00edsticas em Fran\u00e7a - Alliance Fran\u00e7aise de Lisboa","og_description":"Estadias Lingu\u00edsticas em Fran\u00e7a - Nada melhor que aprender uma l\u00edngua no pa\u00eds onde \u00e9 falada. Viaje de forma segura e diferente, conhecendo novas pessoas","og_url":"https:\/\/www.alliancefr.pt\/coimbra\/estadias-linguisticas-em-franca\/","og_site_name":"Alliance Fran\u00e7aise Coimbra","article_modified_time":"2017-11-23T14:32:04+00:00","twitter_card":"summary_large_image","twitter_misc":{"Tempo estimado de leitura":"7 minutos"},"schema":{"@context":"https:\/\/schema.org","@graph":[{"@type":"WebPage","@id":"https:\/\/www.alliancefr.pt\/coimbra\/estadias-linguisticas-em-franca\/","url":"https:\/\/www.alliancefr.pt\/coimbra\/estadias-linguisticas-em-franca\/","name":"Estadias Lingu\u00edsticas em Fran\u00e7a - Alliance Fran\u00e7aise de Lisboa","isPartOf":{"@id":"https:\/\/www.alliancefr.pt\/coimbra\/#website"},"datePublished":"2017-09-19T13:20:08+00:00","dateModified":"2017-11-23T14:32:04+00:00","description":"Estadias Lingu\u00edsticas em Fran\u00e7a - Nada melhor que aprender uma l\u00edngua no pa\u00eds onde \u00e9 falada. Viaje de forma segura e diferente, conhecendo novas pessoas","breadcrumb":{"@id":"https:\/\/www.alliancefr.pt\/coimbra\/estadias-linguisticas-em-franca\/#breadcrumb"},"inLanguage":"pt-PT","potentialAction":[{"@type":"ReadAction","target":["https:\/\/www.alliancefr.pt\/coimbra\/estadias-linguisticas-em-franca\/"]}]},{"@type":"BreadcrumbList","@id":"https:\/\/www.alliancefr.pt\/coimbra\/estadias-linguisticas-em-franca\/#breadcrumb","itemListElement":[{"@type":"ListItem","position":1,"name":"In\u00edcio","item":"https:\/\/www.alliancefr.pt\/coimbra\/fr\/"},{"@type":"ListItem","position":2,"name":"Estadias Lingu\u00edsticas"}]},{"@type":"WebSite","@id":"https:\/\/www.alliancefr.pt\/coimbra\/#website","url":"https:\/\/www.alliancefr.pt\/coimbra\/","name":"Alliance Fran\u00e7aise Coimbra","description":"Alliances Fran\u00e7aises de Lisbonne","potentialAction":[{"@type":"SearchAction","target":{"@type":"EntryPoint","urlTemplate":"https:\/\/www.alliancefr.pt\/coimbra\/?s={search_term_string}"},"query-input":{"@type":"PropertyValueSpecification","valueRequired":true,"valueName":"search_term_string"}}],"inLanguage":"pt-PT"}]}},"_links":{"self":[{"href":"https:\/\/www.alliancefr.pt\/coimbra\/wp-json\/wp\/v2\/pages\/967","targetHints":{"allow":["GET"]}}],"collection":[{"href":"https:\/\/www.alliancefr.pt\/coimbra\/wp-json\/wp\/v2\/pages"}],"about":[{"href":"https:\/\/www.alliancefr.pt\/coimbra\/wp-json\/wp\/v2\/types\/page"}],"author":[{"embeddable":true,"href":"https:\/\/www.alliancefr.pt\/coimbra\/wp-json\/wp\/v2\/users\/1"}],"replies":[{"embeddable":true,"href":"https:\/\/www.alliancefr.pt\/coimbra\/wp-json\/wp\/v2\/comments?post=967"}],"version-history":[{"count":72,"href":"https:\/\/www.alliancefr.pt\/coimbra\/wp-json\/wp\/v2\/pages\/967\/revisions"}],"predecessor-version":[{"id":3006,"href":"https:\/\/www.alliancefr.pt\/coimbra\/wp-json\/wp\/v2\/pages\/967\/revisions\/3006"}],"wp:attachment":[{"href":"https:\/\/www.alliancefr.pt\/coimbra\/wp-json\/wp\/v2\/media?parent=967"}],"curies":[{"name":"wp","href":"https:\/\/api.w.org\/{rel}","templated":true}]}}