{"id":170,"date":"2017-08-21T15:49:40","date_gmt":"2017-08-21T15:49:40","guid":{"rendered":"https:\/\/www.alliancefr.pt\/coimbra\/?page_id=170"},"modified":"2025-11-06T15:13:54","modified_gmt":"2025-11-06T15:13:54","slug":"empregos-na-alliance-francaise-de-coimbra","status":"publish","type":"page","link":"https:\/\/www.alliancefr.pt\/coimbra\/quem-somos\/empregos-na-alliance-francaise-de-coimbra\/","title":{"rendered":"Trabalhe connosco"},"content":{"rendered":"<p>[et_pb_section fb_built=&#8221;1&#8243; _builder_version=&#8221;4.16&#8243; background_image=&#8221;https:\/\/www.alliancefr.pt\/coimbra\/wp-content\/uploads\/sites\/6\/2017\/09\/bg-triangular-gris-2-1.jpg&#8221; global_colors_info=&#8221;{}&#8221;][et_pb_row module_class=&#8221;bem-vindo-bloc&#8221; _builder_version=&#8221;4.16&#8243; background_size=&#8221;initial&#8221; background_position=&#8221;top_left&#8221; background_repeat=&#8221;repeat&#8221; global_colors_info=&#8221;{}&#8221;][et_pb_column type=&#8221;4_4&#8243; _builder_version=&#8221;4.16&#8243; background_position=&#8221;top_left&#8221; custom_padding=&#8221;|||&#8221; global_colors_info=&#8221;{}&#8221; custom_padding__hover=&#8221;|||&#8221;][et_pb_text admin_label=&#8221;Titulo&#8221; module_class=&#8221;titlebloc-1&#8243; _builder_version=&#8221;4.16&#8243; header_font=&#8221;|||on|&#8221; text_orientation=&#8221;center&#8221; module_alignment=&#8221;center&#8221; custom_padding=&#8221;|10%||10%&#8221; border_style=&#8221;solid&#8221; global_colors_info=&#8221;{}&#8221;]<\/p>\n<h2 style=\"text-align: center\">Junte-se \u00e0 nossa equipa<\/h2>\n<p>[\/et_pb_text][et_pb_text admin_label=&#8221;Texto descri\u00e7\u00e3o&#8221; module_class=&#8221;titlebloc-1&#8243; _builder_version=&#8221;4.16&#8243; text_orientation=&#8221;center&#8221; module_alignment=&#8221;center&#8221; custom_padding=&#8221;|10%||10%&#8221; border_style=&#8221;solid&#8221; global_colors_info=&#8221;{}&#8221;]Alliance Fran\u00e7aise de Coimbra \u00e9 uma Associa\u00e7\u00e3o sem fins lucrativos constitu\u00edda segundo os estatutos e os objetivos da Alliance Fran\u00e7aise fundada em Paris em 1883. Tem o prop\u00f3sito de difundir a l\u00edngua francesa, reunir todos os que desejam contribuir para o desenvolvimento do conhecimento e o gosto pela l\u00edngua e o pensamento franc\u00eas.<\/p>\n<p>Se se identifica com a nossa miss\u00e3o e domina a l\u00edngua francesa, envie-nos a sua candidatura.<br \/>\n[\/et_pb_text][\/et_pb_column][\/et_pb_row][\/et_pb_section][et_pb_section fb_built=&#8221;1&#8243; _builder_version=&#8221;4.16&#8243; background_image=&#8221;https:\/\/www.alliancefr.pt\/coimbra\/wp-content\/uploads\/sites\/6\/2017\/08\/trabalha_connosco.jpg&#8221; parallax=&#8221;on&#8221; global_colors_info=&#8221;{}&#8221;][et_pb_row _builder_version=&#8221;4.16&#8243; global_colors_info=&#8221;{}&#8221;][et_pb_column type=&#8221;4_4&#8243; _builder_version=&#8221;4.16&#8243; background_position=&#8221;top_left&#8221; custom_padding=&#8221;|||&#8221; global_colors_info=&#8221;{}&#8221; custom_padding__hover=&#8221;|||&#8221;][et_pb_text admin_label=&#8221;desafio&#8221; module_class=&#8221;traducao-bloc&#8221; _builder_version=&#8221;4.16&#8243; text_font=&#8221;Open Sans||||&#8221; text_text_color=&#8221;#ffffff&#8221; text_font_size=&#8221;24&#8243; text_line_height=&#8221;1.8em&#8221; header_font=&#8221;Lato||||&#8221; header_text_color=&#8221;#ffffff&#8221; header_font_size=&#8221;36px&#8221; background_layout=&#8221;dark&#8221; custom_padding=&#8221;|10%||10%&#8221; border_style=&#8221;solid&#8221; global_colors_info=&#8221;{}&#8221;]<\/p>\n<p style=\"text-align: center\"><em>Gosta de desafios? Venha trabalhar connosco e fa\u00e7a parte de uma equipa bilingue.<\/em><\/p>\n<p>[\/et_pb_text][\/et_pb_column][\/et_pb_row][\/et_pb_section][et_pb_section fb_built=&#8221;1&#8243; _builder_version=&#8221;4.16&#8243; background_color=&#8221;#ffffff&#8221; global_colors_info=&#8221;{}&#8221;][et_pb_row module_class=&#8221;bem-vindo-bloc&#8221; _builder_version=&#8221;4.16&#8243; background_size=&#8221;initial&#8221; background_position=&#8221;top_left&#8221; background_repeat=&#8221;repeat&#8221; global_colors_info=&#8221;{}&#8221;][et_pb_column type=&#8221;4_4&#8243; _builder_version=&#8221;4.16&#8243; background_position=&#8221;top_left&#8221; custom_padding=&#8221;|||&#8221; global_colors_info=&#8221;{}&#8221; custom_padding__hover=&#8221;|||&#8221;][et_pb_text admin_label=&#8221;Titulo&#8221; module_class=&#8221;titlebloc-1&#8243; _builder_version=&#8221;4.16&#8243; header_font=&#8221;|||on|&#8221; text_orientation=&#8221;center&#8221; module_alignment=&#8221;center&#8221; custom_padding=&#8221;|10%||10%&#8221; border_style=&#8221;solid&#8221; global_colors_info=&#8221;{}&#8221;]<\/p>\n<h2 style=\"text-align: center\">Candidatura Espont\u00e2nea<\/h2>\n<p>[\/et_pb_text][et_pb_text admin_label=&#8221;Sob Titulo&#8221; _builder_version=&#8221;4.23.1&#8243; text_font=&#8221;Roboto|||on|&#8221; text_text_color=&#8221;#333333&#8243; text_font_size=&#8221;16&#8243; text_orientation=&#8221;center&#8221; module_alignment=&#8221;center&#8221; custom_padding=&#8221;|10%||10%&#8221; hover_enabled=&#8221;0&#8243; border_style=&#8221;solid&#8221; saved_tabs=&#8221;all&#8221; global_colors_info=&#8221;{}&#8221; sticky_enabled=&#8221;0&#8243;]<\/p>\n<p style=\"text-align: center\">Para enviar a sua candidatura espont\u00e2nea, c<span>ontacte-nos por e-mail ou por telefone:<\/span><\/p>\n<p>\ud83d\udce7 <a href=\"mailto:info.coimbra@alliancefr.pt\">info.coimbra@alliancefr.pt<\/a><\/p>\n<p><span>\ud83d\udcde +351 939 785 370<\/span><\/p>\n<p>[\/et_pb_text][\/et_pb_column][\/et_pb_row][et_pb_row module_class=&#8221;bem-vindo-bloc&#8221; _builder_version=&#8221;4.16&#8243; custom_margin=&#8221;20px|||&#8221; custom_margin_tablet=&#8221;0px|||&#8221; custom_margin_phone=&#8221;&#8221; custom_margin_last_edited=&#8221;on|tablet&#8221; custom_padding=&#8221;|10%||10%&#8221; global_colors_info=&#8221;{}&#8221;][et_pb_column type=&#8221;4_4&#8243; _builder_version=&#8221;4.16&#8243; background_position=&#8221;top_left&#8221; custom_padding=&#8221;|||&#8221; global_colors_info=&#8221;{}&#8221; custom_padding__hover=&#8221;|||&#8221;][\/et_pb_column][\/et_pb_row][\/et_pb_section]<\/p>\n","protected":false},"excerpt":{"rendered":"<p>Junte-se \u00e0 nossa equipa Alliance Fran\u00e7aise de Coimbra \u00e9 uma Associa\u00e7\u00e3o sem fins lucrativos constitu\u00edda segundo os estatutos e os objetivos da Alliance Fran\u00e7aise fundada em Paris em 1883. Tem o prop\u00f3sito de difundir a l\u00edngua francesa, reunir todos os que desejam contribuir para o desenvolvimento do conhecimento e o gosto pela l\u00edngua e o [&hellip;]<\/p>\n","protected":false},"author":1,"featured_media":0,"parent":79,"menu_order":0,"comment_status":"closed","ping_status":"closed","template":"","meta":{"_acf_changed":false,"_et_pb_use_builder":"on","_et_pb_old_content":"","_et_gb_content_width":"","_exactmetrics_skip_tracking":false,"_exactmetrics_sitenote_active":false,"_exactmetrics_sitenote_note":"","_exactmetrics_sitenote_category":0,"footnotes":""},"class_list":["post-170","page","type-page","status-publish","hentry"],"acf":[],"yoast_head":"<!-- This site is optimized with the Yoast SEO plugin v27.0 - https:\/\/yoast.com\/product\/yoast-seo-wordpress\/ -->\n<title>Empregos na Alliance Fran\u00e7aise de Coimbra - Trabalhe Connosco<\/title>\n<meta name=\"description\" content=\"Temos como prop\u00f3sito de difundir a l\u00edngua francesa, reunir todos os que desejam contribuir para o desenvolvimento do conhecimento e o gosto pela l\u00edngua e o pensamento franc\u00eas. Se se identifica com a nossa miss\u00e3o e domina a l\u00edngua francesa, contacte-nos. Confira os Empregos na Alliance Fran\u00e7aise de Coimbra\" \/>\n<meta name=\"robots\" content=\"index, follow, max-snippet:-1, max-image-preview:large, max-video-preview:-1\" \/>\n<link rel=\"canonical\" href=\"https:\/\/www.alliancefr.pt\/coimbra\/quem-somos\/empregos-na-alliance-francaise-de-coimbra\/\" \/>\n<meta property=\"og:locale\" content=\"pt_PT\" \/>\n<meta property=\"og:type\" content=\"article\" \/>\n<meta property=\"og:title\" content=\"Empregos na Alliance Fran\u00e7aise de Coimbra - Trabalhe Connosco\" \/>\n<meta property=\"og:description\" content=\"Temos como prop\u00f3sito de difundir a l\u00edngua francesa, reunir todos os que desejam contribuir para o desenvolvimento do conhecimento e o gosto pela l\u00edngua e o pensamento franc\u00eas. Se se identifica com a nossa miss\u00e3o e domina a l\u00edngua francesa, contacte-nos. Confira os Empregos na Alliance Fran\u00e7aise de Coimbra\" \/>\n<meta property=\"og:url\" content=\"https:\/\/www.alliancefr.pt\/coimbra\/quem-somos\/empregos-na-alliance-francaise-de-coimbra\/\" \/>\n<meta property=\"og:site_name\" content=\"Alliance Fran\u00e7aise Coimbra\" \/>\n<meta property=\"article:modified_time\" content=\"2025-11-06T15:13:54+00:00\" \/>\n<meta name=\"twitter:card\" content=\"summary_large_image\" \/>\n<meta name=\"twitter:label1\" content=\"Tempo estimado de leitura\" \/>\n\t<meta name=\"twitter:data1\" content=\"3 minutos\" \/>\n<script type=\"application\/ld+json\" class=\"yoast-schema-graph\">{\"@context\":\"https:\/\/schema.org\",\"@graph\":[{\"@type\":\"WebPage\",\"@id\":\"https:\/\/www.alliancefr.pt\/coimbra\/quem-somos\/empregos-na-alliance-francaise-de-coimbra\/\",\"url\":\"https:\/\/www.alliancefr.pt\/coimbra\/quem-somos\/empregos-na-alliance-francaise-de-coimbra\/\",\"name\":\"Empregos na Alliance Fran\u00e7aise de Coimbra - Trabalhe Connosco\",\"isPartOf\":{\"@id\":\"https:\/\/www.alliancefr.pt\/coimbra\/#website\"},\"datePublished\":\"2017-08-21T15:49:40+00:00\",\"dateModified\":\"2025-11-06T15:13:54+00:00\",\"description\":\"Temos como prop\u00f3sito de difundir a l\u00edngua francesa, reunir todos os que desejam contribuir para o desenvolvimento do conhecimento e o gosto pela l\u00edngua e o pensamento franc\u00eas. Se se identifica com a nossa miss\u00e3o e domina a l\u00edngua francesa, contacte-nos. Confira os Empregos na Alliance Fran\u00e7aise de Coimbra\",\"breadcrumb\":{\"@id\":\"https:\/\/www.alliancefr.pt\/coimbra\/quem-somos\/empregos-na-alliance-francaise-de-coimbra\/#breadcrumb\"},\"inLanguage\":\"pt-PT\",\"potentialAction\":[{\"@type\":\"ReadAction\",\"target\":[\"https:\/\/www.alliancefr.pt\/coimbra\/quem-somos\/empregos-na-alliance-francaise-de-coimbra\/\"]}]},{\"@type\":\"BreadcrumbList\",\"@id\":\"https:\/\/www.alliancefr.pt\/coimbra\/quem-somos\/empregos-na-alliance-francaise-de-coimbra\/#breadcrumb\",\"itemListElement\":[{\"@type\":\"ListItem\",\"position\":1,\"name\":\"In\u00edcio\",\"item\":\"https:\/\/www.alliancefr.pt\/coimbra\/fr\/\"},{\"@type\":\"ListItem\",\"position\":2,\"name\":\"Quem somos\",\"item\":\"https:\/\/www.alliancefr.pt\/coimbra\/quem-somos\/\"},{\"@type\":\"ListItem\",\"position\":3,\"name\":\"Trabalhe connosco\"}]},{\"@type\":\"WebSite\",\"@id\":\"https:\/\/www.alliancefr.pt\/coimbra\/#website\",\"url\":\"https:\/\/www.alliancefr.pt\/coimbra\/\",\"name\":\"Alliance Fran\u00e7aise Coimbra\",\"description\":\"Alliances Fran\u00e7aises de Lisbonne\",\"potentialAction\":[{\"@type\":\"SearchAction\",\"target\":{\"@type\":\"EntryPoint\",\"urlTemplate\":\"https:\/\/www.alliancefr.pt\/coimbra\/?s={search_term_string}\"},\"query-input\":{\"@type\":\"PropertyValueSpecification\",\"valueRequired\":true,\"valueName\":\"search_term_string\"}}],\"inLanguage\":\"pt-PT\"}]}<\/script>\n<!-- \/ Yoast SEO plugin. -->","yoast_head_json":{"title":"Empregos na Alliance Fran\u00e7aise de Coimbra - Trabalhe Connosco","description":"Temos como prop\u00f3sito de difundir a l\u00edngua francesa, reunir todos os que desejam contribuir para o desenvolvimento do conhecimento e o gosto pela l\u00edngua e o pensamento franc\u00eas. Se se identifica com a nossa miss\u00e3o e domina a l\u00edngua francesa, contacte-nos. Confira os Empregos na Alliance Fran\u00e7aise de Coimbra","robots":{"index":"index","follow":"follow","max-snippet":"max-snippet:-1","max-image-preview":"max-image-preview:large","max-video-preview":"max-video-preview:-1"},"canonical":"https:\/\/www.alliancefr.pt\/coimbra\/quem-somos\/empregos-na-alliance-francaise-de-coimbra\/","og_locale":"pt_PT","og_type":"article","og_title":"Empregos na Alliance Fran\u00e7aise de Coimbra - Trabalhe Connosco","og_description":"Temos como prop\u00f3sito de difundir a l\u00edngua francesa, reunir todos os que desejam contribuir para o desenvolvimento do conhecimento e o gosto pela l\u00edngua e o pensamento franc\u00eas. Se se identifica com a nossa miss\u00e3o e domina a l\u00edngua francesa, contacte-nos. Confira os Empregos na Alliance Fran\u00e7aise de Coimbra","og_url":"https:\/\/www.alliancefr.pt\/coimbra\/quem-somos\/empregos-na-alliance-francaise-de-coimbra\/","og_site_name":"Alliance Fran\u00e7aise Coimbra","article_modified_time":"2025-11-06T15:13:54+00:00","twitter_card":"summary_large_image","twitter_misc":{"Tempo estimado de leitura":"3 minutos"},"schema":{"@context":"https:\/\/schema.org","@graph":[{"@type":"WebPage","@id":"https:\/\/www.alliancefr.pt\/coimbra\/quem-somos\/empregos-na-alliance-francaise-de-coimbra\/","url":"https:\/\/www.alliancefr.pt\/coimbra\/quem-somos\/empregos-na-alliance-francaise-de-coimbra\/","name":"Empregos na Alliance Fran\u00e7aise de Coimbra - Trabalhe Connosco","isPartOf":{"@id":"https:\/\/www.alliancefr.pt\/coimbra\/#website"},"datePublished":"2017-08-21T15:49:40+00:00","dateModified":"2025-11-06T15:13:54+00:00","description":"Temos como prop\u00f3sito de difundir a l\u00edngua francesa, reunir todos os que desejam contribuir para o desenvolvimento do conhecimento e o gosto pela l\u00edngua e o pensamento franc\u00eas. Se se identifica com a nossa miss\u00e3o e domina a l\u00edngua francesa, contacte-nos. Confira os Empregos na Alliance Fran\u00e7aise de Coimbra","breadcrumb":{"@id":"https:\/\/www.alliancefr.pt\/coimbra\/quem-somos\/empregos-na-alliance-francaise-de-coimbra\/#breadcrumb"},"inLanguage":"pt-PT","potentialAction":[{"@type":"ReadAction","target":["https:\/\/www.alliancefr.pt\/coimbra\/quem-somos\/empregos-na-alliance-francaise-de-coimbra\/"]}]},{"@type":"BreadcrumbList","@id":"https:\/\/www.alliancefr.pt\/coimbra\/quem-somos\/empregos-na-alliance-francaise-de-coimbra\/#breadcrumb","itemListElement":[{"@type":"ListItem","position":1,"name":"In\u00edcio","item":"https:\/\/www.alliancefr.pt\/coimbra\/fr\/"},{"@type":"ListItem","position":2,"name":"Quem somos","item":"https:\/\/www.alliancefr.pt\/coimbra\/quem-somos\/"},{"@type":"ListItem","position":3,"name":"Trabalhe connosco"}]},{"@type":"WebSite","@id":"https:\/\/www.alliancefr.pt\/coimbra\/#website","url":"https:\/\/www.alliancefr.pt\/coimbra\/","name":"Alliance Fran\u00e7aise Coimbra","description":"Alliances Fran\u00e7aises de Lisbonne","potentialAction":[{"@type":"SearchAction","target":{"@type":"EntryPoint","urlTemplate":"https:\/\/www.alliancefr.pt\/coimbra\/?s={search_term_string}"},"query-input":{"@type":"PropertyValueSpecification","valueRequired":true,"valueName":"search_term_string"}}],"inLanguage":"pt-PT"}]}},"_links":{"self":[{"href":"https:\/\/www.alliancefr.pt\/coimbra\/wp-json\/wp\/v2\/pages\/170","targetHints":{"allow":["GET"]}}],"collection":[{"href":"https:\/\/www.alliancefr.pt\/coimbra\/wp-json\/wp\/v2\/pages"}],"about":[{"href":"https:\/\/www.alliancefr.pt\/coimbra\/wp-json\/wp\/v2\/types\/page"}],"author":[{"embeddable":true,"href":"https:\/\/www.alliancefr.pt\/coimbra\/wp-json\/wp\/v2\/users\/1"}],"replies":[{"embeddable":true,"href":"https:\/\/www.alliancefr.pt\/coimbra\/wp-json\/wp\/v2\/comments?post=170"}],"version-history":[{"count":64,"href":"https:\/\/www.alliancefr.pt\/coimbra\/wp-json\/wp\/v2\/pages\/170\/revisions"}],"predecessor-version":[{"id":6372,"href":"https:\/\/www.alliancefr.pt\/coimbra\/wp-json\/wp\/v2\/pages\/170\/revisions\/6372"}],"up":[{"embeddable":true,"href":"https:\/\/www.alliancefr.pt\/coimbra\/wp-json\/wp\/v2\/pages\/79"}],"wp:attachment":[{"href":"https:\/\/www.alliancefr.pt\/coimbra\/wp-json\/wp\/v2\/media?parent=170"}],"curies":[{"name":"wp","href":"https:\/\/api.w.org\/{rel}","templated":true}]}}