{"id":168,"date":"2017-08-21T15:49:21","date_gmt":"2017-08-21T15:49:21","guid":{"rendered":"https:\/\/www.alliancefr.pt\/coimbra\/?page_id=168"},"modified":"2022-08-30T17:55:58","modified_gmt":"2022-08-30T17:55:58","slug":"protocolos-e-parcerias","status":"publish","type":"page","link":"https:\/\/www.alliancefr.pt\/coimbra\/protocolos-e-parcerias\/","title":{"rendered":"Protocolos &#038; Parcerias"},"content":{"rendered":"<p>[et_pb_section bb_built=&#8221;1&#8243; _builder_version=&#8221;3.0.59&#8243; transparent_background=&#8221;on&#8221; custom_padding=&#8221;0px||20px|&#8221;][et_pb_row _builder_version=&#8221;3.0.59&#8243; background_position=&#8221;top_left&#8221; background_repeat=&#8221;repeat&#8221; background_size=&#8221;initial&#8221;][et_pb_column type=&#8221;4_4&#8243;][et_pb_text admin_label=&#8221;Titulo + intro&#8221; _builder_version=&#8221;3.0.59&#8243; background_layout=&#8221;light&#8221; text_orientation=&#8221;center&#8221; border_style=&#8221;solid&#8221; module_class=&#8221;titlebloc-1&#8243; saved_tabs=&#8221;all&#8221; custom_padding=&#8221;|10%||10%&#8221; disabled=&#8221;on&#8221; disabled_on=&#8221;on|on|on&#8221;]<\/p>\n<h2 style=\"text-align: center;\">BENEF\u00cdCIOS CART\u00c3O DE ALUNO<\/h2>\n<p style=\"text-align: center;\">Fa\u00e7a a sua inscri\u00e7\u00e3o, receba o seu cart\u00e3o e usufrua dos descontos.<br \/>\nObrigat\u00f3ria a apresenta\u00e7\u00e3o do cart\u00e3o de aluno nos locais assinalados.<\/p>\n<p>[\/et_pb_text][et_pb_text admin_label=&#8221;Titulo + intro&#8221; _builder_version=&#8221;3.0.59&#8243; background_layout=&#8221;light&#8221; text_orientation=&#8221;center&#8221; border_style=&#8221;solid&#8221; module_class=&#8221;titlebloc-1&#8243; saved_tabs=&#8221;all&#8221; custom_padding=&#8221;|10%||10%&#8221;]<\/p>\n<p style=\"text-align: center;\"><strong>A Alliance Fran\u00e7aise de Coimbra colabora com diversas institui\u00e7\u00f5es.<\/strong><br \/>\n<em>Verifique os protocolos em vigor para poder usufruir de descontos no ato de inscri\u00e7\u00e3o.<\/em><\/p>\n<p>[\/et_pb_text][\/et_pb_column][\/et_pb_row][\/et_pb_section]<\/p>\n","protected":false},"excerpt":{"rendered":"<p>BENEF\u00cdCIOS CART\u00c3O DE ALUNO Fa\u00e7a a sua inscri\u00e7\u00e3o, receba o seu cart\u00e3o e usufrua dos descontos. Obrigat\u00f3ria a apresenta\u00e7\u00e3o do cart\u00e3o de aluno nos locais assinalados. A Alliance Fran\u00e7aise de Coimbra colabora com diversas institui\u00e7\u00f5es. Verifique os protocolos em vigor para poder usufruir de descontos no ato de inscri\u00e7\u00e3o.<\/p>\n","protected":false},"author":1,"featured_media":0,"parent":0,"menu_order":0,"comment_status":"closed","ping_status":"closed","template":"page_protocolos_e_parcerias.php","meta":{"_acf_changed":false,"_et_pb_use_builder":"on","_et_pb_old_content":"","_et_gb_content_width":"","_exactmetrics_skip_tracking":false,"_exactmetrics_sitenote_active":false,"_exactmetrics_sitenote_note":"","_exactmetrics_sitenote_category":0,"footnotes":""},"class_list":["post-168","page","type-page","status-publish","hentry"],"acf":[],"yoast_head":"<!-- This site is optimized with the Yoast SEO plugin v27.0 - https:\/\/yoast.com\/product\/yoast-seo-wordpress\/ -->\n<title>Protocolos e Parcerias - Alliance Fran\u00e7aise de Coimbra [Forma\u00e7\u00f5es FR]<\/title>\n<meta name=\"description\" content=\"Protocolos e Parcerias Alliance Fran\u00e7aise Coimbra - Forma\u00e7\u00f5es de Franc\u00eas | Tradu\u00e7\u00f5es | Exames e Cerifica\u00e7\u00f5es | Colaboramos com diversas institui\u00e7\u00f5es. Verifique os protocolos em vigor para poder usufruir de descontos no ato de inscri\u00e7\u00e3o.\" \/>\n<meta name=\"robots\" content=\"index, follow, max-snippet:-1, max-image-preview:large, max-video-preview:-1\" \/>\n<link rel=\"canonical\" href=\"https:\/\/www.alliancefr.pt\/coimbra\/protocolos-e-parcerias\/\" \/>\n<meta property=\"og:locale\" content=\"pt_PT\" \/>\n<meta property=\"og:type\" content=\"article\" \/>\n<meta property=\"og:title\" content=\"Protocolos e Parcerias - Alliance Fran\u00e7aise de Coimbra [Forma\u00e7\u00f5es FR]\" \/>\n<meta property=\"og:description\" content=\"Protocolos e Parcerias Alliance Fran\u00e7aise Coimbra - Forma\u00e7\u00f5es de Franc\u00eas | Tradu\u00e7\u00f5es | Exames e Cerifica\u00e7\u00f5es | Colaboramos com diversas institui\u00e7\u00f5es. Verifique os protocolos em vigor para poder usufruir de descontos no ato de inscri\u00e7\u00e3o.\" \/>\n<meta property=\"og:url\" content=\"https:\/\/www.alliancefr.pt\/coimbra\/protocolos-e-parcerias\/\" \/>\n<meta property=\"og:site_name\" content=\"Alliance Fran\u00e7aise Coimbra\" \/>\n<meta property=\"article:modified_time\" content=\"2022-08-30T17:55:58+00:00\" \/>\n<meta name=\"twitter:card\" content=\"summary_large_image\" \/>\n<meta name=\"twitter:label1\" content=\"Tempo estimado de leitura\" \/>\n\t<meta name=\"twitter:data1\" content=\"1 minuto\" \/>\n<script type=\"application\/ld+json\" class=\"yoast-schema-graph\">{\"@context\":\"https:\/\/schema.org\",\"@graph\":[{\"@type\":\"WebPage\",\"@id\":\"https:\/\/www.alliancefr.pt\/coimbra\/protocolos-e-parcerias\/\",\"url\":\"https:\/\/www.alliancefr.pt\/coimbra\/protocolos-e-parcerias\/\",\"name\":\"Protocolos e Parcerias - Alliance Fran\u00e7aise de Coimbra [Forma\u00e7\u00f5es FR]\",\"isPartOf\":{\"@id\":\"https:\/\/www.alliancefr.pt\/coimbra\/#website\"},\"datePublished\":\"2017-08-21T15:49:21+00:00\",\"dateModified\":\"2022-08-30T17:55:58+00:00\",\"description\":\"Protocolos e Parcerias Alliance Fran\u00e7aise Coimbra - Forma\u00e7\u00f5es de Franc\u00eas | Tradu\u00e7\u00f5es | Exames e Cerifica\u00e7\u00f5es | Colaboramos com diversas institui\u00e7\u00f5es. Verifique os protocolos em vigor para poder usufruir de descontos no ato de inscri\u00e7\u00e3o.\",\"breadcrumb\":{\"@id\":\"https:\/\/www.alliancefr.pt\/coimbra\/protocolos-e-parcerias\/#breadcrumb\"},\"inLanguage\":\"pt-PT\",\"potentialAction\":[{\"@type\":\"ReadAction\",\"target\":[\"https:\/\/www.alliancefr.pt\/coimbra\/protocolos-e-parcerias\/\"]}]},{\"@type\":\"BreadcrumbList\",\"@id\":\"https:\/\/www.alliancefr.pt\/coimbra\/protocolos-e-parcerias\/#breadcrumb\",\"itemListElement\":[{\"@type\":\"ListItem\",\"position\":1,\"name\":\"In\u00edcio\",\"item\":\"https:\/\/www.alliancefr.pt\/coimbra\/fr\/\"},{\"@type\":\"ListItem\",\"position\":2,\"name\":\"Protocolos &#038; Parcerias\"}]},{\"@type\":\"WebSite\",\"@id\":\"https:\/\/www.alliancefr.pt\/coimbra\/#website\",\"url\":\"https:\/\/www.alliancefr.pt\/coimbra\/\",\"name\":\"Alliance Fran\u00e7aise Coimbra\",\"description\":\"Alliances Fran\u00e7aises de Lisbonne\",\"potentialAction\":[{\"@type\":\"SearchAction\",\"target\":{\"@type\":\"EntryPoint\",\"urlTemplate\":\"https:\/\/www.alliancefr.pt\/coimbra\/?s={search_term_string}\"},\"query-input\":{\"@type\":\"PropertyValueSpecification\",\"valueRequired\":true,\"valueName\":\"search_term_string\"}}],\"inLanguage\":\"pt-PT\"}]}<\/script>\n<!-- \/ Yoast SEO plugin. -->","yoast_head_json":{"title":"Protocolos e Parcerias - Alliance Fran\u00e7aise de Coimbra [Forma\u00e7\u00f5es FR]","description":"Protocolos e Parcerias Alliance Fran\u00e7aise Coimbra - Forma\u00e7\u00f5es de Franc\u00eas | Tradu\u00e7\u00f5es | Exames e Cerifica\u00e7\u00f5es | Colaboramos com diversas institui\u00e7\u00f5es. Verifique os protocolos em vigor para poder usufruir de descontos no ato de inscri\u00e7\u00e3o.","robots":{"index":"index","follow":"follow","max-snippet":"max-snippet:-1","max-image-preview":"max-image-preview:large","max-video-preview":"max-video-preview:-1"},"canonical":"https:\/\/www.alliancefr.pt\/coimbra\/protocolos-e-parcerias\/","og_locale":"pt_PT","og_type":"article","og_title":"Protocolos e Parcerias - Alliance Fran\u00e7aise de Coimbra [Forma\u00e7\u00f5es FR]","og_description":"Protocolos e Parcerias Alliance Fran\u00e7aise Coimbra - Forma\u00e7\u00f5es de Franc\u00eas | Tradu\u00e7\u00f5es | Exames e Cerifica\u00e7\u00f5es | Colaboramos com diversas institui\u00e7\u00f5es. Verifique os protocolos em vigor para poder usufruir de descontos no ato de inscri\u00e7\u00e3o.","og_url":"https:\/\/www.alliancefr.pt\/coimbra\/protocolos-e-parcerias\/","og_site_name":"Alliance Fran\u00e7aise Coimbra","article_modified_time":"2022-08-30T17:55:58+00:00","twitter_card":"summary_large_image","twitter_misc":{"Tempo estimado de leitura":"1 minuto"},"schema":{"@context":"https:\/\/schema.org","@graph":[{"@type":"WebPage","@id":"https:\/\/www.alliancefr.pt\/coimbra\/protocolos-e-parcerias\/","url":"https:\/\/www.alliancefr.pt\/coimbra\/protocolos-e-parcerias\/","name":"Protocolos e Parcerias - Alliance Fran\u00e7aise de Coimbra [Forma\u00e7\u00f5es FR]","isPartOf":{"@id":"https:\/\/www.alliancefr.pt\/coimbra\/#website"},"datePublished":"2017-08-21T15:49:21+00:00","dateModified":"2022-08-30T17:55:58+00:00","description":"Protocolos e Parcerias Alliance Fran\u00e7aise Coimbra - Forma\u00e7\u00f5es de Franc\u00eas | Tradu\u00e7\u00f5es | Exames e Cerifica\u00e7\u00f5es | Colaboramos com diversas institui\u00e7\u00f5es. Verifique os protocolos em vigor para poder usufruir de descontos no ato de inscri\u00e7\u00e3o.","breadcrumb":{"@id":"https:\/\/www.alliancefr.pt\/coimbra\/protocolos-e-parcerias\/#breadcrumb"},"inLanguage":"pt-PT","potentialAction":[{"@type":"ReadAction","target":["https:\/\/www.alliancefr.pt\/coimbra\/protocolos-e-parcerias\/"]}]},{"@type":"BreadcrumbList","@id":"https:\/\/www.alliancefr.pt\/coimbra\/protocolos-e-parcerias\/#breadcrumb","itemListElement":[{"@type":"ListItem","position":1,"name":"In\u00edcio","item":"https:\/\/www.alliancefr.pt\/coimbra\/fr\/"},{"@type":"ListItem","position":2,"name":"Protocolos &#038; Parcerias"}]},{"@type":"WebSite","@id":"https:\/\/www.alliancefr.pt\/coimbra\/#website","url":"https:\/\/www.alliancefr.pt\/coimbra\/","name":"Alliance Fran\u00e7aise Coimbra","description":"Alliances Fran\u00e7aises de Lisbonne","potentialAction":[{"@type":"SearchAction","target":{"@type":"EntryPoint","urlTemplate":"https:\/\/www.alliancefr.pt\/coimbra\/?s={search_term_string}"},"query-input":{"@type":"PropertyValueSpecification","valueRequired":true,"valueName":"search_term_string"}}],"inLanguage":"pt-PT"}]}},"_links":{"self":[{"href":"https:\/\/www.alliancefr.pt\/coimbra\/wp-json\/wp\/v2\/pages\/168","targetHints":{"allow":["GET"]}}],"collection":[{"href":"https:\/\/www.alliancefr.pt\/coimbra\/wp-json\/wp\/v2\/pages"}],"about":[{"href":"https:\/\/www.alliancefr.pt\/coimbra\/wp-json\/wp\/v2\/types\/page"}],"author":[{"embeddable":true,"href":"https:\/\/www.alliancefr.pt\/coimbra\/wp-json\/wp\/v2\/users\/1"}],"replies":[{"embeddable":true,"href":"https:\/\/www.alliancefr.pt\/coimbra\/wp-json\/wp\/v2\/comments?post=168"}],"version-history":[{"count":22,"href":"https:\/\/www.alliancefr.pt\/coimbra\/wp-json\/wp\/v2\/pages\/168\/revisions"}],"predecessor-version":[{"id":5019,"href":"https:\/\/www.alliancefr.pt\/coimbra\/wp-json\/wp\/v2\/pages\/168\/revisions\/5019"}],"wp:attachment":[{"href":"https:\/\/www.alliancefr.pt\/coimbra\/wp-json\/wp\/v2\/media?parent=168"}],"curies":[{"name":"wp","href":"https:\/\/api.w.org\/{rel}","templated":true}]}}