{"id":3052,"date":"2017-11-24T09:20:45","date_gmt":"2017-11-24T09:20:45","guid":{"rendered":"https:\/\/www.alliancefr.pt\/coimbra\/?page_id=3052"},"modified":"2025-11-06T14:33:47","modified_gmt":"2025-11-06T14:33:47","slug":"traduction","status":"publish","type":"page","link":"https:\/\/www.alliancefr.pt\/coimbra\/fr\/traduction\/","title":{"rendered":"Traduction"},"content":{"rendered":"<p>[et_pb_section fb_built=&#8221;1&#8243; _builder_version=&#8221;4.16&#8243; background_image=&#8221;https:\/\/www.alliancefr.pt\/coimbra\/wp-content\/uploads\/sites\/6\/2017\/08\/bg-triangular-gris-2.jpg&#8221; global_colors_info=&#8221;{}&#8221;][et_pb_row module_class=&#8221;bem-vindo-bloc&#8221; _builder_version=&#8221;4.16&#8243; background_size=&#8221;initial&#8221; background_position=&#8221;top_left&#8221; background_repeat=&#8221;repeat&#8221; global_colors_info=&#8221;{}&#8221;][et_pb_column type=&#8221;4_4&#8243; _builder_version=&#8221;4.16&#8243; background_position=&#8221;top_left&#8221; custom_padding=&#8221;|||&#8221; global_colors_info=&#8221;{}&#8221; custom_padding__hover=&#8221;|||&#8221;][et_pb_text admin_label=&#8221;Titulo&#8221; module_class=&#8221;titlebloc-1&#8243; _builder_version=&#8221;4.16&#8243; header_font=&#8221;|||on|&#8221; text_orientation=&#8221;center&#8221; module_alignment=&#8221;center&#8221; custom_padding=&#8221;|10%||10%&#8221; border_style=&#8221;solid&#8221; global_colors_info=&#8221;{}&#8221;]<\/p>\n<h2 style=\"text-align: center\">Service de Traduction<\/h2>\n<p>[\/et_pb_text][et_pb_text admin_label=&#8221;Sob Titulo&#8221; _builder_version=&#8221;4.16&#8243; text_font=&#8221;Roboto|||on|&#8221; text_text_color=&#8221;#333333&#8243; text_font_size=&#8221;16&#8243; text_orientation=&#8221;center&#8221; module_alignment=&#8221;center&#8221; custom_padding=&#8221;|10%||10%&#8221; border_style=&#8221;solid&#8221; saved_tabs=&#8221;all&#8221; global_colors_info=&#8221;{}&#8221;]<\/p>\n<p style=\"text-align: center\">L\u2019Alliance fran\u00e7aise de Coimbra est la r\u00e9f\u00e9rence de la traduction en fran\u00e7ais, pour les particuliers et les entreprises.<\/p>\n<p>[\/et_pb_text][et_pb_text admin_label=&#8221;Texto descri\u00e7\u00e3o&#8221; module_class=&#8221;titlebloc-1&#8243; _builder_version=&#8221;4.16&#8243; text_orientation=&#8221;center&#8221; module_alignment=&#8221;center&#8221; custom_padding=&#8221;|10%||10%&#8221; border_style=&#8221;solid&#8221; global_colors_info=&#8221;{}&#8221;]<\/p>\n<p style=\"text-align: center\">Sp\u00e9cialis\u00e9s dans les combinaisons linguistiques portugais\/fran\u00e7ais et fran\u00e7ais\/portugais, nous offrons un service de traduction d\u2019excellence dans tous les domaines techniques.<\/p>\n<p>[\/et_pb_text][\/et_pb_column][\/et_pb_row][\/et_pb_section][et_pb_section fb_built=&#8221;1&#8243; _builder_version=&#8221;4.16&#8243; background_image=&#8221;https:\/\/www.alliancefr.pt\/coimbra\/wp-content\/uploads\/sites\/6\/2017\/08\/trabalha_connosco.jpg&#8221; parallax=&#8221;on&#8221; global_colors_info=&#8221;{}&#8221;][et_pb_row _builder_version=&#8221;4.16&#8243; global_colors_info=&#8221;{}&#8221;][et_pb_column type=&#8221;4_4&#8243; _builder_version=&#8221;4.16&#8243; background_position=&#8221;top_left&#8221; custom_padding=&#8221;|||&#8221; global_colors_info=&#8221;{}&#8221; custom_padding__hover=&#8221;|||&#8221;][et_pb_text admin_label=&#8221;Tradu\u00e7\u00e3o&#8221; module_class=&#8221;traducao-bloc&#8221; _builder_version=&#8221;4.16&#8243; text_font=&#8221;Open Sans||||&#8221; text_text_color=&#8221;#ffffff&#8221; text_font_size=&#8221;24&#8243; text_line_height=&#8221;1.8em&#8221; header_font=&#8221;Lato||||&#8221; header_text_color=&#8221;#ffffff&#8221; header_font_size=&#8221;36px&#8221; background_layout=&#8221;dark&#8221; custom_padding=&#8221;|10%||10%&#8221; border_style=&#8221;solid&#8221; global_colors_info=&#8221;{}&#8221;]<\/p>\n<p style=\"text-align: center\"><em>Nos collaborateurs traduisent uniquement vers leur langue maternelle et poss\u00e8dent une formation sp\u00e9cialis\u00e9e. Comme l\u2019exigent les normes de la profession, toutes les traductions sont soumises \u00e0 un rigoureux contr\u00f4le de qualit\u00e9. <\/em><\/p>\n<p>[\/et_pb_text][\/et_pb_column][\/et_pb_row][\/et_pb_section][et_pb_section fb_built=&#8221;1&#8243; _builder_version=&#8221;4.16&#8243; background_color=&#8221;#ffffff&#8221; global_colors_info=&#8221;{}&#8221;][et_pb_row module_class=&#8221;bem-vindo-bloc&#8221; _builder_version=&#8221;4.16&#8243; background_size=&#8221;initial&#8221; background_position=&#8221;top_left&#8221; background_repeat=&#8221;repeat&#8221; global_colors_info=&#8221;{}&#8221;][et_pb_column type=&#8221;4_4&#8243; _builder_version=&#8221;4.16&#8243; background_position=&#8221;top_left&#8221; custom_padding=&#8221;|||&#8221; global_colors_info=&#8221;{}&#8221; custom_padding__hover=&#8221;|||&#8221;][et_pb_text admin_label=&#8221;Titulo&#8221; module_class=&#8221;titlebloc-1&#8243; _builder_version=&#8221;4.16&#8243; header_font=&#8221;|||on|&#8221; text_orientation=&#8221;center&#8221; module_alignment=&#8221;center&#8221; custom_padding=&#8221;|10%||10%&#8221; border_style=&#8221;solid&#8221; global_colors_info=&#8221;{}&#8221;]<\/p>\n<h2 style=\"text-align: center\">Devis gratuit<\/h2>\n<p>[\/et_pb_text][et_pb_text admin_label=&#8221;Sob Titulo&#8221; _builder_version=&#8221;4.16&#8243; text_font=&#8221;Roboto|||on|&#8221; text_text_color=&#8221;#333333&#8243; text_font_size=&#8221;16&#8243; text_orientation=&#8221;center&#8221; module_alignment=&#8221;center&#8221; custom_padding=&#8221;|10%||10%&#8221; border_style=&#8221;solid&#8221; saved_tabs=&#8221;all&#8221; global_colors_info=&#8221;{}&#8221;]<\/p>\n<p style=\"text-align: center\">Demandez votre devis sans engagement et nous vous r\u00e9pondrons dans les meilleurs d\u00e9lais.<\/p>\n<p>[\/et_pb_text][\/et_pb_column][\/et_pb_row][et_pb_row custom_padding_last_edited=&#8221;on|tablet&#8221; _builder_version=&#8221;4.16&#8243; custom_margin=&#8221;20px|||&#8221; custom_padding=&#8221;|10%||10%&#8221; custom_padding_tablet=&#8221;|0px||0px&#8221; custom_padding_phone=&#8221;&#8221; global_colors_info=&#8221;{}&#8221;][et_pb_column type=&#8221;4_4&#8243; _builder_version=&#8221;4.16&#8243; background_position=&#8221;top_left&#8221; custom_padding=&#8221;|||&#8221; global_colors_info=&#8221;{}&#8221; custom_padding__hover=&#8221;|||&#8221;][et_pb_contact_form email=&#8221;info.coimbra@alliancefr.pt&#8221; custom_message=&#8221;Pedido de or\u00e7amento &#8211; site alliancefr||et_pb_line_break_holder||Nome: %%name%%||et_pb_line_break_holder||Email: %%email%%||et_pb_line_break_holder||Telefone: %%phone%%||et_pb_line_break_holder||Assunto: %%assunto%%||et_pb_line_break_holder||Mensagem: %%message%%||et_pb_line_break_holder||Tradu\u00e7\u00e3o pretendida: %%ptfr%%&#8221; success_message=&#8221;<\/p>\n<p>Demande envoy\u00e9e avec succ\u00e8s<\/p>\n<p>&#8221; submit_button_text=&#8221;Envoyer&#8221; _builder_version=&#8221;4.23.1&#8243; _module_preset=&#8221;default&#8221; _unique_id=&#8221;9854ef6c-04a0-485f-a521-6c0ae962462d&#8221; save_entries_to_db=&#8221;off&#8221; global_colors_info=&#8221;{}&#8221;][et_pb_contact_field field_id=&#8221;Name&#8221; field_title=&#8221;Nome&#8221; _builder_version=&#8221;4.23.1&#8243; use_field_label=&#8221;on&#8221; global_colors_info=&#8221;{}&#8221; button_text_size__hover_enabled=&#8221;off&#8221; button_one_text_size__hover_enabled=&#8221;off&#8221; button_two_text_size__hover_enabled=&#8221;off&#8221; button_text_color__hover_enabled=&#8221;off&#8221; button_one_text_color__hover_enabled=&#8221;off&#8221; button_two_text_color__hover_enabled=&#8221;off&#8221; button_border_width__hover_enabled=&#8221;off&#8221; button_one_border_width__hover_enabled=&#8221;off&#8221; button_two_border_width__hover_enabled=&#8221;off&#8221; button_border_color__hover_enabled=&#8221;off&#8221; button_one_border_color__hover_enabled=&#8221;off&#8221; button_two_border_color__hover_enabled=&#8221;off&#8221; button_border_radius__hover_enabled=&#8221;off&#8221; button_one_border_radius__hover_enabled=&#8221;off&#8221; button_two_border_radius__hover_enabled=&#8221;off&#8221; button_letter_spacing__hover_enabled=&#8221;off&#8221; button_one_letter_spacing__hover_enabled=&#8221;off&#8221; button_two_letter_spacing__hover_enabled=&#8221;off&#8221; button_bg_color__hover_enabled=&#8221;off&#8221; button_one_bg_color__hover_enabled=&#8221;off&#8221; button_two_bg_color__hover_enabled=&#8221;off&#8221;][\/et_pb_contact_field][et_pb_contact_field field_id=&#8221;Email&#8221; field_title=&#8221;Email&#8221; field_type=&#8221;email&#8221; _builder_version=&#8221;4.23.1&#8243; use_field_label=&#8221;on&#8221; global_colors_info=&#8221;{}&#8221; button_text_size__hover_enabled=&#8221;off&#8221; button_one_text_size__hover_enabled=&#8221;off&#8221; button_two_text_size__hover_enabled=&#8221;off&#8221; button_text_color__hover_enabled=&#8221;off&#8221; button_one_text_color__hover_enabled=&#8221;off&#8221; button_two_text_color__hover_enabled=&#8221;off&#8221; button_border_width__hover_enabled=&#8221;off&#8221; button_one_border_width__hover_enabled=&#8221;off&#8221; button_two_border_width__hover_enabled=&#8221;off&#8221; button_border_color__hover_enabled=&#8221;off&#8221; button_one_border_color__hover_enabled=&#8221;off&#8221; button_two_border_color__hover_enabled=&#8221;off&#8221; button_border_radius__hover_enabled=&#8221;off&#8221; button_one_border_radius__hover_enabled=&#8221;off&#8221; button_two_border_radius__hover_enabled=&#8221;off&#8221; button_letter_spacing__hover_enabled=&#8221;off&#8221; button_one_letter_spacing__hover_enabled=&#8221;off&#8221; button_two_letter_spacing__hover_enabled=&#8221;off&#8221; button_bg_color__hover_enabled=&#8221;off&#8221; button_one_bg_color__hover_enabled=&#8221;off&#8221; button_two_bg_color__hover_enabled=&#8221;off&#8221;][\/et_pb_contact_field][et_pb_contact_field field_id=&#8221;phone&#8221; field_title=&#8221;T\u00e9l\u00e9fone&#8221; fullwidth_field=&#8221;on&#8221; _builder_version=&#8221;4.23.1&#8243; _module_preset=&#8221;default&#8221; use_field_label=&#8221;on&#8221; global_colors_info=&#8221;{}&#8221;][\/et_pb_contact_field][et_pb_contact_field field_id=&#8221;assunto&#8221; field_title=&#8221;Sujet&#8221; fullwidth_field=&#8221;on&#8221; _builder_version=&#8221;4.23.1&#8243; _module_preset=&#8221;default&#8221; use_field_label=&#8221;on&#8221; global_colors_info=&#8221;{}&#8221;][\/et_pb_contact_field][et_pb_contact_field field_id=&#8221;Message&#8221; field_title=&#8221;Message&#8221; field_type=&#8221;text&#8221; fullwidth_field=&#8221;on&#8221; _builder_version=&#8221;4.23.1&#8243; global_colors_info=&#8221;{}&#8221; button_text_size__hover_enabled=&#8221;off&#8221; button_one_text_size__hover_enabled=&#8221;off&#8221; button_two_text_size__hover_enabled=&#8221;off&#8221; button_text_color__hover_enabled=&#8221;off&#8221; button_one_text_color__hover_enabled=&#8221;off&#8221; button_two_text_color__hover_enabled=&#8221;off&#8221; button_border_width__hover_enabled=&#8221;off&#8221; button_one_border_width__hover_enabled=&#8221;off&#8221; button_two_border_width__hover_enabled=&#8221;off&#8221; button_border_color__hover_enabled=&#8221;off&#8221; button_one_border_color__hover_enabled=&#8221;off&#8221; button_two_border_color__hover_enabled=&#8221;off&#8221; button_border_radius__hover_enabled=&#8221;off&#8221; button_one_border_radius__hover_enabled=&#8221;off&#8221; button_two_border_radius__hover_enabled=&#8221;off&#8221; button_letter_spacing__hover_enabled=&#8221;off&#8221; button_one_letter_spacing__hover_enabled=&#8221;off&#8221; button_two_letter_spacing__hover_enabled=&#8221;off&#8221; button_bg_color__hover_enabled=&#8221;off&#8221; button_one_bg_color__hover_enabled=&#8221;off&#8221; button_two_bg_color__hover_enabled=&#8221;off&#8221;][\/et_pb_contact_field][et_pb_contact_field field_id=&#8221;ptfr&#8221; field_title=&#8221;Combina\u00e7\u00e3o lingu\u00edstica&#8221; field_type=&#8221;radio&#8221; radio_options=&#8221;%91{%22value%22:%22Portugu\u00eas para Franc\u00eas%22,%22checked%22:0,%22dragID%22:-1},{%22value%22:%22Franc\u00eas para Portugu\u00eas%22,%22checked%22:0,%22dragID%22:0}%93&#8243; fullwidth_field=&#8221;on&#8221; _builder_version=&#8221;4.23.1&#8243; _module_preset=&#8221;default&#8221; global_colors_info=&#8221;{}&#8221;][\/et_pb_contact_field][et_pb_contact_field field_id=&#8221;doc_um&#8221; field_title=&#8221;Document(s)&#8221; required_mark=&#8221;off&#8221; fullwidth_field=&#8221;on&#8221; _builder_version=&#8221;4.23.1&#8243; _module_preset=&#8221;default&#8221; use_field_label=&#8221;on&#8221; use_file_upload=&#8221;on&#8221; file_size=&#8221;4096&#8243; file_mime=&#8221;on|on|off|off|off|off|off|off|off|off|on|on|on|off|off|on|on|off|on|on|on|on|on|on|off|off|off|off|off|off|off|off|off|off&#8221; global_colors_info=&#8221;{}&#8221;][\/et_pb_contact_field][et_pb_contact_field field_id=&#8221;doc_dois&#8221; field_title=&#8221;Document(s)&#8221; required_mark=&#8221;off&#8221; fullwidth_field=&#8221;on&#8221; _builder_version=&#8221;4.23.1&#8243; _module_preset=&#8221;default&#8221; use_field_label=&#8221;on&#8221; use_file_upload=&#8221;on&#8221; file_size=&#8221;4096&#8243; file_mime=&#8221;on|on|off|off|off|off|off|off|off|off|on|on|on|off|off|on|on|off|on|on|on|on|on|on|off|off|off|off|off|off|off|off|off|off&#8221; global_colors_info=&#8221;{}&#8221;][\/et_pb_contact_field][et_pb_contact_field field_id=&#8221;doc_tres&#8221; field_title=&#8221;Document(s)&#8221; required_mark=&#8221;off&#8221; fullwidth_field=&#8221;on&#8221; _builder_version=&#8221;4.23.1&#8243; _module_preset=&#8221;default&#8221; use_field_label=&#8221;on&#8221; use_file_upload=&#8221;on&#8221; file_size=&#8221;4096&#8243; file_mime=&#8221;on|on|off|off|off|off|off|off|off|off|on|on|on|off|off|on|on|off|on|on|on|on|on|on|off|off|off|off|off|off|off|off|off|off&#8221; global_colors_info=&#8221;{}&#8221;][\/et_pb_contact_field][et_pb_contact_field field_id=&#8221;doc_quarto&#8221; field_title=&#8221;Document(s)&#8221; required_mark=&#8221;off&#8221; fullwidth_field=&#8221;on&#8221; _builder_version=&#8221;4.23.1&#8243; _module_preset=&#8221;default&#8221; use_field_label=&#8221;on&#8221; use_file_upload=&#8221;on&#8221; file_size=&#8221;4096&#8243; file_mime=&#8221;on|on|off|off|off|off|off|off|off|off|on|on|on|off|off|on|on|off|on|on|on|on|on|on|off|off|off|off|off|off|off|off|off|off&#8221; global_colors_info=&#8221;{}&#8221;][\/et_pb_contact_field][et_pb_contact_field field_id=&#8221;cgu&#8221; field_title=&#8221;Ao enviar o seu e-mail, aceita os termos e condi\u00e7\u00f5es de uso do site www.alliancefr.pt \u2013 RGPD compliant&#8221; field_type=&#8221;radio&#8221; radio_options=&#8221;%91{%22value%22:%22oui%22,%22checked%22:0,%22dragID%22:-1}%93&#8243; fullwidth_field=&#8221;on&#8221; _builder_version=&#8221;4.23.1&#8243; _module_preset=&#8221;default&#8221; global_colors_info=&#8221;{}&#8221;][\/et_pb_contact_field][\/et_pb_contact_form][\/et_pb_column][\/et_pb_row][\/et_pb_section][et_pb_section fb_built=&#8221;1&#8243; _builder_version=&#8221;4.16&#8243; background_color=&#8221;#ededed&#8221; global_colors_info=&#8221;{}&#8221;][et_pb_row _builder_version=&#8221;4.16&#8243; background_size=&#8221;initial&#8221; background_position=&#8221;top_left&#8221; background_repeat=&#8221;repeat&#8221; global_colors_info=&#8221;{}&#8221;][et_pb_column type=&#8221;4_4&#8243; _builder_version=&#8221;4.16&#8243; custom_padding=&#8221;|||&#8221; global_colors_info=&#8221;{}&#8221; custom_padding__hover=&#8221;|||&#8221;][et_pb_text _builder_version=&#8221;4.16&#8243; text_text_color=&#8221;#333333&#8243; header_text_color=&#8221;#333333&#8243; border_style=&#8221;solid&#8221; global_colors_info=&#8221;{}&#8221;]<\/p>\n<h5 style=\"text-align: center\">POUR PLUS D\u2019INFORMATIONS<\/h5>\n<p>[\/et_pb_text][et_pb_blurb image=&#8221;https:\/\/www.alliancefr.pt\/coimbra\/wp-content\/uploads\/sites\/6\/2017\/08\/picto-mail-blc.png&#8221; image_icon_width=&#8221;none&#8221; admin_label=&#8221;Email&#8221; _builder_version=&#8221;4.23.1&#8243; text_orientation=&#8221;center&#8221; custom_padding=&#8221;|10px||10px&#8221; hover_enabled=&#8221;0&#8243; border_style=&#8221;solid&#8221; image_max_width=&#8221;none&#8221; use_circle=&#8221;off&#8221; use_circle_border=&#8221;off&#8221; saved_tabs=&#8221;all&#8221; global_colors_info=&#8221;{}&#8221; sticky_enabled=&#8221;0&#8243;]<\/p>\n<p>traducao.coimbra@alliancefr.pt<\/p>\n<p>[\/et_pb_blurb][et_pb_blurb image=&#8221;https:\/\/www.alliancefr.pt\/coimbra\/wp-content\/uploads\/sites\/6\/2017\/08\/picto-telefone-blc.png&#8221; image_icon_width=&#8221;none&#8221; admin_label=&#8221;Telefone&#8221; _builder_version=&#8221;4.23.1&#8243; text_orientation=&#8221;center&#8221; custom_margin=&#8221;20px|||&#8221; custom_padding=&#8221;|10px||10px&#8221; hover_enabled=&#8221;0&#8243; border_style=&#8221;solid&#8221; image_max_width=&#8221;none&#8221; use_circle=&#8221;off&#8221; use_circle_border=&#8221;off&#8221; saved_tabs=&#8221;all&#8221; global_colors_info=&#8221;{}&#8221; sticky_enabled=&#8221;0&#8243;]<\/p>\n<p>(+ 351) 939785370<\/p>\n<p>[\/et_pb_blurb][\/et_pb_column][\/et_pb_row][\/et_pb_section]<\/p>\n","protected":false},"excerpt":{"rendered":"<p>Service de Traduction L\u2019Alliance fran\u00e7aise de Coimbra est la r\u00e9f\u00e9rence de la traduction en fran\u00e7ais, pour les particuliers et les entreprises. Sp\u00e9cialis\u00e9s dans les combinaisons linguistiques portugais\/fran\u00e7ais et fran\u00e7ais\/portugais, nous offrons un service de traduction d\u2019excellence dans tous les domaines techniques. Nos collaborateurs traduisent uniquement vers leur langue maternelle et poss\u00e8dent une formation sp\u00e9cialis\u00e9e. Comme [&hellip;]<\/p>\n","protected":false},"author":1,"featured_media":0,"parent":0,"menu_order":0,"comment_status":"closed","ping_status":"closed","template":"","meta":{"_acf_changed":false,"_et_pb_use_builder":"on","_et_pb_old_content":"","_et_gb_content_width":"","_exactmetrics_skip_tracking":false,"_exactmetrics_sitenote_active":false,"_exactmetrics_sitenote_note":"","_exactmetrics_sitenote_category":0,"footnotes":""},"class_list":["post-3052","page","type-page","status-publish","hentry"],"acf":[],"yoast_head":"<!-- This site is optimized with the Yoast SEO plugin v27.0 - https:\/\/yoast.com\/product\/yoast-seo-wordpress\/ -->\n<title>Service de Traduction - Alliance Fran\u00e7aise de Coimbra<\/title>\n<meta name=\"description\" content=\"Service de Traduction - L\u2019Alliance fran\u00e7aise de Coimbra est la r\u00e9f\u00e9rence de la traduction en fran\u00e7ais, pour les particuliers et les entreprises. Sp\u00e9cialis\u00e9s dans les combinaisons linguistiques portugais\/fran\u00e7ais et fran\u00e7ais\/portugais, nous offrons un service de traduction d\u2019excellence dans tous les domaines techniques.\" \/>\n<meta name=\"robots\" content=\"index, follow, max-snippet:-1, max-image-preview:large, max-video-preview:-1\" \/>\n<link rel=\"canonical\" href=\"https:\/\/www.alliancefr.pt\/coimbra\/fr\/traduction\/\" \/>\n<meta property=\"og:locale\" content=\"fr_FR\" \/>\n<meta property=\"og:type\" content=\"article\" \/>\n<meta property=\"og:title\" content=\"Service de Traduction - Alliance Fran\u00e7aise de Coimbra\" \/>\n<meta property=\"og:description\" content=\"Service de Traduction - L\u2019Alliance fran\u00e7aise de Coimbra est la r\u00e9f\u00e9rence de la traduction en fran\u00e7ais, pour les particuliers et les entreprises. Sp\u00e9cialis\u00e9s dans les combinaisons linguistiques portugais\/fran\u00e7ais et fran\u00e7ais\/portugais, nous offrons un service de traduction d\u2019excellence dans tous les domaines techniques.\" \/>\n<meta property=\"og:url\" content=\"https:\/\/www.alliancefr.pt\/coimbra\/fr\/traduction\/\" \/>\n<meta property=\"og:site_name\" content=\"Alliance Fran\u00e7aise Coimbra\" \/>\n<meta property=\"article:modified_time\" content=\"2025-11-06T14:33:47+00:00\" \/>\n<meta name=\"twitter:card\" content=\"summary_large_image\" \/>\n<meta name=\"twitter:label1\" content=\"Dur\u00e9e de lecture estim\u00e9e\" \/>\n\t<meta name=\"twitter:data1\" content=\"9 minutes\" \/>\n<script type=\"application\/ld+json\" class=\"yoast-schema-graph\">{\"@context\":\"https:\/\/schema.org\",\"@graph\":[{\"@type\":\"WebPage\",\"@id\":\"https:\/\/www.alliancefr.pt\/coimbra\/fr\/traduction\/\",\"url\":\"https:\/\/www.alliancefr.pt\/coimbra\/fr\/traduction\/\",\"name\":\"Service de Traduction - Alliance Fran\u00e7aise de Coimbra\",\"isPartOf\":{\"@id\":\"https:\/\/www.alliancefr.pt\/coimbra\/#website\"},\"datePublished\":\"2017-11-24T09:20:45+00:00\",\"dateModified\":\"2025-11-06T14:33:47+00:00\",\"description\":\"Service de Traduction - L\u2019Alliance fran\u00e7aise de Coimbra est la r\u00e9f\u00e9rence de la traduction en fran\u00e7ais, pour les particuliers et les entreprises. Sp\u00e9cialis\u00e9s dans les combinaisons linguistiques portugais\/fran\u00e7ais et fran\u00e7ais\/portugais, nous offrons un service de traduction d\u2019excellence dans tous les domaines techniques.\",\"breadcrumb\":{\"@id\":\"https:\/\/www.alliancefr.pt\/coimbra\/fr\/traduction\/#breadcrumb\"},\"inLanguage\":\"fr-FR\",\"potentialAction\":[{\"@type\":\"ReadAction\",\"target\":[\"https:\/\/www.alliancefr.pt\/coimbra\/fr\/traduction\/\"]}]},{\"@type\":\"BreadcrumbList\",\"@id\":\"https:\/\/www.alliancefr.pt\/coimbra\/fr\/traduction\/#breadcrumb\",\"itemListElement\":[{\"@type\":\"ListItem\",\"position\":1,\"name\":\"In\u00edcio\",\"item\":\"https:\/\/www.alliancefr.pt\/coimbra\/fr\/\"},{\"@type\":\"ListItem\",\"position\":2,\"name\":\"Traduction\"}]},{\"@type\":\"WebSite\",\"@id\":\"https:\/\/www.alliancefr.pt\/coimbra\/#website\",\"url\":\"https:\/\/www.alliancefr.pt\/coimbra\/\",\"name\":\"Alliance Fran\u00e7aise Coimbra\",\"description\":\"Alliances Fran\u00e7aises de Lisbonne\",\"potentialAction\":[{\"@type\":\"SearchAction\",\"target\":{\"@type\":\"EntryPoint\",\"urlTemplate\":\"https:\/\/www.alliancefr.pt\/coimbra\/?s={search_term_string}\"},\"query-input\":{\"@type\":\"PropertyValueSpecification\",\"valueRequired\":true,\"valueName\":\"search_term_string\"}}],\"inLanguage\":\"fr-FR\"}]}<\/script>\n<!-- \/ Yoast SEO plugin. -->","yoast_head_json":{"title":"Service de Traduction - Alliance Fran\u00e7aise de Coimbra","description":"Service de Traduction - L\u2019Alliance fran\u00e7aise de Coimbra est la r\u00e9f\u00e9rence de la traduction en fran\u00e7ais, pour les particuliers et les entreprises. Sp\u00e9cialis\u00e9s dans les combinaisons linguistiques portugais\/fran\u00e7ais et fran\u00e7ais\/portugais, nous offrons un service de traduction d\u2019excellence dans tous les domaines techniques.","robots":{"index":"index","follow":"follow","max-snippet":"max-snippet:-1","max-image-preview":"max-image-preview:large","max-video-preview":"max-video-preview:-1"},"canonical":"https:\/\/www.alliancefr.pt\/coimbra\/fr\/traduction\/","og_locale":"fr_FR","og_type":"article","og_title":"Service de Traduction - Alliance Fran\u00e7aise de Coimbra","og_description":"Service de Traduction - L\u2019Alliance fran\u00e7aise de Coimbra est la r\u00e9f\u00e9rence de la traduction en fran\u00e7ais, pour les particuliers et les entreprises. Sp\u00e9cialis\u00e9s dans les combinaisons linguistiques portugais\/fran\u00e7ais et fran\u00e7ais\/portugais, nous offrons un service de traduction d\u2019excellence dans tous les domaines techniques.","og_url":"https:\/\/www.alliancefr.pt\/coimbra\/fr\/traduction\/","og_site_name":"Alliance Fran\u00e7aise Coimbra","article_modified_time":"2025-11-06T14:33:47+00:00","twitter_card":"summary_large_image","twitter_misc":{"Dur\u00e9e de lecture estim\u00e9e":"9 minutes"},"schema":{"@context":"https:\/\/schema.org","@graph":[{"@type":"WebPage","@id":"https:\/\/www.alliancefr.pt\/coimbra\/fr\/traduction\/","url":"https:\/\/www.alliancefr.pt\/coimbra\/fr\/traduction\/","name":"Service de Traduction - Alliance Fran\u00e7aise de Coimbra","isPartOf":{"@id":"https:\/\/www.alliancefr.pt\/coimbra\/#website"},"datePublished":"2017-11-24T09:20:45+00:00","dateModified":"2025-11-06T14:33:47+00:00","description":"Service de Traduction - L\u2019Alliance fran\u00e7aise de Coimbra est la r\u00e9f\u00e9rence de la traduction en fran\u00e7ais, pour les particuliers et les entreprises. Sp\u00e9cialis\u00e9s dans les combinaisons linguistiques portugais\/fran\u00e7ais et fran\u00e7ais\/portugais, nous offrons un service de traduction d\u2019excellence dans tous les domaines techniques.","breadcrumb":{"@id":"https:\/\/www.alliancefr.pt\/coimbra\/fr\/traduction\/#breadcrumb"},"inLanguage":"fr-FR","potentialAction":[{"@type":"ReadAction","target":["https:\/\/www.alliancefr.pt\/coimbra\/fr\/traduction\/"]}]},{"@type":"BreadcrumbList","@id":"https:\/\/www.alliancefr.pt\/coimbra\/fr\/traduction\/#breadcrumb","itemListElement":[{"@type":"ListItem","position":1,"name":"In\u00edcio","item":"https:\/\/www.alliancefr.pt\/coimbra\/fr\/"},{"@type":"ListItem","position":2,"name":"Traduction"}]},{"@type":"WebSite","@id":"https:\/\/www.alliancefr.pt\/coimbra\/#website","url":"https:\/\/www.alliancefr.pt\/coimbra\/","name":"Alliance Fran\u00e7aise Coimbra","description":"Alliances Fran\u00e7aises de Lisbonne","potentialAction":[{"@type":"SearchAction","target":{"@type":"EntryPoint","urlTemplate":"https:\/\/www.alliancefr.pt\/coimbra\/?s={search_term_string}"},"query-input":{"@type":"PropertyValueSpecification","valueRequired":true,"valueName":"search_term_string"}}],"inLanguage":"fr-FR"}]}},"_links":{"self":[{"href":"https:\/\/www.alliancefr.pt\/coimbra\/fr\/wp-json\/wp\/v2\/pages\/3052","targetHints":{"allow":["GET"]}}],"collection":[{"href":"https:\/\/www.alliancefr.pt\/coimbra\/fr\/wp-json\/wp\/v2\/pages"}],"about":[{"href":"https:\/\/www.alliancefr.pt\/coimbra\/fr\/wp-json\/wp\/v2\/types\/page"}],"author":[{"embeddable":true,"href":"https:\/\/www.alliancefr.pt\/coimbra\/fr\/wp-json\/wp\/v2\/users\/1"}],"replies":[{"embeddable":true,"href":"https:\/\/www.alliancefr.pt\/coimbra\/fr\/wp-json\/wp\/v2\/comments?post=3052"}],"version-history":[{"count":12,"href":"https:\/\/www.alliancefr.pt\/coimbra\/fr\/wp-json\/wp\/v2\/pages\/3052\/revisions"}],"predecessor-version":[{"id":6363,"href":"https:\/\/www.alliancefr.pt\/coimbra\/fr\/wp-json\/wp\/v2\/pages\/3052\/revisions\/6363"}],"wp:attachment":[{"href":"https:\/\/www.alliancefr.pt\/coimbra\/fr\/wp-json\/wp\/v2\/media?parent=3052"}],"curies":[{"name":"wp","href":"https:\/\/api.w.org\/{rel}","templated":true}]}}