{"id":5005,"date":"2018-05-10T09:53:08","date_gmt":"2018-05-10T09:53:08","guid":{"rendered":"https:\/\/www.alliancefr.pt\/braga-guimaraes\/?page_id=5005"},"modified":"2018-05-30T15:44:33","modified_gmt":"2018-05-30T15:44:33","slug":"termos-condicoes-gerais","status":"publish","type":"page","link":"https:\/\/www.alliancefr.pt\/braga\/termos-condicoes-gerais\/","title":{"rendered":"Termos e condi\u00e7\u00f5es gerais"},"content":{"rendered":"<p>[et_pb_section bb_built=&#8221;1&#8243;][et_pb_row][et_pb_column type=&#8221;4_4&#8243;][et_pb_text _builder_version=&#8221;3.0.59&#8243; background_layout=&#8221;light&#8221; text_orientation=&#8221;left&#8221; border_style=&#8221;solid&#8221;]<\/p>\n<h2>1. Defini\u00e7\u00f5es<\/h2>\n<p>No presente documento ser\u00e3o referidas as seguintes defini\u00e7\u00f5es:<\/p>\n<p>\u2013<strong>Publicador:<\/strong><br \/>\nAlliance Fran\u00e7aise<br \/>\nIdentifica\u00e7\u00e3o fiscal: 500954593<\/p>\n<p>\u2013\u00a0<strong>Utilizador<\/strong>:<br \/>\nQualquer indiv\u00edduo que simplesmente navega no site alliancefr.pt<\/p>\n<p>\u2013\u00a0<strong>Alojamento:<br \/>\n<\/strong>Web4U Lda<br \/>\nAvenida da Boa Viagem n\u00ba 462<br \/>\nEdif\u00edcio Vila S\u00f3 II,<br \/>\nPenafiel<br \/>\n4560-755<br \/>\nPortugal<\/p>\n<p>&#8211; <strong>Prestador Inform\u00e1tico:<\/strong><br \/>\nLi-N\u00f3 Design Lda<br \/>\nCal\u00e7adinha Do Tijolo, 18<br \/>\n1100-608 Lisboa<\/p>\n<p><strong>\u2013\u00a0O Site:<\/strong><br \/>\nSite alliancefr.pt<\/p>\n<p>&#8211; <strong>RGPD<\/strong>:<br \/>\n<a href=\"https:\/\/www.lino-design.com\/protection-des-donnees-applique-aux-sites-internet\/\">Regulamento Geral de Prote\u00e7\u00e3o de Dados Pessoais<\/a><\/p>\n<p>&nbsp;<\/p>\n<h2>2. Apresenta\u00e7\u00e3o do site<\/h2>\n<p>O site tem como objetivo fornecer informa\u00e7\u00f5es \u00fateis e atualizadas sobre os servi\u00e7os prestados pelo publicador.<\/p>\n<p>&nbsp;<\/p>\n<h2>3. Acesso ao site<\/h2>\n<p>\u00c9 poss\u00edvel acesso ao site atrav\u00e9s de www.alliancefr.pt<\/p>\n<p>O publicador e o prestador inform\u00e1tico implementam solu\u00e7\u00f5es t\u00e9cnicas \u00e0 sua disposi\u00e7\u00e3o para permitir o acesso ao Site 24 horas por dia, 7 dias por semana;<br \/>\ncontudo, a qualquer momento poder\u00e1 suspender, limitar ou interromper o acesso ao site ou a certas p\u00e1ginas, sem aviso pr\u00e9vio aos utilizadores, a fim de realizar interven\u00e7\u00f5es de manuten\u00e7\u00e3o, atualiza\u00e7\u00f5es, modifica\u00e7\u00f5es de conte\u00fados ou qualquer outra a\u00e7\u00e3o considerada necess\u00e1ria para o bom funcionamento do Site.<\/p>\n<p>O utilizador compromete-se a n\u00e3o interferir, interromper ou impedir o uso normal do site, incluindo software, v\u00edrus, bombas l\u00f3gicas, envio em massa, etc &#8230;<\/p>\n<p>&nbsp;<\/p>\n<h2>4. Responsabilidades do Publicador<\/h2>\n<p>O Publicador n\u00e3o garante que o site opere sem interrup\u00e7\u00f5es, lentid\u00e3o ou erros.<br \/>\nO Site poder\u00e1 acusar falhas ocasionais e alguns erros de programa\u00e7\u00e3o causados por atualiza\u00e7\u00f5es ou acontecimentos al\u00e9m do controle do publicador.<\/p>\n<p>A responsabilidade do Publicador n\u00e3o pode ser comprometida em caso de impossibilidade de acesso ao site ou uso dos seus servi\u00e7os.<\/p>\n<p>O site n\u00e3o garante a exatid\u00e3o, integridade e atualiza\u00e7\u00e3o das informa\u00e7\u00f5es difundidas, especialmente na descri\u00e7\u00e3o das institui\u00e7\u00f5es, nem a aus\u00eancia de erros tipogr\u00e1ficos.<\/p>\n<p>Altera\u00e7\u00f5es, suspens\u00f5es, interrup\u00e7\u00f5es ou degrada\u00e7\u00e3o do Site podem ocorrer devido a uma m\u00e1 leitura pelo computador do utilizador, a Internet e o Site, uma configura\u00e7\u00e3o ou hardware com defeito ou uso incorreto de navegadores n\u00e3o compat\u00edveis com o Site.<\/p>\n<p>Nenhuma assist\u00eancia t\u00e9cnica \u00e9 fornecida ao utilizador eletronicamente ou por telefone, exceto para dados pessoais.<\/p>\n<p>O utilizador reconhece que o publicador tem o direito de limitar ou remover os seus direitos de acesso ao site, caso o publicador entenda que o utilizador n\u00e3o respeitou os Termos, removeu ou alterou qualquer conte\u00fado criado por ele. Tais medidas podem ser tomadas a qualquer momento e sem aviso pr\u00e9vio.<\/p>\n<p>&nbsp;<\/p>\n<h2>5. Responsabilidades do Prestador inform\u00e1tico<\/h2>\n<p>O prestador de servi\u00e7os inform\u00e1ticos re\u00fane esfor\u00e7os para manter a disponibilidade, seguran\u00e7a e qualidade do Site garantindo ao publicador e aos seus utilizadores as melhores condi\u00e7\u00f5es de acesso poss\u00edveis.<\/p>\n<p>A responsabilidade do prestador de servi\u00e7os inform\u00e1ticos n\u00e3o pode ser comprometida em caso de impossibilidade de acesso ao site ou uso de seus servi\u00e7os.<\/p>\n<p>N\u00e3o h\u00e1 provis\u00e3o para assist\u00eancia t\u00e9cnica ao utilizador, seja eletronicamente ou por telefone, por parte do prestador de servi\u00e7os inform\u00e1ticos.<\/p>\n<p>&nbsp;<\/p>\n<h2>6. Contacto<\/h2>\n<p>Para qualquer quest\u00e3o ou pedido de esclarecimentos relacionados com o site, poder\u00e1 contactar a Alliance Fran\u00e7aise pelos seguintes meios:<br \/>\nContacto e-mail : geral.lisboa@alliancefr.pt<br \/>\nTel : (+351) 212 400 086<br \/>\nCorreio registado com aviso de rece\u00e7\u00e3o para o seguinte endere\u00e7o<br \/>\nAlliance Fran\u00e7aise de Lisboa<br \/>\nAvenida 5 de Outubro, 124 \u2013 Galeria<br \/>\n1050-061 Lisboa<br \/>\nPORTUGAL<\/p>\n<p>&nbsp;<\/p>\n<h2>7. Dados Pessoais<\/h2>\n<p>Respeitando a privacidade dos utilizadores do site, o Publicador, respons\u00e1vel pelo tratamento de dados, compromete-se que a recolha e processamento dessas informa\u00e7\u00f5es sejam feitos de acordo com o <a href=\"https:\/\/www.lino-design.com\/pt\/rgpd-protecao-de-dados-aplicado-a-sites\/\">RGPD<\/a>. Qualquer usu\u00e1rio tem, a qualquer momento e por qualquer motivo, o direito de aceder, modificar, retificar e excluir quaisquer dados pessoais que tenha transmitido ao usar o Site. Para exercer os seus direitos, o utilizador pode solicitar a exclus\u00e3o dos seus dados ao Publicador pelo endere\u00e7o de e-mail indicado no cap\u00edtulo Contato.<\/p>\n<p>&nbsp;<\/p>\n<h3>Finalidade da recolha e tratamento de dados pessoais<\/h3>\n<p>A recolha de dados pessoais \u00e9 realizada por meio de formul\u00e1rios ou <em>cookies<\/em> de servi\u00e7os de terceiros. As informa\u00e7\u00f5es fornecidas pelo utilizador destinam-se ao funcionamento do Site e em particular para a execu\u00e7\u00e3o das seguintes opera\u00e7\u00f5es:<br \/>\n&#8211; Pedido de contacto: sem dados armazenados, consulte a sec\u00e7\u00e3o Formul\u00e1rio<br \/>\n&#8211; Subscri\u00e7\u00e3o da newsletter: dados armazenados atrav\u00e9s do servi\u00e7o MailChimp, consulte a se\u00e7\u00e3o Newsletter<br \/>\n&#8211; An\u00e1lise do utilizador, dados an\u00f3nimos recolhidos, consulte a se\u00e7\u00e3o Servi\u00e7os de terceiros<br \/>\n&#8211; Envio de resultados do Quizz: sem dados armazenados, consulte a sec\u00e7\u00e3o \u2018Formul\u00e1rio Quizz\u2019<br \/>\n&#8211; Submiss\u00e3o de candidatura espont\u00e2nea: dados armazenados atrav\u00e9s de Google Drive, consulte a sec\u00e7\u00e3o \u2018Formul\u00e1rio de candidatura espont\u00e2nea\u2019.<br \/>\n&#8211; Pedidos de or\u00e7amentos: sem dados armazenados, consulte a sec\u00e7\u00e3o \u2018Formul\u00e1rio Tradu\u00e7\u00e3o\u2019<br \/>\n&#8211; Inscri\u00e7\u00e3o a exames: dados armazenados atrav\u00e9s do software de gest\u00e3o de exames da Entidade oficial certificadora &#8211; CIEP, consulte a sec\u00e7\u00e3o \u2018Formul\u00e1rio de Agendamento de exames\u2019<\/p>\n<p>&nbsp;<\/p>\n<h3>Termos de recolha de dados pessoais<\/h3>\n<p>A recolha de dados pessoais \u00e9 realizada por meio de formul\u00e1rios ou cookies de servi\u00e7os de terceiros.<\/p>\n<p>&nbsp;<\/p>\n<h3>Servi\u00e7os de terceiros<\/h3>\n<p>Para garantir um servi\u00e7o de qualidade, e, entender e analisar as expectativas dos utilizadores, o Prestador de Servi\u00e7os inform\u00e1ticos configurou ferramentas de terceiros que usam <em>cookies<\/em>.<\/p>\n<p><strong>O que s\u00e3o <em>cookies<\/em>?<br \/>\n<\/strong><em>Cookies<\/em> s\u00e3o ficheiros de texto que um site coloca no computador ou dispositivo m\u00f3vel de quem visita uma p\u00e1gina <em>web.<br \/>\n<\/em>Este processo ajudar\u00e1 o <em>site <\/em>a reconhecer o dispositivo da pr\u00f3xima vez que o utilizador o visitar.<br \/>\nOs <em>cookies\u00a0<\/em>recolhem informa\u00e7\u00e3o gen\u00e9rica, nomeadamente como \u00e9 que o utilizador\u00a0chegou at\u00e9 \u00e0 p\u00e1gina, de que zona do pa\u00eds \u00e9 e atrav\u00e9s de que dispositivo (computador, telem\u00f3vel ou <em>tablet<\/em>) fez a pesquisa. A informa\u00e7\u00e3o recolhida n\u00e3o identifica o utilizador.<br \/>\nO utilizador pode, em qualquer momento, atrav\u00e9s do seu navegador de <em>internet<\/em>, decidir se quer ser notificado sobre a recep\u00e7\u00e3o de <em>cookies,\u00a0<\/em>bem como bloquear a permiss\u00e3o da entrada no seu sistema.<br \/>\nA n\u00e3o permiss\u00e3o de\u00a0<em>cookies\u00a0<\/em>\u00a0pode impossibilitar o acesso a algumas \u00e1reas do site ou o n\u00e3o recebimento de informa\u00e7\u00f5es personalizadas.<\/p>\n<p><strong>Para que servem os\u00a0<em>cookies?<br \/>\n<\/em><\/strong>Os\u00a0<em>cookies\u00a0<\/em>s\u00e3o usados para ajudar a determinar a utilidade, interesse e o n\u00famero de utiliza\u00e7\u00f5es dos sites, permitindo uma navega\u00e7\u00e3o mais r\u00e1pida e eficiente e eliminando a necessidade de introduzir repetidamente as mesmas informa\u00e7\u00f5es.<br \/>\nO site n\u00e3o funciona ou degrada-se sem <em>cookies<\/em>.<\/p>\n<p>Servi\u00e7os de terceiros recolhem dados an\u00f3nimos. Confira esta lista de poss\u00edveis dados:<br \/>\n&#8211; Endere\u00e7o de protocolo da Internet (endere\u00e7o IP)<br \/>\n&#8211; tipo de navegador<br \/>\n&#8211; horas de acesso<br \/>\n&#8211; sistema operacional<br \/>\n&#8211; cliques e movimentos do rato, scroll no ecr\u00e3.<\/p>\n<p>Aqui est\u00e1 a lista de servi\u00e7os de terceiros configurados no site:<br \/>\n&#8211; Google Analytics: quantifica e qualifica utilizadores do site<br \/>\n&#8211; Google Maps: exibe um mapa interativo<br \/>\n&#8211; Hotjar: permite analisar a navega\u00e7\u00e3o do utilizador no site<\/p>\n<p>&nbsp;<\/p>\n<h3>Formul\u00e1rio pedidos de contacto<\/h3>\n<p>Os formul\u00e1rios presentes no Site permitem enviar um email para a Alliance Fran\u00e7aise contendo os campos preenchidos no formul\u00e1rio. As informa\u00e7\u00f5es n\u00e3o s\u00e3o armazenadas no site.<br \/>\nSomente membros competentes da\u00a0Alliance Fran\u00e7aise ou do Prestador de Servi\u00e7os inform\u00e1ticos ter\u00e3o acesso a essas informa\u00e7\u00f5es e as tratar\u00e3o com o m\u00e1ximo sigilo.<\/p>\n<p>&nbsp;<\/p>\n<h3>Formul\u00e1rio Quizz<\/h3>\n<p>A\u00a0Alliance Fran\u00e7aise prop\u00f5e-lhe campos de preenchimento do seu nome e <em>email<\/em> para receber os resultados do <em>Quizz<\/em>. Os <em>emails<\/em> s\u00e3o geridos automaticamente.<br \/>\nSomente membros competentes da\u00a0Alliance Fran\u00e7aise ou do Prestador de Servi\u00e7os inform\u00e1ticos t\u00eam acesso \u00e0s listas de <em>emails<\/em>\u00a0, que s\u00e3o posteriormente geridas e tratadas pela Alliance Fran\u00e7aise.<\/p>\n<p>&nbsp;<\/p>\n<h3>Formul\u00e1rio Tradu\u00e7\u00e3o<\/h3>\n<p>O formul\u00e1rio presente no Site, na p\u00e1gina do servi\u00e7o de tradu\u00e7\u00e3o, permite enviar um email para o Publicador contendo os campos preenchidos no formul\u00e1rio. As informa\u00e7\u00f5es n\u00e3o s\u00e3o armazenadas no site ou em banco de dados.<br \/>\nSomente membros competentes do Publicador ou do Prestador de Servi\u00e7os inform\u00e1ticos ter\u00e3o acesso a essas informa\u00e7\u00f5es e as tratar\u00e3o com o m\u00e1ximo sigilo.<\/p>\n<p>&nbsp;<\/p>\n<h3>Formul\u00e1rio de candidatura espont\u00e2nea<\/h3>\n<p>O formul\u00e1rio presente no Site, na p\u00e1gina &#8220;Trabalhe Connosco&#8221;, permite enviar um email para a\u00a0Alliance Fran\u00e7aise contendo os campos preenchidos no formul\u00e1rio. As informa\u00e7\u00f5es s\u00e3o armazenadas em banco de dados do Google Drive, durante um per\u00edodo m\u00e1ximo de 1 ano, de forma a concretizar eventuais processos de recrutamento e sele\u00e7\u00e3o.<br \/>\nSomente membros competentes do Publicador, Prestador de Servi\u00e7os inform\u00e1ticos e da Google ter\u00e3o acesso a essas informa\u00e7\u00f5es e as tratar\u00e3o com o m\u00e1ximo sigilo.<\/p>\n<h3>Formul\u00e1rio de Agendamento de exames<\/h3>\n<p>Os formul\u00e1rios presentes no Site, nas p\u00e1ginas de exames, permitem enviar um email para a Alliance Fran\u00e7aise contendo os campos preenchidos no formul\u00e1rio. As informa\u00e7\u00f5es s\u00e3o armazenadas no <em>software<\/em> de gest\u00e3o de exames da Entidade oficial certificadora \u2013 CIEP -, para concretizar o processo de inscri\u00e7\u00e3o nos exames.<br \/>\nSomente membros competentes da Alliance Fran\u00e7aise, do Prestador de Servi\u00e7os inform\u00e1ticos e da Entidade oficial certificadora CIEP ter\u00e3o acesso a essas informa\u00e7\u00f5es e as tratar\u00e3o com o m\u00e1ximo sigilo.<\/p>\n<p>&nbsp;<\/p>\n<h3>Newsletter<\/h3>\n<p>A\u00a0Alliance Fran\u00e7aise prop\u00f5e-lhe campos de preenchimento do seu <em>email<\/em> para receber not\u00edcias. Os <em>emails<\/em> s\u00e3o geridos no servi\u00e7o MailChimp.<br \/>\nO MailChimp n\u00e3o tem acesso ao <em>site<\/em> e n\u00e3o deposita <em>cookies<\/em>.<br \/>\nSomente membros competentes da\u00a0Alliance Fran\u00e7aise ou do Prestador de Servi\u00e7os inform\u00e1ticos t\u00eam acesso \u00e0s listas de e-mail do Mailchimp geridas pela Alliance Fran\u00e7aise.<\/p>\n<p>&nbsp;<\/p>\n<h3>Seguran\u00e7a de acesso a dados pessoais<\/h3>\n<p>A\u00a0Alliance Fran\u00e7aise e o Prestador de Servi\u00e7os inform\u00e1ticos implementam as precau\u00e7\u00f5es necess\u00e1rias para proteger o acesso aos seus servidores onde os dados pessoais dos utilizadores s\u00e3o armazenados. Est\u00e1 configurada uma conex\u00e3o via certificado (HTTPS).<\/p>\n<p>O site \u00e9 atualizado regularmente pelo Prestador de Servi\u00e7os inform\u00e1ticos para preencher eventuais lacunas de seguran\u00e7a.<br \/>\nNo entanto, \u00e9 apenas uma obriga\u00e7\u00e3o de meios, nenhum servi\u00e7o de Internet pode atualmente oferecer aos seus utilizadores garantias absolutas nesta \u00e1rea. A\u00a0Alliance Fran\u00e7aise ou o Prestador de Servi\u00e7os inform\u00e1ticos n\u00e3o podem ser responsabilizados pela prote\u00e7\u00e3o dos dados que fluem da esta\u00e7\u00e3o de computadores do utilizador para o <em>Site<\/em>.<br \/>\nA\u00a0Alliance Fran\u00e7aise e o Prestador de Servi\u00e7os inform\u00e1ticos usam senhas altamente seguras para aceder aos servidores, dados, bancos de dados e listas de <em>email<\/em> coletados. Somente funcion\u00e1rios treinados e competentes da\u00a0Alliance Fran\u00e7aise ou do Prestador de Servi\u00e7os inform\u00e1ticos t\u00eam posse destes acessos.<\/p>\n<p>&nbsp;<\/p>\n<h3>Exclus\u00e3o de dados pessoais<\/h3>\n<p>Para excluir os dados recolhidos, entre em contacto com a Alliance Fran\u00e7aise atrav\u00e9s dos meios fornecidos no cap\u00edtulo Contacto.<\/p>\n<p>&nbsp;<\/p>\n<h2>8. Consentimento<\/h2>\n<p>A navega\u00e7\u00e3o no <em>site<\/em> implica a aceita\u00e7\u00e3o dos Termos. De acordo com o <a href=\"https:\/\/www.lino-design.com\/pt\/rgpd-protecao-de-dados-aplicado-a-sites\/\">RGPD<\/a>, a aceita\u00e7\u00e3o do uso de <em>cookies<\/em> tem dura\u00e7\u00e3o de 13 meses.<\/p>\n<p>&nbsp;<\/p>\n<h2>9. <em>Links<\/em> de hipertexto<\/h2>\n<p>A\u00a0Alliance Fran\u00e7aise n\u00e3o pode ser responsabilizado pelas pr\u00e1ticas exercidas pelas condi\u00e7\u00f5es gerais de uso de outros <em>sites<\/em> da Internet aos quais o utilizador ter\u00e1 acesso atrav\u00e9s de <em>links<\/em> presentes no <em>Site<\/em>, ou integrados a um dispositivo de encapsulamento.<br \/>\nRecomenda-se vivamente que o utilizador tenha a certeza das condi\u00e7\u00f5es gerais de utiliza\u00e7\u00e3o de todos os <em>sites<\/em> visitados e que contacte directamente o seu operador, anfitri\u00e3o ou propriet\u00e1rio em caso de dificuldades.<\/p>\n<p>Da mesma forma, no caso de acesso ao <em>site<\/em> por um <em>link<\/em> em outro site, o publicador n\u00e3o est\u00e1 vinculado aos termos e condi\u00e7\u00f5es gerais de uso do referido <em>site<\/em> de terceiros.<\/p>\n<p>&nbsp;<\/p>\n<h2>10. Propriedade intelectual<\/h2>\n<p>A estrutura\u00e7\u00e3o do <em>Site<\/em>, e igualmente os textos, grafismos, imagens, fotografias, sons, v\u00eddeos e aplicativos de computador que o comp\u00f5em, s\u00e3o propriedade exclusiva do Publicador e s\u00e3o protegidos como tal pelas leis em vigor sob a propriedade intelectual.<\/p>\n<p>Qualquer representa\u00e7\u00e3o, reprodu\u00e7\u00e3o, adapta\u00e7\u00e3o ou uso parcial ou total dos conte\u00fados, marcas e servi\u00e7os oferecidos pelo <em>Site<\/em>, por qualquer meio, sem a permiss\u00e3o pr\u00e9via expressa por escrito da Alliance Fran\u00e7aise, \u00e9 estritamente proibida e prov\u00e1vel constituir uma infrac\u00e7\u00e3o na acep\u00e7\u00e3o dos artigos L. 335-2 e seguintes do C\u00f3digo da propriedade intelectual.<br \/>\nO acesso ao <em>Site<\/em> n\u00e3o constitui reconhecimento de um direito e, em geral, n\u00e3o confere quaisquer direitos de propriedade intelectual relativos a qualquer elemento do Site, que permanecem propriedade exclusiva do Publicador.<\/p>\n<p>&nbsp;<\/p>\n<h2>11. Altera\u00e7\u00e3o das condi\u00e7\u00f5es gerais de uso<\/h2>\n<p>A\u00a0Alliance Fran\u00e7aise pode modificar estes Termos de Uso a qualquer momento.<br \/>\nAs modifica\u00e7\u00f5es entrar\u00e3o em vigor assim que forem publicadas no Site para um utilizador que n\u00e3o tenha transmitido dados pessoais.<\/p>\n<p>&nbsp;<\/p>\n<h2>12. Lei Aplic\u00e1vel<\/h2>\n<p>Estas condi\u00e7\u00f5es gerais s\u00e3o regidas pela lei portuguesa e europeia em vigor.<br \/>\nQualquer disputa entre a\u00a0Alliance Fran\u00e7aise e o utilizador estar\u00e1 dentro da jurisdi\u00e7\u00e3o do Tribunal competente cuja jurisdi\u00e7\u00e3o se rege pela localiza\u00e7\u00e3o da sede da Alliance Fran\u00e7aise.<\/p>\n<p>&nbsp;<\/p>\n<p>[\/et_pb_text][\/et_pb_column][\/et_pb_row][\/et_pb_section]<\/p>\n","protected":false},"excerpt":{"rendered":"<p><div class=\"et_pb_row et_pb_row_0 et_pb_row_empty\">\n\t\t\t\t\n\t\t\t\t\n\t\t\t\t\n\t\t\t\t\n\t\t\t\t\n\t\t\t<\/div> 1. Defini\u00e7\u00f5es No presente documento ser\u00e3o referidas as seguintes defini\u00e7\u00f5es: \u2013Publicador: Alliance Fran\u00e7aise Identifica\u00e7\u00e3o fiscal: 500954593 \u2013\u00a0Utilizador: Qualquer indiv\u00edduo que simplesmente navega no site alliancefr.pt \u2013\u00a0Alojamento: Web4U Lda Avenida da Boa Viagem n\u00ba 462 Edif\u00edcio Vila S\u00f3 II, Penafiel 4560-755 Portugal &#8211; Prestador Inform\u00e1tico: Li-N\u00f3 Design Lda Cal\u00e7adinha Do Tijolo, 18 1100-608 Lisboa \u2013\u00a0O [&hellip;]<\/p>\n","protected":false},"author":1,"featured_media":0,"parent":0,"menu_order":0,"comment_status":"closed","ping_status":"closed","template":"","meta":{"_acf_changed":false,"_et_pb_use_builder":"on","_et_pb_old_content":"","_et_gb_content_width":"","_exactmetrics_skip_tracking":false,"_exactmetrics_sitenote_active":false,"_exactmetrics_sitenote_note":"","_exactmetrics_sitenote_category":0,"footnotes":""},"class_list":["post-5005","page","type-page","status-publish","hentry"],"acf":[],"yoast_head":"<!-- This site is optimized with the Yoast SEO plugin v27.0 - https:\/\/yoast.com\/product\/yoast-seo-wordpress\/ -->\n<title>Termos e condi\u00e7\u00f5es gerais - Alliance Fran\u00e7aise Braga Guimar\u00e3es<\/title>\n<meta name=\"robots\" content=\"index, follow, max-snippet:-1, max-image-preview:large, max-video-preview:-1\" \/>\n<link rel=\"canonical\" href=\"https:\/\/www.alliancefr.pt\/braga\/termos-condicoes-gerais\/\" \/>\n<meta property=\"og:locale\" content=\"pt_PT\" \/>\n<meta property=\"og:type\" content=\"article\" \/>\n<meta property=\"og:title\" content=\"Termos e condi\u00e7\u00f5es gerais - Alliance Fran\u00e7aise Braga Guimar\u00e3es\" \/>\n<meta property=\"og:description\" content=\"1. Defini\u00e7\u00f5es No presente documento ser\u00e3o referidas as seguintes defini\u00e7\u00f5es: \u2013Publicador: Alliance Fran\u00e7aise Identifica\u00e7\u00e3o fiscal: 500954593 \u2013\u00a0Utilizador: Qualquer indiv\u00edduo que simplesmente navega no site alliancefr.pt \u2013\u00a0Alojamento: Web4U Lda Avenida da Boa Viagem n\u00ba 462 Edif\u00edcio Vila S\u00f3 II, Penafiel 4560-755 Portugal - Prestador Inform\u00e1tico: Li-N\u00f3 Design Lda Cal\u00e7adinha Do Tijolo, 18 1100-608 Lisboa \u2013\u00a0O [&hellip;]\" \/>\n<meta property=\"og:url\" content=\"https:\/\/www.alliancefr.pt\/braga\/termos-condicoes-gerais\/\" \/>\n<meta property=\"og:site_name\" content=\"Alliance Fran\u00e7aise Braga Guimar\u00e3es\" \/>\n<meta property=\"article:publisher\" content=\"https:\/\/www.facebook.com\/allianceflisboa\/\" \/>\n<meta property=\"article:modified_time\" content=\"2018-05-30T15:44:33+00:00\" \/>\n<meta name=\"twitter:card\" content=\"summary_large_image\" \/>\n<meta name=\"twitter:label1\" content=\"Tempo estimado de leitura\" \/>\n\t<meta name=\"twitter:data1\" content=\"12 minutos\" \/>\n<script type=\"application\/ld+json\" class=\"yoast-schema-graph\">{\"@context\":\"https:\/\/schema.org\",\"@graph\":[{\"@type\":\"WebPage\",\"@id\":\"https:\/\/www.alliancefr.pt\/braga\/termos-condicoes-gerais\/\",\"url\":\"https:\/\/www.alliancefr.pt\/braga\/termos-condicoes-gerais\/\",\"name\":\"Termos e condi\u00e7\u00f5es gerais - Alliance Fran\u00e7aise Braga Guimar\u00e3es\",\"isPartOf\":{\"@id\":\"https:\/\/www.alliancefr.pt\/braga\/#website\"},\"datePublished\":\"2018-05-10T09:53:08+00:00\",\"dateModified\":\"2018-05-30T15:44:33+00:00\",\"breadcrumb\":{\"@id\":\"https:\/\/www.alliancefr.pt\/braga\/termos-condicoes-gerais\/#breadcrumb\"},\"inLanguage\":\"pt-PT\",\"potentialAction\":[{\"@type\":\"ReadAction\",\"target\":[\"https:\/\/www.alliancefr.pt\/braga\/termos-condicoes-gerais\/\"]}]},{\"@type\":\"BreadcrumbList\",\"@id\":\"https:\/\/www.alliancefr.pt\/braga\/termos-condicoes-gerais\/#breadcrumb\",\"itemListElement\":[{\"@type\":\"ListItem\",\"position\":1,\"name\":\"In\u00edcio\",\"item\":\"https:\/\/www.alliancefr.pt\/braga\/\"},{\"@type\":\"ListItem\",\"position\":2,\"name\":\"Termos e condi\u00e7\u00f5es gerais\"}]},{\"@type\":\"WebSite\",\"@id\":\"https:\/\/www.alliancefr.pt\/braga\/#website\",\"url\":\"https:\/\/www.alliancefr.pt\/braga\/\",\"name\":\"Alliance Fran\u00e7aise Braga Guimar\u00e3es\",\"description\":\"Alliances Fran\u00e7aises de Lisbonne\",\"potentialAction\":[{\"@type\":\"SearchAction\",\"target\":{\"@type\":\"EntryPoint\",\"urlTemplate\":\"https:\/\/www.alliancefr.pt\/braga\/?s={search_term_string}\"},\"query-input\":{\"@type\":\"PropertyValueSpecification\",\"valueRequired\":true,\"valueName\":\"search_term_string\"}}],\"inLanguage\":\"pt-PT\"}]}<\/script>\n<!-- \/ Yoast SEO plugin. -->","yoast_head_json":{"title":"Termos e condi\u00e7\u00f5es gerais - Alliance Fran\u00e7aise Braga Guimar\u00e3es","robots":{"index":"index","follow":"follow","max-snippet":"max-snippet:-1","max-image-preview":"max-image-preview:large","max-video-preview":"max-video-preview:-1"},"canonical":"https:\/\/www.alliancefr.pt\/braga\/termos-condicoes-gerais\/","og_locale":"pt_PT","og_type":"article","og_title":"Termos e condi\u00e7\u00f5es gerais - Alliance Fran\u00e7aise Braga Guimar\u00e3es","og_description":"1. Defini\u00e7\u00f5es No presente documento ser\u00e3o referidas as seguintes defini\u00e7\u00f5es: \u2013Publicador: Alliance Fran\u00e7aise Identifica\u00e7\u00e3o fiscal: 500954593 \u2013\u00a0Utilizador: Qualquer indiv\u00edduo que simplesmente navega no site alliancefr.pt \u2013\u00a0Alojamento: Web4U Lda Avenida da Boa Viagem n\u00ba 462 Edif\u00edcio Vila S\u00f3 II, Penafiel 4560-755 Portugal - Prestador Inform\u00e1tico: Li-N\u00f3 Design Lda Cal\u00e7adinha Do Tijolo, 18 1100-608 Lisboa \u2013\u00a0O [&hellip;]","og_url":"https:\/\/www.alliancefr.pt\/braga\/termos-condicoes-gerais\/","og_site_name":"Alliance Fran\u00e7aise Braga Guimar\u00e3es","article_publisher":"https:\/\/www.facebook.com\/allianceflisboa\/","article_modified_time":"2018-05-30T15:44:33+00:00","twitter_card":"summary_large_image","twitter_misc":{"Tempo estimado de leitura":"12 minutos"},"schema":{"@context":"https:\/\/schema.org","@graph":[{"@type":"WebPage","@id":"https:\/\/www.alliancefr.pt\/braga\/termos-condicoes-gerais\/","url":"https:\/\/www.alliancefr.pt\/braga\/termos-condicoes-gerais\/","name":"Termos e condi\u00e7\u00f5es gerais - Alliance Fran\u00e7aise Braga Guimar\u00e3es","isPartOf":{"@id":"https:\/\/www.alliancefr.pt\/braga\/#website"},"datePublished":"2018-05-10T09:53:08+00:00","dateModified":"2018-05-30T15:44:33+00:00","breadcrumb":{"@id":"https:\/\/www.alliancefr.pt\/braga\/termos-condicoes-gerais\/#breadcrumb"},"inLanguage":"pt-PT","potentialAction":[{"@type":"ReadAction","target":["https:\/\/www.alliancefr.pt\/braga\/termos-condicoes-gerais\/"]}]},{"@type":"BreadcrumbList","@id":"https:\/\/www.alliancefr.pt\/braga\/termos-condicoes-gerais\/#breadcrumb","itemListElement":[{"@type":"ListItem","position":1,"name":"In\u00edcio","item":"https:\/\/www.alliancefr.pt\/braga\/"},{"@type":"ListItem","position":2,"name":"Termos e condi\u00e7\u00f5es gerais"}]},{"@type":"WebSite","@id":"https:\/\/www.alliancefr.pt\/braga\/#website","url":"https:\/\/www.alliancefr.pt\/braga\/","name":"Alliance Fran\u00e7aise Braga Guimar\u00e3es","description":"Alliances Fran\u00e7aises de Lisbonne","potentialAction":[{"@type":"SearchAction","target":{"@type":"EntryPoint","urlTemplate":"https:\/\/www.alliancefr.pt\/braga\/?s={search_term_string}"},"query-input":{"@type":"PropertyValueSpecification","valueRequired":true,"valueName":"search_term_string"}}],"inLanguage":"pt-PT"}]}},"_links":{"self":[{"href":"https:\/\/www.alliancefr.pt\/braga\/wp-json\/wp\/v2\/pages\/5005","targetHints":{"allow":["GET"]}}],"collection":[{"href":"https:\/\/www.alliancefr.pt\/braga\/wp-json\/wp\/v2\/pages"}],"about":[{"href":"https:\/\/www.alliancefr.pt\/braga\/wp-json\/wp\/v2\/types\/page"}],"author":[{"embeddable":true,"href":"https:\/\/www.alliancefr.pt\/braga\/wp-json\/wp\/v2\/users\/1"}],"replies":[{"embeddable":true,"href":"https:\/\/www.alliancefr.pt\/braga\/wp-json\/wp\/v2\/comments?post=5005"}],"version-history":[{"count":5,"href":"https:\/\/www.alliancefr.pt\/braga\/wp-json\/wp\/v2\/pages\/5005\/revisions"}],"predecessor-version":[{"id":5204,"href":"https:\/\/www.alliancefr.pt\/braga\/wp-json\/wp\/v2\/pages\/5005\/revisions\/5204"}],"wp:attachment":[{"href":"https:\/\/www.alliancefr.pt\/braga\/wp-json\/wp\/v2\/media?parent=5005"}],"curies":[{"name":"wp","href":"https:\/\/api.w.org\/{rel}","templated":true}]}}