{"id":3477,"date":"2017-12-05T14:46:27","date_gmt":"2017-12-05T14:46:27","guid":{"rendered":"https:\/\/www.alliancefr.pt\/braga-guimaraes\/qui-sommes-nous\/"},"modified":"2025-12-15T14:46:14","modified_gmt":"2025-12-15T14:46:14","slug":"qui-sommes-nous","status":"publish","type":"page","link":"https:\/\/www.alliancefr.pt\/braga\/fr\/qui-sommes-nous\/","title":{"rendered":"Qui sommes-nous ?"},"content":{"rendered":"<p>[et_pb_section fb_built=&#8221;1&#8243; _builder_version=&#8221;4.16&#8243; global_colors_info=&#8221;{}&#8221;][et_pb_row module_class=&#8221;bem-vindo-bloc&#8221; _builder_version=&#8221;4.16&#8243; global_colors_info=&#8221;{}&#8221;][et_pb_column type=&#8221;4_4&#8243; _builder_version=&#8221;4.16&#8243; background_position=&#8221;top_left&#8221; custom_padding=&#8221;|||&#8221; global_colors_info=&#8221;{}&#8221; custom_padding__hover=&#8221;|||&#8221;][et_pb_text admin_label=&#8221;Titulo&#8221; module_class=&#8221;titlebloc-1&#8243; _builder_version=&#8221;4.16&#8243; header_font=&#8221;|||on|&#8221; text_orientation=&#8221;center&#8221; module_alignment=&#8221;center&#8221; custom_padding=&#8221;|10%||10%&#8221; border_style=&#8221;solid&#8221; global_colors_info=&#8221;{}&#8221;]<\/p>\n<h2 style=\"text-align: center;\">MISSION<\/h2>\n<p>[\/et_pb_text][et_pb_text admin_label=&#8221;Sob Titulo&#8221; _builder_version=&#8221;4.16&#8243; text_font=&#8221;Roboto|||on|&#8221; text_text_color=&#8221;#333333&#8243; text_font_size=&#8221;16&#8243; text_orientation=&#8221;center&#8221; max_width=&#8221;500px&#8221; module_alignment=&#8221;center&#8221; border_style=&#8221;solid&#8221; global_colors_info=&#8221;{}&#8221;]<\/p>\n<p style=\"text-align: center;\">D\u00e9velopper l\u2019enseignement de la langue fran\u00e7aise et le go\u00fbt pour les cultures francophones dans le monde entier.<\/p>\n<p>[\/et_pb_text][\/et_pb_column][\/et_pb_row][et_pb_row make_equal=&#8221;on&#8221; _builder_version=&#8221;4.16&#8243; global_colors_info=&#8221;{}&#8221; column_structure=&#8221;1_2,1_4,1_4&#8243;][et_pb_column type=&#8221;1_2&#8243; _builder_version=&#8221;4.16&#8243; background_image=&#8221;https:\/\/www.alliancefr.pt\/braga-guimaraes\/wp-content\/uploads\/sites\/11\/2017\/07\/post2.jpg&#8221; background_position=&#8221;top_left&#8221; custom_padding=&#8221;|||&#8221; global_colors_info=&#8221;{}&#8221; custom_padding__hover=&#8221;|||&#8221;][\/et_pb_column][et_pb_column type=&#8221;1_4&#8243; _builder_version=&#8221;4.16&#8243; background_position=&#8221;top_left&#8221; custom_padding=&#8221;|||&#8221; global_colors_info=&#8221;{}&#8221; custom_padding__hover=&#8221;|||&#8221;][et_pb_blurb image=&#8221;https:\/\/www.alliancefr.pt\/braga-guimaraes\/wp-content\/uploads\/sites\/11\/2017\/09\/puce-1.png&#8221; icon_placement=&#8221;left&#8221; image_icon_width=&#8221;none&#8221; _builder_version=&#8221;4.16&#8243; border_style=&#8221;solid&#8221; image_max_width=&#8221;none&#8221; use_circle=&#8221;off&#8221; use_circle_border=&#8221;off&#8221; global_colors_info=&#8221;{}&#8221;]Au service de plus de 3 000 \u00e9l\u00e8ves par an, l&#8217;Alliance dispose d\u2019un corps enseignant natif, qui b\u00e9n\u00e9ficie d\u2019une formation continue afin d\u2019accompagner les progr\u00e8s r\u00e9alis\u00e9s dans la didactique du fran\u00e7ais.<br \/>\n[\/et_pb_blurb][et_pb_blurb image=&#8221;https:\/\/www.alliancefr.pt\/braga-guimaraes\/wp-content\/uploads\/sites\/11\/2017\/09\/puce-1.png&#8221; icon_placement=&#8221;left&#8221; image_icon_width=&#8221;none&#8221; _builder_version=&#8221;4.16&#8243; border_style=&#8221;solid&#8221; image_max_width=&#8221;none&#8221; use_circle=&#8221;off&#8221; use_circle_border=&#8221;off&#8221; global_colors_info=&#8221;{}&#8221;]Les cours ont lieu au si\u00e8ge social mais aussi dans le centre de Braga, et \u00e9galement dans les entreprises ou chez les particuliers.<br \/>\n[\/et_pb_blurb][\/et_pb_column][et_pb_column type=&#8221;1_4&#8243; _builder_version=&#8221;4.16&#8243; background_position=&#8221;top_left&#8221; custom_padding=&#8221;|||&#8221; global_colors_info=&#8221;{}&#8221; custom_padding__hover=&#8221;|||&#8221;][et_pb_blurb image=&#8221;https:\/\/www.alliancefr.pt\/braga-guimaraes\/wp-content\/uploads\/sites\/11\/2017\/09\/puce-1.png&#8221; icon_placement=&#8221;left&#8221; image_icon_width=&#8221;none&#8221; _builder_version=&#8221;4.16&#8243; border_style=&#8221;solid&#8221; image_max_width=&#8221;none&#8221; use_circle=&#8221;off&#8221; use_circle_border=&#8221;off&#8221; global_colors_info=&#8221;{}&#8221;]L\u2019Alliance fran\u00e7aise est une association \u00e0 but non lucratif cr\u00e9\u00e9e selon les statuts et les objectifs de l\u2019Alliance fran\u00e7aise fond\u00e9e \u00e0 Paris en 1883.<br \/>\n[\/et_pb_blurb][\/et_pb_column][\/et_pb_row][\/et_pb_section][et_pb_section fb_built=&#8221;1&#8243; _builder_version=&#8221;4.16&#8243; background_image=&#8221;https:\/\/www.alliancefr.pt\/braga-guimaraes\/wp-content\/uploads\/sites\/11\/2017\/07\/bg-triangular-rouge-quemsomos-1.jpg&#8221; global_colors_info=&#8221;{}&#8221;][et_pb_row module_class=&#8221;counter-bloc&#8221; _builder_version=&#8221;4.16&#8243; global_colors_info=&#8221;{}&#8221; column_structure=&#8221;1_3,1_3,1_3&#8243;][et_pb_column type=&#8221;1_3&#8243; _builder_version=&#8221;4.16&#8243; background_position=&#8221;top_left&#8221; custom_padding=&#8221;|||&#8221; global_colors_info=&#8221;{}&#8221; custom_padding__hover=&#8221;|||&#8221;][et_pb_number_counter number=&#8221;800&#8243; percent_sign=&#8221;off&#8221; module_class=&#8221;number-counter&#8221; _builder_version=&#8221;4.16&#8243; number_font=&#8221;|on|||&#8221; number_text_color=&#8221;#ffffff&#8221; number_font_size=&#8221;50&#8243; background_layout=&#8221;dark&#8221; border_style=&#8221;solid&#8221; global_colors_info=&#8221;{}&#8221;][\/et_pb_number_counter][et_pb_blurb image=&#8221;https:\/\/www.alliancefr.pt\/braga-guimaraes\/wp-content\/uploads\/sites\/11\/2017\/07\/pin-branco.png&#8221; icon_placement=&#8221;left&#8221; image_icon_width=&#8221;none&#8221; _builder_version=&#8221;4.16&#8243; header_font=&#8221;|on|||&#8221; header_font_size=&#8221;20&#8243; body_font=&#8221;|on|||&#8221; body_font_size=&#8221;16&#8243; background_layout=&#8221;dark&#8221; border_style=&#8221;solid&#8221; image_max_width=&#8221;none&#8221; use_circle=&#8221;off&#8221; use_circle_border=&#8221;off&#8221; global_colors_info=&#8221;{}&#8221;]Alliances Fran\u00e7aises<\/p>\n<h4>DANS LE MONDE<\/h4>\n<p>[\/et_pb_blurb][\/et_pb_column][et_pb_column type=&#8221;1_3&#8243; _builder_version=&#8221;4.16&#8243; background_position=&#8221;top_left&#8221; custom_padding=&#8221;|||&#8221; global_colors_info=&#8221;{}&#8221; custom_padding__hover=&#8221;|||&#8221;][et_pb_number_counter number=&#8221;250&#8243; percent_sign=&#8221;off&#8221; module_class=&#8221;number-counter&#8221; _builder_version=&#8221;4.16&#8243; number_font=&#8221;|on|||&#8221; number_text_color=&#8221;#ffffff&#8221; number_font_size=&#8221;50&#8243; background_layout=&#8221;dark&#8221; border_style=&#8221;solid&#8221; global_colors_info=&#8221;{}&#8221;][\/et_pb_number_counter][et_pb_blurb image=&#8221;https:\/\/www.alliancefr.pt\/braga-guimaraes\/wp-content\/uploads\/sites\/11\/2017\/07\/pin-branco.png&#8221; icon_placement=&#8221;left&#8221; image_icon_width=&#8221;none&#8221; _builder_version=&#8221;4.16&#8243; header_font=&#8221;|on|||&#8221; header_font_size=&#8221;20&#8243; body_font=&#8221;|on|||&#8221; body_font_size=&#8221;16&#8243; background_layout=&#8221;dark&#8221; border_style=&#8221;solid&#8221; image_max_width=&#8221;none&#8221; use_circle=&#8221;off&#8221; use_circle_border=&#8221;off&#8221; global_colors_info=&#8221;{}&#8221;]Alliances Fran\u00e7aises<\/p>\n<h4>EN EUROPE<\/h4>\n<p>[\/et_pb_blurb][\/et_pb_column][et_pb_column type=&#8221;1_3&#8243; _builder_version=&#8221;4.16&#8243; background_position=&#8221;top_left&#8221; custom_padding=&#8221;|||&#8221; global_colors_info=&#8221;{}&#8221; custom_padding__hover=&#8221;|||&#8221;][et_pb_number_counter number=&#8221;10&#8243; percent_sign=&#8221;off&#8221; module_class=&#8221;number-counter&#8221; _builder_version=&#8221;4.16&#8243; number_font=&#8221;|on|||&#8221; number_text_color=&#8221;#ffffff&#8221; number_font_size=&#8221;50&#8243; background_layout=&#8221;dark&#8221; border_style=&#8221;solid&#8221; global_colors_info=&#8221;{}&#8221;][\/et_pb_number_counter][et_pb_blurb image=&#8221;https:\/\/www.alliancefr.pt\/braga-guimaraes\/wp-content\/uploads\/sites\/11\/2017\/07\/pin-branco.png&#8221; icon_placement=&#8221;left&#8221; image_icon_width=&#8221;none&#8221; _builder_version=&#8221;4.16&#8243; header_font=&#8221;|on|||&#8221; header_font_size=&#8221;20&#8243; body_font=&#8221;|on|||&#8221; body_font_size=&#8221;16&#8243; background_layout=&#8221;dark&#8221; custom_padding=&#8221;0px|10px||&#8221; border_style=&#8221;solid&#8221; image_max_width=&#8221;none&#8221; use_circle=&#8221;off&#8221; use_circle_border=&#8221;off&#8221; global_colors_info=&#8221;{}&#8221;]Alliances Fran\u00e7aises<\/p>\n<h4>AU PORTUGAL<\/h4>\n<p>[\/et_pb_blurb][\/et_pb_column][\/et_pb_row][\/et_pb_section][et_pb_section fb_built=&#8221;1&#8243; _builder_version=&#8221;4.16&#8243; background_image=&#8221;https:\/\/www.alliancefr.pt\/braga-guimaraes\/wp-content\/uploads\/sites\/11\/2017\/08\/bg-triangular-gris-2.jpg&#8221; global_colors_info=&#8221;{}&#8221;][et_pb_row module_class=&#8221;bem-vindo-bloc&#8221; _builder_version=&#8221;4.16&#8243; global_colors_info=&#8221;{}&#8221;][et_pb_column type=&#8221;4_4&#8243; _builder_version=&#8221;4.16&#8243; background_position=&#8221;top_left&#8221; custom_padding=&#8221;|||&#8221; global_colors_info=&#8221;{}&#8221; custom_padding__hover=&#8221;|||&#8221;][et_pb_text admin_label=&#8221;Titulo&#8221; module_class=&#8221;titlebloc-1&#8243; _builder_version=&#8221;4.16&#8243; header_font=&#8221;|||on|&#8221; text_orientation=&#8221;center&#8221; module_alignment=&#8221;center&#8221; custom_padding=&#8221;|10%||10%&#8221; border_style=&#8221;solid&#8221; global_colors_info=&#8221;{}&#8221;]<\/p>\n<h2 style=\"text-align: center;\">L\u2019\u00c9QUIPE<\/h2>\n<p>[\/et_pb_text][et_pb_text admin_label=&#8221;Texto descri\u00e7\u00e3o&#8221; module_class=&#8221;titlebloc-1&#8243; _builder_version=&#8221;4.16&#8243; text_orientation=&#8221;center&#8221; module_alignment=&#8221;center&#8221; custom_padding=&#8221;|10%||10%&#8221; border_style=&#8221;solid&#8221; global_colors_info=&#8221;{}&#8221;]L\u2019Alliance fran\u00e7aise, c\u2019est aussi une \u00e9quipe de professionnels \u00e0 l\u2019\u00e9coute de vos besoins.<br \/>\n[\/et_pb_text][\/et_pb_column][\/et_pb_row][et_pb_row module_id=&#8221;team-carousel&#8221; _builder_version=&#8221;4.16&#8243; global_colors_info=&#8221;{}&#8221;][et_pb_column type=&#8221;4_4&#8243; _builder_version=&#8221;4.16&#8243; background_position=&#8221;top_left&#8221; custom_padding=&#8221;|||&#8221; global_colors_info=&#8221;{}&#8221; custom_padding__hover=&#8221;|||&#8221;][et_pb_team_lino_member name=&#8221;Alexandra Gon\u00e7alves&#8221; position=&#8221;Directrice&#8221; phone=&#8221;(+351) 253 415 653 \/ (+351) 960 364 820&#8243; email=&#8221;alexandra.goncalves@alliancefr.pt&#8221; image_url=&#8221;https:\/\/www.alliancefr.pt\/braga-guimaraes\/wp-content\/uploads\/sites\/11\/2017\/07\/im-equipa-foto.jpg&#8221; admin_label=&#8221;Alexandra Gon\u00e7alves&#8221; _builder_version=&#8221;3.0.59&#8243; header_font_size_tablet=&#8221;51&#8243; header_line_height_tablet=&#8221;2&#8243; body_font_size_tablet=&#8221;51&#8243; body_line_height_tablet=&#8221;2&#8243; global_colors_info=&#8221;{}&#8221;][\/et_pb_team_lino_member][\/et_pb_column][\/et_pb_row][et_pb_row module_id=&#8221;team-carousel&#8221; _builder_version=&#8221;4.16&#8243; global_colors_info=&#8221;{}&#8221;][et_pb_column type=&#8221;4_4&#8243; _builder_version=&#8221;4.16&#8243; background_position=&#8221;top_left&#8221; custom_padding=&#8221;|||&#8221; global_colors_info=&#8221;{}&#8221; custom_padding__hover=&#8221;|||&#8221;][\/et_pb_column][\/et_pb_row][et_pb_row module_id=&#8221;team-carousel&#8221; _builder_version=&#8221;4.16&#8243; global_colors_info=&#8221;{}&#8221;][et_pb_column type=&#8221;4_4&#8243; _builder_version=&#8221;4.16&#8243; background_position=&#8221;top_left&#8221; custom_padding=&#8221;|||&#8221; global_colors_info=&#8221;{}&#8221; custom_padding__hover=&#8221;|||&#8221;][et_pb_team_lino_member name=&#8221;Marie Jos\u00e9 Mouta&#8221; position=&#8221;Responsable de communication&#8221; phone=&#8221;(+351) 962 743 690&#8243; email=&#8221;info.braga@alliancefr.pt&#8221; image_url=&#8221;https:\/\/www.alliancefr.pt\/braga-guimaraes\/wp-content\/uploads\/sites\/11\/2017\/07\/im-equipa-foto.jpg&#8221; admin_label=&#8221;Marie Jos\u00e9 Mouta&#8221; _builder_version=&#8221;3.0.59&#8243; header_font_size_tablet=&#8221;51&#8243; header_line_height_tablet=&#8221;2&#8243; body_font_size_tablet=&#8221;51&#8243; body_line_height_tablet=&#8221;2&#8243; global_colors_info=&#8221;{}&#8221;][\/et_pb_team_lino_member][\/et_pb_column][\/et_pb_row][et_pb_row module_id=&#8221;team-carousel&#8221; _builder_version=&#8221;4.16&#8243; global_colors_info=&#8221;{}&#8221;][et_pb_column type=&#8221;4_4&#8243; _builder_version=&#8221;4.16&#8243; background_position=&#8221;top_left&#8221; custom_padding=&#8221;|||&#8221; global_colors_info=&#8221;{}&#8221; custom_padding__hover=&#8221;|||&#8221;][\/et_pb_column][\/et_pb_row][et_pb_row module_id=&#8221;team-carousel&#8221; _builder_version=&#8221;4.16&#8243; global_colors_info=&#8221;{}&#8221;][et_pb_column type=&#8221;4_4&#8243; _builder_version=&#8221;4.16&#8243; background_position=&#8221;top_left&#8221; custom_padding=&#8221;|||&#8221; global_colors_info=&#8221;{}&#8221; custom_padding__hover=&#8221;|||&#8221;][\/et_pb_column][\/et_pb_row][\/et_pb_section][et_pb_section fb_built=&#8221;1&#8243; _builder_version=&#8221;4.16&#8243; global_colors_info=&#8221;{}&#8221;][et_pb_row _builder_version=&#8221;4.16&#8243; background_size=&#8221;initial&#8221; background_position=&#8221;top_left&#8221; background_repeat=&#8221;repeat&#8221; global_colors_info=&#8221;{}&#8221;][et_pb_column type=&#8221;4_4&#8243; _builder_version=&#8221;4.16&#8243; custom_padding=&#8221;|||&#8221; global_colors_info=&#8221;{}&#8221; custom_padding__hover=&#8221;|||&#8221;][et_pb_text admin_label=&#8221;Parceiros&#8221; module_class=&#8221;titlebloc-1&#8243; _builder_version=&#8221;4.16&#8243; text_orientation=&#8221;center&#8221; module_alignment=&#8221;center&#8221; custom_padding=&#8221;|15%||15%&#8221; border_style=&#8221;solid&#8221; global_colors_info=&#8221;{}&#8221;]<\/p>\n<h2 style=\"text-align: center;\">Les partenaires<\/h2>\n<p style=\"text-align: center;\">Les partenaires de l\u2019Alliance fran\u00e7aise<\/p>\n<p>[\/et_pb_text][\/et_pb_column][\/et_pb_row][et_pb_row _builder_version=&#8221;4.16&#8243; custom_padding=&#8221;0px||0px|&#8221; global_colors_info=&#8221;{}&#8221;][et_pb_column type=&#8221;4_4&#8243; _builder_version=&#8221;4.16&#8243; background_position=&#8221;top_left&#8221; custom_padding=&#8221;|||&#8221; global_colors_info=&#8221;{}&#8221; custom_padding__hover=&#8221;|||&#8221;][et_pb_sidebar area=&#8221;et_pb_widget_area_1&#8243; admin_label=&#8221;parceiros image list&#8221; module_class=&#8221;parceiros-hp owl-carousel owl-theme&#8221; _builder_version=&#8221;4.16&#8243; global_colors_info=&#8221;{}&#8221;][\/et_pb_sidebar][\/et_pb_column][\/et_pb_row][\/et_pb_section][et_pb_section fb_built=&#8221;1&#8243; _builder_version=&#8221;4.16&#8243; background_color=&#8221;#da2839&#8243; global_colors_info=&#8221;{}&#8221;][et_pb_row _builder_version=&#8221;4.16&#8243; background_size=&#8221;initial&#8221; background_position=&#8221;top_left&#8221; background_repeat=&#8221;repeat&#8221; global_colors_info=&#8221;{}&#8221;][et_pb_column type=&#8221;4_4&#8243; _builder_version=&#8221;4.16&#8243; custom_padding=&#8221;|||&#8221; global_colors_info=&#8221;{}&#8221; custom_padding__hover=&#8221;|||&#8221;][et_pb_text admin_label=&#8221;Newsletter&#8221; module_class=&#8221;titlebloc-2&#8243; _builder_version=&#8221;4.16&#8243; text_orientation=&#8221;center&#8221; module_alignment=&#8221;center&#8221; custom_padding=&#8221;|15%||15%&#8221; border_style=&#8221;solid&#8221; global_colors_info=&#8221;{}&#8221;]<\/p>\n<h2 style=\"text-align: center;\">Newsletter<\/h2>\n<p style=\"text-align: center;\">Recevez les derni\u00e8res nouvelles de l\u2019Alliance fran\u00e7aise<br \/>\nJ&#8217;accepte les <a href=\"https:\/\/www.alliancefr.pt\/conditions-generales-dutilisation\/?lang=fr\">conditions g\u00e9n\u00e9rales d&#8217;utilisation<\/a> du site alliancefr.pt &#8211; RGPD compliant<\/p>\n<p>[\/et_pb_text][et_pb_signup_horiz mailchimp_list=&#8221;|null&#8221; button_text=&#8221;SOUSCRIRE&#8221; use_background_color=&#8221;off&#8221; _builder_version=&#8221;3.0.59&#8243; custom_button=&#8221;on&#8221; button_text_color=&#8221;#ffffff&#8221; button_bg_color=&#8221;rgba(0,0,0,0)&#8221; button_border_width=&#8221;1&#8243; button_border_color=&#8221;#ffffff&#8221; button_use_icon=&#8221;off&#8221; header_font_size_tablet=&#8221;51&#8243; header_line_height_tablet=&#8221;2&#8243; body_font_size_tablet=&#8221;51&#8243; body_line_height_tablet=&#8221;2&#8243; global_colors_info=&#8221;{}&#8221;][\/et_pb_signup_horiz][\/et_pb_column][\/et_pb_row][\/et_pb_section]<\/p>\n","protected":false},"excerpt":{"rendered":"<p>MISSION D\u00e9velopper l\u2019enseignement de la langue fran\u00e7aise et le go\u00fbt pour les cultures francophones dans le monde entier. Au service de plus de 3 000 \u00e9l\u00e8ves par an, l&#8217;Alliance dispose d\u2019un corps enseignant natif, qui b\u00e9n\u00e9ficie d\u2019une formation continue afin d\u2019accompagner les progr\u00e8s r\u00e9alis\u00e9s dans la didactique du fran\u00e7ais. Les cours ont lieu au si\u00e8ge [&hellip;]<\/p>\n","protected":false},"author":1,"featured_media":0,"parent":0,"menu_order":0,"comment_status":"closed","ping_status":"closed","template":"","meta":{"_acf_changed":false,"_et_pb_use_builder":"on","_et_pb_old_content":"","_et_gb_content_width":"","_exactmetrics_skip_tracking":false,"_exactmetrics_sitenote_active":false,"_exactmetrics_sitenote_note":"","_exactmetrics_sitenote_category":0,"footnotes":""},"class_list":["post-3477","page","type-page","status-publish","hentry"],"acf":[],"yoast_head":"<!-- This site is optimized with the Yoast SEO plugin v27.0 - https:\/\/yoast.com\/product\/yoast-seo-wordpress\/ -->\n<title>Qui sommes-nous ? Alliance Fran\u00e7aise Braga \/ Guimar\u00e3es<\/title>\n<meta name=\"description\" content=\"Qui sommes-nous ? L\u2019Alliance fran\u00e7aise est une association \u00e0 but non lucratif cr\u00e9\u00e9e selon les statuts et les objectifs de l\u2019Alliance fran\u00e7aise fond\u00e9e \u00e0 Paris en 1883 | Notre Mission : D\u00e9velopper l\u2019enseignement de la langue fran\u00e7aise et le go\u00fbt pour les cultures francophones dans le monde entier.\" \/>\n<meta name=\"robots\" content=\"index, follow, max-snippet:-1, max-image-preview:large, max-video-preview:-1\" \/>\n<link rel=\"canonical\" href=\"https:\/\/www.alliancefr.pt\/braga\/fr\/qui-sommes-nous\/\" \/>\n<meta property=\"og:locale\" content=\"fr_FR\" \/>\n<meta property=\"og:type\" content=\"article\" \/>\n<meta property=\"og:title\" content=\"Qui sommes-nous ? Alliance Fran\u00e7aise Braga \/ Guimar\u00e3es\" \/>\n<meta property=\"og:description\" content=\"Qui sommes-nous ? L\u2019Alliance fran\u00e7aise est une association \u00e0 but non lucratif cr\u00e9\u00e9e selon les statuts et les objectifs de l\u2019Alliance fran\u00e7aise fond\u00e9e \u00e0 Paris en 1883 | Notre Mission : D\u00e9velopper l\u2019enseignement de la langue fran\u00e7aise et le go\u00fbt pour les cultures francophones dans le monde entier.\" \/>\n<meta property=\"og:url\" content=\"https:\/\/www.alliancefr.pt\/braga\/fr\/qui-sommes-nous\/\" \/>\n<meta property=\"og:site_name\" content=\"Alliance Fran\u00e7aise Braga Guimar\u00e3es\" \/>\n<meta property=\"article:publisher\" content=\"https:\/\/www.facebook.com\/allianceflisboa\/\" \/>\n<meta property=\"article:modified_time\" content=\"2025-12-15T14:46:14+00:00\" \/>\n<meta name=\"twitter:card\" content=\"summary_large_image\" \/>\n<meta name=\"twitter:label1\" content=\"Dur\u00e9e de lecture estim\u00e9e\" \/>\n\t<meta name=\"twitter:data1\" content=\"8 minutes\" \/>\n<script type=\"application\/ld+json\" class=\"yoast-schema-graph\">{\"@context\":\"https:\/\/schema.org\",\"@graph\":[{\"@type\":\"WebPage\",\"@id\":\"https:\/\/www.alliancefr.pt\/braga\/fr\/qui-sommes-nous\/\",\"url\":\"https:\/\/www.alliancefr.pt\/braga\/fr\/qui-sommes-nous\/\",\"name\":\"Qui sommes-nous ? Alliance Fran\u00e7aise Braga \/ Guimar\u00e3es\",\"isPartOf\":{\"@id\":\"https:\/\/www.alliancefr.pt\/braga\/#website\"},\"datePublished\":\"2017-12-05T14:46:27+00:00\",\"dateModified\":\"2025-12-15T14:46:14+00:00\",\"description\":\"Qui sommes-nous ? L\u2019Alliance fran\u00e7aise est une association \u00e0 but non lucratif cr\u00e9\u00e9e selon les statuts et les objectifs de l\u2019Alliance fran\u00e7aise fond\u00e9e \u00e0 Paris en 1883 | Notre Mission : D\u00e9velopper l\u2019enseignement de la langue fran\u00e7aise et le go\u00fbt pour les cultures francophones dans le monde entier.\",\"breadcrumb\":{\"@id\":\"https:\/\/www.alliancefr.pt\/braga\/fr\/qui-sommes-nous\/#breadcrumb\"},\"inLanguage\":\"fr-FR\",\"potentialAction\":[{\"@type\":\"ReadAction\",\"target\":[\"https:\/\/www.alliancefr.pt\/braga\/fr\/qui-sommes-nous\/\"]}]},{\"@type\":\"BreadcrumbList\",\"@id\":\"https:\/\/www.alliancefr.pt\/braga\/fr\/qui-sommes-nous\/#breadcrumb\",\"itemListElement\":[{\"@type\":\"ListItem\",\"position\":1,\"name\":\"In\u00edcio\",\"item\":\"https:\/\/www.alliancefr.pt\/braga\/fr\/\"},{\"@type\":\"ListItem\",\"position\":2,\"name\":\"Qui sommes-nous ?\"}]},{\"@type\":\"WebSite\",\"@id\":\"https:\/\/www.alliancefr.pt\/braga\/#website\",\"url\":\"https:\/\/www.alliancefr.pt\/braga\/\",\"name\":\"Alliance Fran\u00e7aise Braga Guimar\u00e3es\",\"description\":\"Alliances Fran\u00e7aises de Lisbonne\",\"potentialAction\":[{\"@type\":\"SearchAction\",\"target\":{\"@type\":\"EntryPoint\",\"urlTemplate\":\"https:\/\/www.alliancefr.pt\/braga\/?s={search_term_string}\"},\"query-input\":{\"@type\":\"PropertyValueSpecification\",\"valueRequired\":true,\"valueName\":\"search_term_string\"}}],\"inLanguage\":\"fr-FR\"}]}<\/script>\n<!-- \/ Yoast SEO plugin. -->","yoast_head_json":{"title":"Qui sommes-nous ? Alliance Fran\u00e7aise Braga \/ Guimar\u00e3es","description":"Qui sommes-nous ? L\u2019Alliance fran\u00e7aise est une association \u00e0 but non lucratif cr\u00e9\u00e9e selon les statuts et les objectifs de l\u2019Alliance fran\u00e7aise fond\u00e9e \u00e0 Paris en 1883 | Notre Mission : D\u00e9velopper l\u2019enseignement de la langue fran\u00e7aise et le go\u00fbt pour les cultures francophones dans le monde entier.","robots":{"index":"index","follow":"follow","max-snippet":"max-snippet:-1","max-image-preview":"max-image-preview:large","max-video-preview":"max-video-preview:-1"},"canonical":"https:\/\/www.alliancefr.pt\/braga\/fr\/qui-sommes-nous\/","og_locale":"fr_FR","og_type":"article","og_title":"Qui sommes-nous ? Alliance Fran\u00e7aise Braga \/ Guimar\u00e3es","og_description":"Qui sommes-nous ? L\u2019Alliance fran\u00e7aise est une association \u00e0 but non lucratif cr\u00e9\u00e9e selon les statuts et les objectifs de l\u2019Alliance fran\u00e7aise fond\u00e9e \u00e0 Paris en 1883 | Notre Mission : D\u00e9velopper l\u2019enseignement de la langue fran\u00e7aise et le go\u00fbt pour les cultures francophones dans le monde entier.","og_url":"https:\/\/www.alliancefr.pt\/braga\/fr\/qui-sommes-nous\/","og_site_name":"Alliance Fran\u00e7aise Braga Guimar\u00e3es","article_publisher":"https:\/\/www.facebook.com\/allianceflisboa\/","article_modified_time":"2025-12-15T14:46:14+00:00","twitter_card":"summary_large_image","twitter_misc":{"Dur\u00e9e de lecture estim\u00e9e":"8 minutes"},"schema":{"@context":"https:\/\/schema.org","@graph":[{"@type":"WebPage","@id":"https:\/\/www.alliancefr.pt\/braga\/fr\/qui-sommes-nous\/","url":"https:\/\/www.alliancefr.pt\/braga\/fr\/qui-sommes-nous\/","name":"Qui sommes-nous ? Alliance Fran\u00e7aise Braga \/ Guimar\u00e3es","isPartOf":{"@id":"https:\/\/www.alliancefr.pt\/braga\/#website"},"datePublished":"2017-12-05T14:46:27+00:00","dateModified":"2025-12-15T14:46:14+00:00","description":"Qui sommes-nous ? L\u2019Alliance fran\u00e7aise est une association \u00e0 but non lucratif cr\u00e9\u00e9e selon les statuts et les objectifs de l\u2019Alliance fran\u00e7aise fond\u00e9e \u00e0 Paris en 1883 | Notre Mission : D\u00e9velopper l\u2019enseignement de la langue fran\u00e7aise et le go\u00fbt pour les cultures francophones dans le monde entier.","breadcrumb":{"@id":"https:\/\/www.alliancefr.pt\/braga\/fr\/qui-sommes-nous\/#breadcrumb"},"inLanguage":"fr-FR","potentialAction":[{"@type":"ReadAction","target":["https:\/\/www.alliancefr.pt\/braga\/fr\/qui-sommes-nous\/"]}]},{"@type":"BreadcrumbList","@id":"https:\/\/www.alliancefr.pt\/braga\/fr\/qui-sommes-nous\/#breadcrumb","itemListElement":[{"@type":"ListItem","position":1,"name":"In\u00edcio","item":"https:\/\/www.alliancefr.pt\/braga\/fr\/"},{"@type":"ListItem","position":2,"name":"Qui sommes-nous ?"}]},{"@type":"WebSite","@id":"https:\/\/www.alliancefr.pt\/braga\/#website","url":"https:\/\/www.alliancefr.pt\/braga\/","name":"Alliance Fran\u00e7aise Braga Guimar\u00e3es","description":"Alliances Fran\u00e7aises de Lisbonne","potentialAction":[{"@type":"SearchAction","target":{"@type":"EntryPoint","urlTemplate":"https:\/\/www.alliancefr.pt\/braga\/?s={search_term_string}"},"query-input":{"@type":"PropertyValueSpecification","valueRequired":true,"valueName":"search_term_string"}}],"inLanguage":"fr-FR"}]}},"_links":{"self":[{"href":"https:\/\/www.alliancefr.pt\/braga\/fr\/wp-json\/wp\/v2\/pages\/3477","targetHints":{"allow":["GET"]}}],"collection":[{"href":"https:\/\/www.alliancefr.pt\/braga\/fr\/wp-json\/wp\/v2\/pages"}],"about":[{"href":"https:\/\/www.alliancefr.pt\/braga\/fr\/wp-json\/wp\/v2\/types\/page"}],"author":[{"embeddable":true,"href":"https:\/\/www.alliancefr.pt\/braga\/fr\/wp-json\/wp\/v2\/users\/1"}],"replies":[{"embeddable":true,"href":"https:\/\/www.alliancefr.pt\/braga\/fr\/wp-json\/wp\/v2\/comments?post=3477"}],"version-history":[{"count":11,"href":"https:\/\/www.alliancefr.pt\/braga\/fr\/wp-json\/wp\/v2\/pages\/3477\/revisions"}],"predecessor-version":[{"id":6429,"href":"https:\/\/www.alliancefr.pt\/braga\/fr\/wp-json\/wp\/v2\/pages\/3477\/revisions\/6429"}],"wp:attachment":[{"href":"https:\/\/www.alliancefr.pt\/braga\/fr\/wp-json\/wp\/v2\/media?parent=3477"}],"curies":[{"name":"wp","href":"https:\/\/api.w.org\/{rel}","templated":true}]}}