{"id":2953,"date":"2017-11-22T12:18:13","date_gmt":"2017-11-22T12:18:13","guid":{"rendered":"https:\/\/www.alliancefr.pt\/braga-guimaraes\/?page_id=2953"},"modified":"2017-11-24T10:47:50","modified_gmt":"2017-11-24T10:47:50","slug":"protocoles-partenariats","status":"publish","type":"page","link":"https:\/\/www.alliancefr.pt\/braga\/fr\/protocoles-partenariats\/","title":{"rendered":"Protocoles &#038; Partenariats"},"content":{"rendered":"<p>[et_pb_section bb_built=&#8221;1&#8243; _builder_version=&#8221;3.0.59&#8243; transparent_background=&#8221;on&#8221; custom_padding=&#8221;0px||20px|&#8221;][et_pb_row _builder_version=&#8221;3.0.59&#8243; background_position=&#8221;top_left&#8221; background_repeat=&#8221;repeat&#8221; background_size=&#8221;initial&#8221;][et_pb_column type=&#8221;4_4&#8243;][et_pb_text admin_label=&#8221;Titulo + intro&#8221; _builder_version=&#8221;3.0.59&#8243; background_layout=&#8221;light&#8221; text_orientation=&#8221;center&#8221; border_style=&#8221;solid&#8221; module_class=&#8221;titlebloc-1&#8243; saved_tabs=&#8221;all&#8221; custom_padding=&#8221;|10%||10%&#8221;]<\/p>\n<p style=\"text-align: center;\"><em>L\u2019Alliance fran\u00e7aise de Lisbonne collabore avec diff\u00e9rents partenaires.<br \/>\nAu moment de vous inscrire, renseignez-vous au secr\u00e9tariat sur les r\u00e9ductions dont vous pouvez b\u00e9n\u00e9ficier.<\/em><\/p>\n<p>[\/et_pb_text][et_pb_text admin_label=&#8221;Titulo + intro&#8221; _builder_version=&#8221;3.0.59&#8243; background_layout=&#8221;light&#8221; text_orientation=&#8221;center&#8221; border_style=&#8221;solid&#8221; module_class=&#8221;titlebloc-1&#8243; saved_tabs=&#8221;all&#8221; custom_padding=&#8221;|10%||10%&#8221;]<\/p>\n<h2 style=\"text-align: center;\">LES AVANTAGES DE LA CARTE ALLIANCE FRAN\u00c7AISE<\/h2>\n<p style=\"text-align: center;\">Inscrivez-vous, recevez votre carte et b\u00e9n\u00e9ficiez de nombreuses r\u00e9ductions.<br \/>\nLa pr\u00e9sentation de la carte est obligatoire.<\/p>\n<p>[\/et_pb_text][\/et_pb_column][\/et_pb_row][\/et_pb_section]<\/p>\n","protected":false},"excerpt":{"rendered":"<p>L\u2019Alliance fran\u00e7aise de Lisbonne collabore avec diff\u00e9rents partenaires. Au moment de vous inscrire, renseignez-vous au secr\u00e9tariat sur les r\u00e9ductions dont vous pouvez b\u00e9n\u00e9ficier. LES AVANTAGES DE LA CARTE ALLIANCE FRAN\u00c7AISE Inscrivez-vous, recevez votre carte et b\u00e9n\u00e9ficiez de nombreuses r\u00e9ductions. La pr\u00e9sentation de la carte est obligatoire.<\/p>\n","protected":false},"author":1,"featured_media":0,"parent":0,"menu_order":0,"comment_status":"closed","ping_status":"closed","template":"page_protocolos_e_parcerias.php","meta":{"_acf_changed":false,"_et_pb_use_builder":"on","_et_pb_old_content":"","_et_gb_content_width":"","_exactmetrics_skip_tracking":false,"_exactmetrics_sitenote_active":false,"_exactmetrics_sitenote_note":"","_exactmetrics_sitenote_category":0,"footnotes":""},"class_list":["post-2953","page","type-page","status-publish","hentry"],"acf":[],"yoast_head":"<!-- This site is optimized with the Yoast SEO plugin v27.0 - https:\/\/yoast.com\/product\/yoast-seo-wordpress\/ -->\n<title>Protocoles &amp; Partenariats - Alliance Fran\u00e7aise Braga Guimar\u00e3es<\/title>\n<meta name=\"robots\" content=\"index, follow, max-snippet:-1, max-image-preview:large, max-video-preview:-1\" \/>\n<link rel=\"canonical\" href=\"https:\/\/www.alliancefr.pt\/braga\/fr\/protocoles-partenariats\/\" \/>\n<meta property=\"og:locale\" content=\"fr_FR\" \/>\n<meta property=\"og:type\" content=\"article\" \/>\n<meta property=\"og:title\" content=\"Protocoles &amp; Partenariats - Alliance Fran\u00e7aise Braga Guimar\u00e3es\" \/>\n<meta property=\"og:description\" content=\"L\u2019Alliance fran\u00e7aise de Lisbonne collabore avec diff\u00e9rents partenaires. Au moment de vous inscrire, renseignez-vous au secr\u00e9tariat sur les r\u00e9ductions dont vous pouvez b\u00e9n\u00e9ficier. LES AVANTAGES DE LA CARTE ALLIANCE FRAN\u00c7AISE Inscrivez-vous, recevez votre carte et b\u00e9n\u00e9ficiez de nombreuses r\u00e9ductions. La pr\u00e9sentation de la carte est obligatoire.\" \/>\n<meta property=\"og:url\" content=\"https:\/\/www.alliancefr.pt\/braga\/fr\/protocoles-partenariats\/\" \/>\n<meta property=\"og:site_name\" content=\"Alliance Fran\u00e7aise Braga Guimar\u00e3es\" \/>\n<meta property=\"article:publisher\" content=\"https:\/\/www.facebook.com\/allianceflisboa\/\" \/>\n<meta property=\"article:modified_time\" content=\"2017-11-24T10:47:50+00:00\" \/>\n<meta name=\"twitter:card\" content=\"summary_large_image\" \/>\n<meta name=\"twitter:label1\" content=\"Dur\u00e9e de lecture estim\u00e9e\" \/>\n\t<meta name=\"twitter:data1\" content=\"1 minute\" \/>\n<script type=\"application\/ld+json\" class=\"yoast-schema-graph\">{\"@context\":\"https:\/\/schema.org\",\"@graph\":[{\"@type\":\"WebPage\",\"@id\":\"https:\/\/www.alliancefr.pt\/braga\/fr\/protocoles-partenariats\/\",\"url\":\"https:\/\/www.alliancefr.pt\/braga\/fr\/protocoles-partenariats\/\",\"name\":\"Protocoles & Partenariats - Alliance Fran\u00e7aise Braga Guimar\u00e3es\",\"isPartOf\":{\"@id\":\"https:\/\/www.alliancefr.pt\/braga\/#website\"},\"datePublished\":\"2017-11-22T12:18:13+00:00\",\"dateModified\":\"2017-11-24T10:47:50+00:00\",\"breadcrumb\":{\"@id\":\"https:\/\/www.alliancefr.pt\/braga\/fr\/protocoles-partenariats\/#breadcrumb\"},\"inLanguage\":\"fr-FR\",\"potentialAction\":[{\"@type\":\"ReadAction\",\"target\":[\"https:\/\/www.alliancefr.pt\/braga\/fr\/protocoles-partenariats\/\"]}]},{\"@type\":\"BreadcrumbList\",\"@id\":\"https:\/\/www.alliancefr.pt\/braga\/fr\/protocoles-partenariats\/#breadcrumb\",\"itemListElement\":[{\"@type\":\"ListItem\",\"position\":1,\"name\":\"In\u00edcio\",\"item\":\"https:\/\/www.alliancefr.pt\/braga\/fr\/\"},{\"@type\":\"ListItem\",\"position\":2,\"name\":\"Protocoles &#038; Partenariats\"}]},{\"@type\":\"WebSite\",\"@id\":\"https:\/\/www.alliancefr.pt\/braga\/#website\",\"url\":\"https:\/\/www.alliancefr.pt\/braga\/\",\"name\":\"Alliance Fran\u00e7aise Braga Guimar\u00e3es\",\"description\":\"Alliances Fran\u00e7aises de Lisbonne\",\"potentialAction\":[{\"@type\":\"SearchAction\",\"target\":{\"@type\":\"EntryPoint\",\"urlTemplate\":\"https:\/\/www.alliancefr.pt\/braga\/?s={search_term_string}\"},\"query-input\":{\"@type\":\"PropertyValueSpecification\",\"valueRequired\":true,\"valueName\":\"search_term_string\"}}],\"inLanguage\":\"fr-FR\"}]}<\/script>\n<!-- \/ Yoast SEO plugin. -->","yoast_head_json":{"title":"Protocoles & Partenariats - Alliance Fran\u00e7aise Braga Guimar\u00e3es","robots":{"index":"index","follow":"follow","max-snippet":"max-snippet:-1","max-image-preview":"max-image-preview:large","max-video-preview":"max-video-preview:-1"},"canonical":"https:\/\/www.alliancefr.pt\/braga\/fr\/protocoles-partenariats\/","og_locale":"fr_FR","og_type":"article","og_title":"Protocoles & Partenariats - Alliance Fran\u00e7aise Braga Guimar\u00e3es","og_description":"L\u2019Alliance fran\u00e7aise de Lisbonne collabore avec diff\u00e9rents partenaires. Au moment de vous inscrire, renseignez-vous au secr\u00e9tariat sur les r\u00e9ductions dont vous pouvez b\u00e9n\u00e9ficier. LES AVANTAGES DE LA CARTE ALLIANCE FRAN\u00c7AISE Inscrivez-vous, recevez votre carte et b\u00e9n\u00e9ficiez de nombreuses r\u00e9ductions. La pr\u00e9sentation de la carte est obligatoire.","og_url":"https:\/\/www.alliancefr.pt\/braga\/fr\/protocoles-partenariats\/","og_site_name":"Alliance Fran\u00e7aise Braga Guimar\u00e3es","article_publisher":"https:\/\/www.facebook.com\/allianceflisboa\/","article_modified_time":"2017-11-24T10:47:50+00:00","twitter_card":"summary_large_image","twitter_misc":{"Dur\u00e9e de lecture estim\u00e9e":"1 minute"},"schema":{"@context":"https:\/\/schema.org","@graph":[{"@type":"WebPage","@id":"https:\/\/www.alliancefr.pt\/braga\/fr\/protocoles-partenariats\/","url":"https:\/\/www.alliancefr.pt\/braga\/fr\/protocoles-partenariats\/","name":"Protocoles & Partenariats - Alliance Fran\u00e7aise Braga Guimar\u00e3es","isPartOf":{"@id":"https:\/\/www.alliancefr.pt\/braga\/#website"},"datePublished":"2017-11-22T12:18:13+00:00","dateModified":"2017-11-24T10:47:50+00:00","breadcrumb":{"@id":"https:\/\/www.alliancefr.pt\/braga\/fr\/protocoles-partenariats\/#breadcrumb"},"inLanguage":"fr-FR","potentialAction":[{"@type":"ReadAction","target":["https:\/\/www.alliancefr.pt\/braga\/fr\/protocoles-partenariats\/"]}]},{"@type":"BreadcrumbList","@id":"https:\/\/www.alliancefr.pt\/braga\/fr\/protocoles-partenariats\/#breadcrumb","itemListElement":[{"@type":"ListItem","position":1,"name":"In\u00edcio","item":"https:\/\/www.alliancefr.pt\/braga\/fr\/"},{"@type":"ListItem","position":2,"name":"Protocoles &#038; Partenariats"}]},{"@type":"WebSite","@id":"https:\/\/www.alliancefr.pt\/braga\/#website","url":"https:\/\/www.alliancefr.pt\/braga\/","name":"Alliance Fran\u00e7aise Braga Guimar\u00e3es","description":"Alliances Fran\u00e7aises de Lisbonne","potentialAction":[{"@type":"SearchAction","target":{"@type":"EntryPoint","urlTemplate":"https:\/\/www.alliancefr.pt\/braga\/?s={search_term_string}"},"query-input":{"@type":"PropertyValueSpecification","valueRequired":true,"valueName":"search_term_string"}}],"inLanguage":"fr-FR"}]}},"_links":{"self":[{"href":"https:\/\/www.alliancefr.pt\/braga\/fr\/wp-json\/wp\/v2\/pages\/2953","targetHints":{"allow":["GET"]}}],"collection":[{"href":"https:\/\/www.alliancefr.pt\/braga\/fr\/wp-json\/wp\/v2\/pages"}],"about":[{"href":"https:\/\/www.alliancefr.pt\/braga\/fr\/wp-json\/wp\/v2\/types\/page"}],"author":[{"embeddable":true,"href":"https:\/\/www.alliancefr.pt\/braga\/fr\/wp-json\/wp\/v2\/users\/1"}],"replies":[{"embeddable":true,"href":"https:\/\/www.alliancefr.pt\/braga\/fr\/wp-json\/wp\/v2\/comments?post=2953"}],"version-history":[{"count":4,"href":"https:\/\/www.alliancefr.pt\/braga\/fr\/wp-json\/wp\/v2\/pages\/2953\/revisions"}],"predecessor-version":[{"id":3061,"href":"https:\/\/www.alliancefr.pt\/braga\/fr\/wp-json\/wp\/v2\/pages\/2953\/revisions\/3061"}],"wp:attachment":[{"href":"https:\/\/www.alliancefr.pt\/braga\/fr\/wp-json\/wp\/v2\/media?parent=2953"}],"curies":[{"name":"wp","href":"https:\/\/api.w.org\/{rel}","templated":true}]}}