{"id":5064,"date":"2018-04-20T15:27:02","date_gmt":"2018-04-20T15:27:02","guid":{"rendered":"https:\/\/www.alliancefr.pt\/algarve\/?page_id=5064"},"modified":"2020-05-05T14:18:10","modified_gmt":"2020-05-05T14:18:10","slug":"mediateca","status":"publish","type":"page","link":"https:\/\/www.alliancefr.pt\/algarve\/mediateca\/","title":{"rendered":"Mediateca"},"content":{"rendered":"<p>[et_pb_section bb_built=&#8221;1&#8243; _builder_version=&#8221;3.0.59&#8243; background_image=&#8221;https:\/\/www.alliancefr.pt\/algarve\/wp-content\/uploads\/sites\/8\/2017\/08\/bg-triangular-gris-2.jpg&#8221;][et_pb_row _builder_version=&#8221;3.0.59&#8243; background_position_1=&#8221;top_left&#8221; background_repeat_1=&#8221;no-repeat&#8221; module_class=&#8221;bem-vindo-bloc&#8221; background_position=&#8221;top_left&#8221; background_repeat=&#8221;repeat&#8221; background_size=&#8221;initial&#8221;][et_pb_column type=&#8221;4_4&#8243;][et_pb_text admin_label=&#8221;Sob Titulo&#8221; _builder_version=&#8221;3.0.59&#8243; background_layout=&#8221;light&#8221; text_orientation=&#8221;center&#8221; text_font=&#8221;Roboto|||on|&#8221; text_font_size=&#8221;16&#8243; text_text_color=&#8221;#333333&#8243; border_style=&#8221;solid&#8221; custom_padding=&#8221;|10%||10%&#8221; saved_tabs=&#8221;all&#8221;]<\/p>\n<p>A MEDIATECA DA ALLIANCE FRAN\u00c7AISE DO ALGARVE \u00c9 UMA DAS MAIS IMPORTANTES MEDIATECAS FRANC\u00d3FONAS DA REGI\u00c3O<\/p>\n<p>[\/et_pb_text][et_pb_text admin_label=&#8221;Texto descri\u00e7\u00e3o&#8221; _builder_version=&#8221;3.0.59&#8243; background_layout=&#8221;light&#8221; text_orientation=&#8221;center&#8221; border_style=&#8221;solid&#8221; custom_padding=&#8221;|10%||10%&#8221; module_class=&#8221;titlebloc-1&#8243;]<\/p>\n<p>Numerosos recursos est\u00e3o \u00e0 disposi\u00e7\u00e3o dos s\u00f3cios e alunos da associa\u00e7\u00e3o. Encontrar\u00e1 assim as sec\u00e7\u00f5es romances policiais estrangeiros traduzidos em franc\u00eas, romances contempor\u00e2neos, romances cl\u00e1ssicos da literatura francesa, romances franc\u00f3fonos, romances de fic\u00e7\u00e3o cient\u00edfica\u00a0 mas tamb\u00e9m testemunhos e ensaios que tratam de quest\u00f5es da sociedade.<\/p>\n<p>A sec\u00e7\u00e3o juvenil tamb\u00e9m tem \u00e0 disposi\u00e7\u00e3o 3 zonas de romances divididas por idades: crian\u00e7a, juvenil e adolescente.<\/p>\n<p>A sec\u00e7\u00e3o banda desenhada agradar\u00e1 aos adultos e aos mais novos.<\/p>\n<p>Para os alunos de franc\u00eas l\u00edngua estrangeira, foi criada uma sec\u00e7\u00e3o Biblioteca do aluno. Permite que os alunos de franc\u00eas tenham acesso \u00e0 cultura liter\u00e1ria, independentemente do seu n\u00edvel em franc\u00eas.<\/p>\n<p>A mediateca prop\u00f5e-vos regularmente mesas tem\u00e1ticas e propostas de leitura. Cada aluno\/s\u00f3cio pode requisitar 5 documentos dos quais 2 DVDs no m\u00e1ximo durante 4 semanas. As obras da Biblioteca do aluno est\u00e3o limitadas a\u00a0 3 requisi\u00e7\u00f5es durante 2 semanas.<\/p>\n<p>Se clicar no link seguinte, ter\u00e1 acesso ao cat\u00e1logo on-line da mediateca no qual encontrar\u00e1 todas as informa\u00e7\u00f5es necess\u00e1rias.<\/p>\n<p>[\/et_pb_text][et_pb_button _builder_version=&#8221;3.0.59&#8243; button_text=&#8221;Catalogo Mediateca&#8221; button_url=&#8221;http:\/\/www.algarve.alliancefr.pt\/opac_css\/&#8221; url_new_window=&#8221;on&#8221; button_alignment=&#8221;center&#8221; background_layout=&#8221;light&#8221; custom_button=&#8221;off&#8221; button_border_width=&#8221;0&#8243; button_border_radius=&#8221;0&#8243; button_letter_spacing=&#8221;0&#8243; button_icon_placement=&#8221;right&#8221; button_border_radius_hover=&#8221;0&#8243; button_letter_spacing_hover=&#8221;0&#8243; \/][\/et_pb_column][\/et_pb_row][\/et_pb_section][et_pb_section bb_built=&#8221;1&#8243; fullwidth=&#8221;off&#8221; specialty=&#8221;off&#8221; _builder_version=&#8221;3.0.59&#8243; background_image=&#8221;https:\/\/www.alliancefr.pt\/algarve\/wp-content\/uploads\/sites\/8\/2018\/04\/forma\u00e7\u00f5es-de-frances-em-faro.jpg&#8221; parallax=&#8221;on&#8221;][et_pb_row _builder_version=&#8221;3.0.59&#8243; background_position_1=&#8221;top_left&#8221; background_repeat_1=&#8221;no-repeat&#8221; background_position_2=&#8221;top_left&#8221; background_repeat_2=&#8221;no-repeat&#8221; padding_top_2=&#8221;30px&#8221;][et_pb_column type=&#8221;4_4&#8243;][et_pb_text admin_label=&#8221;Tradu\u00e7\u00e3o&#8221; _builder_version=&#8221;3.0.59&#8243; background_layout=&#8221;dark&#8221; text_orientation=&#8221;left&#8221; text_font=&#8221;Open Sans||||&#8221; text_font_size=&#8221;24&#8243; text_text_color=&#8221;#ffffff&#8221; header_font=&#8221;Lato||||&#8221; header_font_size=&#8221;36px&#8221; header_text_color=&#8221;#ffffff&#8221; border_style=&#8221;solid&#8221; module_class=&#8221;traducao-bloc&#8221; custom_padding=&#8221;|10%||10%&#8221; text_line_height=&#8221;1.8em&#8221;]<\/p>\n<p style=\"text-align: center;\"><em>Porque a aprendizagem tamb\u00e9m se faz fora das aulas, visite o nosso centro de recursos e mergulhe na literatura, na m\u00fasica e no cinema franceses.<br \/>\n<\/em><\/p>\n<p>[\/et_pb_text][\/et_pb_column][\/et_pb_row][\/et_pb_section][et_pb_section bb_built=&#8221;1&#8243; _builder_version=&#8221;3.0.59&#8243; background_color=&#8221;#ffffff&#8221; disabled=&#8221;on&#8221; disabled_on=&#8221;on|on|on&#8221;][et_pb_row _builder_version=&#8221;3.0.59&#8243; background_position_1=&#8221;top_left&#8221; background_repeat_1=&#8221;no-repeat&#8221; module_class=&#8221;bem-vindo-bloc&#8221; background_position=&#8221;top_left&#8221; background_repeat=&#8221;repeat&#8221; background_size=&#8221;initial&#8221;][et_pb_column type=&#8221;4_4&#8243;][et_pb_text admin_label=&#8221;Titulo&#8221; _builder_version=&#8221;3.0.59&#8243; background_layout=&#8221;light&#8221; text_orientation=&#8221;center&#8221; border_style=&#8221;solid&#8221; custom_padding=&#8221;|10%||10%&#8221; module_class=&#8221;titlebloc-1&#8243; header_font=&#8221;|||on|&#8221;]<\/p>\n<h2 style=\"text-align: center;\">Or\u00e7amentos gratuitos<\/h2>\n<p>[\/et_pb_text][et_pb_text admin_label=&#8221;Sob Titulo&#8221; _builder_version=&#8221;3.0.59&#8243; background_layout=&#8221;light&#8221; text_orientation=&#8221;center&#8221; text_font=&#8221;Roboto|||on|&#8221; text_font_size=&#8221;16&#8243; text_text_color=&#8221;#333333&#8243; border_style=&#8221;solid&#8221; custom_padding=&#8221;|10%||10%&#8221; saved_tabs=&#8221;all&#8221;]<\/p>\n<p style=\"text-align: center;\">Pe\u00e7a sem compromisso o seu or\u00e7amento e entraremos em contacto com a maior brevidade poss\u00edvel.<\/p>\n<p>[\/et_pb_text][\/et_pb_column][\/et_pb_row][et_pb_row _builder_version=&#8221;3.0.59&#8243; background_position_1=&#8221;top_left&#8221; background_repeat_1=&#8221;no-repeat&#8221; custom_margin=&#8221;20px|||&#8221; custom_padding=&#8221;|10%||10%&#8221; custom_padding_last_edited=&#8221;on|tablet&#8221; custom_padding_tablet=&#8221;|0px||0px&#8221;][et_pb_column type=&#8221;4_4&#8243;][et_pb_lino_form _builder_version=&#8221;3.0.59&#8243; captcha=&#8221;on&#8221; use_excel=&#8221;off&#8221; use_redirect=&#8221;off&#8221; title_font_size_tablet=&#8221;51&#8243; title_line_height_tablet=&#8221;2&#8243; form_field_font_size_tablet=&#8221;51&#8243; form_field_line_height_tablet=&#8221;2&#8243; input_border_radius=&#8221;0&#8243; border_style=&#8221;solid&#8221; custom_button=&#8221;off&#8221; button_border_width=&#8221;0&#8243; button_border_radius=&#8221;0&#8243; button_letter_spacing=&#8221;0&#8243; button_icon_placement=&#8221;right&#8221; button_border_radius_hover=&#8221;0&#8243; button_letter_spacing_hover=&#8221;0&#8243; success_message=&#8221;Pedido de or\u00e7amento enviado com sucesso.&#8221; submit_button_text=&#8221;ENVIAR&#8221; email=&#8221;traducao.lisboa@alliancefr.pt&#8221; custom_message=&#8221;Pedido de or\u00e7amento &#8211; site alliancefr<br \/>\nNome: %%name%%<br \/>\nEmail: %%email%%<br \/>\nTelefone: %%phone%%<br \/>\nAssunto: %%assunto%%<br \/>\nMensagem: %%message%%<br \/>\nTradu\u00e7\u00e3o pretendida: %%ptfr%%&#8221;]<\/p>\n<p>[et_pb_lino_field field_title=&#8221;Nome&#8221; field_type=&#8221;input&#8221; field_id=&#8221;Name&#8221; required_mark=&#8221;on&#8221; fullwidth_field=&#8221;on&#8221; checkbox_checked=&#8221;off&#8221; min_length=&#8221;0&#8243; max_length=&#8221;0&#8243; allowed_symbols=&#8221;all&#8221; conditional_logic=&#8221;off&#8221; conditional_logic_relation=&#8221;off&#8221; conditional_logic_rules=&#8221;%91{%22field%22:%22email%22,%22condition%22:%22is%22,%22value%22:%22%22}%93&#8243; form_field_font_select=&#8221;default&#8221; form_field_font=&#8221;||||&#8221; use_border_color=&#8221;off&#8221; border_style=&#8221;solid&#8221; \/][et_pb_lino_field field_title=&#8221;Email&#8221; field_type=&#8221;email&#8221; field_id=&#8221;Email&#8221; required_mark=&#8221;on&#8221; fullwidth_field=&#8221;off&#8221; checkbox_checked=&#8221;off&#8221; min_length=&#8221;0&#8243; max_length=&#8221;0&#8243; allowed_symbols=&#8221;all&#8221; conditional_logic=&#8221;off&#8221; conditional_logic_relation=&#8221;off&#8221; conditional_logic_rules=&#8221;%91{%22field%22:%22name%22,%22condition%22:%22is%22,%22value%22:%22%22}%93&#8243; form_field_font_select=&#8221;default&#8221; form_field_font=&#8221;||||&#8221; use_border_color=&#8221;off&#8221; border_style=&#8221;solid&#8221; \/][et_pb_lino_field field_title=&#8221;Telefone&#8221; field_type=&#8221;input&#8221; field_id=&#8221;phone&#8221; required_mark=&#8221;on&#8221; fullwidth_field=&#8221;off&#8221; checkbox_checked=&#8221;off&#8221; min_length=&#8221;0&#8243; max_length=&#8221;0&#8243; allowed_symbols=&#8221;all&#8221; conditional_logic=&#8221;off&#8221; conditional_logic_relation=&#8221;off&#8221; conditional_logic_rules=&#8221;%91{%22field%22:%22name%22,%22condition%22:%22is%22,%22value%22:%22%22}%93&#8243; form_field_font_select=&#8221;default&#8221; form_field_font=&#8221;||||&#8221; use_border_color=&#8221;off&#8221; border_style=&#8221;solid&#8221; \/][et_pb_lino_field field_id=&#8221;assunto&#8221; field_title=&#8221;Assunto&#8221; field_type=&#8221;input&#8221; checkbox_checked=&#8221;off&#8221; min_length=&#8221;0&#8243; max_length=&#8221;0&#8243; allowed_symbols=&#8221;all&#8221; required_mark=&#8221;on&#8221; conditional_logic=&#8221;off&#8221; conditional_logic_relation=&#8221;off&#8221; conditional_logic_rules=&#8221;%91{%22field%22:%22name%22,%22condition%22:%22is%22,%22value%22:%22%22}%93&#8243; fullwidth_field=&#8221;on&#8221; form_field_font_select=&#8221;default&#8221; form_field_font=&#8221;||||&#8221; use_border_color=&#8221;off&#8221; border_style=&#8221;solid&#8221; \/][et_pb_lino_field field_id=&#8221;message&#8221; field_title=&#8221;Mensagem&#8221; field_type=&#8221;text&#8221; checkbox_checked=&#8221;off&#8221; min_length=&#8221;0&#8243; max_length=&#8221;0&#8243; allowed_symbols=&#8221;all&#8221; required_mark=&#8221;on&#8221; conditional_logic=&#8221;off&#8221; conditional_logic_relation=&#8221;off&#8221; conditional_logic_rules=&#8221;%91{%22field%22:%22name%22,%22condition%22:%22is%22,%22value%22:%22%22}%93&#8243; fullwidth_field=&#8221;on&#8221; form_field_font_select=&#8221;default&#8221; form_field_font=&#8221;||||&#8221; use_border_color=&#8221;off&#8221; border_style=&#8221;solid&#8221; \/][et_pb_lino_field field_id=&#8221;ptfr&#8221; field_title=&#8221;Combina\u00e7\u00e3o lingu\u00edstica&#8221; field_type=&#8221;radio&#8221; checkbox_checked=&#8221;off&#8221; radio_options=&#8221;%91{%22value%22:%22Portugu\u00eas &gt; Franc\u00eas%22,%22checked%22:0},{%22value%22:%22Franc\u00eas &gt; Portugu\u00eas%22,%22checked%22:0}%93&#8243; min_length=&#8221;0&#8243; max_length=&#8221;0&#8243; allowed_symbols=&#8221;all&#8221; required_mark=&#8221;on&#8221; conditional_logic=&#8221;off&#8221; conditional_logic_relation=&#8221;off&#8221; conditional_logic_rules=&#8221;%91{%22field%22:%22name%22,%22condition%22:%22is%22,%22value%22:%22%22}%93&#8243; fullwidth_field=&#8221;on&#8221; form_field_font_select=&#8221;default&#8221; form_field_font=&#8221;||||&#8221; use_border_color=&#8221;off&#8221; border_style=&#8221;solid&#8221; \/][et_pb_lino_field field_id=&#8221;doc1&#8243; field_title=&#8221;Documento(s)&#8221; field_type=&#8221;upload&#8221; checkbox_checked=&#8221;off&#8221; min_length=&#8221;0&#8243; max_length=&#8221;0&#8243; allowed_symbols=&#8221;all&#8221; required_mark=&#8221;on&#8221; conditional_logic=&#8221;off&#8221; conditional_logic_relation=&#8221;off&#8221; conditional_logic_rules=&#8221;%91{%22field%22:%22name%22,%22condition%22:%22is%22,%22value%22:%22%22}%93&#8243; fullwidth_field=&#8221;on&#8221; form_field_font_select=&#8221;default&#8221; form_field_font=&#8221;||||&#8221; use_border_color=&#8221;off&#8221; border_style=&#8221;solid&#8221; \/][et_pb_lino_field field_id=&#8221;doc2&#8243; field_title=&#8221;Documento(s)&#8221; field_type=&#8221;upload&#8221; checkbox_checked=&#8221;off&#8221; min_length=&#8221;0&#8243; max_length=&#8221;0&#8243; allowed_symbols=&#8221;all&#8221; required_mark=&#8221;off&#8221; conditional_logic=&#8221;off&#8221; conditional_logic_relation=&#8221;off&#8221; conditional_logic_rules=&#8221;%91{%22field%22:%22name%22,%22condition%22:%22is%22,%22value%22:%22%22}%93&#8243; fullwidth_field=&#8221;on&#8221; form_field_font_select=&#8221;default&#8221; form_field_font=&#8221;||||&#8221; use_border_color=&#8221;off&#8221; border_style=&#8221;solid&#8221; \/][et_pb_lino_field field_id=&#8221;doc3&#8243; field_title=&#8221;Documento(s)&#8221; field_type=&#8221;upload&#8221; checkbox_checked=&#8221;off&#8221; min_length=&#8221;0&#8243; max_length=&#8221;0&#8243; allowed_symbols=&#8221;all&#8221; required_mark=&#8221;off&#8221; conditional_logic=&#8221;off&#8221; conditional_logic_relation=&#8221;off&#8221; conditional_logic_rules=&#8221;%91{%22field%22:%22name%22,%22condition%22:%22is%22,%22value%22:%22%22}%93&#8243; fullwidth_field=&#8221;on&#8221; form_field_font_select=&#8221;default&#8221; form_field_font=&#8221;||||&#8221; use_border_color=&#8221;off&#8221; border_style=&#8221;solid&#8221; \/][et_pb_lino_field field_id=&#8221;doc4&#8243; field_title=&#8221;Documento(s)&#8221; field_type=&#8221;upload&#8221; checkbox_checked=&#8221;off&#8221; min_length=&#8221;0&#8243; max_length=&#8221;0&#8243; allowed_symbols=&#8221;all&#8221; required_mark=&#8221;off&#8221; conditional_logic=&#8221;off&#8221; conditional_logic_relation=&#8221;off&#8221; conditional_logic_rules=&#8221;%91{%22field%22:%22name%22,%22condition%22:%22is%22,%22value%22:%22%22}%93&#8243; fullwidth_field=&#8221;on&#8221; form_field_font_select=&#8221;default&#8221; form_field_font=&#8221;||||&#8221; use_border_color=&#8221;off&#8221; border_style=&#8221;solid&#8221; \/]<\/p>\n<p>[\/et_pb_lino_form][\/et_pb_column][\/et_pb_row][\/et_pb_section][et_pb_section bb_built=&#8221;1&#8243; fullwidth=&#8221;off&#8221; specialty=&#8221;off&#8221; _builder_version=&#8221;3.0.59&#8243; background_color=&#8221;#ededed&#8221;][et_pb_row][et_pb_column type=&#8221;4_4&#8243;][et_pb_text _builder_version=&#8221;3.0.59&#8243; background_layout=&#8221;light&#8221; text_orientation=&#8221;left&#8221; border_style=&#8221;solid&#8221; header_text_color=&#8221;#333333&#8243; text_text_color=&#8221;#333333&#8243;]<\/p>\n<h5 style=\"text-align: center;\">PARA MAIS INFORMA\u00c7\u00d5ES<\/h5>\n<p>[\/et_pb_text][et_pb_blurb admin_label=&#8221;Email&#8221; _builder_version=&#8221;3.0.59&#8243; url_new_window=&#8221;off&#8221; use_icon=&#8221;off&#8221; image=&#8221;https:\/\/www.alliancefr.pt\/algarve\/wp-content\/uploads\/sites\/8\/2017\/08\/picto-mail-blc.png&#8221; use_circle=&#8221;off&#8221; use_circle_border=&#8221;off&#8221; icon_placement=&#8221;top&#8221; use_icon_font_size=&#8221;off&#8221; background_layout=&#8221;light&#8221; border_style=&#8221;solid&#8221; custom_padding=&#8221;|10px||10px&#8221; animation=&#8221;top&#8221; text_orientation=&#8221;center&#8221; saved_tabs=&#8221;all&#8221;]<\/p>\n<p>algarve@alliancefr.pt<\/p>\n<p>[\/et_pb_blurb][et_pb_blurb admin_label=&#8221;Telefone&#8221; _builder_version=&#8221;3.0.59&#8243; url_new_window=&#8221;off&#8221; use_icon=&#8221;off&#8221; image=&#8221;https:\/\/www.alliancefr.pt\/algarve\/wp-content\/uploads\/sites\/8\/2017\/08\/picto-telefone-blc.png&#8221; use_circle=&#8221;off&#8221; use_circle_border=&#8221;off&#8221; icon_placement=&#8221;top&#8221; use_icon_font_size=&#8221;off&#8221; background_layout=&#8221;light&#8221; border_style=&#8221;solid&#8221; custom_padding=&#8221;|10px||10px&#8221; animation=&#8221;top&#8221; text_orientation=&#8221;center&#8221; custom_margin=&#8221;20px|||&#8221; saved_tabs=&#8221;all&#8221;]<\/p>\n<p>(+ 351) 289 282 881<\/p>\n<p>[\/et_pb_blurb][\/et_pb_column][\/et_pb_row][\/et_pb_section]<\/p>\n","protected":false},"excerpt":{"rendered":"<p>A MEDIATECA DA ALLIANCE FRAN\u00c7AISE DO ALGARVE \u00c9 UMA DAS MAIS IMPORTANTES MEDIATECAS FRANC\u00d3FONAS DA REGI\u00c3O Numerosos recursos est\u00e3o \u00e0 disposi\u00e7\u00e3o dos s\u00f3cios e alunos da associa\u00e7\u00e3o. Encontrar\u00e1 assim as sec\u00e7\u00f5es romances policiais estrangeiros traduzidos em franc\u00eas, romances contempor\u00e2neos, romances cl\u00e1ssicos da literatura francesa, romances franc\u00f3fonos, romances de fic\u00e7\u00e3o cient\u00edfica\u00a0 mas tamb\u00e9m testemunhos e ensaios [&hellip;]<\/p>\n","protected":false},"author":1,"featured_media":0,"parent":0,"menu_order":0,"comment_status":"closed","ping_status":"closed","template":"","meta":{"_acf_changed":false,"_et_pb_use_builder":"on","_et_pb_old_content":"","_et_gb_content_width":"","_exactmetrics_skip_tracking":false,"_exactmetrics_sitenote_active":false,"_exactmetrics_sitenote_note":"","_exactmetrics_sitenote_category":0,"footnotes":""},"class_list":["post-5064","page","type-page","status-publish","hentry"],"acf":[],"yoast_head":"<!-- This site is optimized with the Yoast SEO plugin v27.0 - https:\/\/yoast.com\/product\/yoast-seo-wordpress\/ -->\n<title>Mediateca - Alliance Fran\u00e7aise do Algarve<\/title>\n<meta name=\"description\" content=\"Mediateca - Colocamos \u00e0 sua disposi\u00e7\u00e3o diferentes tipos de livros em franc\u00eas, dirigidos a v\u00e1rias faixas et\u00e1rias e para todos os gostos. A mediateca da Alliance Fran\u00e7aise do Algarve \u00e9 uma das mais importantes mediatecas franc\u00f3fonas da regi\u00e3o, apresentando uma grande variedade ...\" \/>\n<meta name=\"robots\" content=\"index, follow, max-snippet:-1, max-image-preview:large, max-video-preview:-1\" \/>\n<link rel=\"canonical\" href=\"https:\/\/www.alliancefr.pt\/algarve\/mediateca\/\" \/>\n<meta property=\"og:locale\" content=\"pt_PT\" \/>\n<meta property=\"og:type\" content=\"article\" \/>\n<meta property=\"og:title\" content=\"Mediateca - Alliance Fran\u00e7aise do Algarve\" \/>\n<meta property=\"og:description\" content=\"Mediateca - Colocamos \u00e0 sua disposi\u00e7\u00e3o diferentes tipos de livros em franc\u00eas, dirigidos a v\u00e1rias faixas et\u00e1rias e para todos os gostos. A mediateca da Alliance Fran\u00e7aise do Algarve \u00e9 uma das mais importantes mediatecas franc\u00f3fonas da regi\u00e3o, apresentando uma grande variedade ...\" \/>\n<meta property=\"og:url\" content=\"https:\/\/www.alliancefr.pt\/algarve\/mediateca\/\" \/>\n<meta property=\"og:site_name\" content=\"Alliance Fran\u00e7aise Algarve\" \/>\n<meta property=\"article:publisher\" content=\"https:\/\/www.facebook.com\/allianceflisboa\/\" \/>\n<meta property=\"article:modified_time\" content=\"2020-05-05T14:18:10+00:00\" \/>\n<meta name=\"twitter:card\" content=\"summary_large_image\" \/>\n<meta name=\"twitter:label1\" content=\"Tempo estimado de leitura\" \/>\n\t<meta name=\"twitter:data1\" content=\"8 minutos\" \/>\n<script type=\"application\/ld+json\" class=\"yoast-schema-graph\">{\"@context\":\"https:\/\/schema.org\",\"@graph\":[{\"@type\":\"WebPage\",\"@id\":\"https:\/\/www.alliancefr.pt\/algarve\/mediateca\/\",\"url\":\"https:\/\/www.alliancefr.pt\/algarve\/mediateca\/\",\"name\":\"Mediateca - Alliance Fran\u00e7aise do Algarve\",\"isPartOf\":{\"@id\":\"https:\/\/www.alliancefr.pt\/algarve\/#website\"},\"datePublished\":\"2018-04-20T15:27:02+00:00\",\"dateModified\":\"2020-05-05T14:18:10+00:00\",\"description\":\"Mediateca - Colocamos \u00e0 sua disposi\u00e7\u00e3o diferentes tipos de livros em franc\u00eas, dirigidos a v\u00e1rias faixas et\u00e1rias e para todos os gostos. A mediateca da Alliance Fran\u00e7aise do Algarve \u00e9 uma das mais importantes mediatecas franc\u00f3fonas da regi\u00e3o, apresentando uma grande variedade ...\",\"breadcrumb\":{\"@id\":\"https:\/\/www.alliancefr.pt\/algarve\/mediateca\/#breadcrumb\"},\"inLanguage\":\"pt-PT\",\"potentialAction\":[{\"@type\":\"ReadAction\",\"target\":[\"https:\/\/www.alliancefr.pt\/algarve\/mediateca\/\"]}]},{\"@type\":\"BreadcrumbList\",\"@id\":\"https:\/\/www.alliancefr.pt\/algarve\/mediateca\/#breadcrumb\",\"itemListElement\":[{\"@type\":\"ListItem\",\"position\":1,\"name\":\"In\u00edcio\",\"item\":\"https:\/\/www.alliancefr.pt\/algarve\/\"},{\"@type\":\"ListItem\",\"position\":2,\"name\":\"Mediateca\"}]},{\"@type\":\"WebSite\",\"@id\":\"https:\/\/www.alliancefr.pt\/algarve\/#website\",\"url\":\"https:\/\/www.alliancefr.pt\/algarve\/\",\"name\":\"Alliance Fran\u00e7aise Algarve\",\"description\":\"Alliances Fran\u00e7aises de Lisbonne\",\"potentialAction\":[{\"@type\":\"SearchAction\",\"target\":{\"@type\":\"EntryPoint\",\"urlTemplate\":\"https:\/\/www.alliancefr.pt\/algarve\/?s={search_term_string}\"},\"query-input\":{\"@type\":\"PropertyValueSpecification\",\"valueRequired\":true,\"valueName\":\"search_term_string\"}}],\"inLanguage\":\"pt-PT\"}]}<\/script>\n<!-- \/ Yoast SEO plugin. -->","yoast_head_json":{"title":"Mediateca - Alliance Fran\u00e7aise do Algarve","description":"Mediateca - Colocamos \u00e0 sua disposi\u00e7\u00e3o diferentes tipos de livros em franc\u00eas, dirigidos a v\u00e1rias faixas et\u00e1rias e para todos os gostos. A mediateca da Alliance Fran\u00e7aise do Algarve \u00e9 uma das mais importantes mediatecas franc\u00f3fonas da regi\u00e3o, apresentando uma grande variedade ...","robots":{"index":"index","follow":"follow","max-snippet":"max-snippet:-1","max-image-preview":"max-image-preview:large","max-video-preview":"max-video-preview:-1"},"canonical":"https:\/\/www.alliancefr.pt\/algarve\/mediateca\/","og_locale":"pt_PT","og_type":"article","og_title":"Mediateca - Alliance Fran\u00e7aise do Algarve","og_description":"Mediateca - Colocamos \u00e0 sua disposi\u00e7\u00e3o diferentes tipos de livros em franc\u00eas, dirigidos a v\u00e1rias faixas et\u00e1rias e para todos os gostos. A mediateca da Alliance Fran\u00e7aise do Algarve \u00e9 uma das mais importantes mediatecas franc\u00f3fonas da regi\u00e3o, apresentando uma grande variedade ...","og_url":"https:\/\/www.alliancefr.pt\/algarve\/mediateca\/","og_site_name":"Alliance Fran\u00e7aise Algarve","article_publisher":"https:\/\/www.facebook.com\/allianceflisboa\/","article_modified_time":"2020-05-05T14:18:10+00:00","twitter_card":"summary_large_image","twitter_misc":{"Tempo estimado de leitura":"8 minutos"},"schema":{"@context":"https:\/\/schema.org","@graph":[{"@type":"WebPage","@id":"https:\/\/www.alliancefr.pt\/algarve\/mediateca\/","url":"https:\/\/www.alliancefr.pt\/algarve\/mediateca\/","name":"Mediateca - Alliance Fran\u00e7aise do Algarve","isPartOf":{"@id":"https:\/\/www.alliancefr.pt\/algarve\/#website"},"datePublished":"2018-04-20T15:27:02+00:00","dateModified":"2020-05-05T14:18:10+00:00","description":"Mediateca - Colocamos \u00e0 sua disposi\u00e7\u00e3o diferentes tipos de livros em franc\u00eas, dirigidos a v\u00e1rias faixas et\u00e1rias e para todos os gostos. A mediateca da Alliance Fran\u00e7aise do Algarve \u00e9 uma das mais importantes mediatecas franc\u00f3fonas da regi\u00e3o, apresentando uma grande variedade ...","breadcrumb":{"@id":"https:\/\/www.alliancefr.pt\/algarve\/mediateca\/#breadcrumb"},"inLanguage":"pt-PT","potentialAction":[{"@type":"ReadAction","target":["https:\/\/www.alliancefr.pt\/algarve\/mediateca\/"]}]},{"@type":"BreadcrumbList","@id":"https:\/\/www.alliancefr.pt\/algarve\/mediateca\/#breadcrumb","itemListElement":[{"@type":"ListItem","position":1,"name":"In\u00edcio","item":"https:\/\/www.alliancefr.pt\/algarve\/"},{"@type":"ListItem","position":2,"name":"Mediateca"}]},{"@type":"WebSite","@id":"https:\/\/www.alliancefr.pt\/algarve\/#website","url":"https:\/\/www.alliancefr.pt\/algarve\/","name":"Alliance Fran\u00e7aise Algarve","description":"Alliances Fran\u00e7aises de Lisbonne","potentialAction":[{"@type":"SearchAction","target":{"@type":"EntryPoint","urlTemplate":"https:\/\/www.alliancefr.pt\/algarve\/?s={search_term_string}"},"query-input":{"@type":"PropertyValueSpecification","valueRequired":true,"valueName":"search_term_string"}}],"inLanguage":"pt-PT"}]}},"_links":{"self":[{"href":"https:\/\/www.alliancefr.pt\/algarve\/wp-json\/wp\/v2\/pages\/5064","targetHints":{"allow":["GET"]}}],"collection":[{"href":"https:\/\/www.alliancefr.pt\/algarve\/wp-json\/wp\/v2\/pages"}],"about":[{"href":"https:\/\/www.alliancefr.pt\/algarve\/wp-json\/wp\/v2\/types\/page"}],"author":[{"embeddable":true,"href":"https:\/\/www.alliancefr.pt\/algarve\/wp-json\/wp\/v2\/users\/1"}],"replies":[{"embeddable":true,"href":"https:\/\/www.alliancefr.pt\/algarve\/wp-json\/wp\/v2\/comments?post=5064"}],"version-history":[{"count":6,"href":"https:\/\/www.alliancefr.pt\/algarve\/wp-json\/wp\/v2\/pages\/5064\/revisions"}],"predecessor-version":[{"id":5639,"href":"https:\/\/www.alliancefr.pt\/algarve\/wp-json\/wp\/v2\/pages\/5064\/revisions\/5639"}],"wp:attachment":[{"href":"https:\/\/www.alliancefr.pt\/algarve\/wp-json\/wp\/v2\/media?parent=5064"}],"curies":[{"name":"wp","href":"https:\/\/api.w.org\/{rel}","templated":true}]}}