{"id":170,"date":"2017-08-21T15:49:40","date_gmt":"2017-08-21T15:49:40","guid":{"rendered":"https:\/\/www.alliancefr.pt\/algarve\/?page_id=170"},"modified":"2023-04-19T13:58:38","modified_gmt":"2023-04-19T13:58:38","slug":"tornar-se-socio","status":"publish","type":"page","link":"https:\/\/www.alliancefr.pt\/algarve\/quem-somos\/tornar-se-socio\/","title":{"rendered":"Tornar-se s\u00f3cio"},"content":{"rendered":"<p>[et_pb_section bb_built=&#8221;1&#8243; _builder_version=&#8221;3.0.59&#8243; background_image=&#8221;https:\/\/www.alliancefr.pt\/algarve\/wp-content\/uploads\/sites\/8\/2017\/09\/bg-triangular-gris-2-1.jpg&#8221;][et_pb_row _builder_version=&#8221;3.0.59&#8243; background_position_1=&#8221;top_left&#8221; background_repeat_1=&#8221;no-repeat&#8221; module_class=&#8221;bem-vindo-bloc&#8221; background_position=&#8221;top_left&#8221; background_repeat=&#8221;repeat&#8221; background_size=&#8221;initial&#8221;][et_pb_column type=&#8221;4_4&#8243;][et_pb_text admin_label=&#8221;Titulo&#8221; _builder_version=&#8221;3.0.59&#8243; background_layout=&#8221;light&#8221; text_orientation=&#8221;center&#8221; border_style=&#8221;solid&#8221; custom_padding=&#8221;|10%||10%&#8221; module_class=&#8221;titlebloc-1&#8243; header_font=&#8221;|||on|&#8221;]<\/p>\n<h2 style=\"text-align: center;\">JUNTE-SE \u00c0 ALLIANCE FRAN\u00c7AISE DO ALGARVE<\/h2>\n<p>[\/et_pb_text][et_pb_text admin_label=&#8221;Sous titre&#8221; _builder_version=&#8221;3.0.59&#8243; background_layout=&#8221;light&#8221; text_orientation=&#8221;left&#8221; border_style=&#8221;solid&#8221;]<\/p>\n<p style=\"text-align: center;\"><strong>PARA ADERIR A ASSOCIA\u00c7\u00c3O, SIGA O PROCEDIMENTO ABAIXO.<\/strong><\/p>\n<p>[\/et_pb_text][et_pb_text admin_label=&#8221;Texto descri\u00e7\u00e3o&#8221; _builder_version=&#8221;3.0.59&#8243; background_layout=&#8221;light&#8221; text_orientation=&#8221;left&#8221; border_style=&#8221;solid&#8221; custom_padding=&#8221;|10%||10%&#8221; module_class=&#8221;titlebloc-1&#8243;]<\/p>\n<ol>\n<li>Preencha o formul\u00e1rio de ades\u00e3o (um formul\u00e1rio por pessoa), n\u00e3o se esque\u00e7a de carregar a sua fotogr\u00e1fia de identidade : <a href=\"https:\/\/www.app.quotagest.com\/app\/inscricao\/fc135bd75b5b83f4\" target=\"_blank\" rel=\"noopener\">clique aqui<\/a><\/li>\n<li>Efetue o download das condi\u00e7\u00f5es gerais de ades\u00e3o e reenvie-as assinadas : <a href=\"https:\/\/www.alliancefr.pt\/algarve\/wp-content\/uploads\/sites\/8\/2023\/02\/CONDICOES-GERAIS-ADESAO-2023.pdf\" target=\"_blank\" rel=\"noopener\">download das condi\u00e7\u00f5es gerais de ades\u00e3o<\/a><\/li>\n<li>Efetue o pagamento da sua quota num valor de 30 euros para uma pessoa e de 50 euros para um casal para o IBAN : <a href=\"https:\/\/www.alliancefr.pt\/algarve\/wp-content\/uploads\/sites\/8\/2023\/02\/NIB-IBAN-AF-Algarve.pdf\" target=\"_blank\" rel=\"noopener\">ver o IBAN<\/a><\/li>\n<\/ol>\n<p>&nbsp;<\/p>\n<p>[\/et_pb_text][\/et_pb_column][\/et_pb_row][\/et_pb_section][et_pb_section bb_built=&#8221;1&#8243; fullwidth=&#8221;off&#8221; specialty=&#8221;off&#8221; _builder_version=&#8221;3.0.59&#8243; background_image=&#8221;https:\/\/www.alliancefr.pt\/algarve\/wp-content\/uploads\/sites\/8\/2017\/08\/trabalha_connosco.jpg&#8221; parallax=&#8221;on&#8221;][et_pb_row _builder_version=&#8221;3.0.59&#8243; background_position_1=&#8221;top_left&#8221; background_repeat_1=&#8221;no-repeat&#8221; background_position_2=&#8221;top_left&#8221; background_repeat_2=&#8221;no-repeat&#8221; padding_top_2=&#8221;30px&#8221;][et_pb_column type=&#8221;4_4&#8243;][et_pb_text admin_label=&#8221;desafio&#8221; _builder_version=&#8221;3.0.59&#8243; background_layout=&#8221;dark&#8221; text_orientation=&#8221;left&#8221; text_font=&#8221;Open Sans||||&#8221; text_font_size=&#8221;24&#8243; text_text_color=&#8221;#ffffff&#8221; header_font=&#8221;Lato||||&#8221; header_font_size=&#8221;36px&#8221; header_text_color=&#8221;#ffffff&#8221; border_style=&#8221;solid&#8221; module_class=&#8221;traducao-bloc&#8221; custom_padding=&#8221;|10%||10%&#8221; text_line_height=&#8221;1.8em&#8221;]<\/p>\n<p style=\"text-align: center;\"><em><strong>Ao tornar-se s\u00f3cio da Alliance Fran\u00e7aise de l&#8217;Algarve, junta-se a uma comunidade de mais de 400 pessoas. Faz parte duma comunidade de franc\u00f3fonos e de franc\u00f3filos e beneficia de vantagens exclusivas.<\/strong><\/em><\/p>\n<p>[\/et_pb_text][\/et_pb_column][\/et_pb_row][\/et_pb_section][et_pb_section bb_built=&#8221;1&#8243; _builder_version=&#8221;3.0.59&#8243; background_color=&#8221;#ffffff&#8221;][et_pb_row _builder_version=&#8221;3.0.59&#8243; background_position_1=&#8221;top_left&#8221; background_repeat_1=&#8221;no-repeat&#8221; module_class=&#8221;bem-vindo-bloc&#8221; background_position=&#8221;top_left&#8221; background_repeat=&#8221;repeat&#8221; background_size=&#8221;initial&#8221;][et_pb_column type=&#8221;4_4&#8243;][et_pb_text admin_label=&#8221;Titulo&#8221; _builder_version=&#8221;3.0.59&#8243; background_layout=&#8221;light&#8221; text_orientation=&#8221;center&#8221; border_style=&#8221;solid&#8221; custom_padding=&#8221;|10%||10%&#8221; module_class=&#8221;titlebloc-1&#8243; header_font=&#8221;|||on|&#8221;]<\/p>\n<h2 style=\"text-align: center;\">QUER FAZER PARTE DOS S\u00d3CIOS DA<\/h2>\n<h2 style=\"text-align: center;\">ALLIANCE FRAN\u00c7AISE DO ALGARVE ?<\/h2>\n<p>[\/et_pb_text][et_pb_text _builder_version=&#8221;3.0.59&#8243; background_layout=&#8221;light&#8221; text_orientation=&#8221;left&#8221; border_style=&#8221;solid&#8221;]<\/p>\n<h3>AS VANTAGENS<\/h3>\n<h5><\/h5>\n<h5>Acesso gratuito \u00e0 Cultureth\u00e8que<\/h5>\n<p>Cultureth\u00e8que \u00e9 uma mediateca online que lhe permite ter acesso aos principais jornais franceses e revistas de informa\u00e7\u00e3o e cultura, mas tamb\u00e9m a um grande n\u00famero de livros digitais, conte\u00fados musicais e outros documentos digitais.<\/p>\n<h5><\/h5>\n<h5>Acesso \u00e0 nossa Mediateca<\/h5>\n<p>A Mediateca da Alliance Fran\u00e7aise do Algarve \u00e9 a maior Mediateca franc\u00f3fona do Algarve. Encontrar\u00e1 romances cl\u00e1ssicos, romances contempor\u00e2neos, romances policiais, banda desenhada e muito mais.<\/p>\n<h5><\/h5>\n<h5>Eventos exclusivos<\/h5>\n<p>A associa\u00e7\u00e3o quere propor aos seus s\u00f3cios momentos privilegiados de conv\u00edvio acess\u00edveis apenas a eles.<\/p>\n<h5><\/h5>\n<h5>Inscri\u00e7\u00f5es priorit\u00e1rias<\/h5>\n<p>Para cada evento de conv\u00edvio ou cultural organizado pela Alliance Fran\u00e7aise do Algarve, os nossos s\u00f3cios t\u00eam acesso a inscri\u00e7\u00f5es priorit\u00e1rias. Uma forma de garantir que pode participar em tudo o que quiser : almo\u00e7os em escolas de hotelaria, passeios por Portugal, pe\u00e7as de teatro, concertos&#8230;<\/p>\n<h5><\/h5>\n<h5>Tarifas reduzidas nas atividades organizadas pela AF<\/h5>\n<p>Porque apoia as atividades da associa\u00e7\u00e3o atrav\u00e9s da sua ades\u00e3o, parece-nos essencial oferecer-lhe pre\u00e7os reduzidos para todas as nossas atividades propostas.<\/p>\n<h5><\/h5>\n<h5>Acesso a conte\u00fados exclusivos<\/h5>\n<p>Puntualmente, a associa\u00e7\u00e3o comunica conte\u00fados exclusivos aos seus s\u00f3cios (M\u00e9dicos que falam franc\u00eas, etc.)<\/p>\n<h5><\/h5>\n<h5>Vantagens com os nossos parceiros<\/h5>\n<p>A Alliance Fran\u00e7aise do Algarve gostaria de oferecer-lhe cada vez mais vantagens. Esta ent\u00e3o trabalhando na constru\u00e7\u00e3o de parcerias com empresas de todo o Algarve para que possa beneficiar de novas vantagens.<\/p>\n<p>&nbsp;<\/p>\n<p>[\/et_pb_text][et_pb_button _builder_version=&#8221;3.0.59&#8243; button_text=&#8221;Ver parceiros&#8221; button_url=&#8221;https:\/\/www.alliancefr.pt\/algarve\/protocolos-e-parcerias\/&#8221; url_new_window=&#8221;off&#8221; button_alignment=&#8221;center&#8221; background_layout=&#8221;light&#8221; custom_button=&#8221;off&#8221; button_border_width=&#8221;0&#8243; button_border_radius=&#8221;0&#8243; button_letter_spacing=&#8221;0&#8243; button_icon_placement=&#8221;right&#8221; button_border_radius_hover=&#8221;0&#8243; button_letter_spacing_hover=&#8221;0&#8243; \/][\/et_pb_column][\/et_pb_row][et_pb_row _builder_version=&#8221;3.0.59&#8243; background_position_1=&#8221;top_left&#8221; background_repeat_1=&#8221;no-repeat&#8221; module_class=&#8221;bem-vindo-bloc&#8221; custom_margin=&#8221;20px|||&#8221; custom_padding=&#8221;|10%||10%&#8221; custom_margin_tablet=&#8221;0px|||&#8221; custom_margin_last_edited=&#8221;on|tablet&#8221;][et_pb_column type=&#8221;4_4&#8243;][\/et_pb_column][\/et_pb_row][\/et_pb_section]<\/p>\n","protected":false},"excerpt":{"rendered":"<p>JUNTE-SE \u00c0 ALLIANCE FRAN\u00c7AISE DO ALGARVE PARA ADERIR A ASSOCIA\u00c7\u00c3O, SIGA O PROCEDIMENTO ABAIXO. Preencha o formul\u00e1rio de ades\u00e3o (um formul\u00e1rio por pessoa), n\u00e3o se esque\u00e7a de carregar a sua fotogr\u00e1fia de identidade : clique aqui Efetue o download das condi\u00e7\u00f5es gerais de ades\u00e3o e reenvie-as assinadas : download das condi\u00e7\u00f5es gerais de ades\u00e3o Efetue [&hellip;]<\/p>\n","protected":false},"author":1,"featured_media":6733,"parent":79,"menu_order":0,"comment_status":"closed","ping_status":"closed","template":"","meta":{"_acf_changed":false,"_et_pb_use_builder":"on","_et_pb_old_content":"","_et_gb_content_width":"","_exactmetrics_skip_tracking":false,"_exactmetrics_sitenote_active":false,"_exactmetrics_sitenote_note":"","_exactmetrics_sitenote_category":0,"footnotes":""},"class_list":["post-170","page","type-page","status-publish","has-post-thumbnail","hentry"],"acf":[],"yoast_head":"<!-- This site is optimized with the Yoast SEO plugin v27.0 - https:\/\/yoast.com\/product\/yoast-seo-wordpress\/ -->\n<title>Alliance Fran\u00e7aise Algarve - Tornar-se s\u00f3cio<\/title>\n<meta name=\"description\" content=\"Para aproveitar das nossas vantagens e participar aos nossos eventos e cursos, torne-se s\u00f3cio da Alliance Fran\u00e7aise do Algarve.\" \/>\n<meta name=\"robots\" content=\"index, follow, max-snippet:-1, max-image-preview:large, max-video-preview:-1\" \/>\n<link rel=\"canonical\" href=\"https:\/\/www.alliancefr.pt\/algarve\/quem-somos\/tornar-se-socio\/\" \/>\n<meta property=\"og:locale\" content=\"pt_PT\" \/>\n<meta property=\"og:type\" content=\"article\" \/>\n<meta property=\"og:title\" content=\"Alliance Fran\u00e7aise Algarve - Tornar-se s\u00f3cio\" \/>\n<meta property=\"og:description\" content=\"Para aproveitar das nossas vantagens e participar aos nossos eventos e cursos, torne-se s\u00f3cio da Alliance Fran\u00e7aise do Algarve.\" \/>\n<meta property=\"og:url\" content=\"https:\/\/www.alliancefr.pt\/algarve\/quem-somos\/tornar-se-socio\/\" \/>\n<meta property=\"og:site_name\" content=\"Alliance Fran\u00e7aise Algarve\" \/>\n<meta property=\"article:publisher\" content=\"https:\/\/www.facebook.com\/allianceflisboa\/\" \/>\n<meta property=\"article:modified_time\" content=\"2023-04-19T13:58:38+00:00\" \/>\n<meta property=\"og:image\" content=\"https:\/\/www.alliancefr.pt\/algarve\/wp-content\/uploads\/sites\/8\/2023\/02\/TORNAR-SE-SOCIO.png\" \/>\n\t<meta property=\"og:image:width\" content=\"770\" \/>\n\t<meta property=\"og:image:height\" content=\"420\" \/>\n\t<meta property=\"og:image:type\" content=\"image\/png\" \/>\n<meta name=\"twitter:card\" content=\"summary_large_image\" \/>\n<meta name=\"twitter:label1\" content=\"Tempo estimado de leitura\" \/>\n\t<meta name=\"twitter:data1\" content=\"4 minutos\" \/>\n<script type=\"application\/ld+json\" class=\"yoast-schema-graph\">{\"@context\":\"https:\/\/schema.org\",\"@graph\":[{\"@type\":\"WebPage\",\"@id\":\"https:\/\/www.alliancefr.pt\/algarve\/quem-somos\/tornar-se-socio\/\",\"url\":\"https:\/\/www.alliancefr.pt\/algarve\/quem-somos\/tornar-se-socio\/\",\"name\":\"Alliance Fran\u00e7aise Algarve - Tornar-se s\u00f3cio\",\"isPartOf\":{\"@id\":\"https:\/\/www.alliancefr.pt\/algarve\/#website\"},\"primaryImageOfPage\":{\"@id\":\"https:\/\/www.alliancefr.pt\/algarve\/quem-somos\/tornar-se-socio\/#primaryimage\"},\"image\":{\"@id\":\"https:\/\/www.alliancefr.pt\/algarve\/quem-somos\/tornar-se-socio\/#primaryimage\"},\"thumbnailUrl\":\"https:\/\/www.alliancefr.pt\/algarve\/wp-content\/uploads\/sites\/8\/2023\/02\/TORNAR-SE-SOCIO.png\",\"datePublished\":\"2017-08-21T15:49:40+00:00\",\"dateModified\":\"2023-04-19T13:58:38+00:00\",\"description\":\"Para aproveitar das nossas vantagens e participar aos nossos eventos e cursos, torne-se s\u00f3cio da Alliance Fran\u00e7aise do Algarve.\",\"breadcrumb\":{\"@id\":\"https:\/\/www.alliancefr.pt\/algarve\/quem-somos\/tornar-se-socio\/#breadcrumb\"},\"inLanguage\":\"pt-PT\",\"potentialAction\":[{\"@type\":\"ReadAction\",\"target\":[\"https:\/\/www.alliancefr.pt\/algarve\/quem-somos\/tornar-se-socio\/\"]}]},{\"@type\":\"ImageObject\",\"inLanguage\":\"pt-PT\",\"@id\":\"https:\/\/www.alliancefr.pt\/algarve\/quem-somos\/tornar-se-socio\/#primaryimage\",\"url\":\"https:\/\/www.alliancefr.pt\/algarve\/wp-content\/uploads\/sites\/8\/2023\/02\/TORNAR-SE-SOCIO.png\",\"contentUrl\":\"https:\/\/www.alliancefr.pt\/algarve\/wp-content\/uploads\/sites\/8\/2023\/02\/TORNAR-SE-SOCIO.png\",\"width\":770,\"height\":420,\"caption\":\"TORNAR SE SOCIO\"},{\"@type\":\"BreadcrumbList\",\"@id\":\"https:\/\/www.alliancefr.pt\/algarve\/quem-somos\/tornar-se-socio\/#breadcrumb\",\"itemListElement\":[{\"@type\":\"ListItem\",\"position\":1,\"name\":\"In\u00edcio\",\"item\":\"https:\/\/www.alliancefr.pt\/algarve\/\"},{\"@type\":\"ListItem\",\"position\":2,\"name\":\"Quem somos\",\"item\":\"https:\/\/www.alliancefr.pt\/algarve\/quem-somos\/\"},{\"@type\":\"ListItem\",\"position\":3,\"name\":\"Tornar-se s\u00f3cio\"}]},{\"@type\":\"WebSite\",\"@id\":\"https:\/\/www.alliancefr.pt\/algarve\/#website\",\"url\":\"https:\/\/www.alliancefr.pt\/algarve\/\",\"name\":\"Alliance Fran\u00e7aise Algarve\",\"description\":\"Alliances Fran\u00e7aises de Lisbonne\",\"potentialAction\":[{\"@type\":\"SearchAction\",\"target\":{\"@type\":\"EntryPoint\",\"urlTemplate\":\"https:\/\/www.alliancefr.pt\/algarve\/?s={search_term_string}\"},\"query-input\":{\"@type\":\"PropertyValueSpecification\",\"valueRequired\":true,\"valueName\":\"search_term_string\"}}],\"inLanguage\":\"pt-PT\"}]}<\/script>\n<!-- \/ Yoast SEO plugin. -->","yoast_head_json":{"title":"Alliance Fran\u00e7aise Algarve - Tornar-se s\u00f3cio","description":"Para aproveitar das nossas vantagens e participar aos nossos eventos e cursos, torne-se s\u00f3cio da Alliance Fran\u00e7aise do Algarve.","robots":{"index":"index","follow":"follow","max-snippet":"max-snippet:-1","max-image-preview":"max-image-preview:large","max-video-preview":"max-video-preview:-1"},"canonical":"https:\/\/www.alliancefr.pt\/algarve\/quem-somos\/tornar-se-socio\/","og_locale":"pt_PT","og_type":"article","og_title":"Alliance Fran\u00e7aise Algarve - Tornar-se s\u00f3cio","og_description":"Para aproveitar das nossas vantagens e participar aos nossos eventos e cursos, torne-se s\u00f3cio da Alliance Fran\u00e7aise do Algarve.","og_url":"https:\/\/www.alliancefr.pt\/algarve\/quem-somos\/tornar-se-socio\/","og_site_name":"Alliance Fran\u00e7aise Algarve","article_publisher":"https:\/\/www.facebook.com\/allianceflisboa\/","article_modified_time":"2023-04-19T13:58:38+00:00","og_image":[{"width":770,"height":420,"url":"https:\/\/www.alliancefr.pt\/algarve\/wp-content\/uploads\/sites\/8\/2023\/02\/TORNAR-SE-SOCIO.png","type":"image\/png"}],"twitter_card":"summary_large_image","twitter_misc":{"Tempo estimado de leitura":"4 minutos"},"schema":{"@context":"https:\/\/schema.org","@graph":[{"@type":"WebPage","@id":"https:\/\/www.alliancefr.pt\/algarve\/quem-somos\/tornar-se-socio\/","url":"https:\/\/www.alliancefr.pt\/algarve\/quem-somos\/tornar-se-socio\/","name":"Alliance Fran\u00e7aise Algarve - Tornar-se s\u00f3cio","isPartOf":{"@id":"https:\/\/www.alliancefr.pt\/algarve\/#website"},"primaryImageOfPage":{"@id":"https:\/\/www.alliancefr.pt\/algarve\/quem-somos\/tornar-se-socio\/#primaryimage"},"image":{"@id":"https:\/\/www.alliancefr.pt\/algarve\/quem-somos\/tornar-se-socio\/#primaryimage"},"thumbnailUrl":"https:\/\/www.alliancefr.pt\/algarve\/wp-content\/uploads\/sites\/8\/2023\/02\/TORNAR-SE-SOCIO.png","datePublished":"2017-08-21T15:49:40+00:00","dateModified":"2023-04-19T13:58:38+00:00","description":"Para aproveitar das nossas vantagens e participar aos nossos eventos e cursos, torne-se s\u00f3cio da Alliance Fran\u00e7aise do Algarve.","breadcrumb":{"@id":"https:\/\/www.alliancefr.pt\/algarve\/quem-somos\/tornar-se-socio\/#breadcrumb"},"inLanguage":"pt-PT","potentialAction":[{"@type":"ReadAction","target":["https:\/\/www.alliancefr.pt\/algarve\/quem-somos\/tornar-se-socio\/"]}]},{"@type":"ImageObject","inLanguage":"pt-PT","@id":"https:\/\/www.alliancefr.pt\/algarve\/quem-somos\/tornar-se-socio\/#primaryimage","url":"https:\/\/www.alliancefr.pt\/algarve\/wp-content\/uploads\/sites\/8\/2023\/02\/TORNAR-SE-SOCIO.png","contentUrl":"https:\/\/www.alliancefr.pt\/algarve\/wp-content\/uploads\/sites\/8\/2023\/02\/TORNAR-SE-SOCIO.png","width":770,"height":420,"caption":"TORNAR SE SOCIO"},{"@type":"BreadcrumbList","@id":"https:\/\/www.alliancefr.pt\/algarve\/quem-somos\/tornar-se-socio\/#breadcrumb","itemListElement":[{"@type":"ListItem","position":1,"name":"In\u00edcio","item":"https:\/\/www.alliancefr.pt\/algarve\/"},{"@type":"ListItem","position":2,"name":"Quem somos","item":"https:\/\/www.alliancefr.pt\/algarve\/quem-somos\/"},{"@type":"ListItem","position":3,"name":"Tornar-se s\u00f3cio"}]},{"@type":"WebSite","@id":"https:\/\/www.alliancefr.pt\/algarve\/#website","url":"https:\/\/www.alliancefr.pt\/algarve\/","name":"Alliance Fran\u00e7aise Algarve","description":"Alliances Fran\u00e7aises de Lisbonne","potentialAction":[{"@type":"SearchAction","target":{"@type":"EntryPoint","urlTemplate":"https:\/\/www.alliancefr.pt\/algarve\/?s={search_term_string}"},"query-input":{"@type":"PropertyValueSpecification","valueRequired":true,"valueName":"search_term_string"}}],"inLanguage":"pt-PT"}]}},"_links":{"self":[{"href":"https:\/\/www.alliancefr.pt\/algarve\/wp-json\/wp\/v2\/pages\/170","targetHints":{"allow":["GET"]}}],"collection":[{"href":"https:\/\/www.alliancefr.pt\/algarve\/wp-json\/wp\/v2\/pages"}],"about":[{"href":"https:\/\/www.alliancefr.pt\/algarve\/wp-json\/wp\/v2\/types\/page"}],"author":[{"embeddable":true,"href":"https:\/\/www.alliancefr.pt\/algarve\/wp-json\/wp\/v2\/users\/1"}],"replies":[{"embeddable":true,"href":"https:\/\/www.alliancefr.pt\/algarve\/wp-json\/wp\/v2\/comments?post=170"}],"version-history":[{"count":78,"href":"https:\/\/www.alliancefr.pt\/algarve\/wp-json\/wp\/v2\/pages\/170\/revisions"}],"predecessor-version":[{"id":6862,"href":"https:\/\/www.alliancefr.pt\/algarve\/wp-json\/wp\/v2\/pages\/170\/revisions\/6862"}],"up":[{"embeddable":true,"href":"https:\/\/www.alliancefr.pt\/algarve\/wp-json\/wp\/v2\/pages\/79"}],"wp:featuredmedia":[{"embeddable":true,"href":"https:\/\/www.alliancefr.pt\/algarve\/wp-json\/wp\/v2\/media\/6733"}],"wp:attachment":[{"href":"https:\/\/www.alliancefr.pt\/algarve\/wp-json\/wp\/v2\/media?parent=170"}],"curies":[{"name":"wp","href":"https:\/\/api.w.org\/{rel}","templated":true}]}}