{"id":5065,"date":"2018-05-02T10:20:53","date_gmt":"2018-05-02T10:20:53","guid":{"rendered":"https:\/\/www.alliancefr.pt\/algarve\/?page_id=5065"},"modified":"2020-05-05T10:10:06","modified_gmt":"2020-05-05T10:10:06","slug":"mediatheque","status":"publish","type":"page","link":"https:\/\/www.alliancefr.pt\/algarve\/fr\/mediatheque\/","title":{"rendered":"M\u00e9diath\u00e8que"},"content":{"rendered":"<p>[et_pb_section bb_built=&#8221;1&#8243; _builder_version=&#8221;3.0.59&#8243; background_image=&#8221;https:\/\/www.alliancefr.pt\/algarve\/wp-content\/uploads\/sites\/8\/2017\/08\/bg-triangular-gris-2.jpg&#8221;][et_pb_row _builder_version=&#8221;3.0.59&#8243; background_position_1=&#8221;top_left&#8221; background_repeat_1=&#8221;no-repeat&#8221; module_class=&#8221;bem-vindo-bloc&#8221; background_position=&#8221;top_left&#8221; background_repeat=&#8221;repeat&#8221; background_size=&#8221;initial&#8221;][et_pb_column type=&#8221;4_4&#8243;][et_pb_text admin_label=&#8221;Titulo&#8221; _builder_version=&#8221;3.0.59&#8243; background_layout=&#8221;light&#8221; text_orientation=&#8221;center&#8221; border_style=&#8221;solid&#8221; custom_padding=&#8221;|10%||10%&#8221; module_class=&#8221;titlebloc-1&#8243; header_font=&#8221;|||on|&#8221; disabled=&#8221;on&#8221;]<\/p>\n<h2 style=\"text-align: center;\">M\u00e9diath\u00e8que<\/h2>\n<p>[\/et_pb_text][et_pb_text admin_label=&#8221;Titulo&#8221; _builder_version=&#8221;3.0.59&#8243; background_layout=&#8221;light&#8221; text_orientation=&#8221;center&#8221; border_style=&#8221;solid&#8221; custom_padding=&#8221;|10%||10%&#8221; module_class=&#8221;titlebloc-1&#8243; header_font=&#8221;|||on|&#8221; disabled=&#8221;on&#8221;]<\/p>\n<h2 style=\"text-align: center;\">M\u00e9diath\u00e8que<\/h2>\n<p>[\/et_pb_text][et_pb_text admin_label=&#8221;Titulo&#8221; _builder_version=&#8221;3.0.59&#8243; background_layout=&#8221;light&#8221; text_orientation=&#8221;center&#8221; border_style=&#8221;solid&#8221; custom_padding=&#8221;|10%||10%&#8221; module_class=&#8221;titlebloc-1&#8243; header_font=&#8221;|||on|&#8221; disabled=&#8221;on&#8221;]<\/p>\n<h2 style=\"text-align: center;\">M\u00e9diath\u00e8que<\/h2>\n<p>[\/et_pb_text][et_pb_text admin_label=&#8221;Sob Titulo&#8221; _builder_version=&#8221;3.0.59&#8243; background_layout=&#8221;light&#8221; text_orientation=&#8221;center&#8221; text_font=&#8221;Roboto|||on|&#8221; text_font_size=&#8221;16&#8243; text_text_color=&#8221;#333333&#8243; border_style=&#8221;solid&#8221; custom_padding=&#8221;|10%||10%&#8221; saved_tabs=&#8221;all&#8221;]<\/p>\n<p>La m\u00e9diath\u00e8que de l\u2019Alliance Fran\u00e7aise Algarve est une des plus importantes m\u00e9diath\u00e8ques francophones de la r\u00e9gion.<\/p>\n<p>[\/et_pb_text][et_pb_text admin_label=&#8221;Texto descri\u00e7\u00e3o&#8221; _builder_version=&#8221;3.0.59&#8243; background_layout=&#8221;light&#8221; text_orientation=&#8221;center&#8221; border_style=&#8221;solid&#8221; custom_padding=&#8221;|10%||10%&#8221; module_class=&#8221;titlebloc-1&#8243;]<\/p>\n<p style=\"text-align: center;\">De nombreuses ressources sont \u00e0 la disposition des membres et apprenants de l\u2019association. Vous trouverez ainsi les sections romans policiers, romans \u00e9trangers traduits en fran\u00e7ais, romans contemporains, romans classiques de la litt\u00e9rature fran\u00e7aise, des romans francophones, des romans de science-fiction mais aussi des t\u00e9moignages et des essais traitant de questions de soci\u00e9t\u00e9.<\/p>\n<p style=\"text-align: center;\">Un fonds jeunesse est \u00e9galement \u00e0 votre disposition; trois sections de romans d\u00e9limit\u00e9es par \u00e2ge : enfance, jeunesse et adolescence.<\/p>\n<p style=\"text-align: center;\">Le rayon Bandes dessin\u00e9es plaira aux adultes comme aux plus jeunes.<\/p>\n<p style=\"text-align: center;\">Pour les apprenants de Fran\u00e7ais Langue \u00e9trang\u00e8re, une section Biblioth\u00e8que de l\u2019Apprenant a \u00e9t\u00e9 cr\u00e9\u00e9e. Elle permet ainsi \u00e0 des apprenants de fran\u00e7ais d\u2019avoir acc\u00e8s \u00e0 la culture litt\u00e9raire, ind\u00e9pendamment de leur niveau de maitrise de la langue fran\u00e7aise.<\/p>\n<p style=\"text-align: center;\">La m\u00e9diath\u00e8que vous propose r\u00e9guli\u00e8rement des tables th\u00e9matiques ainsi que des propositions de lectures.<\/p>\n<p style=\"text-align: center;\">Chaque \u00e9l\u00e8ve\/membre peut emprunter 5 documents dont 2 DVD maximum, pour une dur\u00e9e de 4 semaines. Les ouvrages de la Biblioth\u00e8que de l\u2019Apprenant sont limit\u00e9s \u00e0 3 emprunts pour une dur\u00e9e de 2 semaines.<\/p>\n<p style=\"text-align: center;\">En suivant le lien qui suit vous trouverez le catalogue en ligne de la m\u00e9diath\u00e8que sur lequel vous retrouverez toutes les informations n\u00e9cessaires.<\/p>\n<p>[\/et_pb_text][et_pb_button _builder_version=&#8221;3.0.59&#8243; button_text=&#8221;Catalogue M\u00e9diath\u00e8que&#8221; button_url=&#8221;http:\/\/www.algarve.alliancefr.pt\/opac_css\/&#8221; url_new_window=&#8221;on&#8221; button_alignment=&#8221;center&#8221; background_layout=&#8221;light&#8221; custom_button=&#8221;off&#8221; button_border_width=&#8221;0&#8243; button_border_radius=&#8221;0&#8243; button_letter_spacing=&#8221;0&#8243; button_icon_placement=&#8221;right&#8221; button_border_radius_hover=&#8221;0&#8243; button_letter_spacing_hover=&#8221;0&#8243; \/][et_pb_text admin_label=&#8221;Texto Cultureth\u00e8que&#8221; _builder_version=&#8221;3.0.59&#8243; background_layout=&#8221;light&#8221; text_orientation=&#8221;left&#8221; border_style=&#8221;solid&#8221;]<\/p>\n<p style=\"text-align: center;\">Enfin, l&#8217;Alliance Fran\u00e7aise de l&#8217;Algarve vous propose de d\u00e9couvrir <a href=\"https:\/\/www.culturetheque.com\/exploitation\/PRT\/accueil-portal.aspx\">Cultureth\u00e8que<\/a>, la plus grande m\u00e9diath\u00e8que virtuelle francophone au monde. Plus d&#8217;informations <a href=\"https:\/\/www.alliancefr.pt\/algarve\/fr\/culturetheque\/\">ici.<\/a><\/p>\n<p>[\/et_pb_text][\/et_pb_column][\/et_pb_row][\/et_pb_section][et_pb_section bb_built=&#8221;1&#8243; fullwidth=&#8221;off&#8221; specialty=&#8221;off&#8221; _builder_version=&#8221;3.0.59&#8243; background_image=&#8221;https:\/\/www.alliancefr.pt\/algarve\/wp-content\/uploads\/sites\/8\/2018\/04\/forma\u00e7\u00f5es-de-frances-em-faro.jpg&#8221; parallax=&#8221;on&#8221;][et_pb_row _builder_version=&#8221;3.0.59&#8243; background_position_1=&#8221;top_left&#8221; background_repeat_1=&#8221;no-repeat&#8221; background_position_2=&#8221;top_left&#8221; background_repeat_2=&#8221;no-repeat&#8221; padding_top_2=&#8221;30px&#8221;][et_pb_column type=&#8221;4_4&#8243;][et_pb_text admin_label=&#8221;Tradu\u00e7\u00e3o&#8221; _builder_version=&#8221;3.0.59&#8243; background_layout=&#8221;dark&#8221; text_orientation=&#8221;left&#8221; text_font=&#8221;Open Sans||||&#8221; text_font_size=&#8221;24&#8243; text_text_color=&#8221;#ffffff&#8221; header_font=&#8221;Lato||||&#8221; header_font_size=&#8221;36px&#8221; header_text_color=&#8221;#ffffff&#8221; border_style=&#8221;solid&#8221; module_class=&#8221;traducao-bloc&#8221; custom_padding=&#8221;|10%||10%&#8221; text_line_height=&#8221;1.8em&#8221;]<\/p>\n<p style=\"text-align: center;\"><em>Plongez dans la litt\u00e9rature, la musique et le cin\u00e9ma fran\u00e7ais et red\u00e9couvrez les richesses du monde francophone \u00e0 l\u2019Alliance Fran\u00e7aise de l\u2019Algarve.<\/em><\/p>\n<p>[\/et_pb_text][\/et_pb_column][\/et_pb_row][\/et_pb_section][et_pb_section bb_built=&#8221;1&#8243; _builder_version=&#8221;3.0.59&#8243; background_color=&#8221;#ffffff&#8221; disabled=&#8221;on&#8221; disabled_on=&#8221;on|on|on&#8221;][et_pb_row _builder_version=&#8221;3.0.59&#8243; background_position_1=&#8221;top_left&#8221; background_repeat_1=&#8221;no-repeat&#8221; module_class=&#8221;bem-vindo-bloc&#8221; background_position=&#8221;top_left&#8221; background_repeat=&#8221;repeat&#8221; background_size=&#8221;initial&#8221;][et_pb_column type=&#8221;4_4&#8243;][et_pb_text admin_label=&#8221;Titulo&#8221; _builder_version=&#8221;3.0.59&#8243; background_layout=&#8221;light&#8221; text_orientation=&#8221;center&#8221; border_style=&#8221;solid&#8221; custom_padding=&#8221;|10%||10%&#8221; module_class=&#8221;titlebloc-1&#8243; header_font=&#8221;|||on|&#8221;]<\/p>\n<h2 style=\"text-align: center;\">Devis gratuit<\/h2>\n<p>[\/et_pb_text][et_pb_text admin_label=&#8221;Sob Titulo&#8221; _builder_version=&#8221;3.0.59&#8243; background_layout=&#8221;light&#8221; text_orientation=&#8221;center&#8221; text_font=&#8221;Roboto|||on|&#8221; text_font_size=&#8221;16&#8243; text_text_color=&#8221;#333333&#8243; border_style=&#8221;solid&#8221; custom_padding=&#8221;|10%||10%&#8221; saved_tabs=&#8221;all&#8221;]<\/p>\n<p style=\"text-align: center;\">Plongez dans la litt\u00e9rature, la musique et le cin\u00e9ma fran\u00e7ais et red\u00e9couvrez les richesses du monde francophone \u00e0 l\u2019Alliance Fran\u00e7aise de l\u2019Algarve.<\/p>\n<p>[\/et_pb_text][\/et_pb_column][\/et_pb_row][et_pb_row _builder_version=&#8221;3.0.59&#8243; background_position_1=&#8221;top_left&#8221; background_repeat_1=&#8221;no-repeat&#8221; custom_margin=&#8221;20px|||&#8221; custom_padding=&#8221;|10%||10%&#8221; custom_padding_last_edited=&#8221;on|tablet&#8221; custom_padding_tablet=&#8221;|0px||0px&#8221;][et_pb_column type=&#8221;4_4&#8243;][et_pb_lino_form _builder_version=&#8221;3.0.59&#8243; captcha=&#8221;on&#8221; use_excel=&#8221;off&#8221; use_redirect=&#8221;off&#8221; title_font_size_tablet=&#8221;51&#8243; title_line_height_tablet=&#8221;2&#8243; form_field_font_size_tablet=&#8221;51&#8243; form_field_line_height_tablet=&#8221;2&#8243; input_border_radius=&#8221;0&#8243; border_style=&#8221;solid&#8221; custom_button=&#8221;off&#8221; button_border_width=&#8221;0&#8243; button_border_radius=&#8221;0&#8243; button_letter_spacing=&#8221;0&#8243; button_icon_placement=&#8221;right&#8221; button_border_radius_hover=&#8221;0&#8243; button_letter_spacing_hover=&#8221;0&#8243; success_message=&#8221;Pedido de or\u00e7amento enviado com sucesso.&#8221; submit_button_text=&#8221;ENVOYER&#8221; email=&#8221;traducao.lisboa@alliancefr.pt&#8221;]<\/p>\n<p>[et_pb_lino_field field_title=&#8221;Pr\u00e9nom \u2013 Nom &#8221; field_type=&#8221;input&#8221; field_id=&#8221;Name&#8221; required_mark=&#8221;on&#8221; fullwidth_field=&#8221;on&#8221; checkbox_checked=&#8221;off&#8221; min_length=&#8221;0&#8243; max_length=&#8221;0&#8243; allowed_symbols=&#8221;all&#8221; conditional_logic=&#8221;off&#8221; conditional_logic_relation=&#8221;off&#8221; conditional_logic_rules=&#8221;%91{%22field%22:%22email%22,%22condition%22:%22is%22,%22value%22:%22%22}%93&#8243; form_field_font_select=&#8221;default&#8221; form_field_font=&#8221;||||&#8221; use_border_color=&#8221;off&#8221; border_style=&#8221;solid&#8221; \/][et_pb_lino_field field_title=&#8221;Email&#8221; field_type=&#8221;email&#8221; field_id=&#8221;Email&#8221; required_mark=&#8221;on&#8221; fullwidth_field=&#8221;off&#8221; checkbox_checked=&#8221;off&#8221; min_length=&#8221;0&#8243; max_length=&#8221;0&#8243; allowed_symbols=&#8221;all&#8221; conditional_logic=&#8221;off&#8221; conditional_logic_relation=&#8221;off&#8221; conditional_logic_rules=&#8221;%91{%22field%22:%22name%22,%22condition%22:%22is%22,%22value%22:%22%22}%93&#8243; form_field_font_select=&#8221;default&#8221; form_field_font=&#8221;||||&#8221; use_border_color=&#8221;off&#8221; border_style=&#8221;solid&#8221; \/][et_pb_lino_field field_title=&#8221;T\u00e9l\u00e9phone&#8221; field_type=&#8221;input&#8221; field_id=&#8221;phone&#8221; required_mark=&#8221;on&#8221; fullwidth_field=&#8221;off&#8221; checkbox_checked=&#8221;off&#8221; min_length=&#8221;0&#8243; max_length=&#8221;0&#8243; allowed_symbols=&#8221;all&#8221; conditional_logic=&#8221;off&#8221; conditional_logic_relation=&#8221;off&#8221; conditional_logic_rules=&#8221;%91{%22field%22:%22name%22,%22condition%22:%22is%22,%22value%22:%22%22}%93&#8243; form_field_font_select=&#8221;default&#8221; form_field_font=&#8221;||||&#8221; use_border_color=&#8221;off&#8221; border_style=&#8221;solid&#8221; \/][et_pb_lino_field field_id=&#8221;assunto&#8221; field_title=&#8221;Objet&#8221; field_type=&#8221;input&#8221; checkbox_checked=&#8221;off&#8221; min_length=&#8221;0&#8243; max_length=&#8221;0&#8243; allowed_symbols=&#8221;all&#8221; required_mark=&#8221;on&#8221; conditional_logic=&#8221;off&#8221; conditional_logic_relation=&#8221;off&#8221; conditional_logic_rules=&#8221;%91{%22field%22:%22name%22,%22condition%22:%22is%22,%22value%22:%22%22}%93&#8243; fullwidth_field=&#8221;on&#8221; form_field_font_select=&#8221;default&#8221; form_field_font=&#8221;||||&#8221; use_border_color=&#8221;off&#8221; border_style=&#8221;solid&#8221; \/][et_pb_lino_field field_id=&#8221;message&#8221; field_title=&#8221;Message&#8221; field_type=&#8221;text&#8221; checkbox_checked=&#8221;off&#8221; min_length=&#8221;0&#8243; max_length=&#8221;0&#8243; allowed_symbols=&#8221;all&#8221; required_mark=&#8221;on&#8221; conditional_logic=&#8221;off&#8221; conditional_logic_relation=&#8221;off&#8221; conditional_logic_rules=&#8221;%91{%22field%22:%22name%22,%22condition%22:%22is%22,%22value%22:%22%22}%93&#8243; fullwidth_field=&#8221;on&#8221; form_field_font_select=&#8221;default&#8221; form_field_font=&#8221;||||&#8221; use_border_color=&#8221;off&#8221; border_style=&#8221;solid&#8221; \/][et_pb_lino_field field_id=&#8221;ptfr&#8221; field_title=&#8221;Combinaison linguistique :&#8221; field_type=&#8221;radio&#8221; checkbox_checked=&#8221;off&#8221; radio_options=&#8221;%91{%22value%22:%22Fran\u00e7ais &gt; Portugais%22,%22checked%22:0},{%22value%22:%22Portugais &gt; Fran\u00e7ais%22,%22checked%22:0}%93&#8243; min_length=&#8221;0&#8243; max_length=&#8221;0&#8243; allowed_symbols=&#8221;all&#8221; required_mark=&#8221;on&#8221; conditional_logic=&#8221;off&#8221; conditional_logic_relation=&#8221;off&#8221; conditional_logic_rules=&#8221;%91{%22field%22:%22name%22,%22condition%22:%22is%22,%22value%22:%22%22}%93&#8243; fullwidth_field=&#8221;on&#8221; form_field_font_select=&#8221;default&#8221; form_field_font=&#8221;||||&#8221; use_border_color=&#8221;off&#8221; border_style=&#8221;solid&#8221; \/][et_pb_lino_field field_id=&#8221;doc&#8221; field_title=&#8221;Document&#8221; field_type=&#8221;upload&#8221; checkbox_checked=&#8221;off&#8221; min_length=&#8221;0&#8243; max_length=&#8221;0&#8243; allowed_symbols=&#8221;all&#8221; required_mark=&#8221;on&#8221; conditional_logic=&#8221;off&#8221; conditional_logic_relation=&#8221;off&#8221; conditional_logic_rules=&#8221;%91{%22field%22:%22name%22,%22condition%22:%22is%22,%22value%22:%22%22}%93&#8243; fullwidth_field=&#8221;on&#8221; form_field_font_select=&#8221;default&#8221; form_field_font=&#8221;||||&#8221; use_border_color=&#8221;off&#8221; border_style=&#8221;solid&#8221; \/][et_pb_lino_field field_id=&#8221;doc&#8221; field_title=&#8221;Document&#8221; field_type=&#8221;upload&#8221; checkbox_checked=&#8221;off&#8221; min_length=&#8221;0&#8243; max_length=&#8221;0&#8243; allowed_symbols=&#8221;all&#8221; required_mark=&#8221;on&#8221; conditional_logic=&#8221;off&#8221; conditional_logic_relation=&#8221;off&#8221; conditional_logic_rules=&#8221;%91{%22field%22:%22name%22,%22condition%22:%22is%22,%22value%22:%22%22}%93&#8243; fullwidth_field=&#8221;on&#8221; form_field_font_select=&#8221;default&#8221; form_field_font=&#8221;||||&#8221; use_border_color=&#8221;off&#8221; border_style=&#8221;solid&#8221; \/][et_pb_lino_field field_id=&#8221;doc&#8221; field_title=&#8221;Document&#8221; field_type=&#8221;upload&#8221; checkbox_checked=&#8221;off&#8221; min_length=&#8221;0&#8243; max_length=&#8221;0&#8243; allowed_symbols=&#8221;all&#8221; required_mark=&#8221;on&#8221; conditional_logic=&#8221;off&#8221; conditional_logic_relation=&#8221;off&#8221; conditional_logic_rules=&#8221;%91{%22field%22:%22name%22,%22condition%22:%22is%22,%22value%22:%22%22}%93&#8243; fullwidth_field=&#8221;on&#8221; form_field_font_select=&#8221;default&#8221; form_field_font=&#8221;||||&#8221; use_border_color=&#8221;off&#8221; border_style=&#8221;solid&#8221; \/][et_pb_lino_field field_id=&#8221;doc&#8221; field_title=&#8221;Document&#8221; field_type=&#8221;upload&#8221; checkbox_checked=&#8221;off&#8221; min_length=&#8221;0&#8243; max_length=&#8221;0&#8243; allowed_symbols=&#8221;all&#8221; required_mark=&#8221;on&#8221; conditional_logic=&#8221;off&#8221; conditional_logic_relation=&#8221;off&#8221; conditional_logic_rules=&#8221;%91{%22field%22:%22name%22,%22condition%22:%22is%22,%22value%22:%22%22}%93&#8243; fullwidth_field=&#8221;on&#8221; form_field_font_select=&#8221;default&#8221; form_field_font=&#8221;||||&#8221; use_border_color=&#8221;off&#8221; border_style=&#8221;solid&#8221; \/]<\/p>\n<p>[\/et_pb_lino_form][\/et_pb_column][\/et_pb_row][\/et_pb_section][et_pb_section bb_built=&#8221;1&#8243; fullwidth=&#8221;off&#8221; specialty=&#8221;off&#8221; _builder_version=&#8221;3.0.59&#8243; background_color=&#8221;#ededed&#8221;][et_pb_row][et_pb_column type=&#8221;4_4&#8243;][et_pb_text _builder_version=&#8221;3.0.59&#8243; background_layout=&#8221;light&#8221; text_orientation=&#8221;left&#8221; border_style=&#8221;solid&#8221; header_text_color=&#8221;#333333&#8243; text_text_color=&#8221;#333333&#8243;]<\/p>\n<h5 style=\"text-align: center;\">POUR PLUS D\u2019INFORMATIONS<\/h5>\n<p>[\/et_pb_text][et_pb_blurb admin_label=&#8221;Email&#8221; _builder_version=&#8221;3.0.59&#8243; url_new_window=&#8221;off&#8221; use_icon=&#8221;off&#8221; image=&#8221;https:\/\/www.alliancefr.pt\/algarve\/wp-content\/uploads\/sites\/8\/2017\/08\/picto-mail-blc.png&#8221; use_circle=&#8221;off&#8221; use_circle_border=&#8221;off&#8221; icon_placement=&#8221;top&#8221; use_icon_font_size=&#8221;off&#8221; background_layout=&#8221;light&#8221; border_style=&#8221;solid&#8221; custom_padding=&#8221;|10px||10px&#8221; animation=&#8221;top&#8221; text_orientation=&#8221;center&#8221; saved_tabs=&#8221;all&#8221;]<\/p>\n<p>algarve@alliancefr.pt<\/p>\n<p>[\/et_pb_blurb][et_pb_blurb admin_label=&#8221;Telefone&#8221; _builder_version=&#8221;3.0.59&#8243; url_new_window=&#8221;off&#8221; use_icon=&#8221;off&#8221; image=&#8221;https:\/\/www.alliancefr.pt\/algarve\/wp-content\/uploads\/sites\/8\/2017\/08\/picto-telefone-blc.png&#8221; use_circle=&#8221;off&#8221; use_circle_border=&#8221;off&#8221; icon_placement=&#8221;top&#8221; use_icon_font_size=&#8221;off&#8221; background_layout=&#8221;light&#8221; border_style=&#8221;solid&#8221; custom_padding=&#8221;|10px||10px&#8221; animation=&#8221;top&#8221; text_orientation=&#8221;center&#8221; custom_margin=&#8221;20px|||&#8221; saved_tabs=&#8221;all&#8221;]<\/p>\n<p>(+351) 289 828 881<br \/>\n(+351) 917 097 126<\/p>\n<p>[\/et_pb_blurb][\/et_pb_column][\/et_pb_row][\/et_pb_section]<\/p>\n","protected":false},"excerpt":{"rendered":"<p>M\u00e9diath\u00e8que M\u00e9diath\u00e8que M\u00e9diath\u00e8que La m\u00e9diath\u00e8que de l\u2019Alliance Fran\u00e7aise Algarve est une des plus importantes m\u00e9diath\u00e8ques francophones de la r\u00e9gion. De nombreuses ressources sont \u00e0 la disposition des membres et apprenants de l\u2019association. Vous trouverez ainsi les sections romans policiers, romans \u00e9trangers traduits en fran\u00e7ais, romans contemporains, romans classiques de la litt\u00e9rature fran\u00e7aise, des romans francophones, [&hellip;]<\/p>\n","protected":false},"author":1,"featured_media":0,"parent":0,"menu_order":0,"comment_status":"closed","ping_status":"closed","template":"","meta":{"_acf_changed":false,"_et_pb_use_builder":"on","_et_pb_old_content":"","_et_gb_content_width":"","_exactmetrics_skip_tracking":false,"_exactmetrics_sitenote_active":false,"_exactmetrics_sitenote_note":"","_exactmetrics_sitenote_category":0,"footnotes":""},"class_list":["post-5065","page","type-page","status-publish","hentry"],"acf":[],"yoast_head":"<!-- This site is optimized with the Yoast SEO plugin v27.0 - https:\/\/yoast.com\/product\/yoast-seo-wordpress\/ -->\n<title>M\u00e9diath\u00e8que - Alliance Fran\u00e7aise Algarve<\/title>\n<meta name=\"description\" content=\"La M\u00e9diath\u00e8que de l\u2019Alliance Fran\u00e7aise de l\u2019Algarve est l\u2019une des plus importante m\u00e9diath\u00e8que francophone de la r\u00e9gion, disposant d\u2019une grande vari\u00e9t\u00e9 de livres, Dvd et CD disponibles pour ses membres et \u00e9l\u00e8ves.\" \/>\n<meta name=\"robots\" content=\"index, follow, max-snippet:-1, max-image-preview:large, max-video-preview:-1\" \/>\n<link rel=\"canonical\" href=\"https:\/\/www.alliancefr.pt\/algarve\/mediateca\/\" \/>\n<meta property=\"og:locale\" content=\"fr_FR\" \/>\n<meta property=\"og:type\" content=\"article\" \/>\n<meta property=\"og:title\" content=\"M\u00e9diath\u00e8que - Alliance Fran\u00e7aise Algarve\" \/>\n<meta property=\"og:description\" content=\"La M\u00e9diath\u00e8que de l\u2019Alliance Fran\u00e7aise de l\u2019Algarve est l\u2019une des plus importante m\u00e9diath\u00e8que francophone de la r\u00e9gion, disposant d\u2019une grande vari\u00e9t\u00e9 de livres, Dvd et CD disponibles pour ses membres et \u00e9l\u00e8ves.\" \/>\n<meta property=\"og:url\" content=\"https:\/\/www.alliancefr.pt\/algarve\/mediateca\/\" \/>\n<meta property=\"og:site_name\" content=\"Alliance Fran\u00e7aise Algarve\" \/>\n<meta property=\"article:publisher\" content=\"https:\/\/www.facebook.com\/allianceflisboa\/\" \/>\n<meta property=\"article:modified_time\" content=\"2020-05-05T10:10:06+00:00\" \/>\n<meta name=\"twitter:card\" content=\"summary_large_image\" \/>\n<meta name=\"twitter:label1\" content=\"Dur\u00e9e de lecture estim\u00e9e\" \/>\n\t<meta name=\"twitter:data1\" content=\"9 minutes\" \/>\n<script type=\"application\/ld+json\" class=\"yoast-schema-graph\">{\"@context\":\"https:\/\/schema.org\",\"@graph\":[{\"@type\":\"WebPage\",\"@id\":\"https:\/\/www.alliancefr.pt\/algarve\/mediateca\/\",\"url\":\"https:\/\/www.alliancefr.pt\/algarve\/mediateca\/\",\"name\":\"M\u00e9diath\u00e8que - Alliance Fran\u00e7aise Algarve\",\"isPartOf\":{\"@id\":\"https:\/\/www.alliancefr.pt\/algarve\/#website\"},\"datePublished\":\"2018-05-02T10:20:53+00:00\",\"dateModified\":\"2020-05-05T10:10:06+00:00\",\"description\":\"La M\u00e9diath\u00e8que de l\u2019Alliance Fran\u00e7aise de l\u2019Algarve est l\u2019une des plus importante m\u00e9diath\u00e8que francophone de la r\u00e9gion, disposant d\u2019une grande vari\u00e9t\u00e9 de livres, Dvd et CD disponibles pour ses membres et \u00e9l\u00e8ves.\",\"breadcrumb\":{\"@id\":\"https:\/\/www.alliancefr.pt\/algarve\/mediateca\/#breadcrumb\"},\"inLanguage\":\"fr-FR\",\"potentialAction\":[{\"@type\":\"ReadAction\",\"target\":[\"https:\/\/www.alliancefr.pt\/algarve\/mediateca\/\"]}]},{\"@type\":\"BreadcrumbList\",\"@id\":\"https:\/\/www.alliancefr.pt\/algarve\/mediateca\/#breadcrumb\",\"itemListElement\":[{\"@type\":\"ListItem\",\"position\":1,\"name\":\"In\u00edcio\",\"item\":\"https:\/\/www.alliancefr.pt\/algarve\/fr\/\"},{\"@type\":\"ListItem\",\"position\":2,\"name\":\"M\u00e9diath\u00e8que\"}]},{\"@type\":\"WebSite\",\"@id\":\"https:\/\/www.alliancefr.pt\/algarve\/#website\",\"url\":\"https:\/\/www.alliancefr.pt\/algarve\/\",\"name\":\"Alliance Fran\u00e7aise Algarve\",\"description\":\"Alliances Fran\u00e7aises de Lisbonne\",\"potentialAction\":[{\"@type\":\"SearchAction\",\"target\":{\"@type\":\"EntryPoint\",\"urlTemplate\":\"https:\/\/www.alliancefr.pt\/algarve\/?s={search_term_string}\"},\"query-input\":{\"@type\":\"PropertyValueSpecification\",\"valueRequired\":true,\"valueName\":\"search_term_string\"}}],\"inLanguage\":\"fr-FR\"}]}<\/script>\n<!-- \/ Yoast SEO plugin. -->","yoast_head_json":{"title":"M\u00e9diath\u00e8que - Alliance Fran\u00e7aise Algarve","description":"La M\u00e9diath\u00e8que de l\u2019Alliance Fran\u00e7aise de l\u2019Algarve est l\u2019une des plus importante m\u00e9diath\u00e8que francophone de la r\u00e9gion, disposant d\u2019une grande vari\u00e9t\u00e9 de livres, Dvd et CD disponibles pour ses membres et \u00e9l\u00e8ves.","robots":{"index":"index","follow":"follow","max-snippet":"max-snippet:-1","max-image-preview":"max-image-preview:large","max-video-preview":"max-video-preview:-1"},"canonical":"https:\/\/www.alliancefr.pt\/algarve\/mediateca\/","og_locale":"fr_FR","og_type":"article","og_title":"M\u00e9diath\u00e8que - Alliance Fran\u00e7aise Algarve","og_description":"La M\u00e9diath\u00e8que de l\u2019Alliance Fran\u00e7aise de l\u2019Algarve est l\u2019une des plus importante m\u00e9diath\u00e8que francophone de la r\u00e9gion, disposant d\u2019une grande vari\u00e9t\u00e9 de livres, Dvd et CD disponibles pour ses membres et \u00e9l\u00e8ves.","og_url":"https:\/\/www.alliancefr.pt\/algarve\/mediateca\/","og_site_name":"Alliance Fran\u00e7aise Algarve","article_publisher":"https:\/\/www.facebook.com\/allianceflisboa\/","article_modified_time":"2020-05-05T10:10:06+00:00","twitter_card":"summary_large_image","twitter_misc":{"Dur\u00e9e de lecture estim\u00e9e":"9 minutes"},"schema":{"@context":"https:\/\/schema.org","@graph":[{"@type":"WebPage","@id":"https:\/\/www.alliancefr.pt\/algarve\/mediateca\/","url":"https:\/\/www.alliancefr.pt\/algarve\/mediateca\/","name":"M\u00e9diath\u00e8que - Alliance Fran\u00e7aise Algarve","isPartOf":{"@id":"https:\/\/www.alliancefr.pt\/algarve\/#website"},"datePublished":"2018-05-02T10:20:53+00:00","dateModified":"2020-05-05T10:10:06+00:00","description":"La M\u00e9diath\u00e8que de l\u2019Alliance Fran\u00e7aise de l\u2019Algarve est l\u2019une des plus importante m\u00e9diath\u00e8que francophone de la r\u00e9gion, disposant d\u2019une grande vari\u00e9t\u00e9 de livres, Dvd et CD disponibles pour ses membres et \u00e9l\u00e8ves.","breadcrumb":{"@id":"https:\/\/www.alliancefr.pt\/algarve\/mediateca\/#breadcrumb"},"inLanguage":"fr-FR","potentialAction":[{"@type":"ReadAction","target":["https:\/\/www.alliancefr.pt\/algarve\/mediateca\/"]}]},{"@type":"BreadcrumbList","@id":"https:\/\/www.alliancefr.pt\/algarve\/mediateca\/#breadcrumb","itemListElement":[{"@type":"ListItem","position":1,"name":"In\u00edcio","item":"https:\/\/www.alliancefr.pt\/algarve\/fr\/"},{"@type":"ListItem","position":2,"name":"M\u00e9diath\u00e8que"}]},{"@type":"WebSite","@id":"https:\/\/www.alliancefr.pt\/algarve\/#website","url":"https:\/\/www.alliancefr.pt\/algarve\/","name":"Alliance Fran\u00e7aise Algarve","description":"Alliances Fran\u00e7aises de Lisbonne","potentialAction":[{"@type":"SearchAction","target":{"@type":"EntryPoint","urlTemplate":"https:\/\/www.alliancefr.pt\/algarve\/?s={search_term_string}"},"query-input":{"@type":"PropertyValueSpecification","valueRequired":true,"valueName":"search_term_string"}}],"inLanguage":"fr-FR"}]}},"_links":{"self":[{"href":"https:\/\/www.alliancefr.pt\/algarve\/fr\/wp-json\/wp\/v2\/pages\/5065","targetHints":{"allow":["GET"]}}],"collection":[{"href":"https:\/\/www.alliancefr.pt\/algarve\/fr\/wp-json\/wp\/v2\/pages"}],"about":[{"href":"https:\/\/www.alliancefr.pt\/algarve\/fr\/wp-json\/wp\/v2\/types\/page"}],"author":[{"embeddable":true,"href":"https:\/\/www.alliancefr.pt\/algarve\/fr\/wp-json\/wp\/v2\/users\/1"}],"replies":[{"embeddable":true,"href":"https:\/\/www.alliancefr.pt\/algarve\/fr\/wp-json\/wp\/v2\/comments?post=5065"}],"version-history":[{"count":14,"href":"https:\/\/www.alliancefr.pt\/algarve\/fr\/wp-json\/wp\/v2\/pages\/5065\/revisions"}],"predecessor-version":[{"id":5622,"href":"https:\/\/www.alliancefr.pt\/algarve\/fr\/wp-json\/wp\/v2\/pages\/5065\/revisions\/5622"}],"wp:attachment":[{"href":"https:\/\/www.alliancefr.pt\/algarve\/fr\/wp-json\/wp\/v2\/media?parent=5065"}],"curies":[{"name":"wp","href":"https:\/\/api.w.org\/{rel}","templated":true}]}}