{"id":2984,"date":"2017-11-22T17:27:00","date_gmt":"2017-11-22T17:27:00","guid":{"rendered":"https:\/\/www.alliancefr.pt\/algarve\/?page_id=2984"},"modified":"2023-04-19T13:52:27","modified_gmt":"2023-04-19T13:52:27","slug":"devenir-membre","status":"publish","type":"page","link":"https:\/\/www.alliancefr.pt\/algarve\/fr\/qui-sommes-nous\/devenir-membre\/","title":{"rendered":"Devenir membre"},"content":{"rendered":"<p>[et_pb_section bb_built=&#8221;1&#8243; _builder_version=&#8221;3.0.59&#8243; background_color=&#8221;#ffffff&#8221;][et_pb_row _builder_version=&#8221;3.0.59&#8243; background_position_1=&#8221;top_left&#8221; background_repeat_1=&#8221;no-repeat&#8221; module_class=&#8221;bem-vindo-bloc&#8221; background_position=&#8221;top_left&#8221; background_repeat=&#8221;repeat&#8221; background_size=&#8221;initial&#8221;][et_pb_column type=&#8221;4_4&#8243;][et_pb_text admin_label=&#8221;Titre&#8221; _builder_version=&#8221;3.0.59&#8243; background_layout=&#8221;light&#8221; text_orientation=&#8221;center&#8221; border_style=&#8221;solid&#8221; custom_padding=&#8221;|10%||10%&#8221; module_class=&#8221;titlebloc-1&#8243; header_font=&#8221;|||on|&#8221;]<\/p>\n<h2 style=\"text-align: center;\">Rejoindre<\/h2>\n<h2 style=\"text-align: center;\">l&#8217; Alliance Fran\u00e7aise de l&#8217; Algarve ?<\/h2>\n<p>[\/et_pb_text][et_pb_text admin_label=&#8221;Sous titre&#8221; _builder_version=&#8221;3.0.59&#8243; background_layout=&#8221;light&#8221; text_orientation=&#8221;center&#8221; text_font=&#8221;Roboto|||on|&#8221; text_font_size=&#8221;16&#8243; text_text_color=&#8221;#333333&#8243; border_style=&#8221;solid&#8221; custom_padding=&#8221;|10%||10%&#8221; saved_tabs=&#8221;all&#8221;]<\/p>\n<p style=\"text-align: center;\">Pour adh\u00e9rer \u00e0 l&#8217;association, veuillez suivre la proc\u00e9dure ci-dessous.<\/p>\n<p>&nbsp;<\/p>\n<p>[\/et_pb_text][et_pb_text admin_label=&#8221;Texte description&#8221; _builder_version=&#8221;3.0.59&#8243; background_layout=&#8221;light&#8221; text_orientation=&#8221;center&#8221; border_style=&#8221;solid&#8221; custom_padding=&#8221;|10%||10%&#8221; module_class=&#8221;titlebloc-1&#8243;]<\/p>\n<ol>\n<li style=\"text-align: left;\">Remplissez le formulaire d&#8217;adh\u00e9sion (un formulaire par personne), n&#8217;oubliez pas de t\u00e9l\u00e9charger votre photo d&#8217;identit\u00e9 : <a href=\"https:\/\/www.app.quotagest.com\/app\/inscricao\/fc135bd75b5b83f4\" target=\"_blank\" rel=\"noopener\">cliquez ici<\/a><\/li>\n<li style=\"text-align: left;\">T\u00e9l\u00e9charger les conditions g\u00e9n\u00e9rales d&#8217;adh\u00e9sion et les renvoyer sign\u00e9es : <a href=\"https:\/\/www.alliancefr.pt\/algarve\/wp-content\/uploads\/sites\/8\/2023\/02\/CONDITIONS-GENERALES-D-ADHESION-2023.pdf\" target=\"_blank\" rel=\"noopener\">t\u00e9l\u00e9charger les conditions g\u00e9n\u00e9rales d&#8217;adh\u00e9sion<\/a><\/li>\n<li style=\"text-align: left;\">Effectuez le paiement de votre adh\u00e9sion d&#8217;un montant de 30 euros pour une personne et 50 euros pour un couple pour l&#8217;IBAN : <a href=\"https:\/\/www.alliancefr.pt\/algarve\/wp-content\/uploads\/sites\/8\/2023\/02\/NIB-IBAN-AF-Algarve.pdf\" target=\"_blank\" rel=\"noopener\">voir IBAN<\/a><\/li>\n<\/ol>\n<p>[\/et_pb_text][\/et_pb_column][\/et_pb_row][\/et_pb_section][et_pb_section bb_built=&#8221;1&#8243; fullwidth=&#8221;off&#8221; specialty=&#8221;off&#8221; _builder_version=&#8221;3.0.59&#8243; background_image=&#8221;https:\/\/www.alliancefr.pt\/algarve\/wp-content\/uploads\/sites\/8\/2017\/08\/trabalha_connosco.jpg&#8221; parallax=&#8221;on&#8221;][et_pb_row _builder_version=&#8221;3.0.59&#8243; background_position_1=&#8221;top_left&#8221; background_repeat_1=&#8221;no-repeat&#8221; background_position_2=&#8221;top_left&#8221; background_repeat_2=&#8221;no-repeat&#8221; padding_top_2=&#8221;30px&#8221;][et_pb_column type=&#8221;4_4&#8243;][et_pb_text admin_label=&#8221;desafio&#8221; _builder_version=&#8221;3.0.59&#8243; background_layout=&#8221;dark&#8221; text_orientation=&#8221;left&#8221; text_font=&#8221;Open Sans||||&#8221; text_font_size=&#8221;24&#8243; text_text_color=&#8221;#ffffff&#8221; header_font=&#8221;Lato||||&#8221; header_font_size=&#8221;36px&#8221; header_text_color=&#8221;#ffffff&#8221; border_style=&#8221;solid&#8221; module_class=&#8221;traducao-bloc&#8221; custom_padding=&#8221;|10%||10%&#8221; text_line_height=&#8221;1.8em&#8221;]<\/p>\n<p style=\"text-align: center;\"><em><strong>En devenant membre de l&#8217;Alliance Fran\u00e7aise de l&#8217;Algarve, vous rejoignez une communaut\u00e9 de plus de 400 personnes. Vous rencontrez une communaut\u00e9 de francophones et de francophiles et profitez d&#8217;avantages exclusifs.<\/strong><\/em><\/p>\n<p>[\/et_pb_text][\/et_pb_column][\/et_pb_row][\/et_pb_section][et_pb_section bb_built=&#8221;1&#8243; _builder_version=&#8221;3.0.59&#8243; background_image=&#8221;https:\/\/www.alliancefr.pt\/algarve\/wp-content\/uploads\/sites\/8\/2017\/09\/bg-triangular-gris-2-1.jpg&#8221;][et_pb_row _builder_version=&#8221;3.0.59&#8243; background_position_1=&#8221;top_left&#8221; background_repeat_1=&#8221;no-repeat&#8221; module_class=&#8221;bem-vindo-bloc&#8221; background_position=&#8221;top_left&#8221; background_repeat=&#8221;repeat&#8221; background_size=&#8221;initial&#8221;][et_pb_column type=&#8221;4_4&#8243;][et_pb_text admin_label=&#8221;Titre&#8221; _builder_version=&#8221;3.0.59&#8243; background_layout=&#8221;light&#8221; text_orientation=&#8221;center&#8221; border_style=&#8221;solid&#8221; custom_padding=&#8221;|10%||10%&#8221; module_class=&#8221;titlebloc-1&#8243; header_font=&#8221;|||on|&#8221;]<\/p>\n<h2 style=\"text-align: center;\">Envie de faire partie des membres de l&#8217; Alliance Fran\u00e7aise de l&#8217; Algarve ?<\/h2>\n<p>[\/et_pb_text][et_pb_text admin_label=&#8221;Texte description&#8221; _builder_version=&#8221;3.0.59&#8243; background_layout=&#8221;light&#8221; text_orientation=&#8221;center&#8221; border_style=&#8221;solid&#8221; custom_padding=&#8221;|10%||10%&#8221; module_class=&#8221;titlebloc-1&#8243;]<\/p>\n<h3 style=\"text-align: left;\">LES AVANTAGES<\/h3>\n<p>&nbsp;<\/p>\n<h5 class=\"_04xlpA direction-ltr align-center para-style-body\" style=\"text-align: left;\"><span class=\"S1PPyQ\">Acc\u00e8s gratuit \u00e0 Cultureth\u00e8que<\/span><\/h5>\n<p class=\"_04xlpA direction-ltr align-center para-style-body\" style=\"text-align: left;\"><span class=\"S1PPyQ\">Cultureth\u00e8que est une m\u00e9diath\u00e8que en ligne qui vous permet d&#8217;avoir acc\u00e8s aux \u00a0principaux quotidiens et magazines fran\u00e7ais d\u2019information et de culture mais \u00e9galement \u00e0 un grand nombre de livres num\u00e9riques, de supports musicaux et d&#8217;autres documents num\u00e9riques.<\/span><\/p>\n<p>&nbsp;<\/p>\n<h5 style=\"text-align: left;\"><span class=\"S1PPyQ\">Acc\u00e8s \u00e0 notre M\u00e9diath\u00e8que <\/span><\/h5>\n<p style=\"text-align: left;\"><span class=\"S1PPyQ\">La m\u00e9diath\u00e8que de l&#8217;Alliance Fran\u00e7aise de l&#8217;Algarve est la plus grande m\u00e9diath\u00e8que francophone de l&#8217;Algarve. Retrouvez-y des romans classiques, contemporains, policiers, bandes-dessin\u00e9es et bien d&#8217;autres.<\/span><\/p>\n<p>&nbsp;<\/p>\n<h5 style=\"text-align: left;\"><span class=\"S1PPyQ\">\u00c9v\u00e9nements exclusifs<\/span><\/h5>\n<p style=\"text-align: left;\"><span class=\"S1PPyQ\">L&#8217;association a \u00e0 coeur de proposer \u00e0 ses membres des moments de convivialit\u00e9 privil\u00e9gi\u00e9s uniquement accessibles par eux.<\/span><\/p>\n<p>&nbsp;<\/p>\n<h5 style=\"text-align: left;\">Inscriptions prioritaires<\/h5>\n<p style=\"text-align: left;\">Pour chaque \u00e9v\u00e9nement de convivialit\u00e9 ou culturel organis\u00e9 par l&#8217;Alliance Fran\u00e7aise de l&#8217;Algarve, nos membres ont acc\u00e8s \u00e0 des inscriptions prioritaires. Un moyen de s&#8217;assurer de pouvoir participer \u00e0 tout ce que vous d\u00e9sirez : d\u00e9jeuners dans les \u00e9coles h\u00f4teli\u00e8res, excursions \u00e0 travers le Portugal, pi\u00e8ces de th\u00e9\u00e2tre, concerts&#8230;<\/p>\n<p>&nbsp;<\/p>\n<h5 style=\"text-align: left;\"><span class=\"S1PPyQ\">Tarifs r\u00e9duits sur les activit\u00e9s organis\u00e9es par l&#8217;AF <\/span><\/h5>\n<p style=\"text-align: left;\"><span class=\"S1PPyQ\">Parce que vous soutenez les activit\u00e9s de l&#8217;association \u00e0 travers votre adh\u00e9sion, il nous semble primordial de vous offrir des tarifs r\u00e9duis pour toutes nos activit\u00e9s propos\u00e9es.<\/span><\/p>\n<p>&nbsp;<\/p>\n<h5 style=\"text-align: left;\"><span class=\"S1PPyQ\">Acc\u00e8s \u00e0 du contenu exclusif <\/span><\/h5>\n<p style=\"text-align: left;\"><span class=\"S1PPyQ\">Ponctuellement, l&#8217;association communique \u00e0 ses membres du contenu exclusif (M\u00e9decins parlant le Fran\u00e7ais&#8230;)<\/span><\/p>\n<p>&nbsp;<\/p>\n<h5 style=\"text-align: left;\">\u00a0Avantages chez nos partenaires<\/h5>\n<p style=\"text-align: left;\">L&#8217;Alliance Fran\u00e7aise de l&#8217;Algarve a \u00e0 coeur de vous proposer toujours plus d&#8217;avantages. Elle travaille ainsi sur la construction de partenariats avec des acteurs de toute l&#8217;Algarve pour vous offrir de nouveaux avantages.<\/p>\n<p>[\/et_pb_text][et_pb_button _builder_version=&#8221;3.0.59&#8243; button_text=&#8221;Voir nos partenaires&#8221; button_url=&#8221;https:\/\/www.alliancefr.pt\/algarve\/fr\/protocoles-partenariats\/&#8221; url_new_window=&#8221;off&#8221; button_alignment=&#8221;center&#8221; background_layout=&#8221;light&#8221; custom_button=&#8221;off&#8221; button_border_width=&#8221;0&#8243; button_border_radius=&#8221;0&#8243; button_letter_spacing=&#8221;0&#8243; button_icon_placement=&#8221;right&#8221; button_border_radius_hover=&#8221;0&#8243; button_letter_spacing_hover=&#8221;0&#8243; \/][et_pb_divider _builder_version=&#8221;3.0.59&#8243; divider_style=&#8221;solid&#8221; divider_position=&#8221;top&#8221; hide_on_mobile=&#8221;on&#8221; \/][\/et_pb_column][\/et_pb_row][\/et_pb_section]<\/p>\n","protected":false},"excerpt":{"rendered":"<p>Retrouvez tous nos avantages membres et la proc\u00e9dure pour rejoindre la communaut\u00e9 de l&#8217;Alliance Fran\u00e7aise de l&#8217;Algarve.<\/p>\n","protected":false},"author":1,"featured_media":6746,"parent":3477,"menu_order":0,"comment_status":"closed","ping_status":"closed","template":"","meta":{"_acf_changed":false,"_et_pb_use_builder":"on","_et_pb_old_content":"","_et_gb_content_width":"","_exactmetrics_skip_tracking":false,"_exactmetrics_sitenote_active":false,"_exactmetrics_sitenote_note":"","_exactmetrics_sitenote_category":0,"footnotes":""},"class_list":["post-2984","page","type-page","status-publish","has-post-thumbnail","hentry"],"acf":[],"yoast_head":"<!-- This site is optimized with the Yoast SEO plugin v27.0 - https:\/\/yoast.com\/product\/yoast-seo-wordpress\/ -->\n<title>Alliance Fran\u00e7aise Algarve - Devenir membre<\/title>\n<meta name=\"description\" content=\"Vous souhaitez devenir membre et profiter de tous nos avantages ? Rien de plus simple, faites partie d&#039;une communaut\u00e9 de plus de 400 membres.\" \/>\n<meta name=\"robots\" content=\"index, follow, max-snippet:-1, max-image-preview:large, max-video-preview:-1\" \/>\n<link rel=\"canonical\" href=\"https:\/\/www.alliancefr.pt\/algarve\/quem-somos\/tornar-se-socio\/\" \/>\n<meta property=\"og:locale\" content=\"fr_FR\" \/>\n<meta property=\"og:type\" content=\"article\" \/>\n<meta property=\"og:title\" content=\"Alliance Fran\u00e7aise Algarve - Devenir membre\" \/>\n<meta property=\"og:description\" content=\"Vous souhaitez devenir membre et profiter de tous nos avantages ? Rien de plus simple, faites partie d&#039;une communaut\u00e9 de plus de 400 membres.\" \/>\n<meta property=\"og:url\" content=\"https:\/\/www.alliancefr.pt\/algarve\/quem-somos\/tornar-se-socio\/\" \/>\n<meta property=\"og:site_name\" content=\"Alliance Fran\u00e7aise Algarve\" \/>\n<meta property=\"article:publisher\" content=\"https:\/\/www.facebook.com\/allianceflisboa\/\" \/>\n<meta property=\"article:modified_time\" content=\"2023-04-19T13:52:27+00:00\" \/>\n<meta property=\"og:image\" content=\"https:\/\/www.alliancefr.pt\/algarve\/wp-content\/uploads\/sites\/8\/2023\/03\/Design-sem-nome.png\" \/>\n\t<meta property=\"og:image:width\" content=\"1920\" \/>\n\t<meta property=\"og:image:height\" content=\"500\" \/>\n\t<meta property=\"og:image:type\" content=\"image\/png\" \/>\n<meta name=\"twitter:card\" content=\"summary_large_image\" \/>\n<meta name=\"twitter:label1\" content=\"Dur\u00e9e de lecture estim\u00e9e\" \/>\n\t<meta name=\"twitter:data1\" content=\"4 minutes\" \/>\n<script type=\"application\/ld+json\" class=\"yoast-schema-graph\">{\"@context\":\"https:\/\/schema.org\",\"@graph\":[{\"@type\":\"WebPage\",\"@id\":\"https:\/\/www.alliancefr.pt\/algarve\/quem-somos\/tornar-se-socio\/\",\"url\":\"https:\/\/www.alliancefr.pt\/algarve\/quem-somos\/tornar-se-socio\/\",\"name\":\"Alliance Fran\u00e7aise Algarve - Devenir membre\",\"isPartOf\":{\"@id\":\"https:\/\/www.alliancefr.pt\/algarve\/#website\"},\"primaryImageOfPage\":{\"@id\":\"https:\/\/www.alliancefr.pt\/algarve\/quem-somos\/tornar-se-socio\/#primaryimage\"},\"image\":{\"@id\":\"https:\/\/www.alliancefr.pt\/algarve\/quem-somos\/tornar-se-socio\/#primaryimage\"},\"thumbnailUrl\":\"https:\/\/www.alliancefr.pt\/algarve\/wp-content\/uploads\/sites\/8\/2023\/03\/Design-sem-nome.png\",\"datePublished\":\"2017-11-22T17:27:00+00:00\",\"dateModified\":\"2023-04-19T13:52:27+00:00\",\"description\":\"Vous souhaitez devenir membre et profiter de tous nos avantages ? Rien de plus simple, faites partie d'une communaut\u00e9 de plus de 400 membres.\",\"breadcrumb\":{\"@id\":\"https:\/\/www.alliancefr.pt\/algarve\/quem-somos\/tornar-se-socio\/#breadcrumb\"},\"inLanguage\":\"fr-FR\",\"potentialAction\":[{\"@type\":\"ReadAction\",\"target\":[\"https:\/\/www.alliancefr.pt\/algarve\/quem-somos\/tornar-se-socio\/\"]}]},{\"@type\":\"ImageObject\",\"inLanguage\":\"fr-FR\",\"@id\":\"https:\/\/www.alliancefr.pt\/algarve\/quem-somos\/tornar-se-socio\/#primaryimage\",\"url\":\"https:\/\/www.alliancefr.pt\/algarve\/wp-content\/uploads\/sites\/8\/2023\/03\/Design-sem-nome.png\",\"contentUrl\":\"https:\/\/www.alliancefr.pt\/algarve\/wp-content\/uploads\/sites\/8\/2023\/03\/Design-sem-nome.png\",\"width\":1920,\"height\":500,\"caption\":\"avantages membre\"},{\"@type\":\"BreadcrumbList\",\"@id\":\"https:\/\/www.alliancefr.pt\/algarve\/quem-somos\/tornar-se-socio\/#breadcrumb\",\"itemListElement\":[{\"@type\":\"ListItem\",\"position\":1,\"name\":\"In\u00edcio\",\"item\":\"https:\/\/www.alliancefr.pt\/algarve\/fr\/\"},{\"@type\":\"ListItem\",\"position\":2,\"name\":\"Qui sommes-nous ?\",\"item\":\"https:\/\/www.alliancefr.pt\/algarve\/quem-somos\/\"},{\"@type\":\"ListItem\",\"position\":3,\"name\":\"Devenir membre\"}]},{\"@type\":\"WebSite\",\"@id\":\"https:\/\/www.alliancefr.pt\/algarve\/#website\",\"url\":\"https:\/\/www.alliancefr.pt\/algarve\/\",\"name\":\"Alliance Fran\u00e7aise Algarve\",\"description\":\"Alliances Fran\u00e7aises de Lisbonne\",\"potentialAction\":[{\"@type\":\"SearchAction\",\"target\":{\"@type\":\"EntryPoint\",\"urlTemplate\":\"https:\/\/www.alliancefr.pt\/algarve\/?s={search_term_string}\"},\"query-input\":{\"@type\":\"PropertyValueSpecification\",\"valueRequired\":true,\"valueName\":\"search_term_string\"}}],\"inLanguage\":\"fr-FR\"}]}<\/script>\n<!-- \/ Yoast SEO plugin. -->","yoast_head_json":{"title":"Alliance Fran\u00e7aise Algarve - Devenir membre","description":"Vous souhaitez devenir membre et profiter de tous nos avantages ? Rien de plus simple, faites partie d'une communaut\u00e9 de plus de 400 membres.","robots":{"index":"index","follow":"follow","max-snippet":"max-snippet:-1","max-image-preview":"max-image-preview:large","max-video-preview":"max-video-preview:-1"},"canonical":"https:\/\/www.alliancefr.pt\/algarve\/quem-somos\/tornar-se-socio\/","og_locale":"fr_FR","og_type":"article","og_title":"Alliance Fran\u00e7aise Algarve - Devenir membre","og_description":"Vous souhaitez devenir membre et profiter de tous nos avantages ? Rien de plus simple, faites partie d'une communaut\u00e9 de plus de 400 membres.","og_url":"https:\/\/www.alliancefr.pt\/algarve\/quem-somos\/tornar-se-socio\/","og_site_name":"Alliance Fran\u00e7aise Algarve","article_publisher":"https:\/\/www.facebook.com\/allianceflisboa\/","article_modified_time":"2023-04-19T13:52:27+00:00","og_image":[{"width":1920,"height":500,"url":"https:\/\/www.alliancefr.pt\/algarve\/wp-content\/uploads\/sites\/8\/2023\/03\/Design-sem-nome.png","type":"image\/png"}],"twitter_card":"summary_large_image","twitter_misc":{"Dur\u00e9e de lecture estim\u00e9e":"4 minutes"},"schema":{"@context":"https:\/\/schema.org","@graph":[{"@type":"WebPage","@id":"https:\/\/www.alliancefr.pt\/algarve\/quem-somos\/tornar-se-socio\/","url":"https:\/\/www.alliancefr.pt\/algarve\/quem-somos\/tornar-se-socio\/","name":"Alliance Fran\u00e7aise Algarve - Devenir membre","isPartOf":{"@id":"https:\/\/www.alliancefr.pt\/algarve\/#website"},"primaryImageOfPage":{"@id":"https:\/\/www.alliancefr.pt\/algarve\/quem-somos\/tornar-se-socio\/#primaryimage"},"image":{"@id":"https:\/\/www.alliancefr.pt\/algarve\/quem-somos\/tornar-se-socio\/#primaryimage"},"thumbnailUrl":"https:\/\/www.alliancefr.pt\/algarve\/wp-content\/uploads\/sites\/8\/2023\/03\/Design-sem-nome.png","datePublished":"2017-11-22T17:27:00+00:00","dateModified":"2023-04-19T13:52:27+00:00","description":"Vous souhaitez devenir membre et profiter de tous nos avantages ? Rien de plus simple, faites partie d'une communaut\u00e9 de plus de 400 membres.","breadcrumb":{"@id":"https:\/\/www.alliancefr.pt\/algarve\/quem-somos\/tornar-se-socio\/#breadcrumb"},"inLanguage":"fr-FR","potentialAction":[{"@type":"ReadAction","target":["https:\/\/www.alliancefr.pt\/algarve\/quem-somos\/tornar-se-socio\/"]}]},{"@type":"ImageObject","inLanguage":"fr-FR","@id":"https:\/\/www.alliancefr.pt\/algarve\/quem-somos\/tornar-se-socio\/#primaryimage","url":"https:\/\/www.alliancefr.pt\/algarve\/wp-content\/uploads\/sites\/8\/2023\/03\/Design-sem-nome.png","contentUrl":"https:\/\/www.alliancefr.pt\/algarve\/wp-content\/uploads\/sites\/8\/2023\/03\/Design-sem-nome.png","width":1920,"height":500,"caption":"avantages membre"},{"@type":"BreadcrumbList","@id":"https:\/\/www.alliancefr.pt\/algarve\/quem-somos\/tornar-se-socio\/#breadcrumb","itemListElement":[{"@type":"ListItem","position":1,"name":"In\u00edcio","item":"https:\/\/www.alliancefr.pt\/algarve\/fr\/"},{"@type":"ListItem","position":2,"name":"Qui sommes-nous ?","item":"https:\/\/www.alliancefr.pt\/algarve\/quem-somos\/"},{"@type":"ListItem","position":3,"name":"Devenir membre"}]},{"@type":"WebSite","@id":"https:\/\/www.alliancefr.pt\/algarve\/#website","url":"https:\/\/www.alliancefr.pt\/algarve\/","name":"Alliance Fran\u00e7aise Algarve","description":"Alliances Fran\u00e7aises de Lisbonne","potentialAction":[{"@type":"SearchAction","target":{"@type":"EntryPoint","urlTemplate":"https:\/\/www.alliancefr.pt\/algarve\/?s={search_term_string}"},"query-input":{"@type":"PropertyValueSpecification","valueRequired":true,"valueName":"search_term_string"}}],"inLanguage":"fr-FR"}]}},"_links":{"self":[{"href":"https:\/\/www.alliancefr.pt\/algarve\/fr\/wp-json\/wp\/v2\/pages\/2984","targetHints":{"allow":["GET"]}}],"collection":[{"href":"https:\/\/www.alliancefr.pt\/algarve\/fr\/wp-json\/wp\/v2\/pages"}],"about":[{"href":"https:\/\/www.alliancefr.pt\/algarve\/fr\/wp-json\/wp\/v2\/types\/page"}],"author":[{"embeddable":true,"href":"https:\/\/www.alliancefr.pt\/algarve\/fr\/wp-json\/wp\/v2\/users\/1"}],"replies":[{"embeddable":true,"href":"https:\/\/www.alliancefr.pt\/algarve\/fr\/wp-json\/wp\/v2\/comments?post=2984"}],"version-history":[{"count":25,"href":"https:\/\/www.alliancefr.pt\/algarve\/fr\/wp-json\/wp\/v2\/pages\/2984\/revisions"}],"predecessor-version":[{"id":6860,"href":"https:\/\/www.alliancefr.pt\/algarve\/fr\/wp-json\/wp\/v2\/pages\/2984\/revisions\/6860"}],"up":[{"embeddable":true,"href":"https:\/\/www.alliancefr.pt\/algarve\/fr\/wp-json\/wp\/v2\/pages\/3477"}],"wp:featuredmedia":[{"embeddable":true,"href":"https:\/\/www.alliancefr.pt\/algarve\/fr\/wp-json\/wp\/v2\/media\/6746"}],"wp:attachment":[{"href":"https:\/\/www.alliancefr.pt\/algarve\/fr\/wp-json\/wp\/v2\/media?parent=2984"}],"curies":[{"name":"wp","href":"https:\/\/api.w.org\/{rel}","templated":true}]}}